{"id":9840,"date":"2023-07-14T14:48:34","date_gmt":"2023-07-14T07:48:34","guid":{"rendered":"https:\/\/hiboostnutrition.com\/?post_type=product&#038;p=9840"},"modified":"2024-04-24T15:19:35","modified_gmt":"2024-04-24T08:19:35","slug":"high5-recovery-plant-based-chocolate","status":"publish","type":"product","link":"https:\/\/hiboostnutrition.com\/en\/sanpham\/high5-recovery-plant-based-chocolate\/","title":{"rendered":"HIGH5 Plant-Based Recovery Drink (V\u1ecb Chocolate)"},"content":{"rendered":"<div class=\"flex-1 overflow-hidden\">\n<div class=\"react-scroll-to-bottom--css-hbsur-79elbk h-full\">\n<div class=\"react-scroll-to-bottom--css-hbsur-1n7m0yu\">\n<div class=\"flex flex-col pb-9 text-sm\">\n<div class=\"w-full text-token-text-primary\" data-testid=\"conversation-turn-27\">\n<div class=\"px-4 py-2 justify-center text-base md:gap-6 m-auto\">\n<div class=\"flex flex-1 text-base mx-auto gap-3 md:px-5 lg:px-1 xl:px-5 md:max-w-3xl lg:max-w-[40rem] xl:max-w-[48rem] group final-completion\">\n<div class=\"relative flex w-full flex-col lg:w-[calc(100%-115px)] agent-turn\">\n<div class=\"flex-col gap-1 md:gap-3\">\n<div class=\"flex flex-grow flex-col max-w-full\">\n<div class=\"min-h-[20px] text-message flex flex-col items-start gap-3 whitespace-pre-wrap break-words [.text-message+&amp;]:mt-5 overflow-x-auto\" data-message-author-role=\"assistant\" data-message-id=\"0b049bf3-d51b-4a22-b01b-91e293d50736\">\n<div class=\"markdown prose w-full break-words dark:prose-invert light\">\n<h2 data-sourcepos=\"1:1-1:82\">HIGH5 Plant-Based Recovery Drink: S\u1eefa Ph\u1ee5c H\u1ed3i Th\u1ef1c V\u1eadt &#8211; Ngon Mi\u1ec7ng &#8211; Hi\u1ec7u Qu\u1ea3<\/h2>\n<p data-sourcepos=\"3:1-3:393\"><strong>HIGH5 Plant-Based Recovery Drink<\/strong> l\u00e0 th\u1ee9c u\u1ed1ng ph\u1ee5c h\u1ed3i d\u1ea1ng s\u1eefa l\u1eafc th\u01a1m ngon, ti\u1ec7n l\u1ee3i, gi\u00fap s\u1eeda ch\u1eefa v\u00e0 ph\u1ee5c h\u1ed3i c\u01a1 b\u1eafp ngay sau khi t\u1eadp luy\u1ec7n. S\u1ea3n ph\u1ea9m ch\u1ee9a 20g protein, carbohydrate h\u1ea5p th\u1ee5 nhanh, ch\u1ea5t \u0111i\u1ec7n gi\u1ea3i, vitamin v\u00e0 kho\u00e1ng ch\u1ea5t, mang \u0111\u1ebfn h\u01b0\u01a1ng v\u1ecb tuy\u1ec7t v\u1eddi. \u0110\u00e2y l\u00e0 s\u1ea3n ph\u1ea9m ph\u1ee5c h\u1ed3i ho\u00e0n to\u00e0n thu\u1ea7n chay, gi\u00fap b\u1ea1n nhanh ch\u00f3ng l\u1ea5y l\u1ea1i n\u0103ng l\u01b0\u1ee3ng v\u00e0 ti\u1ebfp t\u1ee5c chinh ph\u1ee5c m\u1ee5c ti\u00eau.<\/p>\n<p data-sourcepos=\"5:1-5:47\"><strong>Ph\u1ee5c h\u1ed3i nhanh h\u01a1n, t\u1eadp luy\u1ec7n hi\u1ec7u qu\u1ea3 h\u01a1n:<\/strong><\/p>\n<p data-sourcepos=\"7:1-7:525\">B\u1ea1n m\u1ea5t bao l\u00e2u \u0111\u1ec3 ph\u1ee5c h\u1ed3i sau c\u00e1c bu\u1ed5i t\u1eadp luy\u1ec7n? Khi t\u1eadp th\u1ec3 d\u1ee5c, c\u01a1 b\u1eafp c\u1ee7a b\u1ea1n s\u1ebd b\u1ecb \u0111au nh\u1ee9c v\u00e0 c\u1ee9ng l\u1ea1i, s\u1ef1 suy gi\u1ea3m glycogen c\u01a1 b\u1eafp (n\u0103ng l\u01b0\u1ee3ng d\u1ef1 tr\u1eef trong c\u01a1) c\u00f3 th\u1ec3 l\u00e0m suy gi\u1ea3m ch\u1ee9c n\u0103ng c\u01a1. \u0110i\u1ec1u n\u00e0y d\u1eabn \u0111\u1ebfn t\u00ecnh tr\u1ea1ng m\u1ec7t m\u1ecfi v\u00e0 gi\u1ea3m hi\u1ec7u su\u1ea5t t\u1eadp luy\u1ec7n. <strong>HIGH5 Plant-Based Recovery Drink<\/strong> ch\u00ednh l\u00e0 gi\u1ea3i ph\u00e1p gi\u00fap b\u1ea1n ph\u1ee5c h\u1ed3i nhanh h\u01a1n! Khi b\u1ea1n ngh\u1ec9 ng\u01a1i, c\u01a1 b\u1eafp b\u1eaft \u0111\u1ea7u t\u00e1i t\u1ea1o. <strong>HIGH5 Plant-Based Recovery Drink<\/strong> kh\u1edfi \u0111\u1ed9ng qu\u00e1 tr\u00ecnh n\u00e0y \u0111\u1ec3 b\u1ea1n c\u00f3 th\u1ec3 quay tr\u1edf l\u1ea1i v\u1edbi \u0111am m\u00ea c\u1ee7a m\u00ecnh m\u1ed9t c\u00e1ch nhanh ch\u00f3ng.<\/p>\n<p data-sourcepos=\"9:1-9:43\"><strong>C\u00f4ng th\u1ee9c khoa h\u1ecdc &#8211; Dinh d\u01b0\u1ee1ng \u0111\u1ea7y \u0111\u1ee7:<\/strong><\/p>\n<p data-sourcepos=\"11:1-11:599\">\u0110\u1ec3 ph\u1ee5c h\u1ed3i ho\u00e0n to\u00e0n, vi\u1ec7c b\u1ed5 sung l\u1ea1i l\u01b0\u1ee3ng macro v\u00e0 micro dinh d\u01b0\u1ee1ng ph\u00f9 h\u1ee3p ngay sau khi t\u1eadp luy\u1ec7n l\u00e0 r\u1ea5t quan tr\u1ecdng. <strong>Plant-Based Recovery Drink<\/strong> l\u00e0 s\u1ea3n ph\u1ea9m ph\u1ee5c h\u1ed3i ho\u00e0n ch\u1ec9nh, \u0111\u01b0\u1ee3c nghi\u00ean c\u1ee9u khoa h\u1ecdc v\u00e0 c\u00f3 h\u01b0\u01a1ng v\u1ecb tuy\u1ec7t v\u1eddi. \u0110\u01b0\u1ee3c s\u1ea3n xu\u1ea5t t\u1eeb s\u1ef1 k\u1ebft h\u1ee3p c\u1ee7a ba ngu\u1ed3n protein ch\u1ea5t l\u01b0\u1ee3ng cao, s\u1ea3n ph\u1ea9m ch\u1ee9a 20g protein gi\u00fap duy tr\u00ec v\u00e0 ph\u00e1t tri\u1ec3n c\u01a1 b\u1eafp, 20g carbohydrate gi\u00fap c\u01a1 b\u1eafp ph\u1ee5c h\u1ed3i sau t\u1eadp luy\u1ec7n. M\u1ed7i chai <strong>Plant-Based Recovery Drink<\/strong> d\u1ec5 pha ch\u1ebf gi\u00fap b\u1ed5 sung c\u00e1c ch\u1ea5t \u0111i\u1ec7n gi\u1ea3i thi\u1ebft y\u1ebfu b\u1ecb m\u1ea5t qua m\u1ed3 h\u00f4i, bao g\u1ed3m 240mg natri, 90mg kali, 57mg magi\u00ea, 82mg clorua v\u00e0 120mg canxi.<\/p>\n<p data-sourcepos=\"13:1-13:12\"><strong>\u01afu \u0111i\u1ec3m:<\/strong><\/p>\n<ul data-sourcepos=\"15:1-23:0\">\n<li data-sourcepos=\"15:1-15:24\">Th\u00e2n thi\u1ec7n v\u1edbi d\u1ea1 d\u00e0y.<\/li>\n<li data-sourcepos=\"16:1-16:107\">Ch\u1ee9a enzyme ti\u00eau h\u00f3a, Vitamin C h\u1ed7 tr\u1ee3 h\u1ec7 mi\u1ec5n d\u1ecbch, c\u00f9ng k\u1ebdm, s\u1eaft, vitamin D v\u00e0 c\u00e1c vitamin B thi\u1ebft y\u1ebfu.<\/li>\n<li data-sourcepos=\"17:1-17:41\">Ti\u1ec7n l\u1ee3i, th\u01a1m ngon &#8211; Kh\u00f4ng b\u1ecb v\u00f3n c\u1ee5c!<\/li>\n<li data-sourcepos=\"18:1-18:71\">H\u00f2a tan nhanh ch\u00f3ng v\u00e0 d\u1ec5 d\u00e0ng v\u1edbi n\u01b0\u1edbc ho\u1eb7c s\u1eefa. Kh\u00f4ng c\u1ea7n b\u00ecnh l\u1eafc.<\/li>\n<li data-sourcepos=\"19:1-19:30\">Th\u00edch h\u1ee3p cho ng\u01b0\u1eddi \u0103n chay.<\/li>\n<li data-sourcepos=\"20:1-20:33\">32 l\u1ea7n d\u00f9ng tr\u00ean m\u1ed9t h\u1ed9p 1,6kg.<\/li>\n<li data-sourcepos=\"21:1-21:23\">2 mu\u1ed7ng m\u1ed7i l\u1ea7n d\u00f9ng.<\/li>\n<li data-sourcepos=\"22:1-23:0\"><strong>HIGH5 Plant-Based Recovery Drink<\/strong>\u00a0\u0111\u01b0\u1ee3c thi\u1ebft k\u1ebf \u0111\u1ec3 s\u1eed d\u1ee5ng SAU khi t\u1eadp luy\u1ec7n.<\/li>\n<\/ul>\n<p><strong>User manual:<\/strong><\/p>\n<ul>\n<li>Mix 50g of powder (equivalent to 2 scoops) into 400ml of water and shake well. Adjust the amount of water according to personal preference.<\/li>\n<li>Take one serving (2 scoops) post-workout, within 20 minutes of completing your workout.<\/li>\n<li>You can eat an extra serving or two at the end of the day or before bed.<\/li>\n<\/ul>\n<p><strong>Ingredient:<\/strong><\/p>\n<ul>\n<li>Plant Protein Blend (Peas Protein, Brown Rice Protein, Pumpkin Protein)<\/li>\n<li>Carbohydrates<\/li>\n<li>Electrolytes (Sodium, Magnesium, Potassium, Calcium, Chloride)<\/li>\n<li>Vitamins (Vitamin B6, B12, C, D)<\/li>\n<li>Digestive Enzyme Complex<\/li>\n<li>Minerals (Zinc, Iron)<\/li>\n<\/ul>\n<\/div>\n<\/div>\n<\/div>\n<div class=\"mt-1 flex justify-start gap-3 empty:hidden\">\n<div class=\"text-gray-400 flex self-end lg:self-center justify-center lg:justify-start mt-0 gap-1 visible\">\n<p>&nbsp;<\/p>\n<div class=\"flex gap-1\"><\/div>\n<div class=\"flex items-center gap-1.5 text-xs\"><\/div>\n<\/div>\n<\/div>\n<\/div>\n<\/div>\n<\/div>\n<\/div>\n<\/div>\n<\/div>\n<\/div>\n<\/div>\n<\/div>\n<div class=\"w-full pt-2 md:pt-0 dark:border-white\/20 md:border-transparent md:dark:border-transparent md:w-[calc(100%-.5rem)]\">\n<form class=\"stretch mx-2 flex flex-row gap-3 last:mb-2 md:mx-4 md:last:mb-6 lg:mx-auto lg:max-w-2xl xl:max-w-3xl\" action=\"\">\n<div class=\"relative flex h-full flex-1 items-stretch md:flex-col\">\n<div class=\"flex w-full items-center\">\n<div class=\"overflow-hidden [&amp;:has(textarea:focus)]:border-token-border-xheavy [&amp;:has(textarea:focus)]:shadow-[0_2px_6px_rgba(0,0,0,.05)] flex flex-col w-full dark:border-token-border-heavy flex-grow relative border border-token-border-heavy dark:text-white rounded-2xl bg-white dark:bg-gray-800 shadow-[0_0_0_2px_rgba(255,255,255,0.95)] dark:shadow-[0_0_0_2px_rgba(52,53,65,0.95)]\">\n<div data-grammarly-part=\"button\">\n<div>\n<div>\n<div class=\"amkYk\">\n<div>\n<div class=\"ptGJG\"><\/div>\n<\/div>\n<\/div>\n<\/div>\n<\/div>\n<\/div>\n<\/div>\n<\/div>\n<\/div>\n<input type=\"hidden\" name=\"trp-form-language\" value=\"en\"\/><\/form>\n<\/div>","protected":false},"excerpt":{"rendered":"<p>HIGH5 Plant-Based Recovery Drink: S\u1eefa Ph\u1ee5c H\u1ed3i Th\u1ef1c V\u1eadt &#8211; Ngon Mi\u1ec7ng &#8211; Hi\u1ec7u Qu\u1ea3 HIGH5 Plant-Based Recovery Drink l\u00e0<\/p>","protected":false},"featured_media":10527,"comment_status":"open","ping_status":"closed","template":"","meta":{"_acf_changed":false,"_monsterinsights_skip_tracking":false,"_monsterinsights_sitenote_active":false,"_monsterinsights_sitenote_note":"","_monsterinsights_sitenote_category":0},"product_brand":[],"product_cat":[116,120,117],"product_tag":[154,158,157,108,151,150],"class_list":{"0":"post-9840","1":"product","2":"type-product","3":"status-publish","4":"has-post-thumbnail","6":"product_cat-drink","7":"product_cat-protein","8":"product_cat-recovery","9":"product_tag-bot-hoi-co","10":"product_tag-bot-phuc-hoi","11":"product_tag-bot-recovery","12":"product_tag-high5","13":"product_tag-hoi-co","14":"product_tag-recovery","16":"first","17":"outofstock","18":"shipping-taxable","19":"purchasable","20":"product-type-variable"},"acf":[],"jetpack_sharing_enabled":true,"_links":{"self":[{"href":"https:\/\/hiboostnutrition.com\/en\/wp-json\/wp\/v2\/product\/9840"}],"collection":[{"href":"https:\/\/hiboostnutrition.com\/en\/wp-json\/wp\/v2\/product"}],"about":[{"href":"https:\/\/hiboostnutrition.com\/en\/wp-json\/wp\/v2\/types\/product"}],"replies":[{"embeddable":true,"href":"https:\/\/hiboostnutrition.com\/en\/wp-json\/wp\/v2\/comments?post=9840"}],"version-history":[{"count":8,"href":"https:\/\/hiboostnutrition.com\/en\/wp-json\/wp\/v2\/product\/9840\/revisions"}],"predecessor-version":[{"id":10525,"href":"https:\/\/hiboostnutrition.com\/en\/wp-json\/wp\/v2\/product\/9840\/revisions\/10525"}],"wp:featuredmedia":[{"embeddable":true,"href":"https:\/\/hiboostnutrition.com\/en\/wp-json\/wp\/v2\/media\/10527"}],"wp:attachment":[{"href":"https:\/\/hiboostnutrition.com\/en\/wp-json\/wp\/v2\/media?parent=9840"}],"wp:term":[{"taxonomy":"product_brand","embeddable":true,"href":"https:\/\/hiboostnutrition.com\/en\/wp-json\/wp\/v2\/product_brand?post=9840"},{"taxonomy":"product_cat","embeddable":true,"href":"https:\/\/hiboostnutrition.com\/en\/wp-json\/wp\/v2\/product_cat?post=9840"},{"taxonomy":"product_tag","embeddable":true,"href":"https:\/\/hiboostnutrition.com\/en\/wp-json\/wp\/v2\/product_tag?post=9840"}],"curies":[{"name":"wp","href":"https:\/\/api.w.org\/{rel}","templated":true}]}}