{"id":9831,"date":"2023-07-14T12:46:58","date_gmt":"2023-07-14T05:46:58","guid":{"rendered":"https:\/\/hiboostnutrition.com\/?post_type=product&#038;p=9831"},"modified":"2025-11-25T15:12:55","modified_gmt":"2025-11-25T08:12:55","slug":"gel-nang-luong-high5","status":"publish","type":"product","link":"https:\/\/hiboostnutrition.com\/en\/sanpham\/gel-nang-luong-high5\/","title":{"rendered":"HIGH5 Energy Gel"},"content":{"rendered":"<p><strong>Gel N\u0103ng L\u01b0\u1ee3ng High5 &#8211; Duy Tr\u00ec N\u0103ng L\u01b0\u1ee3ng Cho Bu\u1ed5i T\u1eadp S\u1ee9c Kh\u1ecfe<\/strong><\/p>\n<p><strong>Th\u00f4ng Tin S\u1ea3n Ph\u1ea9m:<\/strong> B\u1ea1n \u0111\u00e3 t\u1eebng tr\u1ea3i qua t\u00ecnh hu\u1ed1ng ki\u1ec7t s\u1ee9c trong khi t\u1eadp th\u1ec3 d\u1ee5c? High5 Gel l\u00e0 gi\u1ea3i ph\u00e1p l\u00fd t\u01b0\u1edfng \u0111\u1ec3 duy tr\u00ec n\u0103ng l\u01b0\u1ee3ng v\u00e0 s\u1ee9c m\u1ea1nh c\u1ee7a b\u1ea1n. Khi n\u0103ng l\u01b0\u1ee3ng gi\u1ea3m, s\u1ee9c m\u1ea1nh c\u0169ng gi\u1ea3m theo \u0111\u00f3. Gel n\u00e0y b\u1ed5 sung carbohydrate, gi\u00fap kh\u00f4i ph\u1ee5c l\u01b0\u1ee3ng carbohydrate \u0111\u00e3 ti\u00eau hao khi t\u1eadp luy\u1ec7n. V\u1edbi c\u00f4ng th\u1ee9c khoa h\u1ecdc d\u1ec5 ti\u00eau h\u00f3a, gel \u0111\u1ea3m b\u1ea3o b\u1ea1n lu\u00f4n \u0111\u1ea7y n\u0103ng l\u01b0\u1ee3ng trong su\u1ed1t bu\u1ed5i t\u1eadp. V\u1edbi s\u00e1u h\u01b0\u01a1ng v\u1ecb th\u01a1m ngon, Gel N\u0103ng L\u01b0\u1ee3ng High5 l\u00e0 ngu\u1ed3n n\u0103ng l\u01b0\u1ee3ng l\u00fd t\u01b0\u1edfng cho m\u1ecdi ng\u01b0\u1eddi!<\/p>\n<p><strong>Characteristic:<\/strong><\/p>\n<ul>\n<li>H\u1ed7n h\u1ee3p nhi\u1ec1u carbohydrate, 23g carbohydrate m\u1ed7i gel.<\/li>\n<li>H\u01b0\u01a1ng v\u1ecb nh\u1eb9, m\u1ecbn m\u00e0ng v\u1edbi h\u01b0\u01a1ng tr\u00e1i c\u00e2y th\u1ef1c s\u1ef1.<\/li>\n<li>Kh\u00f4ng g\u00e2y v\u00f3n c\u1ee5c, ti\u1ec7n l\u1ee3i mang theo khi ch\u1ea1y b\u1ed9 ho\u1eb7c \u0111\u1ea1p xe.<\/li>\n<li>Suitable for vegetarians and vegans.<\/li>\n<li>\u0110\u00f3ng g\u00f3i: 20 x 40g gel.<\/li>\n<li>Gel \u0111\u01b0\u1ee3c thi\u1ebft k\u1ebf s\u1eed d\u1ee5ng TR\u01af\u1edaC v\u00e0 TRONG khi t\u1eadp luy\u1ec7n.<\/li>\n<li>S\u1ea3n ph\u1ea9m kh\u00f4ng s\u1eed d\u1ee5ng c\u00e1c ch\u1ea5t c\u1ea5m c\u1ee7a WADA.<\/li>\n<\/ul>\n<p><strong>Li\u1ec1u L\u01b0\u1ee3ng v\u00e0 C\u00e1ch S\u1eed D\u1ee5ng:<\/strong> X\u00e9 g\u00f3i v\u00e0 u\u1ed1ng gel tr\u1ef1c ti\u1ebfp t\u1eeb \u0111\u00f3. U\u1ed1ng t\u1ed1i \u0111a ba g\u00f3i m\u1ed7i gi\u1edd khi t\u1eadp th\u1ec3 d\u1ee5c, gi\u1ea3m n\u1ebfu s\u1eed d\u1ee5ng \u0111\u1ed3 u\u1ed1ng th\u1ec3 thao. \u0110\u1ec3 duy tr\u00ec l\u01b0\u1ee3ng n\u01b0\u1edbc c\u1ea7n thi\u1ebft, h\u00e3y s\u1eed d\u1ee5ng c\u00f9ng v\u1edbi ZERO.<\/p>\n<p>Ba\u0301n theo go\u0301i<\/p>\n<p><strong>Frequently Asked Questions:<\/strong><\/p>\n<ol>\n<li><strong>M\u00f3n n\u00e0y c\u00f3 ph\u1ea3i l\u00e0 chay\/thu\u1ea7n chay kh\u00f4ng?<\/strong>\n<ul>\n<li>\u0110\u00fang, Gel N\u0103ng L\u01b0\u1ee3ng High5 ph\u00f9 h\u1ee3p cho c\u1ea3 ng\u01b0\u1eddi \u0103n chay v\u00e0 thu\u1ea7n chay.<\/li>\n<\/ul>\n<\/li>\n<li><strong>S\u1ea3n ph\u1ea9m n\u00e0y c\u00f3 ch\u1ee9a caffeine kh\u00f4ng?<\/strong>\n<ul>\n<li>Kh\u00f4ng, Gel N\u0103ng L\u01b0\u1ee3ng kh\u00f4ng ch\u1ee9a caffeine.<\/li>\n<\/ul>\n<\/li>\n<li><strong>C\u00f3 ch\u1ee9a th\u00e0nh ph\u1ea7n t\u1ef1 nhi\u00ean kh\u00f4ng?<\/strong>\n<ul>\n<li>Gel N\u0103ng L\u01b0\u1ee3ng ch\u1ee9a h\u01b0\u01a1ng li\u1ec7u t\u1ef1 nhi\u00ean, kh\u00f4ng c\u00f3 ch\u1ea5t t\u1ea1o m\u00e0u ho\u1eb7c ch\u1ea5t l\u00e0m ng\u1ecdt nh\u00e2n t\u1ea1o.<\/li>\n<\/ul>\n<\/li>\n<li><strong>C\u00f3 v\u1eeba v\u1edbi t\u00fai \u00e1o \u0111\u1ea1p xe kh\u00f4ng?<\/strong>\n<ul>\n<li>C\u00f3, gel \u0111\u01b0\u1ee3c \u0111\u1ef1ng trong g\u00f3i nh\u1ecf, thu\u1eadn ti\u1ec7n mang theo trong t\u00fai \u00e1o \u0111\u1ea1p xe.<\/li>\n<\/ul>\n<\/li>\n<li><strong>Bao b\u00ec c\u00f3 th\u1ec3 t\u00e1i ch\u1ebf kh\u00f4ng?<\/strong>\n<ul>\n<li>C\u00f3, c\u00f3 nhi\u1ec1u ph\u01b0\u01a1ng ti\u1ec7n h\u1ed7 tr\u1ee3 t\u00e1i ch\u1ebf.<\/li>\n<\/ul>\n<\/li>\n<\/ol>\n<p><em>Gel N\u0103ng L\u01b0\u1ee3ng High5 &#8211; S\u1ee9c M\u1ea1nh T\u1eeb Thi\u00ean Nhi\u00ean, N\u0103ng L\u01b0\u1ee3ng Cho Cu\u1ed9c S\u1ed1ng!<\/em><\/p>","protected":false},"excerpt":{"rendered":"<p>High5 Energy Gel \u2013 Maintain Energy for Health Workouts Product Information: You have<\/p>","protected":false},"featured_media":10611,"comment_status":"open","ping_status":"closed","template":"","meta":{"_acf_changed":false,"_monsterinsights_skip_tracking":false,"_monsterinsights_sitenote_active":false,"_monsterinsights_sitenote_note":"","_monsterinsights_sitenote_category":0},"product_brand":[],"product_cat":[71],"product_tag":[156,133,108,153],"class_list":{"0":"post-9831","1":"product","2":"type-product","3":"status-publish","4":"has-post-thumbnail","6":"product_cat-gel-nang-luong","7":"product_tag-gel","8":"product_tag-gel-nang-luong","9":"product_tag-high5","10":"product_tag-nang-luong","12":"first","13":"outofstock","14":"sale","15":"shipping-taxable","16":"purchasable","17":"product-type-variable"},"acf":[],"jetpack_sharing_enabled":true,"_links":{"self":[{"href":"https:\/\/hiboostnutrition.com\/en\/wp-json\/wp\/v2\/product\/9831"}],"collection":[{"href":"https:\/\/hiboostnutrition.com\/en\/wp-json\/wp\/v2\/product"}],"about":[{"href":"https:\/\/hiboostnutrition.com\/en\/wp-json\/wp\/v2\/types\/product"}],"replies":[{"embeddable":true,"href":"https:\/\/hiboostnutrition.com\/en\/wp-json\/wp\/v2\/comments?post=9831"}],"version-history":[{"count":8,"href":"https:\/\/hiboostnutrition.com\/en\/wp-json\/wp\/v2\/product\/9831\/revisions"}],"predecessor-version":[{"id":13275,"href":"https:\/\/hiboostnutrition.com\/en\/wp-json\/wp\/v2\/product\/9831\/revisions\/13275"}],"wp:featuredmedia":[{"embeddable":true,"href":"https:\/\/hiboostnutrition.com\/en\/wp-json\/wp\/v2\/media\/10611"}],"wp:attachment":[{"href":"https:\/\/hiboostnutrition.com\/en\/wp-json\/wp\/v2\/media?parent=9831"}],"wp:term":[{"taxonomy":"product_brand","embeddable":true,"href":"https:\/\/hiboostnutrition.com\/en\/wp-json\/wp\/v2\/product_brand?post=9831"},{"taxonomy":"product_cat","embeddable":true,"href":"https:\/\/hiboostnutrition.com\/en\/wp-json\/wp\/v2\/product_cat?post=9831"},{"taxonomy":"product_tag","embeddable":true,"href":"https:\/\/hiboostnutrition.com\/en\/wp-json\/wp\/v2\/product_tag?post=9831"}],"curies":[{"name":"wp","href":"https:\/\/api.w.org\/{rel}","templated":true}]}}