{"id":9626,"date":"2023-03-05T11:54:31","date_gmt":"2023-03-05T04:54:31","guid":{"rendered":"https:\/\/hiboostnutrition.com\/?post_type=product&#038;p=9626"},"modified":"2026-04-10T16:52:12","modified_gmt":"2026-04-10T09:52:12","slug":"maurten-drink-mix-320-caf-100-hop-x-14-goi","status":"publish","type":"product","link":"https:\/\/hiboostnutrition.com\/en\/sanpham\/maurten-drink-mix-320-caf-100-hop-x-14-goi\/","title":{"rendered":"MAURTEN Drink Mix 320 CAF 100 ( 14 x 83G)"},"content":{"rendered":"<p><strong>Drink Mix 320 Caf 100<\/strong><\/p>\n<p>Caffeine, carbohydrates v\u00e0 hydration. T\u1ea5t c\u1ea3 trong c\u00f9ng m\u1ed9t s\u1ea3n ph\u1ea9m \u2013 v\u00e0 \u1edf m\u1ee9c \u0111\u1ed9 t\u1ea1o ra s\u1ef1 kh\u00e1c bi\u1ec7t.<\/p>\n<p>Drink Mix 320 Caf 100 c\u00f3 t\u1ea5t c\u1ea3 nh\u1eefng y\u1ebfu t\u1ed1 n\u00e0y. B\u1eb1ng c\u00e1ch s\u1eed d\u1ee5ng c\u00f4ng ngh\u1ec7 hydrogel, ch\u00fang t\u00f4i \u0111\u00e3 ki\u1ec3m so\u00e1t \u0111\u01b0\u1ee3c v\u1ecb \u0111\u1eafng m\u00e0 caffeine th\u01b0\u1eddng g\u00e2y ra \u2013 m\u00e0 kh\u00f4ng c\u1ea7n th\u00eam b\u1ea5t k\u1ef3 axit, h\u01b0\u01a1ng li\u1ec7u hay ch\u1ea5t t\u1ea1o m\u00e0u n\u00e0o.<\/p>\n<p>Ch\u1ee9a 100 mg caffeine.<\/p>\n<p>H\u1ed9p g\u1ed3m 14 g\u00f3i.<\/p>","protected":false},"excerpt":{"rendered":"<p>Drink Mix 320 Caf 100 Caffeine, carbohydrates v\u00e0 hydration. T\u1ea5t c\u1ea3 trong c\u00f9ng m\u1ed9t s\u1ea3n ph\u1ea9m \u2013 v\u00e0 \u1edf m\u1ee9c<\/p>","protected":false},"featured_media":9599,"comment_status":"open","ping_status":"closed","template":"","meta":{"_acf_changed":false,"_monsterinsights_skip_tracking":false,"_monsterinsights_sitenote_active":false,"_monsterinsights_sitenote_note":"","_monsterinsights_sitenote_category":0},"product_brand":[],"product_cat":[116],"product_tag":[138,137,107,134],"class_list":{"0":"post-9626","1":"product","2":"type-product","3":"status-publish","4":"has-post-thumbnail","6":"product_cat-drink","7":"product_tag-bot-pha-nang-luong","8":"product_tag-drink-mix-320","9":"product_tag-maurten","10":"product_tag-maurten-drinkmix","12":"first","13":"outofstock","14":"shipping-taxable","15":"purchasable","16":"product-type-simple"},"acf":[],"jetpack_sharing_enabled":true,"_links":{"self":[{"href":"https:\/\/hiboostnutrition.com\/en\/wp-json\/wp\/v2\/product\/9626"}],"collection":[{"href":"https:\/\/hiboostnutrition.com\/en\/wp-json\/wp\/v2\/product"}],"about":[{"href":"https:\/\/hiboostnutrition.com\/en\/wp-json\/wp\/v2\/types\/product"}],"replies":[{"embeddable":true,"href":"https:\/\/hiboostnutrition.com\/en\/wp-json\/wp\/v2\/comments?post=9626"}],"version-history":[{"count":5,"href":"https:\/\/hiboostnutrition.com\/en\/wp-json\/wp\/v2\/product\/9626\/revisions"}],"predecessor-version":[{"id":12801,"href":"https:\/\/hiboostnutrition.com\/en\/wp-json\/wp\/v2\/product\/9626\/revisions\/12801"}],"wp:featuredmedia":[{"embeddable":true,"href":"https:\/\/hiboostnutrition.com\/en\/wp-json\/wp\/v2\/media\/9599"}],"wp:attachment":[{"href":"https:\/\/hiboostnutrition.com\/en\/wp-json\/wp\/v2\/media?parent=9626"}],"wp:term":[{"taxonomy":"product_brand","embeddable":true,"href":"https:\/\/hiboostnutrition.com\/en\/wp-json\/wp\/v2\/product_brand?post=9626"},{"taxonomy":"product_cat","embeddable":true,"href":"https:\/\/hiboostnutrition.com\/en\/wp-json\/wp\/v2\/product_cat?post=9626"},{"taxonomy":"product_tag","embeddable":true,"href":"https:\/\/hiboostnutrition.com\/en\/wp-json\/wp\/v2\/product_tag?post=9626"}],"curies":[{"name":"wp","href":"https:\/\/api.w.org\/{rel}","templated":true}]}}