{"id":9620,"date":"2024-04-03T16:23:16","date_gmt":"2024-04-03T09:23:16","guid":{"rendered":"https:\/\/hiboostnutrition.com\/?post_type=product&#038;p=9620"},"modified":"2026-04-10T17:02:00","modified_gmt":"2026-04-10T10:02:00","slug":"maurten-drink-mix-320-320-caf","status":"publish","type":"product","link":"https:\/\/hiboostnutrition.com\/en\/sanpham\/maurten-drink-mix-320-320-caf\/","title":{"rendered":"MAURTEN Drink Mix 320"},"content":{"rendered":"<p><strong>B\u1ed9t N\u0103ng L\u01b0\u1ee3ng Maurten Drink Mix 320 &#8211; S\u1ef1 K\u1ebft H\u1ee3p Ho\u00e0n H\u1ea3o Cho N\u0103ng L\u01b0\u1ee3ng v\u00e0 T\u1ec9nh T\u00e1o<\/strong><\/p>\n<p>Ch\u00fa \u00fd: Hi\u1ec7n nay, c\u00f3 nhi\u1ec1u \u0111\u1ecba \u0111i\u1ec3m b\u00e1n s\u1ea3n ph\u1ea9m Maurten m\u00e0 kh\u00f4ng r\u00f5 ngu\u1ed3n g\u1ed1c, gi\u1ea5y t\u1edd ki\u1ec3m \u0111\u1ecbnh v\u00e0 gi\u1ea5y t\u1edd c\u00f4ng b\u1ed1 s\u1ea3n ph\u1ea9m. Hiboost Nutrition cam k\u1ebft \u0111\u1ea3m b\u1ea3o ch\u1ea5t l\u01b0\u1ee3ng v\u00e0 xu\u1ea5t x\u1ee9 c\u1ee7a s\u1ea3n ph\u1ea9m, \u0111\u1ec3 qu\u00fd kh\u00e1ch h\u00e0ng an t\u00e2m khi s\u1eed d\u1ee5ng.<\/p>\n<p><strong>Maurten Drink Mix 320 &#8211; C\u00f4ng Ngh\u1ec7 Hydrogel \u0110\u1ed9c \u0110\u00e1o:<\/strong><\/p>\n<ul>\n<li>Drink Mix 320 \u0111\u01b0\u1ee3c x\u00e2y d\u1ef1ng tr\u00ean c\u00f4ng ngh\u1ec7 Hydrogel ti\u00ean ti\u1ebfn. Khi pha v\u1edbi n\u01b0\u1edbc, b\u1ea1n s\u1ebd c\u00f3 \u0111\u1ed3 u\u1ed1ng th\u1ec3 thao ch\u1ee9a maltodextrin v\u00e0 fructose, t\u1ea1o n\u00ean hydrogel trong d\u1ea1 d\u00e0y. Hydrogel gi\u00fap v\u1eadn chuy\u1ec3n th\u1ee9c u\u1ed1ng d\u1ec5 d\u00e0ng qua d\u1ea1 d\u00e0y \u0111\u1ebfn ru\u1ed9t, n\u01a1i n\u01b0\u1edbc, mu\u1ed1i v\u00e0 carbohydrate \u0111\u01b0\u1ee3c h\u1ea5p th\u1ee5 m\u1ed9t c\u00e1ch hi\u1ec7u qu\u1ea3.<\/li>\n<\/ul>\n<p><strong>User manual:<\/strong><\/p>\n<ul>\n<li>Pha 1 g\u00f3i v\u1edbi 500ml n\u01b0\u1edbc \u0111\u1ec3 c\u00f3 tr\u1ea3i nghi\u1ec7m n\u0103ng l\u01b0\u1ee3ng v\u00e0 t\u1ec9nh t\u00e1o t\u1ed1t nh\u1ea5t.<\/li>\n<\/ul>\n<p><strong>C\u1ea3m \u01a1n Qu\u00fd Kh\u00e1ch H\u00e0ng \u0110\u00e3 Tin T\u01b0\u1edfng Hiboost Nutrition &#8211; N\u01a1i \u0110\u1ea3m B\u1ea3o Ch\u1ea5t L\u01b0\u1ee3ng v\u00e0 An To\u00e0n.<\/strong><\/p>\n<p>#hiboostnutrition #maurten #drinkmix320 #energydrink #hydrogel #caffeine #nangluongtinhthao<\/p>\n<p>&nbsp;<\/p>","protected":false},"excerpt":{"rendered":"<p>B\u1ed9t N\u0103ng L\u01b0\u1ee3ng Maurten Drink Mix 320 &#8211; S\u1ef1 K\u1ebft H\u1ee3p Ho\u00e0n H\u1ea3o Cho N\u0103ng L\u01b0\u1ee3ng v\u00e0 T\u1ec9nh T\u00e1o Ch\u00fa<\/p>","protected":false},"featured_media":11428,"comment_status":"open","ping_status":"closed","template":"","meta":{"_acf_changed":false,"_monsterinsights_skip_tracking":false,"_monsterinsights_sitenote_active":false,"_monsterinsights_sitenote_note":"","_monsterinsights_sitenote_category":0},"product_brand":[],"product_cat":[116],"product_tag":[135,136,107,134],"class_list":{"0":"post-9620","1":"product","2":"type-product","3":"status-publish","4":"has-post-thumbnail","6":"product_cat-drink","7":"product_tag-bot-nang-luong","8":"product_tag-drinkmix-320","9":"product_tag-maurten","10":"product_tag-maurten-drinkmix","12":"first","13":"instock","14":"shipping-taxable","15":"purchasable","16":"product-type-variable"},"acf":[],"jetpack_sharing_enabled":true,"_links":{"self":[{"href":"https:\/\/hiboostnutrition.com\/en\/wp-json\/wp\/v2\/product\/9620"}],"collection":[{"href":"https:\/\/hiboostnutrition.com\/en\/wp-json\/wp\/v2\/product"}],"about":[{"href":"https:\/\/hiboostnutrition.com\/en\/wp-json\/wp\/v2\/types\/product"}],"replies":[{"embeddable":true,"href":"https:\/\/hiboostnutrition.com\/en\/wp-json\/wp\/v2\/comments?post=9620"}],"version-history":[{"count":7,"href":"https:\/\/hiboostnutrition.com\/en\/wp-json\/wp\/v2\/product\/9620\/revisions"}],"predecessor-version":[{"id":13026,"href":"https:\/\/hiboostnutrition.com\/en\/wp-json\/wp\/v2\/product\/9620\/revisions\/13026"}],"wp:featuredmedia":[{"embeddable":true,"href":"https:\/\/hiboostnutrition.com\/en\/wp-json\/wp\/v2\/media\/11428"}],"wp:attachment":[{"href":"https:\/\/hiboostnutrition.com\/en\/wp-json\/wp\/v2\/media?parent=9620"}],"wp:term":[{"taxonomy":"product_brand","embeddable":true,"href":"https:\/\/hiboostnutrition.com\/en\/wp-json\/wp\/v2\/product_brand?post=9620"},{"taxonomy":"product_cat","embeddable":true,"href":"https:\/\/hiboostnutrition.com\/en\/wp-json\/wp\/v2\/product_cat?post=9620"},{"taxonomy":"product_tag","embeddable":true,"href":"https:\/\/hiboostnutrition.com\/en\/wp-json\/wp\/v2\/product_tag?post=9620"}],"curies":[{"name":"wp","href":"https:\/\/api.w.org\/{rel}","templated":true}]}}