{"id":8737,"date":"2023-01-29T10:14:43","date_gmt":"2023-01-29T03:14:43","guid":{"rendered":"https:\/\/hiboostnutrition.com\/?post_type=product&#038;p=8737"},"modified":"2024-08-12T10:15:26","modified_gmt":"2024-08-12T03:15:26","slug":"maurten-solid-225-maurten-solid-c-225","status":"publish","type":"product","link":"https:\/\/hiboostnutrition.com\/en\/sanpham\/maurten-solid-225-maurten-solid-c-225\/","title":{"rendered":"MAURTEN Solid 225 v\u00e0 Maurten Solid C 225"},"content":{"rendered":"<h1><strong>S\u1ea2N PH\u1ea8M MAURTEN Solid 225 v\u00e0 C 225 \u0110\u00c3 NG\u01afNG S\u1ea2N XU\u1ea4T. B\u1ea0N C\u00d3 TH\u1ec2 MUA S\u1ea2N PH\u1ea8M THAY TH\u1ebe V\u1edaI CH\u1ea4T L\u01af\u1ee2NG V\u01af\u1ee2T TR\u1ed8I H\u01a0N :\u00a0 MAURTEN Solid 160 v\u00e0 Solid C 160 t\u1ea1i <a href=\"https:\/\/hiboostnutrition.com\/en\/sanpham\/maurten-solid-160-solid-c160\/\">\u0111\u00e2y<\/a><\/strong><\/h1>\n<p><strong>&#8212;&#8212;&#8212;&#8212;&#8212;&#8212;&#8212;&#8212;&#8212;&#8212;&#8212;&#8212;&#8212;&#8212;&#8212;&#8212;&#8212;&#8212;&#8212;&#8212;&#8212;&#8212;&#8212;&#8212;&#8212;&#8212;&#8212;&#8212;&#8212;&#8212;&#8212;&#8212;&#8212;&#8212;&#8212;&#8212;&#8212;&#8212;&#8212;&#8212;&#8212;&#8212;<\/strong><\/p>\n<p>&nbsp;<\/p>\n<p><strong>Note Before Buying: Guaranteed Origin and Quality from Hiboost Nutrition<\/strong><\/p>\n<p>Currently, on the market there are many places selling products of the Maurten brand without clear origin, inspection documents and product declaration documents. This poses quality and safety risks for consumers. Hiboost Nutrition is committed to ensuring the origin and quality of products, bringing a secure and satisfying experience to customers.<\/p>\n<p><strong>Maurten Solid 225 and Maurten Solid 225C: Energy Efficient and Great Taste<\/strong><\/p>\n<ul>\n<li><strong>Maurten Solid 225:<\/strong> A source of energy with a natural and sweet taste, quick and easy to digest. Solid 225 is the perfect addition, providing 225 calories and 44g of carbohydrates per bar. Particularly suitable for fueling your Hydrogels.<\/li>\n<li><strong>Maurten Solid 225C:<\/strong> With unique cocoa, this is a great combination of alternative flavor and carbohydrate richness. Especially suitable for training or racing when you want to experience a new taste. Each bar provides 225 calories and 44g of carbohydrates, making it a complete and light source of energy.<\/li>\n<\/ul>\n<p><strong>Thank you for trusting Hiboost Nutrition - Where Quality and Safety are Guaranteed for Your Health.<\/strong><\/p>\n<p>#hiboostnutrition #maurten #solid225 #energybar #nguonnhienlieu #chonguoncogoc<\/p>","protected":false},"excerpt":{"rendered":"<p>S\u1ea2N PH\u1ea8M MAURTEN Solid 225 v\u00e0 C 225 \u0110\u00c3 NG\u01afNG S\u1ea2N XU\u1ea4T. B\u1ea0N C\u00d3 TH\u1ec2 MUA S\u1ea2N PH\u1ea8M THAY TH\u1ebe<\/p>","protected":false},"featured_media":10473,"comment_status":"open","ping_status":"closed","template":"","meta":{"_acf_changed":false,"_monsterinsights_skip_tracking":false,"_monsterinsights_sitenote_active":false,"_monsterinsights_sitenote_note":"","_monsterinsights_sitenote_category":0},"product_brand":[],"product_cat":[106],"product_tag":[99,107,100,101,98],"class_list":{"0":"post-8737","1":"product","2":"type-product","3":"status-publish","4":"has-post-thumbnail","6":"product_cat-thanh-nang-luong","7":"product_tag-energy-bar","8":"product_tag-maurten","9":"product_tag-maurten-solid-bar","10":"product_tag-solid-bar","11":"product_tag-thanh-nang-luong","13":"first","14":"outofstock","15":"shipping-taxable","16":"product-type-simple"},"acf":[],"jetpack_sharing_enabled":true,"_links":{"self":[{"href":"https:\/\/hiboostnutrition.com\/en\/wp-json\/wp\/v2\/product\/8737"}],"collection":[{"href":"https:\/\/hiboostnutrition.com\/en\/wp-json\/wp\/v2\/product"}],"about":[{"href":"https:\/\/hiboostnutrition.com\/en\/wp-json\/wp\/v2\/types\/product"}],"replies":[{"embeddable":true,"href":"https:\/\/hiboostnutrition.com\/en\/wp-json\/wp\/v2\/comments?post=8737"}],"version-history":[{"count":10,"href":"https:\/\/hiboostnutrition.com\/en\/wp-json\/wp\/v2\/product\/8737\/revisions"}],"predecessor-version":[{"id":12869,"href":"https:\/\/hiboostnutrition.com\/en\/wp-json\/wp\/v2\/product\/8737\/revisions\/12869"}],"wp:featuredmedia":[{"embeddable":true,"href":"https:\/\/hiboostnutrition.com\/en\/wp-json\/wp\/v2\/media\/10473"}],"wp:attachment":[{"href":"https:\/\/hiboostnutrition.com\/en\/wp-json\/wp\/v2\/media?parent=8737"}],"wp:term":[{"taxonomy":"product_brand","embeddable":true,"href":"https:\/\/hiboostnutrition.com\/en\/wp-json\/wp\/v2\/product_brand?post=8737"},{"taxonomy":"product_cat","embeddable":true,"href":"https:\/\/hiboostnutrition.com\/en\/wp-json\/wp\/v2\/product_cat?post=8737"},{"taxonomy":"product_tag","embeddable":true,"href":"https:\/\/hiboostnutrition.com\/en\/wp-json\/wp\/v2\/product_tag?post=8737"}],"curies":[{"name":"wp","href":"https:\/\/api.w.org\/{rel}","templated":true}]}}