{"id":8703,"date":"2025-01-13T10:04:08","date_gmt":"2025-01-13T03:04:08","guid":{"rendered":"https:\/\/hiboostnutrition.com\/?post_type=product&#038;p=8703"},"modified":"2025-11-25T15:13:14","modified_gmt":"2025-11-25T08:13:14","slug":"gel-nang-luong-high5-energy-gel-berry-40g","status":"publish","type":"product","link":"https:\/\/hiboostnutrition.com\/en\/sanpham\/gel-nang-luong-high5-energy-gel-berry-40g\/","title":{"rendered":"HIGH5 Energy Gel &#8211; Berry"},"content":{"rendered":"<p>Gel N\u0103ng L\u01b0\u1ee3ng HIGH5 ENERGY GEL &#8211; BERRY (40G) l\u00e0 m\u1ed9t s\u1ea3n ph\u1ea9m ch\u1ea5t l\u01b0\u1ee3ng cao \u0111\u01b0\u1ee3c thi\u1ebft k\u1ebf \u0111\u1eb7c bi\u1ec7t \u0111\u1ec3 cung c\u1ea5p n\u0103ng l\u01b0\u1ee3ng cho c\u01a1 th\u1ec3 trong qu\u00e1 tr\u00ecnh v\u1eadn \u0111\u1ed9ng ho\u1eb7c t\u1eadp luy\u1ec7n.<\/p>\n<p>V\u1edbi h\u01b0\u01a1ng v\u1ecb Berry t\u01b0\u01a1i m\u00e1t, gel n\u0103ng l\u01b0\u1ee3ng n\u00e0y kh\u00f4ng ch\u1ec9 mang l\u1ea1i s\u1ef1 h\u1ee9ng kh\u1edfi m\u00e0 c\u00f2n gi\u00fap b\u1ea1n duy tr\u00ec s\u1ef1 t\u1eadp trung v\u00e0 n\u0103ng l\u01b0\u1ee3ng cao trong su\u1ed1t qu\u00e1 tr\u00ecnh ho\u1ea1t \u0111\u1ed9ng.<\/p>\n<p>M\u1ed7i g\u00f3i gel c\u00f3 tr\u1ecdng l\u01b0\u1ee3ng 40g, ti\u1ec7n l\u1ee3i \u0111\u1ec3 mang theo v\u00e0 s\u1eed d\u1ee5ng trong khi ch\u1ea1y b\u1ed9, \u0111\u1ea1p xe ho\u1eb7c tham gia c\u00e1c ho\u1ea1t \u0111\u1ed9ng th\u1ec3 thao kh\u00e1c. Gel \u0111\u01b0\u1ee3c thi\u1ebft k\u1ebf \u0111\u1ec3 ti\u00eau h\u00f3a nhanh ch\u00f3ng v\u00e0 cung c\u1ea5p c\u00e1c d\u01b0\u1ee1ng ch\u1ea5t c\u1ea7n thi\u1ebft nh\u01b0 carbohydrates v\u00e0 electrolytes \u0111\u1ec3 t\u00e1i t\u1ea1o n\u0103ng l\u01b0\u1ee3ng v\u00e0 duy tr\u00ec s\u1ef1 c\u00e2n b\u1eb1ng \u0111i\u1ec7n gi\u1ea3i trong c\u01a1 th\u1ec3.<\/p>\n<p>S\u1ea3n ph\u1ea9m Gel N\u0103ng L\u01b0\u1ee3ng HIGH5 ENERGY GEL &#8211; BERRY (40G) kh\u00f4ng ch\u1ee9a ch\u1ea5t b\u00e9o v\u00e0 l\u00e0 m\u1ed9t ngu\u1ed3n n\u0103ng l\u01b0\u1ee3ng d\u1ec5 d\u00f9ng v\u00e0 h\u1ea5p th\u1ee5 nhanh ch\u00f3ng. \u0110\u1eb7c bi\u1ec7t, n\u00f3 cung c\u1ea5p m\u1ed9t l\u01b0\u1ee3ng l\u1edbn carbohydrates ch\u1ea5t l\u01b0\u1ee3ng cao, gi\u00fap t\u0103ng c\u01b0\u1eddng s\u1ee9c b\u1ec1n v\u00e0 s\u1ee9c m\u1ea1nh trong su\u1ed1t ho\u1ea1t \u0111\u1ed9ng th\u1ec3 ch\u1ea5t.<\/p>\n<p>V\u1edbi Gel N\u0103ng L\u01b0\u1ee3ng HIGH5 ENERGY GEL &#8211; BERRY (40G), b\u1ea1n c\u00f3 th\u1ec3 t\u1eadn h\u01b0\u1edfng tr\u1ecdn v\u1eb9n ni\u1ec1m vui c\u1ee7a ho\u1ea1t \u0111\u1ed9ng th\u1ec3 thao m\u00e0 kh\u00f4ng lo v\u1ec1 nhu c\u1ea7u n\u0103ng l\u01b0\u1ee3ng. S\u1ea3n ph\u1ea9m n\u00e0y l\u00e0 s\u1ef1 l\u1ef1a ch\u1ecdn ho\u00e0n h\u1ea3o cho c\u00e1c v\u1eadn \u0111\u1ed9ng vi\u00ean, ng\u01b0\u1eddi tham gia th\u1ec3 thao v\u00e0 nh\u1eefng ng\u01b0\u1eddi mu\u1ed1n duy tr\u00ec s\u1ef1 n\u0103ng \u0111\u1ed9ng v\u00e0 kh\u1ecfe m\u1ea1nh trong cu\u1ed9c s\u1ed1ng h\u00e0ng ng\u00e0y.<\/p>","protected":false},"excerpt":{"rendered":"<p>Gel N\u0103ng L\u01b0\u1ee3ng HIGH5 ENERGY GEL &#8211; BERRY (40G) l\u00e0 m\u1ed9t s\u1ea3n ph\u1ea9m ch\u1ea5t l\u01b0\u1ee3ng cao \u0111\u01b0\u1ee3c thi\u1ebft k\u1ebf \u0111\u1eb7c<\/p>","protected":false},"featured_media":12384,"comment_status":"open","ping_status":"closed","template":"","meta":{"_acf_changed":false,"_monsterinsights_skip_tracking":false,"_monsterinsights_sitenote_active":false,"_monsterinsights_sitenote_note":"","_monsterinsights_sitenote_category":0},"product_brand":[],"product_cat":[71,185],"product_tag":[156,133,108,153],"class_list":{"0":"post-8703","1":"product","2":"type-product","3":"status-publish","4":"has-post-thumbnail","6":"product_cat-gel-nang-luong","7":"product_cat-sale","8":"product_tag-gel","9":"product_tag-gel-nang-luong","10":"product_tag-high5","11":"product_tag-nang-luong","13":"first","14":"outofstock","15":"sale","16":"shipping-taxable","17":"purchasable","18":"product-type-variable"},"acf":[],"jetpack_sharing_enabled":true,"_links":{"self":[{"href":"https:\/\/hiboostnutrition.com\/en\/wp-json\/wp\/v2\/product\/8703"}],"collection":[{"href":"https:\/\/hiboostnutrition.com\/en\/wp-json\/wp\/v2\/product"}],"about":[{"href":"https:\/\/hiboostnutrition.com\/en\/wp-json\/wp\/v2\/types\/product"}],"replies":[{"embeddable":true,"href":"https:\/\/hiboostnutrition.com\/en\/wp-json\/wp\/v2\/comments?post=8703"}],"version-history":[{"count":7,"href":"https:\/\/hiboostnutrition.com\/en\/wp-json\/wp\/v2\/product\/8703\/revisions"}],"predecessor-version":[{"id":13270,"href":"https:\/\/hiboostnutrition.com\/en\/wp-json\/wp\/v2\/product\/8703\/revisions\/13270"}],"wp:featuredmedia":[{"embeddable":true,"href":"https:\/\/hiboostnutrition.com\/en\/wp-json\/wp\/v2\/media\/12384"}],"wp:attachment":[{"href":"https:\/\/hiboostnutrition.com\/en\/wp-json\/wp\/v2\/media?parent=8703"}],"wp:term":[{"taxonomy":"product_brand","embeddable":true,"href":"https:\/\/hiboostnutrition.com\/en\/wp-json\/wp\/v2\/product_brand?post=8703"},{"taxonomy":"product_cat","embeddable":true,"href":"https:\/\/hiboostnutrition.com\/en\/wp-json\/wp\/v2\/product_cat?post=8703"},{"taxonomy":"product_tag","embeddable":true,"href":"https:\/\/hiboostnutrition.com\/en\/wp-json\/wp\/v2\/product_tag?post=8703"}],"curies":[{"name":"wp","href":"https:\/\/api.w.org\/{rel}","templated":true}]}}