{"id":13188,"date":"2025-01-05T12:14:24","date_gmt":"2025-01-05T05:14:24","guid":{"rendered":"https:\/\/hiboostnutrition.com\/?post_type=product&#038;p=13188"},"modified":"2025-11-25T15:13:56","modified_gmt":"2025-11-25T08:13:56","slug":"high5-energy-drink-berry","status":"publish","type":"product","link":"https:\/\/hiboostnutrition.com\/en\/sanpham\/high5-energy-drink-berry\/","title":{"rendered":"HIGH5 Energy Drink &#8211; Berry"},"content":{"rendered":"<p><strong>Energy Drink \u2013 Th\u1ee9c U\u1ed1ng N\u0103ng L\u01b0\u1ee3ng D\u1ea1ng B\u1ed9t T\u0103ng C\u01b0\u1eddng Hi\u1ec7u Su\u1ea5t v\u00e0 S\u1ee9c B\u1ec1n<\/strong><\/p>\n<p>Energy Drink l\u00e0 s\u1ea3n ph\u1ea9m <strong>d\u1ea1ng b\u1ed9t h\u00f2a tan<\/strong>, \u0111\u01b0\u1ee3c thi\u1ebft k\u1ebf \u0111\u1ec3 t\u1ed1i \u0111a h\u00f3a l\u01b0\u1ee3ng carbohydrate c\u01a1 th\u1ec3 h\u1ea5p th\u1ee5, gi\u00fap b\u1ea1n \u0111\u1ea1t phong \u0111\u1ed9 cao nh\u1ea5t trong c\u00e1c b\u00e0i t\u1eadp s\u1ee9c b\u1ec1n. V\u1edbi c\u00f4ng th\u1ee9c 2:1 Fructose \u0111\u00e3 \u0111\u01b0\u1ee3c ch\u1ee9ng minh qua nghi\u00ean c\u1ee9u, k\u1ebft h\u1ee3p c\u00f9ng c\u00e1c ch\u1ea5t \u0111i\u1ec7n gi\u1ea3i, HIGH5 Energy Drink kh\u00f4ng ch\u1ec9 cung c\u1ea5p n\u0103ng l\u01b0\u1ee3ng m\u00e0 c\u00f2n duy tr\u00ec hi\u1ec7u su\u1ea5t v\u00e0 b\u1ed5 sung n\u01b0\u1edbc cho c\u01a1 th\u1ec3.<\/p>\n<h3><strong>\u0110\u1eb7c \u0111i\u1ec3m n\u1ed5i b\u1eadt:<\/strong><\/h3>\n<ul>\n<li><strong>T\u1ed1i \u0111a h\u00f3a n\u0103ng l\u01b0\u1ee3ng:<\/strong> C\u00f4ng th\u1ee9c pha tr\u1ed9n maltodextrin (glucose) v\u00e0 fructose theo t\u1ec9 l\u1ec7 2:1 gi\u00fap t\u0103ng kh\u1ea3 n\u0103ng h\u1ea5p th\u1ee5 carbohydrate t\u1eeb 60g l\u00ean \u0111\u1ebfn 90g m\u1ed7i gi\u1edd, cung c\u1ea5p n\u0103ng l\u01b0\u1ee3ng d\u1ed3i d\u00e0o cho c\u01a1 b\u1eafp.<\/li>\n<li><strong>Duy tr\u00ec \u0111\u1ed9 \u1ea9m:<\/strong> B\u1ed5 sung n\u01b0\u1edbc v\u00e0 c\u00e1c ch\u1ea5t \u0111i\u1ec7n gi\u1ea3i quan tr\u1ecdng nh\u01b0 240mg natri, 50mg kali, v\u00e0 84mg clorua, gi\u00fap b\u00f9 n\u01b0\u1edbc v\u00e0 tr\u00e1nh m\u1ea5t c\u00e2n b\u1eb1ng \u0111i\u1ec7n gi\u1ea3i do m\u1ed3 h\u00f4i.<\/li>\n<li><strong>T\u0103ng s\u1ee9c b\u1ec1n:<\/strong> H\u1ed7 tr\u1ee3 k\u00e9o d\u00e0i th\u1eddi gian luy\u1ec7n t\u1eadp m\u00e0 kh\u00f4ng lo c\u1ea1n ki\u1ec7t n\u0103ng l\u01b0\u1ee3ng.<\/li>\n<li><strong>H\u01b0\u01a1ng v\u1ecb th\u01a1m ngon:<\/strong> C\u00f3 4 h\u01b0\u01a1ng v\u1ecb h\u1ea5p d\u1eabn &#8211; Berry, Citrus, Orange v\u00e0 Tropical.<\/li>\n<\/ul>\n<h3><strong>\u01afu \u0111i\u1ec3m v\u01b0\u1ee3t tr\u1ed9i:<\/strong><\/h3>\n<ul>\n<li><strong>D\u1ea1ng b\u1ed9t h\u00f2a tan:<\/strong> D\u1ec5 pha ch\u1ebf v\u1edbi n\u01b0\u1edbc \u0111\u1ec3 t\u1ea1o th\u00e0nh th\u1ee9c u\u1ed1ng isotonic b\u1ed5 sung n\u0103ng l\u01b0\u1ee3ng nhanh ch\u00f3ng.<\/li>\n<li>C\u1ea3i thi\u1ec7n hi\u1ec7u su\u1ea5t s\u1ee9c b\u1ec1n.<\/li>\n<li>Gi\u1eef c\u01a1 th\u1ec3 lu\u00f4n \u0111\u01b0\u1ee3c cung c\u1ea5p n\u01b0\u1edbc.<\/li>\n<li>H\u01b0\u01a1ng v\u1ecb th\u01a1m ngon, d\u1ec5 u\u1ed1ng.<\/li>\n<li>D\u00e0nh cho ng\u01b0\u1eddi \u0103n chay v\u00e0 thu\u1ea7n chay.<\/li>\n<\/ul>\n<h3><strong>D\u1ea1ng \u0111\u00f3ng g\u00f3i:<\/strong><\/h3>\n<ul>\n<li>46 l\u1ea7n d\u00f9ng trong h\u0169 2.2kg.<\/li>\n<li>21 l\u1ea7n d\u00f9ng trong h\u0169 1kg.<\/li>\n<li>12 l\u1ea7n d\u00f9ng trong g\u00f3i nh\u1ecf.<\/li>\n<\/ul>\n<h3><strong>User manual:<\/strong><\/h3>\n<ul>\n<li><strong>Tr\u01b0\u1edbc khi t\u1eadp luy\u1ec7n:<\/strong> Pha m\u1ed9t l\u01b0\u1ee3ng b\u1ed9t v\u1eeba \u0111\u1ee7 v\u1edbi n\u01b0\u1edbc \u0111\u1ec3 n\u1ea1p n\u0103ng l\u01b0\u1ee3ng.<\/li>\n<li><strong>Trong khi t\u1eadp luy\u1ec7n:<\/strong> Duy tr\u00ec n\u0103ng l\u01b0\u1ee3ng v\u00e0 \u0111\u1ed9 \u1ea9m b\u1eb1ng c\u00e1ch u\u1ed1ng t\u1eebng ng\u1ee5m nh\u1ecf.<\/li>\n<\/ul>\n<p><strong>HIGH5 Energy Drink \u2013 Th\u1ee9c u\u1ed1ng n\u0103ng l\u01b0\u1ee3ng d\u1ea1ng b\u1ed9t ho\u00e0n h\u1ea3o, \u0111\u1ed3ng h\u00e0nh c\u00f9ng b\u1ea1n tr\u00ean m\u1ecdi h\u00e0nh tr\u00ecnh chinh ph\u1ee5c th\u1eed th\u00e1ch!<\/strong><\/p>","protected":false},"excerpt":{"rendered":"<p>Energy Drink \u2013 Th\u1ee9c U\u1ed1ng N\u0103ng L\u01b0\u1ee3ng D\u1ea1ng B\u1ed9t T\u0103ng C\u01b0\u1eddng Hi\u1ec7u Su\u1ea5t v\u00e0 S\u1ee9c B\u1ec1n Energy Drink l\u00e0 s\u1ea3n<\/p>","protected":false},"featured_media":13202,"comment_status":"open","ping_status":"closed","template":"","meta":{"_acf_changed":false,"_monsterinsights_skip_tracking":false,"_monsterinsights_sitenote_active":false,"_monsterinsights_sitenote_note":"","_monsterinsights_sitenote_category":0},"product_brand":[],"product_cat":[116,185],"product_tag":[],"class_list":{"0":"post-13188","1":"product","2":"type-product","3":"status-publish","4":"has-post-thumbnail","6":"product_cat-drink","7":"product_cat-sale","9":"first","10":"outofstock","11":"shipping-taxable","12":"purchasable","13":"product-type-variable"},"acf":[],"jetpack_sharing_enabled":true,"_links":{"self":[{"href":"https:\/\/hiboostnutrition.com\/en\/wp-json\/wp\/v2\/product\/13188"}],"collection":[{"href":"https:\/\/hiboostnutrition.com\/en\/wp-json\/wp\/v2\/product"}],"about":[{"href":"https:\/\/hiboostnutrition.com\/en\/wp-json\/wp\/v2\/types\/product"}],"replies":[{"embeddable":true,"href":"https:\/\/hiboostnutrition.com\/en\/wp-json\/wp\/v2\/comments?post=13188"}],"version-history":[{"count":5,"href":"https:\/\/hiboostnutrition.com\/en\/wp-json\/wp\/v2\/product\/13188\/revisions"}],"predecessor-version":[{"id":13271,"href":"https:\/\/hiboostnutrition.com\/en\/wp-json\/wp\/v2\/product\/13188\/revisions\/13271"}],"wp:featuredmedia":[{"embeddable":true,"href":"https:\/\/hiboostnutrition.com\/en\/wp-json\/wp\/v2\/media\/13202"}],"wp:attachment":[{"href":"https:\/\/hiboostnutrition.com\/en\/wp-json\/wp\/v2\/media?parent=13188"}],"wp:term":[{"taxonomy":"product_brand","embeddable":true,"href":"https:\/\/hiboostnutrition.com\/en\/wp-json\/wp\/v2\/product_brand?post=13188"},{"taxonomy":"product_cat","embeddable":true,"href":"https:\/\/hiboostnutrition.com\/en\/wp-json\/wp\/v2\/product_cat?post=13188"},{"taxonomy":"product_tag","embeddable":true,"href":"https:\/\/hiboostnutrition.com\/en\/wp-json\/wp\/v2\/product_tag?post=13188"}],"curies":[{"name":"wp","href":"https:\/\/api.w.org\/{rel}","templated":true}]}}