{"id":12848,"date":"2024-08-12T09:55:45","date_gmt":"2024-08-12T02:55:45","guid":{"rendered":"https:\/\/hiboostnutrition.com\/?post_type=product&#038;p=12848"},"modified":"2025-02-11T16:00:00","modified_gmt":"2025-02-11T09:00:00","slug":"maurten-solid-160-solid-c160","status":"publish","type":"product","link":"https:\/\/hiboostnutrition.com\/en\/sanpham\/maurten-solid-160-solid-c160\/","title":{"rendered":"MAURTEN Solid 160 | Solid C 160  (12 x 60G)"},"content":{"rendered":"<p>Maurten \u0111\u00e3 t\u1ea1o ra m\u1ed9t chu\u1ea9n m\u1ef1c m\u1edbi v\u1edbi thanh n\u0103ng l\u01b0\u1ee3ng SOLID 225, v\u00e0 gi\u1edd \u0111\u00e2y h\u1ecd l\u1ea1i n\u00e2ng t\u1ea7m v\u1edbi <strong>SOLID 160 v\u00e0 Solid C 160 (Cacao)<\/strong>. \u0110\u00e2y l\u00e0 s\u1ef1 c\u1ea3i ti\u1ebfn c\u1ee7a m\u1ed9t s\u1ea3n ph\u1ea9m v\u1ed1n \u0111\u00e3 r\u1ea5t t\u1ed1t, mang \u0111\u1ebfn cho c\u00e1c v\u1eadn \u0111\u1ed9ng vi\u00ean gi\u1ea3i ph\u00e1p n\u0103ng l\u01b0\u1ee3ng t\u1ed1i \u01b0u h\u01a1n trong m\u1ed7i bu\u1ed5i t\u1eadp luy\u1ec7n v\u00e0 thi \u0111\u1ea5u.<\/p>\n<p><strong>SOLID 160 v\u00e0 Solid C 160 (Cacao): S\u1ef1 c\u1ea3i ti\u1ebfn v\u01b0\u1ee3t b\u1eadc<\/strong> SOLID 160 kh\u00f4ng ch\u1ec9 \u0111\u01a1n thu\u1ea7n l\u00e0 m\u1ed9t thanh n\u0103ng l\u01b0\u1ee3ng. N\u00f3 l\u00e0 s\u1ef1 k\u1ebft h\u1ee3p tinh t\u00fay gi\u1eefa y\u1ebfn m\u1ea1ch v\u00e0 g\u1ea1o, t\u1ea1o ra m\u1ed9t s\u1ea3n ph\u1ea9m t\u1eadp trung ho\u00e0n to\u00e0n v\u00e0o hi\u1ec7u su\u1ea5t. V\u1edbi SOLID 160, Maurten \u0111\u00e3 gi\u1ea3m b\u1edbt t\u1ea5t c\u1ea3 nh\u1eefng th\u00e0nh ph\u1ea7n kh\u00f4ng c\u1ea7n thi\u1ebft, ch\u1ec9 gi\u1eef l\u1ea1i nh\u1eefng g\u00ec th\u1ef1c s\u1ef1 quan tr\u1ecdng cho n\u0103ng l\u01b0\u1ee3ng.<\/p>\n<p><strong>T\u1ea1i sao SOLID 160 v\u00e0 Solid C 160 (Cacao) l\u00e0 s\u1ef1 l\u1ef1a ch\u1ecdn h\u00e0ng \u0111\u1ea7u?<\/strong><\/p>\n<ul>\n<li><strong>D\u1ec5 chia nh\u1ecf<\/strong>: SOLID 160 \u0111\u01b0\u1ee3c chia th\u00e0nh 2 thanh nh\u1ecf, m\u1ed7i thanh 20g, gi\u00fap b\u1ea1n d\u1ec5 d\u00e0ng ki\u1ec3m so\u00e1t l\u01b0\u1ee3ng ti\u00eau th\u1ee5.<\/li>\n<li><strong>40g Carb ch\u00ednh x\u00e1c<\/strong>: M\u1ed7i thanh ch\u1ee9a 40g carbohydrate, ho\u00e0n h\u1ea3o \u0111\u1ec3 s\u1eed d\u1ee5ng c\u00f9ng v\u1edbi c\u00e1c s\u1ea3n ph\u1ea9m Gel v\u00e0 Drink c\u1ee7a Maurten.<\/li>\n<li><strong>D\u1ec5 nhai, d\u1ec5 ti\u00eau th\u1ee5<\/strong>: Thanh n\u0103ng l\u01b0\u1ee3ng n\u00e0y d\u1ec5 nhai h\u01a1n, gi\u00fap vi\u1ec7c ti\u00eau th\u1ee5 v\u00e0 h\u1ea5p th\u1ee5 n\u0103ng l\u01b0\u1ee3ng tr\u1edf n\u00ean \u0111\u01a1n gi\u1ea3n h\u01a1n.<\/li>\n<\/ul>\n<p><strong>K\u1ebft h\u1ee3p v\u1edbi c\u00e1c s\u1ea3n ph\u1ea9m kh\u00e1c c\u1ee7a Maurten<\/strong> SOLID 160 l\u00e0 s\u1ef1 b\u1ed5 sung ho\u00e0n h\u1ea3o cho Hydrogel \u0111\u01b0\u1ee3c s\u1eed d\u1ee5ng trong c\u00e1c s\u1ea3n ph\u1ea9m Drink v\u00e0 Gel c\u1ee7a Maurten. B\u1ea1n c\u00f3 th\u1ec3 ch\u1ecdn gi\u1eefa hai h\u01b0\u01a1ng v\u1ecb: h\u01b0\u01a1ng v\u1ecb y\u1ebfn m\u1ea1ch \u0111\u01a1n gi\u1ea3n c\u1ee7a SOLID ho\u1eb7c h\u01b0\u01a1ng v\u1ecb cacao c\u1ee7a SOLID C. \u0110i\u1ec1u tuy\u1ec7t v\u1eddi nh\u1ea5t l\u00e0 trong nh\u1eefng s\u1ef1 ki\u1ec7n d\u00e0i h\u01a1i, \u0111\u00f4i khi b\u1ea1n mu\u1ed1n c\u00f3 m\u1ed9t th\u1ee9 g\u00ec \u0111\u00f3 &#8220;r\u1eafn&#8221; trong d\u1ea1 d\u00e0y \u0111\u1ec3 duy tr\u00ec n\u0103ng l\u01b0\u1ee3ng.<\/p>\n<p><strong>C\u00e1ch s\u1eed d\u1ee5ng SOLID 160 v\u00e0 Solid C 160 (Cacao)<\/strong><\/p>\n<ul>\n<li><strong>T\u1eadp luy\u1ec7n d\u01b0\u1edbi 2 gi\u1edd<\/strong>: SOLID 160 l\u00e0 ngu\u1ed3n n\u0103ng l\u01b0\u1ee3ng l\u00fd t\u01b0\u1edfng cho c\u00e1c ho\u1ea1t \u0111\u1ed9ng c\u00f3 c\u01b0\u1eddng \u0111\u1ed9 th\u1ea5p \u0111\u1ebfn trung b\u00ecnh d\u01b0\u1edbi 2 gi\u1edd.<\/li>\n<li><strong>T\u1eadp luy\u1ec7n k\u00e9o d\u00e0i tr\u00ean 2 gi\u1edd<\/strong>: V\u1edbi nh\u1eefng bu\u1ed5i t\u1eadp ho\u1eb7c thi \u0111\u1ea5u d\u00e0i h\u01a1n, SOLID 160 gi\u00fap b\u1ea1n duy tr\u00ec n\u0103ng l\u01b0\u1ee3ng v\u00e0 c\u1ea3m gi\u00e1c no l\u00e2u h\u01a1n.<\/li>\n<li><strong>Tr\u01b0\u1edbc v\u00e0 sau khi t\u1eadp luy\u1ec7n<\/strong>: SOLID 160 c\u0169ng l\u00e0 l\u1ef1a ch\u1ecdn tuy\u1ec7t v\u1eddi cho b\u1eefa \u0103n nh\u1eb9 tr\u01b0\u1edbc v\u00e0 sau khi t\u1eadp luy\u1ec7n.<\/li>\n<\/ul>\n<p>SOLID 160 l\u00e0 m\u1ed9t ph\u1ea7n kh\u00f4ng th\u1ec3 thi\u1ebfu trong k\u1ebf ho\u1ea1ch b\u1ed5 sung n\u0103ng l\u01b0\u1ee3ng c\u1ee7a b\u1ea1n. V\u1edbi thi\u1ebft k\u1ebf d\u1ea1ng thanh nh\u1ecf g\u1ecdn, d\u1ec5 mang theo v\u00e0 d\u1ec5 s\u1eed d\u1ee5ng, n\u00f3 gi\u00fap b\u1ea1n d\u1ec5 d\u00e0ng \u0111o l\u01b0\u1eddng n\u0103ng l\u01b0\u1ee3ng ti\u00eau th\u1ee5 trong su\u1ed1t qu\u00e1 tr\u00ecnh t\u1eadp luy\u1ec7n v\u00e0 thi \u0111\u1ea5u.<\/p>\n<p><strong>Th\u00e0nh ph\u1ea7n<\/strong><\/p>\n<ul>\n<li>Siro fructose-glucose<\/li>\n<li>Y\u1ebfn m\u1ea1ch kh\u00f4ng ch\u1ee9a gluten<\/li>\n<li>Maltodextrin<\/li>\n<li>B\u1ed9t g\u1ea1o<\/li>\n<li>\u0110\u01b0\u1eddng<\/li>\n<li>D\u1ea7u h\u01b0\u1edbng d\u01b0\u01a1ng<\/li>\n<li>Siro glucose<\/li>\n<li>C\u00e1m g\u1ea1o<\/li>\n<li>Mu\u1ed1i<\/li>\n<li>Ch\u1ea5t nh\u0169 h\u00f3a (Lecithin)<\/li>\n<li>Chi\u1ebft xu\u1ea5t g\u1ea1o<\/li>\n<\/ul>\n<p><strong>L\u01b0u \u00fd<\/strong>: S\u1ea3n ph\u1ea9m c\u00f3 th\u1ec3 ch\u1ee9a d\u1ea5u v\u1ebft c\u1ee7a s\u1eefa, \u0111\u1eadu n\u00e0nh, gluten, c\u00e1c lo\u1ea1i h\u1ea1t, \u0111\u1eadu ph\u1ed9ng, v\u00e0 v\u1eebng.<\/p>\n<p>V\u1edbi t\u1ea5t c\u1ea3 nh\u1eefng \u01b0u \u0111i\u1ec3m tr\u00ean, Maurten SOLID 160 ch\u1eafc ch\u1eafn s\u1ebd l\u00e0 ng\u01b0\u1eddi b\u1ea1n \u0111\u1ed3ng h\u00e0nh ho\u00e0n h\u1ea3o cho b\u1ea5t k\u1ef3 v\u1eadn \u0111\u1ed9ng vi\u00ean n\u00e0o \u0111ang t\u00ecm ki\u1ebfm m\u1ed9t ngu\u1ed3n n\u0103ng l\u01b0\u1ee3ng hi\u1ec7u qu\u1ea3 v\u00e0 ti\u1ec7n l\u1ee3i.<\/p>","protected":false},"excerpt":{"rendered":"<p>Maurten \u0111\u00e3 t\u1ea1o ra m\u1ed9t chu\u1ea9n m\u1ef1c m\u1edbi v\u1edbi thanh n\u0103ng l\u01b0\u1ee3ng SOLID 225, v\u00e0 gi\u1edd \u0111\u00e2y h\u1ecd l\u1ea1i n\u00e2ng<\/p>","protected":false},"featured_media":12853,"comment_status":"open","ping_status":"closed","template":"","meta":{"_acf_changed":false,"_monsterinsights_skip_tracking":false,"_monsterinsights_sitenote_active":false,"_monsterinsights_sitenote_note":"","_monsterinsights_sitenote_category":0},"product_brand":[],"product_cat":[117,106],"product_tag":[99,107,141,100,98],"class_list":{"0":"post-12848","1":"product","2":"type-product","3":"status-publish","4":"has-post-thumbnail","6":"product_cat-recovery","7":"product_cat-thanh-nang-luong","8":"product_tag-energy-bar","9":"product_tag-maurten","10":"product_tag-maurten-solid-225","11":"product_tag-maurten-solid-bar","12":"product_tag-thanh-nang-luong","14":"first","15":"outofstock","16":"sale","17":"shipping-taxable","18":"purchasable","19":"product-type-variable"},"acf":[],"jetpack_sharing_enabled":true,"_links":{"self":[{"href":"https:\/\/hiboostnutrition.com\/en\/wp-json\/wp\/v2\/product\/12848"}],"collection":[{"href":"https:\/\/hiboostnutrition.com\/en\/wp-json\/wp\/v2\/product"}],"about":[{"href":"https:\/\/hiboostnutrition.com\/en\/wp-json\/wp\/v2\/types\/product"}],"replies":[{"embeddable":true,"href":"https:\/\/hiboostnutrition.com\/en\/wp-json\/wp\/v2\/comments?post=12848"}],"version-history":[{"count":1,"href":"https:\/\/hiboostnutrition.com\/en\/wp-json\/wp\/v2\/product\/12848\/revisions"}],"predecessor-version":[{"id":12861,"href":"https:\/\/hiboostnutrition.com\/en\/wp-json\/wp\/v2\/product\/12848\/revisions\/12861"}],"wp:featuredmedia":[{"embeddable":true,"href":"https:\/\/hiboostnutrition.com\/en\/wp-json\/wp\/v2\/media\/12853"}],"wp:attachment":[{"href":"https:\/\/hiboostnutrition.com\/en\/wp-json\/wp\/v2\/media?parent=12848"}],"wp:term":[{"taxonomy":"product_brand","embeddable":true,"href":"https:\/\/hiboostnutrition.com\/en\/wp-json\/wp\/v2\/product_brand?post=12848"},{"taxonomy":"product_cat","embeddable":true,"href":"https:\/\/hiboostnutrition.com\/en\/wp-json\/wp\/v2\/product_cat?post=12848"},{"taxonomy":"product_tag","embeddable":true,"href":"https:\/\/hiboostnutrition.com\/en\/wp-json\/wp\/v2\/product_tag?post=12848"}],"curies":[{"name":"wp","href":"https:\/\/api.w.org\/{rel}","templated":true}]}}