{"id":12836,"date":"2024-08-12T09:45:10","date_gmt":"2024-08-12T02:45:10","guid":{"rendered":"https:\/\/hiboostnutrition.com\/?post_type=product&#038;p=12836"},"modified":"2025-02-11T15:59:53","modified_gmt":"2025-02-11T08:59:53","slug":"maurten-solid-c-160","status":"publish","type":"product","link":"https:\/\/hiboostnutrition.com\/en\/sanpham\/maurten-solid-c-160\/","title":{"rendered":"MAURTEN Solid C 160  &#8211; Cacao (12 x 60G)"},"content":{"rendered":"<p><strong>Maurten Solid C 160: Ngu\u1ed3n N\u0103ng L\u01b0\u1ee3ng Tinh G\u1ecdn Ho\u00e0n H\u1ea3o<\/strong><\/p>\n<p>Maurten Solid C 160 l\u00e0 thanh n\u0103ng l\u01b0\u1ee3ng g\u1ed3m hai mi\u1ebfng nh\u1ecf, \u0111\u01b0\u1ee3c l\u00e0m t\u1eeb y\u1ebfn m\u1ea1ch v\u00e0 g\u1ea1o. M\u1ed7i g\u00f3i ch\u1ee9a 40g carbohydrate, chia \u0111\u1ec1u th\u00e0nh hai ph\u1ea7n 20g \u0111\u1ec3 t\u1ed1i \u01b0u h\u00f3a vi\u1ec7c cung c\u1ea5p n\u0103ng l\u01b0\u1ee3ng. \u0110\u00e2y l\u00e0 l\u1ef1a ch\u1ecdn l\u00fd t\u01b0\u1edfng cho ngu\u1ed3n n\u0103ng l\u01b0\u1ee3ng nhanh ch\u00f3ng, nh\u1eb9 nh\u00e0ng, \u00edt ch\u1ea5t x\u01a1 v\u00e0 gi\u00e0u carbohydrate.<\/p>\n<p><strong>Ph\u1ea7n Kh\u00f4ng Th\u1ec3 Thi\u1ebfu Trong K\u1ebf Ho\u1ea1ch C\u1ee7a B\u1ea1n<\/strong><\/p>\n<p>Solid ch\u1ee9a 40g carbohydrate, gi\u1ed1ng nh\u01b0 Gel 160 v\u00e0 Drink Mix 160 c\u1ee7a Maurten. D\u00f9 b\u1ea1n ch\u1ecdn c\u00e1ch th\u1ee9c n\u00e0o \u0111\u1ec3 n\u1ea1p n\u0103ng l\u01b0\u1ee3ng, vi\u1ec7c \u0111o l\u01b0\u1eddng l\u01b0\u1ee3ng carbohydrate tr\u1edf n\u00ean d\u1ec5 d\u00e0ng h\u01a1n. H\u1ec7 th\u1ed1ng cung c\u1ea5p n\u0103ng l\u01b0\u1ee3ng m\u00f4-\u0111un c\u1ee7a Maurten gi\u00fap c\u00e1c v\u1eadn \u0111\u1ed9ng vi\u00ean d\u1ec5 d\u00e0ng t\u00ednh to\u00e1n l\u01b0\u1ee3ng ti\u00eau th\u1ee5 carbohydrate trong qu\u00e1 tr\u00ecnh t\u1eadp luy\u1ec7n v\u00e0 thi \u0111\u1ea5u.<\/p>\n<p>Solid C 160 \u0111\u01b0\u1ee3c \u0111\u00f3ng g\u00f3i th\u00e0nh hai thanh nh\u1ecf g\u1ecdn, m\u1ed7i thanh ch\u1ee9a 20g carbohydrate. B\u1ea1n c\u00f3 th\u1ec3 \u0103n h\u1ebft ho\u1eb7c \u0111\u1ec3 d\u00e0nh n\u1eeda ph\u1ea7n sau. T\u1eeb vi\u1ec7c l\u1eadp k\u1ebf ho\u1ea1ch t\u1eadp luy\u1ec7n, thi \u0111\u1ea5u \u0111\u1ebfn vi\u1ec7c n\u1ea1p n\u0103ng l\u01b0\u1ee3ng, t\u1ea5t c\u1ea3 \u0111\u1ec1u d\u1ec5 d\u00e0ng v\u1edbi Solid C 160.<\/p>\n<p><strong>Solid C 160: S\u1ef1 Tinh T\u1ebf Trong M\u1ed7i C\u1ea3i Ti\u1ebfn<\/strong><\/p>\n<p>Solid 225 \u0111\u00e3 \u0111\u1eb7t ra ti\u00eau chu\u1ea9n, v\u00e0 Solid 160 tinh ch\u1ec9nh ti\u00eau chu\u1ea9n \u0111\u00f3. Maurten lu\u00f4n h\u01b0\u1edbng t\u1edbi vi\u1ec7c c\u1ea3i ti\u1ebfn li\u00ean t\u1ee5c, kh\u00f4ng ng\u1eebng ngh\u1ec9 sau khi ra m\u1eaft s\u1ea3n ph\u1ea9m m\u1edbi. \u0110\u1ec3 \u0111\u1ee9ng v\u1eefng trong m\u00f4i tr\u01b0\u1eddng th\u1ec3 thao kh\u1eafc nghi\u1ec7t, Maurten h\u1ee3p t\u00e1c ch\u1eb7t ch\u1ebd v\u1edbi c\u00e1c v\u1eadn \u0111\u1ed9ng vi\u00ean trong th\u1ef1c t\u1ebf \u0111\u1ec3 \u0111i\u1ec1u ch\u1ec9nh v\u00e0 ho\u00e0n thi\u1ec7n c\u00f4ng th\u1ee9c. Solid C 160 l\u00e0 m\u1ed9t s\u1ef1 ti\u1ebfn h\u00f3a, k\u1ebft qu\u1ea3 tr\u1ef1c ti\u1ebfp t\u1eeb s\u1ef1 h\u1ee3p t\u00e1c n\u00e0y.<\/p>\n<p><strong>Solid C 160: Ngu\u1ed3n N\u0103ng L\u01b0\u1ee3ng Lu\u00f4n S\u1eb5n S\u00e0ng<\/strong><\/p>\n<p>Solid C 160 \u0111\u01b0\u1ee3c thi\u1ebft k\u1ebf \u0111\u1ec3 ph\u00f9 h\u1ee3p v\u1edbi nh\u1eefng kho\u1ea3nh kh\u1eafc b\u1eadn r\u1ed9n c\u1ee7a c\u00e1c v\u1eadn \u0111\u1ed9ng vi\u00ean. T\u1eadp luy\u1ec7n v\u00e0 thi \u0111\u1ea5u th\u01b0\u1eddng \u0111an xen v\u1edbi cu\u1ed9c s\u1ed1ng h\u00e0ng ng\u00e0y, v\u00e0 Solid C 160 d\u1ec5 d\u00e0ng ho\u00e0 nh\u1eadp v\u00e0o th\u00f3i quen c\u1ee7a b\u1ea1n.<\/p>\n<ul>\n<li><strong>Tr\u01b0\u1edbc bu\u1ed5i t\u1eadp:<\/strong> Solid C 160 c\u00f3 th\u1ec3 \u0111\u01b0\u1ee3c s\u1eed d\u1ee5ng tr\u01b0\u1edbc bu\u1ed5i t\u1eadp \u0111\u1ec3 n\u1ea1p carbohydrate v\u00e0 gi\u1eef l\u01b0\u1ee3ng ch\u1ea5t x\u01a1 th\u1ea5p. \u0110\u00e2y l\u00e0 b\u1eefa s\u00e1ng ho\u1eb7c b\u1eefa \u0103n nh\u1eb9 l\u00fd t\u01b0\u1edfng tr\u01b0\u1edbc nh\u1eefng ng\u00e0y thi \u0111\u1ea5u quan tr\u1ecdng.<\/li>\n<li><strong>Trong bu\u1ed5i t\u1eadp:<\/strong> Solid l\u00e0 ngu\u1ed3n n\u0103ng l\u01b0\u1ee3ng l\u00fd t\u01b0\u1edfng trong c\u00e1c bu\u1ed5i t\u1eadp c\u00f3 c\u01b0\u1eddng \u0111\u1ed9 th\u1ea5p \u0111\u1ebfn trung b\u00ecnh k\u00e9o d\u00e0i h\u01a1n 2 gi\u1edd. N\u00f3 gi\u00fap b\u1ea1n \u0111a d\u1ea1ng h\u00f3a vi\u1ec7c n\u1ea1p n\u0103ng l\u01b0\u1ee3ng m\u00e0 kh\u00f4ng l\u00e0m gi\u1ea3m hi\u1ec7u su\u1ea5t h\u1ea5p th\u1ee5 carbohydrate.<\/li>\n<li><strong>Sau bu\u1ed5i t\u1eadp:<\/strong> Sau nh\u1eefng bu\u1ed5i t\u1eadp luy\u1ec7n hay thi \u0111\u1ea5u c\u0103ng th\u1eb3ng, Solid l\u00e0 c\u00f4ng c\u1ee5 tuy\u1ec7t v\u1eddi \u0111\u1ec3 nhanh ch\u00f3ng b\u1ed5 sung l\u1ea1i carbohydrate.<\/li>\n<\/ul>\n<p><strong>Ph\u1ee5c V\u1ee5 B\u1ea1n \u0110\u00fang C\u00e1ch<\/strong><\/p>\n<p>Th\u1eddi \u0111i\u1ec3m n\u1ea1p n\u0103ng l\u01b0\u1ee3ng l\u00e0 y\u1ebfu t\u1ed1 then ch\u1ed1t, \u0111\u1eb7c bi\u1ec7t l\u00e0 trong nh\u1eefng bu\u1ed5i t\u1eadp d\u00e0i. Solid cho ph\u00e9p c\u00e1c v\u1eadn \u0111\u1ed9ng vi\u00ean duy tr\u00ec th\u00f3i quen \u0103n u\u1ed1ng b\u00ecnh th\u01b0\u1eddng, ngay c\u1ea3 khi \u0111ang thi \u0111\u1ea5u ho\u1eb7c t\u1eadp luy\u1ec7n. B\u1ea1n c\u00f3 th\u1ec3 nhai v\u00e0 ti\u00eau th\u1ee5 n\u0103ng l\u01b0\u1ee3ng m\u00e0 kh\u00f4ng l\u00e0m gi\u1ea3m hi\u1ec7u qu\u1ea3 n\u1ea1p n\u0103ng l\u01b0\u1ee3ng cho c\u01a1 th\u1ec3. Solid l\u00e0 m\u1ed9t li\u1ec1u n\u0103ng l\u01b0\u1ee3ng th\u1ef1c s\u1ef1 cho nh\u1eefng cu\u1ed9c \u0111ua d\u00e0i ho\u1eb7c c\u00e1c bu\u1ed5i t\u1eadp luy\u1ec7n k\u00e9o d\u00e0i h\u01a1n 2 gi\u1edd, gi\u00fap b\u1ea1n duy tr\u00ec s\u1ef1 c\u00e2n b\u1eb1ng v\u00e0 nh\u1ecbp \u0111i\u1ec7u m\u00e0 kh\u00f4ng g\u00e2y kh\u00f3 ch\u1ecbu cho h\u1ec7 ti\u00eau h\u00f3a.<\/p>\n<p>Solid C 160 &#8211; Ngu\u1ed3n n\u0103ng l\u01b0\u1ee3ng kh\u00f4ng th\u1ec3 thi\u1ebfu cho nh\u1eefng kho\u1ea3nh kh\u1eafc quan tr\u1ecdng c\u1ee7a b\u1ea1n.<\/p>","protected":false},"excerpt":{"rendered":"<p>Maurten Solid C 160: Ngu\u1ed3n N\u0103ng L\u01b0\u1ee3ng Tinh G\u1ecdn Ho\u00e0n H\u1ea3o Maurten Solid C 160 l\u00e0 thanh n\u0103ng l\u01b0\u1ee3ng g\u1ed3m<\/p>","protected":false},"featured_media":12840,"comment_status":"open","ping_status":"closed","template":"","meta":{"_acf_changed":false,"_monsterinsights_skip_tracking":false,"_monsterinsights_sitenote_active":false,"_monsterinsights_sitenote_note":"","_monsterinsights_sitenote_category":0},"product_brand":[],"product_cat":[117,106],"product_tag":[99,107,141,100,98],"class_list":{"0":"post-12836","1":"product","2":"type-product","3":"status-publish","4":"has-post-thumbnail","6":"product_cat-recovery","7":"product_cat-thanh-nang-luong","8":"product_tag-energy-bar","9":"product_tag-maurten","10":"product_tag-maurten-solid-225","11":"product_tag-maurten-solid-bar","12":"product_tag-thanh-nang-luong","14":"first","15":"outofstock","16":"sale","17":"shipping-taxable","18":"purchasable","19":"product-type-variable"},"acf":[],"jetpack_sharing_enabled":true,"_links":{"self":[{"href":"https:\/\/hiboostnutrition.com\/en\/wp-json\/wp\/v2\/product\/12836"}],"collection":[{"href":"https:\/\/hiboostnutrition.com\/en\/wp-json\/wp\/v2\/product"}],"about":[{"href":"https:\/\/hiboostnutrition.com\/en\/wp-json\/wp\/v2\/types\/product"}],"replies":[{"embeddable":true,"href":"https:\/\/hiboostnutrition.com\/en\/wp-json\/wp\/v2\/comments?post=12836"}],"version-history":[{"count":4,"href":"https:\/\/hiboostnutrition.com\/en\/wp-json\/wp\/v2\/product\/12836\/revisions"}],"predecessor-version":[{"id":12847,"href":"https:\/\/hiboostnutrition.com\/en\/wp-json\/wp\/v2\/product\/12836\/revisions\/12847"}],"wp:featuredmedia":[{"embeddable":true,"href":"https:\/\/hiboostnutrition.com\/en\/wp-json\/wp\/v2\/media\/12840"}],"wp:attachment":[{"href":"https:\/\/hiboostnutrition.com\/en\/wp-json\/wp\/v2\/media?parent=12836"}],"wp:term":[{"taxonomy":"product_brand","embeddable":true,"href":"https:\/\/hiboostnutrition.com\/en\/wp-json\/wp\/v2\/product_brand?post=12836"},{"taxonomy":"product_cat","embeddable":true,"href":"https:\/\/hiboostnutrition.com\/en\/wp-json\/wp\/v2\/product_cat?post=12836"},{"taxonomy":"product_tag","embeddable":true,"href":"https:\/\/hiboostnutrition.com\/en\/wp-json\/wp\/v2\/product_tag?post=12836"}],"curies":[{"name":"wp","href":"https:\/\/api.w.org\/{rel}","templated":true}]}}