{"id":12528,"date":"2024-04-23T14:43:20","date_gmt":"2024-04-23T07:43:20","guid":{"rendered":"https:\/\/hiboostnutrition.com\/?post_type=product&#038;p=12528"},"modified":"2024-09-10T11:02:08","modified_gmt":"2024-09-10T04:02:08","slug":"maurten-solid-255-mix-box","status":"publish","type":"product","link":"https:\/\/hiboostnutrition.com\/en\/sanpham\/maurten-solid-255-mix-box\/","title":{"rendered":"MAURTEN Solid 255 Mix Box"},"content":{"rendered":"<p data-sourcepos=\"3:1-3:231\"><strong>MAURTEN Solid 255 Mix Box<\/strong> l\u00e0 l\u1ef1a ch\u1ecdn ho\u00e0n h\u1ea3o cho nh\u1eefng v\u1eadn \u0111\u1ed9ng vi\u00ean y\u00eau th\u00edch v\u1ecb ng\u1ecdt ng\u00e0o v\u00e0 c\u1ea3 v\u1ecb cacao. H\u1ed9p s\u1ea3n ph\u1ea9m g\u1ed3m 6 b\u00e1nh Solid 225 v\u00e0 6 b\u00e1nh Solid C 225, gi\u00fap b\u1ea1n d\u1ec5 d\u00e0ng thay \u0111\u1ed5i kh\u1ea9u v\u1ecb trong qu\u00e1 tr\u00ecnh t\u1eadp luy\u1ec7n.<\/p>\n<p data-sourcepos=\"5:1-5:12\"><strong>\u01afu \u0111i\u1ec3m:<\/strong><\/p>\n<ul data-sourcepos=\"7:1-12:0\">\n<li data-sourcepos=\"7:1-7:149\"><strong>B\u1ed5 sung n\u0103ng l\u01b0\u1ee3ng hi\u1ec7u qu\u1ea3:<\/strong>\u00a0M\u1ed7i b\u00e1nh ch\u1ee9a 225 calo v\u00e0 44g carbohydrate, cung c\u1ea5p n\u0103ng l\u01b0\u1ee3ng c\u1ea7n thi\u1ebft cho c\u00e1c ho\u1ea1t \u0111\u1ed9ng th\u1ec3 thao c\u01b0\u1eddng \u0111\u1ed9 cao.<\/li>\n<li data-sourcepos=\"8:1-8:108\"><strong>H\u1ea5p th\u1ee5 nhanh:<\/strong>\u00a0Ch\u1ebf bi\u1ebfn t\u1eeb y\u1ebfn m\u1ea1ch v\u00e0 g\u1ea1o, gi\u00e0u carbohydrate, \u00edt ch\u1ea5t x\u01a1, h\u1ed7 tr\u1ee3 h\u1ea5p th\u1ee5 nhanh ch\u00f3ng.<\/li>\n<li data-sourcepos=\"9:1-9:169\"><strong>H\u01b0\u01a1ng v\u1ecb th\u01a1m ngon:<\/strong>\u00a0S\u1ef1 k\u1ebft h\u1ee3p ho\u00e0n h\u1ea3o gi\u1eefa v\u1ecb ng\u1ecdt ng\u00e0o c\u1ee7a Solid 225 v\u00e0 v\u1ecb cacao \u0111\u1eafng nh\u1eb9 c\u1ee7a Solid C 225, \u0111\u00e1nh th\u1ee9c v\u1ecb gi\u00e1c v\u00e0 gi\u00fap b\u1ea1n d\u1ec5 d\u00e0ng n\u1ea1p n\u0103ng l\u01b0\u1ee3ng.<\/li>\n<li data-sourcepos=\"10:1-10:80\"><strong>Ti\u1ec7n l\u1ee3i:<\/strong>\u00a0D\u1ea1ng b\u00e1nh nh\u1ecf g\u1ecdn, d\u1ec5 d\u00e0ng mang theo v\u00e0 s\u1eed d\u1ee5ng m\u1ecdi l\u00fac m\u1ecdi n\u01a1i.<\/li>\n<li data-sourcepos=\"11:1-12:0\"><strong>C\u00f4ng ngh\u1ec7 ti\u00ean ti\u1ebfn:<\/strong>\u00a0M\u1eb7c d\u00f9 kh\u00f4ng s\u1eed d\u1ee5ng c\u00f4ng ngh\u1ec7 Hydrogel, Solid 225 v\u00e0 C 225 v\u1eabn \u0111\u01b0\u1ee3c s\u1ea3n xu\u1ea5t d\u1ef1a tr\u00ean nghi\u00ean c\u1ee9u khoa h\u1ecdc v\u00e0 kinh nghi\u1ec7m c\u1ee7a c\u00e1c v\u1eadn \u0111\u1ed9ng vi\u00ean chuy\u00ean nghi\u1ec7p, \u0111\u1ea3m b\u1ea3o hi\u1ec7u qu\u1ea3 t\u1ed1i \u01b0u.<\/li>\n<\/ul>\n<p data-sourcepos=\"13:1-13:152\"><strong>MAURTEN Solid 255 Mix Box<\/strong> l\u00e0 s\u1ea3n ph\u1ea9m l\u00fd t\u01b0\u1edfng cho marathon, ch\u1ea1y vi\u1ec7t d\u00e3, \u0111\u1ea1p xe \u0111\u01b0\u1eddng tr\u01b0\u1eddng&#8230; gi\u00fap b\u1ea1n duy tr\u00ec n\u0103ng l\u01b0\u1ee3ng v\u00e0 \u0111\u1ea1t th\u00e0nh t\u00edch cao.<\/p>\n<p data-sourcepos=\"15:1-15:186\"><strong>Note:<\/strong> Solid c\u00f3 th\u1ec3 c\u00f3 h\u00ecnh d\u1ea1ng, c\u1ea3m gi\u00e1c v\u00e0 h\u01b0\u01a1ng v\u1ecb gi\u1ed1ng nh\u01b0 m\u1ed9t thanh bar th\u00f4ng th\u01b0\u1eddng, nh\u01b0ng \u0111\u00e2y l\u00e0 s\u1ea3n ph\u1ea9m dinh d\u01b0\u1ee1ng th\u1ec3 thao \u0111\u01b0\u1ee3c thi\u1ebft k\u1ebf \u0111\u1eb7c bi\u1ec7t \u0111\u1ec3 h\u1ed7 tr\u1ee3 v\u1eadn \u0111\u1ed9ng vi\u00ean.<\/p>","protected":false},"excerpt":{"rendered":"<p>MAURTEN Solid 255 Mix Box l\u00e0 l\u1ef1a ch\u1ecdn ho\u00e0n h\u1ea3o cho nh\u1eefng v\u1eadn \u0111\u1ed9ng vi\u00ean y\u00eau th\u00edch v\u1ecb ng\u1ecdt ng\u00e0o<\/p>","protected":false},"featured_media":12529,"comment_status":"open","ping_status":"closed","template":"","meta":{"_acf_changed":false,"_monsterinsights_skip_tracking":false,"_monsterinsights_sitenote_active":false,"_monsterinsights_sitenote_note":"","_monsterinsights_sitenote_category":0},"product_brand":[],"product_cat":[103,106],"product_tag":[107],"class_list":{"0":"post-12528","1":"product","2":"type-product","3":"status-publish","4":"has-post-thumbnail","6":"product_cat-dinh-duong","7":"product_cat-thanh-nang-luong","8":"product_tag-maurten","10":"first","11":"outofstock","12":"sale","13":"shipping-taxable","14":"purchasable","15":"product-type-simple"},"acf":[],"jetpack_sharing_enabled":true,"_links":{"self":[{"href":"https:\/\/hiboostnutrition.com\/en\/wp-json\/wp\/v2\/product\/12528"}],"collection":[{"href":"https:\/\/hiboostnutrition.com\/en\/wp-json\/wp\/v2\/product"}],"about":[{"href":"https:\/\/hiboostnutrition.com\/en\/wp-json\/wp\/v2\/types\/product"}],"replies":[{"embeddable":true,"href":"https:\/\/hiboostnutrition.com\/en\/wp-json\/wp\/v2\/comments?post=12528"}],"version-history":[{"count":1,"href":"https:\/\/hiboostnutrition.com\/en\/wp-json\/wp\/v2\/product\/12528\/revisions"}],"predecessor-version":[{"id":12530,"href":"https:\/\/hiboostnutrition.com\/en\/wp-json\/wp\/v2\/product\/12528\/revisions\/12530"}],"wp:featuredmedia":[{"embeddable":true,"href":"https:\/\/hiboostnutrition.com\/en\/wp-json\/wp\/v2\/media\/12529"}],"wp:attachment":[{"href":"https:\/\/hiboostnutrition.com\/en\/wp-json\/wp\/v2\/media?parent=12528"}],"wp:term":[{"taxonomy":"product_brand","embeddable":true,"href":"https:\/\/hiboostnutrition.com\/en\/wp-json\/wp\/v2\/product_brand?post=12528"},{"taxonomy":"product_cat","embeddable":true,"href":"https:\/\/hiboostnutrition.com\/en\/wp-json\/wp\/v2\/product_cat?post=12528"},{"taxonomy":"product_tag","embeddable":true,"href":"https:\/\/hiboostnutrition.com\/en\/wp-json\/wp\/v2\/product_tag?post=12528"}],"curies":[{"name":"wp","href":"https:\/\/api.w.org\/{rel}","templated":true}]}}