{"id":12509,"date":"2024-04-23T10:09:41","date_gmt":"2024-04-23T03:09:41","guid":{"rendered":"https:\/\/hiboostnutrition.com\/?post_type=product&#038;p=12509"},"modified":"2025-03-17T15:23:11","modified_gmt":"2025-03-17T08:23:11","slug":"maurten-gel-100-mix-box","status":"publish","type":"product","link":"https:\/\/hiboostnutrition.com\/en\/sanpham\/maurten-gel-100-mix-box\/","title":{"rendered":"MAURTEN Gel 100 Mix Box (12 x 40g)"},"content":{"rendered":"<h2 data-sourcepos=\"1:1-1:97\">MAURTEN Gel 100 Mix Box (12 x 40G): B\u1ed9t Pha N\u0103ng L\u01b0\u1ee3ng Th\u1ee7y H\u00f3a &#8211; Nhanh Ch\u00f3ng &#8211; Hi\u1ec7u Qu\u1ea3<\/h2>\n<p><strong>Maurten Energy Gel: The Optimal Choice for Sports, Running, Cycling, and Swimming<\/strong><\/p>\n<p>MAURTEN Gel 100 Mix Box bao g\u1ed3m 6 g\u00f3i 100 Gel 10 v\u00e0 6 g\u00f3i Gel 100 Caf 100<\/p>\n<p>\u2714\ufe0f\u00a0<strong>PRODUCT INFORMATION<\/strong><\/p>\n<ul>\n<li>Brand: Maurten<\/li>\n<li>Nutritional ingredients: Water, Glucose, Fructose, Calcium Carbonate, Gluconic acid, Sodium Alginate<\/li>\n<li>Energy: 425 kJ, 100 kcal; Fat: 0g; Carbohydrates: 25g; Protein: 0g; Salt: 85mg<\/li>\n<li>Maurten is the top choice of world marathon runners. Maurten Gel 100 and Gel 100 CAF 100 combine nutrition and science to create the most effective energy product.<\/li>\n<li>Different from conventional gels, Maurten uses a biopolymer matrix made from a special combination of fructose and glucose (ratio 0.8:1). This makes it easier for the body to absorb up to 100g of carbohydrates per hour.<\/li>\n<li>Maurten GEL 100 energy gel contains 6 nutrients, does not contain colorants, preservatives and flavors. Can be used before, during and after exercise. Each 40g package provides 25g of carbohydrates and 100kcal.<\/li>\n<li>Maurten GEL 100 CAF 100 energy gel with 7 nutrients, does not contain colorants, preservatives and flavors. Can be used before, during and after exercise. Each package contains 100mg of Caffeine, which helps maintain mental alertness.<\/li>\n<li>Expiry date: 1 year from date of manufacture<\/li>\n<li>The product is not a medicine and does not replace medicine.<\/li>\n<\/ul>\n<hr \/>\n<p>\u2714\ufe0f\u00a0<strong>PURCHASE BENEFITS<\/strong><\/p>\n<ul>\n<li>Genuine product 100%<\/li>\n<li>Consulting and customer support 24\/7<\/li>\n<li>Product warranty if there is a manufacturer defect<\/li>\n<li>Prepare goods quickly<\/li>\n<li>Express delivery within Hanoi within 2 hours<\/li>\n<\/ul>\n<hr \/>\n<p><strong>HIBOOST Nutrition<\/strong>: \u0110\u1ed1i T\u00e1c Dinh D\u01b0\u1ee1ng Cho Hi\u1ec7u Su\u1ea5t Cao Chuy\u00ean cung c\u1ea5p v\u00e0 t\u01b0 v\u1ea5n c\u00e1c s\u1ea3n ph\u1ea9m dinh d\u01b0\u1ee1ng hi\u1ec7u su\u1ea5t cao h\u00e0ng \u0111\u1ea7u th\u1ebf gi\u1edbi, \u0111\u1eb7c bi\u1ec7t d\u00e0nh cho t\u1eadp luy\u1ec7n<\/p>","protected":false},"excerpt":{"rendered":"<p>MAURTEN Gel 100 Mix Box (12 x 40G): B\u1ed9t Pha N\u0103ng L\u01b0\u1ee3ng Th\u1ee7y H\u00f3a &#8211; Nhanh Ch\u00f3ng &#8211; Hi\u1ec7u Qu\u1ea3<\/p>","protected":false},"featured_media":12510,"comment_status":"open","ping_status":"closed","template":"","meta":{"_acf_changed":false,"_monsterinsights_skip_tracking":false,"_monsterinsights_sitenote_active":false,"_monsterinsights_sitenote_note":"","_monsterinsights_sitenote_category":0},"product_brand":[],"product_cat":[116],"product_tag":[138,137,107,134],"class_list":{"0":"post-12509","1":"product","2":"type-product","3":"status-publish","4":"has-post-thumbnail","6":"product_cat-drink","7":"product_tag-bot-pha-nang-luong","8":"product_tag-drink-mix-320","9":"product_tag-maurten","10":"product_tag-maurten-drinkmix","12":"first","13":"outofstock","14":"featured","15":"shipping-taxable","16":"purchasable","17":"product-type-simple"},"acf":[],"jetpack_sharing_enabled":true,"_links":{"self":[{"href":"https:\/\/hiboostnutrition.com\/en\/wp-json\/wp\/v2\/product\/12509"}],"collection":[{"href":"https:\/\/hiboostnutrition.com\/en\/wp-json\/wp\/v2\/product"}],"about":[{"href":"https:\/\/hiboostnutrition.com\/en\/wp-json\/wp\/v2\/types\/product"}],"replies":[{"embeddable":true,"href":"https:\/\/hiboostnutrition.com\/en\/wp-json\/wp\/v2\/comments?post=12509"}],"version-history":[{"count":2,"href":"https:\/\/hiboostnutrition.com\/en\/wp-json\/wp\/v2\/product\/12509\/revisions"}],"predecessor-version":[{"id":12512,"href":"https:\/\/hiboostnutrition.com\/en\/wp-json\/wp\/v2\/product\/12509\/revisions\/12512"}],"wp:featuredmedia":[{"embeddable":true,"href":"https:\/\/hiboostnutrition.com\/en\/wp-json\/wp\/v2\/media\/12510"}],"wp:attachment":[{"href":"https:\/\/hiboostnutrition.com\/en\/wp-json\/wp\/v2\/media?parent=12509"}],"wp:term":[{"taxonomy":"product_brand","embeddable":true,"href":"https:\/\/hiboostnutrition.com\/en\/wp-json\/wp\/v2\/product_brand?post=12509"},{"taxonomy":"product_cat","embeddable":true,"href":"https:\/\/hiboostnutrition.com\/en\/wp-json\/wp\/v2\/product_cat?post=12509"},{"taxonomy":"product_tag","embeddable":true,"href":"https:\/\/hiboostnutrition.com\/en\/wp-json\/wp\/v2\/product_tag?post=12509"}],"curies":[{"name":"wp","href":"https:\/\/api.w.org\/{rel}","templated":true}]}}