{"id":12495,"date":"2024-04-23T09:04:34","date_gmt":"2024-04-23T02:04:34","guid":{"rendered":"https:\/\/hiboostnutrition.com\/?post_type=product&#038;p=12495"},"modified":"2025-03-17T15:23:24","modified_gmt":"2025-03-17T08:23:24","slug":"maurten-drink-mix-320-mix-box","status":"publish","type":"product","link":"https:\/\/hiboostnutrition.com\/en\/sanpham\/maurten-drink-mix-320-mix-box\/","title":{"rendered":"MAURTEN Drink Mix 320 Mix Box ( 14 x 80G)"},"content":{"rendered":"<h2 data-sourcepos=\"1:1-1:97\">MAURTEN Drink Mix 320 Mix Box (14 x 80G): B\u1ed9t Pha N\u0103ng L\u01b0\u1ee3ng Th\u1ee7y H\u00f3a &#8211; Nhanh Ch\u00f3ng &#8211; Hi\u1ec7u Qu\u1ea3<\/h2>\n<p data-sourcepos=\"3:1-3:195\"><strong>MAURTEN Drink Mix 320 Mix Box<\/strong> ch\u1ee9a 7 g\u00f3i b\u1ed9t pha n\u0103ng l\u01b0\u1ee3ng Drink Mix 320 v\u00e0 7 g\u00f3i b\u1ed9t pha n\u0103ng l\u01b0\u1ee3ng Drink Mix 320 CAF, \u1ee9ng d\u1ee5ng c\u00f4ng ngh\u1ec7 Hydrogel \u0111\u1ed9c \u0111\u00e1o, gi\u00fap chuy\u1ec3n \u0111\u1ed5i th\u00e0nh d\u1ea1ng gel ngay khi ti\u1ebfp x\u00fac v\u1edbi m\u00f4i tr\u01b0\u1eddng axit trong d\u1ea1 d\u00e0y.<\/p>\n<p data-sourcepos=\"5:1-5:12\"><strong>\u01afu \u0111i\u1ec3m:<\/strong><\/p>\n<ul data-sourcepos=\"7:1-11:0\">\n<li data-sourcepos=\"7:1-7:202\"><strong>C\u00f4ng ngh\u1ec7 Hydrogel:<\/strong>\u00a0H\u1ed7n h\u1ee3p instantly converts to hydrogel (chuy\u1ec3n \u0111\u1ed5i th\u00e0nh d\u1ea1ng gel ngay l\u1eadp t\u1ee9c) gi\u00fap v\u1eadn chuy\u1ec3n tr\u01a1n tru qua d\u1ea1 d\u00e0y xu\u1ed1ng ru\u1ed9t non, n\u01a1i n\u01b0\u1edbc, mu\u1ed1i v\u00e0 carbohydrate \u0111\u01b0\u1ee3c h\u1ea5p th\u1ee5.<\/li>\n<li data-sourcepos=\"8:1-8:127\"><strong>N\u0103ng l\u01b0\u1ee3ng d\u1ed3i d\u00e0o:<\/strong>\u00a0M\u1ed7i g\u00f3i ch\u1ee9a 80g carbohydrate, cung c\u1ea5p n\u0103ng l\u01b0\u1ee3ng c\u1ea7n thi\u1ebft cho c\u00e1c ho\u1ea1t \u0111\u1ed9ng th\u1ec3 thao c\u01b0\u1eddng \u0111\u1ed9 cao.<\/li>\n<li data-sourcepos=\"9:1-9:89\"><strong>H\u01b0\u01a1ng v\u1ecb t\u1ef1 nhi\u00ean:<\/strong>\u00a0Kh\u00f4ng ch\u1ee9a ch\u1ea5t t\u1ea1o ng\u1ecdt nh\u00e2n t\u1ea1o, \u0111\u1ea3m b\u1ea3o an to\u00e0n cho s\u1ee9c kh\u1ecfe.<\/li>\n<li data-sourcepos=\"10:1-11:0\"><strong>Ti\u1ec7n l\u1ee3i:<\/strong>\u00a0D\u1ea1ng g\u00f3i nh\u1ecf g\u1ecdn, d\u1ec5 d\u00e0ng mang theo v\u00e0 s\u1eed d\u1ee5ng m\u1ecdi l\u00fac m\u1ecdi n\u01a1i.<\/li>\n<\/ul>\n<p data-sourcepos=\"12:1-12:189\"><strong>MAURTEN Drink Mix 320 Mix Box<\/strong> l\u00e0 l\u1ef1a ch\u1ecdn ho\u00e0n h\u1ea3o cho nh\u1eefng v\u1eadn \u0111\u1ed9ng vi\u00ean chuy\u00ean nghi\u1ec7p v\u00e0 nh\u1eefng ng\u01b0\u1eddi y\u00eau th\u00edch th\u1ec3 thao, gi\u00fap b\u1ea1n duy tr\u00ec n\u0103ng l\u01b0\u1ee3ng v\u00e0 \u0111\u1ea1t hi\u1ec7u qu\u1ea3 t\u1eadp luy\u1ec7n t\u1ed1i \u01b0u.<\/p>","protected":false},"excerpt":{"rendered":"<p>MAURTEN Drink Mix 320 Mix Box (14 x 80G): B\u1ed9t Pha N\u0103ng L\u01b0\u1ee3ng Th\u1ee7y H\u00f3a &#8211; Nhanh Ch\u00f3ng &#8211; Hi\u1ec7u<\/p>","protected":false},"featured_media":12496,"comment_status":"open","ping_status":"closed","template":"","meta":{"_acf_changed":false,"_monsterinsights_skip_tracking":false,"_monsterinsights_sitenote_active":false,"_monsterinsights_sitenote_note":"","_monsterinsights_sitenote_category":0},"product_brand":[],"product_cat":[116],"product_tag":[138,137,107,134],"class_list":{"0":"post-12495","1":"product","2":"type-product","3":"status-publish","4":"has-post-thumbnail","6":"product_cat-drink","7":"product_tag-bot-pha-nang-luong","8":"product_tag-drink-mix-320","9":"product_tag-maurten","10":"product_tag-maurten-drinkmix","12":"first","13":"outofstock","14":"sale","15":"shipping-taxable","16":"purchasable","17":"product-type-simple"},"acf":[],"jetpack_sharing_enabled":true,"_links":{"self":[{"href":"https:\/\/hiboostnutrition.com\/en\/wp-json\/wp\/v2\/product\/12495"}],"collection":[{"href":"https:\/\/hiboostnutrition.com\/en\/wp-json\/wp\/v2\/product"}],"about":[{"href":"https:\/\/hiboostnutrition.com\/en\/wp-json\/wp\/v2\/types\/product"}],"replies":[{"embeddable":true,"href":"https:\/\/hiboostnutrition.com\/en\/wp-json\/wp\/v2\/comments?post=12495"}],"version-history":[{"count":2,"href":"https:\/\/hiboostnutrition.com\/en\/wp-json\/wp\/v2\/product\/12495\/revisions"}],"predecessor-version":[{"id":12498,"href":"https:\/\/hiboostnutrition.com\/en\/wp-json\/wp\/v2\/product\/12495\/revisions\/12498"}],"wp:featuredmedia":[{"embeddable":true,"href":"https:\/\/hiboostnutrition.com\/en\/wp-json\/wp\/v2\/media\/12496"}],"wp:attachment":[{"href":"https:\/\/hiboostnutrition.com\/en\/wp-json\/wp\/v2\/media?parent=12495"}],"wp:term":[{"taxonomy":"product_brand","embeddable":true,"href":"https:\/\/hiboostnutrition.com\/en\/wp-json\/wp\/v2\/product_brand?post=12495"},{"taxonomy":"product_cat","embeddable":true,"href":"https:\/\/hiboostnutrition.com\/en\/wp-json\/wp\/v2\/product_cat?post=12495"},{"taxonomy":"product_tag","embeddable":true,"href":"https:\/\/hiboostnutrition.com\/en\/wp-json\/wp\/v2\/product_tag?post=12495"}],"curies":[{"name":"wp","href":"https:\/\/api.w.org\/{rel}","templated":true}]}}