{"id":12450,"date":"2024-04-22T08:55:29","date_gmt":"2024-04-22T01:55:29","guid":{"rendered":"https:\/\/hiboostnutrition.com\/?post_type=product&#038;p=12450"},"modified":"2026-01-05T17:59:01","modified_gmt":"2026-01-05T10:59:01","slug":"high-5-reusable-gel-flask-binh-dung-gel","status":"publish","type":"product","link":"https:\/\/hiboostnutrition.com\/en\/sanpham\/high-5-reusable-gel-flask-binh-dung-gel\/","title":{"rendered":"High 5 Reusable Gel Flask &#8211; B\u00ecnh \u0111\u1ef1ng gel"},"content":{"rendered":"<h2 data-sourcepos=\"1:1-1:77\">B\u00ecnh \u0110\u1ef1ng Gel HIGH5 T\u00e1i S\u1eed D\u1ee5ng: N\u1ea1p N\u0103ng l\u01b0\u1ee3ng &#8211; Gi\u1ea3m R\u00e1c Th\u1ea3i &#8211; Ti\u1ec7n L\u1ee3i<\/h2>\n<p data-sourcepos=\"3:1-3:247\"><strong>B\u00ecnh \u0110\u1ef1ng Gel HIGH5 T\u00e1i S\u1eed D\u1ee5ng<\/strong> l\u00e0 gi\u1ea3i ph\u00e1p thi\u1ebft th\u1ef1c v\u00e0 th\u00e2n thi\u1ec7n v\u1edbi m\u00f4i tr\u01b0\u1eddng h\u01a1n \u0111\u1ec3 b\u1ea1n s\u1eed d\u1ee5ng gel n\u0103ng l\u01b0\u1ee3ng trong c\u00e1c bu\u1ed5i t\u1eadp luy\u1ec7n. B\u00ecnh gi\u00fap b\u1ea1n ti\u1ebft ki\u1ec7m chi ph\u00ed v\u00e0 gi\u1ea3m thi\u1ec3u r\u00e1c th\u1ea3i nh\u1ef1a so v\u1edbi d\u1ea1ng gel \u0111\u00f3ng g\u00f3i th\u00f4ng th\u01b0\u1eddng.<\/p>\n<p data-sourcepos=\"5:1-5:12\"><strong>\u01afu \u0111i\u1ec3m:<\/strong><\/p>\n<ul data-sourcepos=\"7:1-13:0\">\n<li data-sourcepos=\"7:1-7:74\"><strong>T\u00e1i s\u1eed d\u1ee5ng nhi\u1ec1u l\u1ea7n:<\/strong>\u00a0Th\u00e2n thi\u1ec7n v\u1edbi m\u00f4i tr\u01b0\u1eddng, ti\u1ebft ki\u1ec7m chi ph\u00ed.<\/li>\n<li data-sourcepos=\"8:1-8:120\"><strong>Dung t\u00edch ph\u00f9 h\u1ee3p:<\/strong>\u00a0B\u00ecnh c\u00f3 2 k\u00edch c\u1ee1: 150ml ch\u1ee9a t\u1ed1i \u0111a 3 g\u00f3i gel v\u00e0 250ml ch\u1ee9a t\u1ed1i \u0111a 6 g\u00f3i gel HIGH5 Energy Gel.<\/li>\n<li data-sourcepos=\"9:1-9:156\"><strong>\u0110i\u1ec1u ch\u1ec9nh l\u01b0\u1ee3ng carbohydrate:<\/strong>\u00a0V\u1ea1ch chia tr\u00ean b\u00ecnh gi\u00fap b\u1ea1n d\u1ec5 d\u00e0ng \u01b0\u1edbc t\u00ednh l\u01b0\u1ee3ng gel c\u1ea7n thi\u1ebft. B\u1ea1n c\u0169ng c\u00f3 th\u1ec3 pha lo\u00e3ng gel v\u1edbi n\u01b0\u1edbc theo kh\u1ea9u v\u1ecb.<\/li>\n<li data-sourcepos=\"10:1-10:71\"><strong>Ch\u1ea5t li\u1ec7u an to\u00e0n:<\/strong>\u00a0\u0110\u01b0\u1ee3c l\u00e0m t\u1eeb nh\u1ef1a an to\u00e0n th\u1ef1c ph\u1ea9m (BPA free).<\/li>\n<li data-sourcepos=\"11:1-11:80\"><strong>V\u1ec7 sinh d\u1ec5 d\u00e0ng:<\/strong>\u00a0Ch\u1ec9 c\u1ea7n r\u1eeda s\u1ea1ch b\u00ecnh b\u1eb1ng n\u01b0\u1edbc x\u00e0 ph\u00f2ng sau khi s\u1eed d\u1ee5ng.<\/li>\n<li data-sourcepos=\"12:1-13:0\"><strong>Mi\u1ec7ng b\u00ecnh ti\u1ec7n l\u1ee3i:<\/strong>\u00a0Thi\u1ebft k\u1ebf mi\u1ec7ng b\u00ecnh m\u1edbi gi\u00fap b\u1ea1n d\u1ec5 d\u00e0ng n\u1ea1p gel khi \u0111ang di chuy\u1ec3n.<\/li>\n<\/ul>\n<p data-sourcepos=\"14:1-14:14\"><strong>C\u00e1ch d\u00f9ng:<\/strong><\/p>\n<ul data-sourcepos=\"16:1-20:0\">\n<li data-sourcepos=\"16:1-16:73\">Chuy\u1ec3n gel t\u1eeb chai chi\u1ebft\u00a0<strong>HIGH5 Energy Gel Refill<\/strong>\u00a0v\u00e0o B\u00ecnh \u0110\u1ef1ng Gel.<\/li>\n<li data-sourcepos=\"17:1-17:154\">S\u1eed d\u1ee5ng t\u1ed1i \u0111a 3 g\u00f3i gel (kho\u1ea3ng 60g carbohydrate) m\u1ed7i gi\u1edd trong khi t\u1eadp luy\u1ec7n, c\u00f3 th\u1ec3 \u0111i\u1ec1u ch\u1ec9nh li\u1ec1u l\u01b0\u1ee3ng n\u1ebfu b\u1ea1n c\u0169ng \u0111ang s\u1eed d\u1ee5ng \u0111\u1ed3 u\u1ed1ng th\u1ec3 thao.<\/li>\n<li data-sourcepos=\"18:1-18:55\">\u0110\u1ec3 s\u1eed d\u1ee5ng b\u00ecnh, c\u1eafn nh\u1eb9 v\u00e0o \u0111\u1ea7u v\u00f2i, gel s\u1ebd ch\u1ea3y ra.<\/li>\n<li data-sourcepos=\"19:1-20:0\">Sau khi s\u1eed d\u1ee5ng, r\u1eeda s\u1ea1ch b\u00ecnh v\u00e0 \u0111\u1ec3 kh\u00f4 cho l\u1ea7n t\u1eadp ti\u1ebfp theo.<\/li>\n<\/ul>\n<p data-sourcepos=\"21:1-21:115\"><strong>S\u1eed d\u1ee5ng B\u00ecnh \u0110\u1ef1ng Gel HIGH5 T\u00e1i S\u1eed D\u1ee5ng c\u00f9ng v\u1edbi chai chi\u1ebft gel<\/strong> \u0111\u1ec3 ti\u1ebft ki\u1ec7m h\u01a1n v\u00e0 g\u00f3p ph\u1ea7n b\u1ea3o v\u1ec7 m\u00f4i tr\u01b0\u1eddng.<\/p>","protected":false},"excerpt":{"rendered":"<p>B\u00ecnh \u0110\u1ef1ng Gel HIGH5 T\u00e1i S\u1eed D\u1ee5ng: N\u1ea1p N\u0103ng l\u01b0\u1ee3ng &#8211; Gi\u1ea3m R\u00e1c Th\u1ea3i &#8211; Ti\u1ec7n L\u1ee3i B\u00ecnh \u0110\u1ef1ng Gel<\/p>","protected":false},"featured_media":12458,"comment_status":"open","ping_status":"closed","template":"","meta":{"_acf_changed":false,"_monsterinsights_skip_tracking":false,"_monsterinsights_sitenote_active":false,"_monsterinsights_sitenote_note":"","_monsterinsights_sitenote_category":0},"product_brand":[],"product_cat":[75,128],"product_tag":[108],"class_list":{"0":"post-12450","1":"product","2":"type-product","3":"status-publish","4":"has-post-thumbnail","6":"product_cat-phu-kien-the-thao","7":"product_cat-binh-nuoc","8":"product_tag-high5","10":"first","11":"outofstock","12":"shipping-taxable","13":"product-type-variable"},"acf":[],"jetpack_sharing_enabled":true,"_links":{"self":[{"href":"https:\/\/hiboostnutrition.com\/en\/wp-json\/wp\/v2\/product\/12450"}],"collection":[{"href":"https:\/\/hiboostnutrition.com\/en\/wp-json\/wp\/v2\/product"}],"about":[{"href":"https:\/\/hiboostnutrition.com\/en\/wp-json\/wp\/v2\/types\/product"}],"replies":[{"embeddable":true,"href":"https:\/\/hiboostnutrition.com\/en\/wp-json\/wp\/v2\/comments?post=12450"}],"version-history":[{"count":2,"href":"https:\/\/hiboostnutrition.com\/en\/wp-json\/wp\/v2\/product\/12450\/revisions"}],"predecessor-version":[{"id":12460,"href":"https:\/\/hiboostnutrition.com\/en\/wp-json\/wp\/v2\/product\/12450\/revisions\/12460"}],"wp:featuredmedia":[{"embeddable":true,"href":"https:\/\/hiboostnutrition.com\/en\/wp-json\/wp\/v2\/media\/12458"}],"wp:attachment":[{"href":"https:\/\/hiboostnutrition.com\/en\/wp-json\/wp\/v2\/media?parent=12450"}],"wp:term":[{"taxonomy":"product_brand","embeddable":true,"href":"https:\/\/hiboostnutrition.com\/en\/wp-json\/wp\/v2\/product_brand?post=12450"},{"taxonomy":"product_cat","embeddable":true,"href":"https:\/\/hiboostnutrition.com\/en\/wp-json\/wp\/v2\/product_cat?post=12450"},{"taxonomy":"product_tag","embeddable":true,"href":"https:\/\/hiboostnutrition.com\/en\/wp-json\/wp\/v2\/product_tag?post=12450"}],"curies":[{"name":"wp","href":"https:\/\/api.w.org\/{rel}","templated":true}]}}