{"id":12421,"date":"2025-01-06T09:48:18","date_gmt":"2025-01-06T02:48:18","guid":{"rendered":"https:\/\/hiboostnutrition.com\/?post_type=product&#038;p=12421"},"modified":"2025-11-25T15:13:06","modified_gmt":"2025-11-25T08:13:06","slug":"high5-energy-gummies-moi-goi-6-vien","status":"publish","type":"product","link":"https:\/\/hiboostnutrition.com\/en\/sanpham\/high5-energy-gummies-moi-goi-6-vien\/","title":{"rendered":"High5 Energy Gummies ( M\u1ed7i g\u00f3i 6 vi\u00ean )"},"content":{"rendered":"<h2 data-sourcepos=\"1:1-1:67\">Energy Gummies: B\u1ed5 Sung N\u0103ng L\u01b0\u1ee3ng &#8211; H\u01b0\u01a1ng V\u1ecb Tr\u00e1i C\u00e2y Th\u01a1m Ngon<\/h2>\n<p data-sourcepos=\"3:1-3:151\"><strong>Energy Gummies<\/strong> l\u00e0 vi\u00ean gummies d\u1ebbo dai h\u01b0\u01a1ng tr\u00e1i c\u00e2y th\u01a1m ngon, k\u00edch th\u00edch n\u0103ng l\u01b0\u1ee3ng, ph\u00f9 h\u1ee3p cho nh\u1eefng l\u00fac b\u1ea1n c\u1ea7n n\u1ea1p th\u00eam &#8220;\u0111\u1ed9ng l\u1ef1c&#8221; t\u1ee9c th\u1eddi.<\/p>\n<p data-sourcepos=\"5:1-5:338\"><strong>Gi\u1eef m\u1ee9c n\u0103ng l\u01b0\u1ee3ng lu\u00f4n cao:<\/strong> \u0110i\u1ec1u quan tr\u1ecdng trong b\u1ea5t k\u1ef3 m\u00f4n th\u1ec3 thao b\u1ec1n b\u1ec9 n\u00e0o l\u00e0 duy tr\u00ec m\u1ee9c n\u0103ng l\u01b0\u1ee3ng \u0111\u1ec3 \u0111\u1ea1t hi\u1ec7u su\u1ea5t cao v\u00e0 c\u1ea3m th\u1ea5y tho\u1ea3i m\u00e1i l\u00e2u h\u01a1n. Energy Gummies v\u1edbi h\u01b0\u01a1ng v\u1ecb th\u01a1m ngon v\u00e0 gi\u00e0u n\u0103ng l\u01b0\u1ee3ng<strong>\u00b9<\/strong> d\u1ea1ng vi\u00ean d\u1ebbo ti\u1ec7n l\u1ee3i gi\u00fap b\u1ea1n t\u1eadn h\u01b0\u1edfng t\u1ed1i \u0111a ho\u1ea1t \u0111\u1ed9ng th\u1ec3 thao v\u00e0 duy tr\u00ec phong \u0111\u1ed9 t\u1ed1t trong th\u1eddi gian d\u00e0i.<\/p>\n<p data-sourcepos=\"7:1-7:12\"><strong>\u01afu \u0111i\u1ec3m:<\/strong><\/p>\n<ul data-sourcepos=\"9:1-17:0\">\n<li data-sourcepos=\"9:1-9:212\">M\u1ed7i g\u00f3i c\u00f3 th\u1ec3 \u0111\u00f3ng l\u1ea1i ch\u1ee9a 6 vi\u00ean gummies th\u01a1m ngon, d\u1ec5 d\u00e0ng s\u1eed d\u1ee5ng b\u1ea5t c\u1ee9 khi n\u00e0o c\u1ea7n. Ch\u1ec9 c\u1ea7n b\u1ecf m\u1ed9t g\u00f3i gummies v\u00e0o t\u00fai cho nh\u1eefng qu\u00e3ng \u0111\u01b0\u1eddng ng\u1eafn ho\u1eb7c d\u00f9ng \u0111\u1ec3 b\u1ed5 sung n\u0103ng l\u01b0\u1ee3ng gi\u1eefa c\u00e1c l\u1ea7n s\u1eed d\u1ee5ng gel.<\/li>\n<li data-sourcepos=\"10:1-10:61\">21g Carbohydrate &#8211; t\u01b0\u01a1ng \u0111\u01b0\u01a1ng v\u1edbi Energy Gel c\u1ee7a ch\u00fang t\u00f4i<\/li>\n<li data-sourcepos=\"11:1-11:34\">\u0110i\u1ec7n gi\u1ea3i thi\u1ebft y\u1ebfu: Natri, Kali<\/li>\n<li data-sourcepos=\"12:1-12:12\">Vitamin B6<\/li>\n<li data-sourcepos=\"13:1-13:38\">H\u01b0\u01a1ng v\u1ecb tr\u00e1i c\u00e2y t\u1ef1 nhi\u00ean th\u01a1m ngon<\/li>\n<li data-sourcepos=\"14:1-14:35\">Kh\u00f4ng ch\u1ee9a ch\u1ea5t t\u1ea1o ng\u1ecdt nh\u00e2n t\u1ea1o<\/li>\n<li data-sourcepos=\"15:1-15:43\">Th\u00edch h\u1ee3p cho ng\u01b0\u1eddi \u0103n chay v\u00e0 thu\u1ea7n chay<\/li>\n<li data-sourcepos=\"15:1-15:43\">M\u1ed7i g\u00f3i 6 vi\u00ean<\/li>\n<\/ul>\n<p data-sourcepos=\"18:1-18:68\"><strong>Energy Gummies<\/strong> \u0111\u01b0\u1ee3c thi\u1ebft k\u1ebf \u0111\u1ec3 s\u1eed d\u1ee5ng TR\u01af\u1edaC v\u00e0 TRONG BA\u0300I T\u1eacP.<\/p>\n<p data-sourcepos=\"20:1-20:60\"><strong>V\u00ec m\u00f4i tr\u01b0\u1eddng xanh &#8211; H\u00e3y thu gom v\u1ecf g\u00f3i sau khi s\u1eed d\u1ee5ng.<\/strong><\/p>\n<p data-sourcepos=\"22:1-22:14\"><strong>C\u00e1ch d\u00f9ng:<\/strong><\/p>\n<ul data-sourcepos=\"24:1-26:0\">\n<li data-sourcepos=\"24:1-24:176\">S\u1eed d\u1ee5ng Energy Gummies tr\u01b0\u1edbc ho\u1eb7c trong khi t\u1eadp luy\u1ec7n. Ch\u1ec9 c\u1ea7n b\u1ecf m\u1ed9t g\u00f3i gummies v\u00e0o t\u00fai cho nh\u1eefng qu\u00e3ng \u0111\u01b0\u1eddng ng\u1eafn ho\u1eb7c d\u00f9ng \u0111\u1ec3 b\u1ed5 sung n\u0103ng l\u01b0\u1ee3ng gi\u1eefa c\u00e1c l\u1ea7n s\u1eed d\u1ee5ng gel.<\/li>\n<li data-sourcepos=\"25:1-26:0\">Gi\u1eef c\u01a1 th\u1ec3 \u0111\u1ee7 n\u01b0\u1edbc trong khi t\u1eadp luy\u1ec7n. N\u00ean s\u1eed d\u1ee5ng s\u1ea3n ph\u1ea9m n\u00e0y c\u00f9ng v\u1edbi n\u01b0\u1edbc \u0111i\u1ec7n gi\u1ea3i ZERO.<\/li>\n<\/ul>\n<p data-sourcepos=\"27:1-27:21\"><strong>Th\u00e0nh ph\u1ea7n ch\u00ednh:<\/strong><\/p>\n<ul data-sourcepos=\"29:1-32:0\">\n<li data-sourcepos=\"29:1-29:29\">21g n\u0103ng l\u01b0\u1ee3ng carbohydrate<\/li>\n<li data-sourcepos=\"30:1-30:24\">\u0110i\u1ec7n gi\u1ea3i: Natri, Kali<\/li>\n<li data-sourcepos=\"31:1-32:0\">Vitamin B6<\/li>\n<\/ul>","protected":false},"excerpt":{"rendered":"<p>Energy Gummies: B\u1ed5 Sung N\u0103ng L\u01b0\u1ee3ng &#8211; H\u01b0\u01a1ng V\u1ecb Tr\u00e1i C\u00e2y Th\u01a1m Ngon Energy Gummies l\u00e0 vi\u00ean gummies d\u1ebbo dai<\/p>","protected":false},"featured_media":12423,"comment_status":"open","ping_status":"closed","template":"","meta":{"_acf_changed":false,"_monsterinsights_skip_tracking":false,"_monsterinsights_sitenote_active":false,"_monsterinsights_sitenote_note":"","_monsterinsights_sitenote_category":0},"product_brand":[],"product_cat":[103,185],"product_tag":[108],"class_list":{"0":"post-12421","1":"product","2":"type-product","3":"status-publish","4":"has-post-thumbnail","6":"product_cat-dinh-duong","7":"product_cat-sale","8":"product_tag-high5","10":"first","11":"outofstock","12":"sale","13":"shipping-taxable","14":"purchasable","15":"product-type-variable"},"acf":[],"jetpack_sharing_enabled":true,"_links":{"self":[{"href":"https:\/\/hiboostnutrition.com\/en\/wp-json\/wp\/v2\/product\/12421"}],"collection":[{"href":"https:\/\/hiboostnutrition.com\/en\/wp-json\/wp\/v2\/product"}],"about":[{"href":"https:\/\/hiboostnutrition.com\/en\/wp-json\/wp\/v2\/types\/product"}],"replies":[{"embeddable":true,"href":"https:\/\/hiboostnutrition.com\/en\/wp-json\/wp\/v2\/comments?post=12421"}],"version-history":[{"count":1,"href":"https:\/\/hiboostnutrition.com\/en\/wp-json\/wp\/v2\/product\/12421\/revisions"}],"predecessor-version":[{"id":12430,"href":"https:\/\/hiboostnutrition.com\/en\/wp-json\/wp\/v2\/product\/12421\/revisions\/12430"}],"wp:featuredmedia":[{"embeddable":true,"href":"https:\/\/hiboostnutrition.com\/en\/wp-json\/wp\/v2\/media\/12423"}],"wp:attachment":[{"href":"https:\/\/hiboostnutrition.com\/en\/wp-json\/wp\/v2\/media?parent=12421"}],"wp:term":[{"taxonomy":"product_brand","embeddable":true,"href":"https:\/\/hiboostnutrition.com\/en\/wp-json\/wp\/v2\/product_brand?post=12421"},{"taxonomy":"product_cat","embeddable":true,"href":"https:\/\/hiboostnutrition.com\/en\/wp-json\/wp\/v2\/product_cat?post=12421"},{"taxonomy":"product_tag","embeddable":true,"href":"https:\/\/hiboostnutrition.com\/en\/wp-json\/wp\/v2\/product_tag?post=12421"}],"curies":[{"name":"wp","href":"https:\/\/api.w.org\/{rel}","templated":true}]}}