{"id":12413,"date":"2024-04-21T09:29:34","date_gmt":"2024-04-21T02:29:34","guid":{"rendered":"https:\/\/hiboostnutrition.com\/?post_type=product&#038;p=12413"},"modified":"2025-03-17T15:23:57","modified_gmt":"2025-03-17T08:23:57","slug":"high5-energy-gel-refill-binh-250ml","status":"publish","type":"product","link":"https:\/\/hiboostnutrition.com\/en\/sanpham\/high5-energy-gel-refill-binh-250ml\/","title":{"rendered":"High5 Energy Gel Refill Bundle + B\u00ecnh 250ml"},"content":{"rendered":"<h2 data-sourcepos=\"1:1-1:80\">HIGH5 Gel Refill Bundle: N\u1ea1p N\u0103ng L\u01b0\u1ee3ng &#8211; T\u00e1i S\u1eed D\u1ee5ng &#8211; Th\u00e2n Thi\u1ec7n M\u00f4i Tr\u01b0\u1eddng<\/h2>\n<p data-sourcepos=\"3:1-3:116\"><strong>HIGH5 Gel Refill Bundle<\/strong> l\u00e0 b\u1ed9 s\u1ea3n ph\u1ea9m gi\u00fap b\u1ea1n n\u1ea1p n\u0103ng l\u01b0\u1ee3ng hi\u1ec7u qu\u1ea3, ti\u1ebft ki\u1ec7m v\u00e0 th\u00e2n thi\u1ec7n v\u1edbi m\u00f4i tr\u01b0\u1eddng.<\/p>\n<p data-sourcepos=\"5:1-5:20\"><strong>B\u1ed9 s\u1ea3n ph\u1ea9m g\u1ed3m:<\/strong><\/p>\n<ul data-sourcepos=\"7:1-9:0\">\n<li data-sourcepos=\"7:1-7:37\">1 B\u00ecnh \u0111\u1ef1ng Gel t\u00e1i s\u1eed d\u1ee5ng &#8211; 250ml<\/li>\n<li data-sourcepos=\"8:1-9:0\">1 Chai chi\u1ebft Gel Energy Refill h\u01b0\u01a1ng Berry &#8211; 550g<\/li>\n<\/ul>\n<p data-sourcepos=\"10:1-10:12\"><strong>\u01afu \u0111i\u1ec3m:<\/strong><\/p>\n<ul data-sourcepos=\"12:1-21:0\">\n<li data-sourcepos=\"12:1-12:149\"><strong>N\u1ea1p n\u0103ng l\u01b0\u1ee3ng nhanh ch\u00f3ng:<\/strong>\u00a0Gel Energy cung c\u1ea5p n\u0103ng l\u01b0\u1ee3ng tr\u00e1i c\u00e2y th\u01a1m ngon, gi\u00fap duy tr\u00ec s\u1ee9c m\u1ea1nh cho c\u01a1 b\u1eafp trong su\u1ed1t qu\u00e1 tr\u00ecnh t\u1eadp luy\u1ec7n.<\/li>\n<li data-sourcepos=\"13:1-13:228\"><strong>Ti\u1ebft ki\u1ec7m v\u00e0 th\u00e2n thi\u1ec7n m\u00f4i tr\u01b0\u1eddng:<\/strong>\u00a0Chai chi\u1ebft dung t\u00edch l\u1edbn gi\u00fap ti\u1ebft ki\u1ec7m chi ph\u00ed v\u00e0 gi\u1ea3m thi\u1ec3u r\u00e1c th\u1ea3i nh\u1ef1a so v\u1edbi d\u1ea1ng g\u00f3i th\u00f4ng th\u01b0\u1eddng. B\u00ecnh \u0111\u1ef1ng gel c\u00f3 th\u1ec3 t\u00e1i s\u1eed d\u1ee5ng nhi\u1ec1u l\u1ea7n, d\u1ec5 d\u00e0ng v\u1ec7 sinh sau m\u1ed7i l\u1ea7n s\u1eed d\u1ee5ng.<\/li>\n<li data-sourcepos=\"14:1-14:180\"><strong>\u0110i\u1ec1u ch\u1ec9nh l\u01b0\u1ee3ng carbohydrate ph\u00f9 h\u1ee3p:<\/strong>\u00a0B\u00ecnh \u0111\u1ef1ng Gel c\u00f3 thi\u1ebft k\u1ebf v\u1ea1ch chia gi\u00fap b\u1ea1n d\u1ec5 d\u00e0ng \u01b0\u1edbc t\u00ednh l\u01b0\u1ee3ng gel c\u1ea7n thi\u1ebft. B\u1ea1n c\u0169ng c\u00f3 th\u1ec3 pha lo\u00e3ng gel v\u1edbi n\u01b0\u1edbc theo kh\u1ea9u v\u1ecb.<\/li>\n<li data-sourcepos=\"15:1-15:111\"><strong>C\u00f4ng th\u1ee9c khoa h\u1ecdc:<\/strong>\u00a0Energy Gel ch\u1ee9a h\u1ed7n h\u1ee3p \u0111a d\u1ea1ng carbohydrate, d\u1ec5 h\u1ea5p thu, cung c\u1ea5p n\u0103ng l\u01b0\u1ee3ng b\u1ec1n b\u1ec9.<\/li>\n<li data-sourcepos=\"16:1-16:31\">23g carbohydrate m\u1ed7i g\u00f3i gel.<\/li>\n<li data-sourcepos=\"17:1-17:58\">H\u01b0\u01a1ng v\u1ecb tr\u00e1i c\u00e2y th\u01a1m ngon, m\u1ecbn m\u00e0ng, kh\u00f4ng b\u1ecb v\u00f3n c\u1ee5c.<\/li>\n<li data-sourcepos=\"18:1-18:52\">Kh\u00f4ng ch\u1ee9a ch\u1ea5t t\u1ea1o ng\u1ecdt nh\u00e2n t\u1ea1o, kh\u00f4ng ph\u1ea9m m\u00e0u.<\/li>\n<li data-sourcepos=\"19:1-19:44\">Th\u00edch h\u1ee3p cho ng\u01b0\u1eddi \u0103n chay v\u00e0 thu\u1ea7n chay.<\/li>\n<li data-sourcepos=\"20:1-21:0\">B\u00ecnh \u0111\u1ef1ng Gel l\u00e0m t\u1eeb nh\u1ef1a an to\u00e0n th\u1ef1c ph\u1ea9m (BPA free).<\/li>\n<\/ul>\n<p data-sourcepos=\"22:1-22:14\"><strong>C\u00e1ch d\u00f9ng:<\/strong><\/p>\n<ul data-sourcepos=\"24:1-29:0\">\n<li data-sourcepos=\"24:1-24:79\">Chuy\u1ec3n gel t\u1eeb chai\u00a0<strong>HIGH5 Energy Gel Refill<\/strong>\u00a0v\u00e0o b\u00ecnh \u0111\u1ef1ng Gel t\u00e1i s\u1eed d\u1ee5ng.<\/li>\n<li data-sourcepos=\"25:1-25:154\">S\u1eed d\u1ee5ng t\u1ed1i \u0111a 3 g\u00f3i gel (kho\u1ea3ng 60g carbohydrate) m\u1ed7i gi\u1edd trong khi t\u1eadp luy\u1ec7n, c\u00f3 th\u1ec3 \u0111i\u1ec1u ch\u1ec9nh li\u1ec1u l\u01b0\u1ee3ng n\u1ebfu b\u1ea1n c\u0169ng \u0111ang s\u1eed d\u1ee5ng \u0111\u1ed3 u\u1ed1ng th\u1ec3 thao.<\/li>\n<li data-sourcepos=\"26:1-26:119\">\u0110\u1ec3 s\u1eed d\u1ee5ng b\u00ecnh, c\u1eafn nh\u1eb9 v\u00e0o \u0111\u1ea7u v\u00f2i, gel s\u1ebd ch\u1ea3y ra. Sau khi s\u1eed d\u1ee5ng, r\u1eeda s\u1ea1ch b\u00ecnh v\u00e0 \u0111\u1ec3 kh\u00f4 cho l\u1ea7n t\u1eadp ti\u1ebfp theo.<\/li>\n<li data-sourcepos=\"27:1-27:105\">Gi\u1eef c\u01a1 th\u1ec3 \u0111\u1ee7 n\u01b0\u1edbc trong khi t\u1eadp luy\u1ec7n. N\u00ean s\u1eed d\u1ee5ng s\u1ea3n ph\u1ea9m n\u00e0y c\u00f9ng v\u1edbi n\u01b0\u1edbc \u0111i\u1ec7n gi\u1ea3i ZERO t\u1eeb HIGH5.<\/li>\n<li data-sourcepos=\"28:1-29:0\">B\u1ea3o qu\u1ea3n l\u1ea1nh chai chi\u1ebft gel\u00a0<strong>Energy Gel Refill<\/strong>\u00a0sau khi m\u1edf n\u1eafp v\u00e0 s\u1eed d\u1ee5ng trong v\u00f2ng 6 tu\u1ea7n.<\/li>\n<\/ul>\n<p data-sourcepos=\"30:1-30:10\"><strong>Note:<\/strong><\/p>\n<ul data-sourcepos=\"32:1-32:72\">\n<li data-sourcepos=\"32:1-32:72\"><strong>HIGH5 Energy Gel<\/strong>\u00a0\u0111\u01b0\u1ee3c thi\u1ebft k\u1ebf \u0111\u1ec3 s\u1eed d\u1ee5ng TR\u01af\u1edaC v\u00e0 TRONG BA\u0300I T\u1eacP.<\/li>\n<\/ul>","protected":false},"excerpt":{"rendered":"<p>HIGH5 Gel Refill Bundle: N\u1ea1p N\u0103ng L\u01b0\u1ee3ng &#8211; T\u00e1i S\u1eed D\u1ee5ng &#8211; Th\u00e2n Thi\u1ec7n M\u00f4i Tr\u01b0\u1eddng HIGH5 Gel Refill Bundle<\/p>","protected":false},"featured_media":12404,"comment_status":"open","ping_status":"closed","template":"","meta":{"_acf_changed":false,"_monsterinsights_skip_tracking":false,"_monsterinsights_sitenote_active":false,"_monsterinsights_sitenote_note":"","_monsterinsights_sitenote_category":0},"product_brand":[],"product_cat":[103,71],"product_tag":[108],"class_list":{"0":"post-12413","1":"product","2":"type-product","3":"status-publish","4":"has-post-thumbnail","6":"product_cat-dinh-duong","7":"product_cat-gel-nang-luong","8":"product_tag-high5","10":"first","11":"outofstock","12":"shipping-taxable","13":"purchasable","14":"product-type-variable"},"acf":[],"jetpack_sharing_enabled":true,"_links":{"self":[{"href":"https:\/\/hiboostnutrition.com\/en\/wp-json\/wp\/v2\/product\/12413"}],"collection":[{"href":"https:\/\/hiboostnutrition.com\/en\/wp-json\/wp\/v2\/product"}],"about":[{"href":"https:\/\/hiboostnutrition.com\/en\/wp-json\/wp\/v2\/types\/product"}],"replies":[{"embeddable":true,"href":"https:\/\/hiboostnutrition.com\/en\/wp-json\/wp\/v2\/comments?post=12413"}],"version-history":[{"count":2,"href":"https:\/\/hiboostnutrition.com\/en\/wp-json\/wp\/v2\/product\/12413\/revisions"}],"predecessor-version":[{"id":12420,"href":"https:\/\/hiboostnutrition.com\/en\/wp-json\/wp\/v2\/product\/12413\/revisions\/12420"}],"wp:featuredmedia":[{"embeddable":true,"href":"https:\/\/hiboostnutrition.com\/en\/wp-json\/wp\/v2\/media\/12404"}],"wp:attachment":[{"href":"https:\/\/hiboostnutrition.com\/en\/wp-json\/wp\/v2\/media?parent=12413"}],"wp:term":[{"taxonomy":"product_brand","embeddable":true,"href":"https:\/\/hiboostnutrition.com\/en\/wp-json\/wp\/v2\/product_brand?post=12413"},{"taxonomy":"product_cat","embeddable":true,"href":"https:\/\/hiboostnutrition.com\/en\/wp-json\/wp\/v2\/product_cat?post=12413"},{"taxonomy":"product_tag","embeddable":true,"href":"https:\/\/hiboostnutrition.com\/en\/wp-json\/wp\/v2\/product_tag?post=12413"}],"curies":[{"name":"wp","href":"https:\/\/api.w.org\/{rel}","templated":true}]}}