{"id":12398,"date":"2024-04-21T09:27:03","date_gmt":"2024-04-21T02:27:03","guid":{"rendered":"https:\/\/hiboostnutrition.com\/?post_type=product&#038;p=12398"},"modified":"2025-03-17T15:24:06","modified_gmt":"2025-03-17T08:24:06","slug":"high5-energy-gel-refill","status":"publish","type":"product","link":"https:\/\/hiboostnutrition.com\/en\/sanpham\/high5-energy-gel-refill\/","title":{"rendered":"High5 Energy Gel Refill"},"content":{"rendered":"<h2 data-sourcepos=\"1:1-1:69\">HIGH5 Energy Gel Refill: N\u1ea1p n\u0103ng l\u01b0\u1ee3ng &#8211; Gi\u1eef b\u1ec1n b\u1ec9 su\u1ed1t bu\u1ed5i t\u1eadp<\/h2>\n<p data-sourcepos=\"3:1-3:237\"><strong>HIGH5 Energy Gel Refill<\/strong> l\u00e0 gi\u1ea3i ph\u00e1p n\u1ea1p n\u0103ng l\u01b0\u1ee3ng d\u1ea1ng gel tr\u00e1i c\u00e2y th\u01a1m ngon, gi\u00fap duy tr\u00ec s\u1ee9c m\u1ea1nh cho c\u01a1 b\u1eafp trong su\u1ed1t qu\u00e1 tr\u00ecnh luy\u1ec7n t\u1eadp. S\u1ea3n ph\u1ea9m l\u00fd t\u01b0\u1edfng \u0111\u1ec3 gia t\u0103ng n\u0103ng l\u01b0\u1ee3ng t\u1ee9c th\u1eddi, cho ph\u00e9p b\u1ea1n t\u1eadp luy\u1ec7n hi\u1ec7u qu\u1ea3 h\u01a1n!<\/p>\n<p data-sourcepos=\"5:1-5:12\"><strong>\u01afu \u0111i\u1ec3m:<\/strong><\/p>\n<ul data-sourcepos=\"7:1-15:0\">\n<li data-sourcepos=\"7:1-7:80\">N\u1ea1p l\u1ea1i n\u0103ng l\u01b0\u1ee3ng v\u1edbi c\u00f4ng th\u1ee9c khoa h\u1ecdc ch\u1ee9a nhi\u1ec1u carbohydrate, d\u1ec5 h\u1ea5p thu.<\/li>\n<li data-sourcepos=\"8:1-8:112\">Thi\u1ebft k\u1ebf th\u00e2n thi\u1ec7n v\u1edbi m\u00f4i tr\u01b0\u1eddng: Chai chi\u1ebft gel l\u1edbn gi\u00fap b\u1ea1n ti\u1ebft ki\u1ec7m chi ph\u00ed v\u00e0 gi\u1ea3m thi\u1ec3u r\u00e1c th\u1ea3i nh\u1ef1a.<\/li>\n<li data-sourcepos=\"9:1-9:168\">B\u00ecnh \u0111\u1ef1ng gel c\u00f3 th\u1ec3 t\u00e1i s\u1eed d\u1ee5ng: Cho ph\u00e9p b\u1ea1n t\u00f9y ch\u1ec9nh l\u01b0\u1ee3ng carbohydrate n\u1ea1p v\u00e0o v\u00e0 pha lo\u00e3ng gel v\u1edbi n\u01b0\u1edbc theo kh\u1ea9u v\u1ecb. B\u00ecnh d\u1ec5 d\u00e0ng v\u1ec7 sinh v\u00e0 s\u1eed d\u1ee5ng nhi\u1ec1u l\u1ea7n.<\/li>\n<li data-sourcepos=\"10:1-10:61\">C\u00f4ng th\u1ee9c \u0111a d\u1ea1ng carbohydrate: Cung c\u1ea5p n\u0103ng l\u01b0\u1ee3ng b\u1ec1n b\u1ec9.<\/li>\n<li data-sourcepos=\"11:1-11:31\">23g carbohydrate m\u1ed7i g\u00f3i gel.<\/li>\n<li data-sourcepos=\"12:1-12:58\">H\u01b0\u01a1ng v\u1ecb tr\u00e1i c\u00e2y th\u01a1m ngon, m\u1ecbn m\u00e0ng, kh\u00f4ng b\u1ecb v\u00f3n c\u1ee5c.<\/li>\n<li data-sourcepos=\"13:1-13:52\">Kh\u00f4ng ch\u1ee9a ch\u1ea5t t\u1ea1o ng\u1ecdt nh\u00e2n t\u1ea1o, kh\u00f4ng ph\u1ea9m m\u00e0u.<\/li>\n<li data-sourcepos=\"14:1-15:0\">Th\u00edch h\u1ee3p cho ng\u01b0\u1eddi \u0103n chay v\u00e0 thu\u1ea7n chay.<\/li>\n<\/ul>\n<p data-sourcepos=\"16:1-16:23\"><strong>Dung t\u00edch:<\/strong> 550g gel<\/p>\n<p data-sourcepos=\"18:1-18:14\"><strong>C\u00e1ch d\u00f9ng:<\/strong><\/p>\n<ul data-sourcepos=\"20:1-24:0\">\n<li data-sourcepos=\"20:1-20:86\">Chuy\u1ec3n gel t\u1eeb chai\u00a0<strong>HIGH5 Energy Gel Refill<\/strong>\u00a0v\u00e0o b\u00ecnh \u0111\u1ef1ng gel c\u00f3 th\u1ec3 t\u00e1i s\u1eed d\u1ee5ng.<\/li>\n<li data-sourcepos=\"21:1-21:154\">S\u1eed d\u1ee5ng t\u1ed1i \u0111a 3 g\u00f3i gel (kho\u1ea3ng 60g carbohydrate) m\u1ed7i gi\u1edd trong khi t\u1eadp luy\u1ec7n, c\u00f3 th\u1ec3 \u0111i\u1ec1u ch\u1ec9nh li\u1ec1u l\u01b0\u1ee3ng n\u1ebfu b\u1ea1n c\u0169ng \u0111ang s\u1eed d\u1ee5ng \u0111\u1ed3 u\u1ed1ng th\u1ec3 thao.<\/li>\n<li data-sourcepos=\"22:1-22:105\">Gi\u1eef c\u01a1 th\u1ec3 \u0111\u1ee7 n\u01b0\u1edbc trong khi t\u1eadp luy\u1ec7n. N\u00ean s\u1eed d\u1ee5ng s\u1ea3n ph\u1ea9m n\u00e0y c\u00f9ng v\u1edbi n\u01b0\u1edbc \u0111i\u1ec7n gi\u1ea3i ZERO t\u1eeb HIGH5.<\/li>\n<li data-sourcepos=\"23:1-24:0\">B\u1ea3o qu\u1ea3n l\u1ea1nh sau khi m\u1edf n\u1eafp v\u00e0 s\u1eed d\u1ee5ng trong v\u00f2ng 6 tu\u1ea7n.<\/li>\n<\/ul>\n<p data-sourcepos=\"25:1-25:10\"><strong>Note:<\/strong><\/p>\n<ul data-sourcepos=\"27:1-27:72\">\n<li data-sourcepos=\"27:1-27:72\"><strong>HIGH5 Energy Gel<\/strong>\u00a0\u0111\u01b0\u1ee3c thi\u1ebft k\u1ebf \u0111\u1ec3 s\u1eed d\u1ee5ng TR\u01af\u1edaC v\u00e0 TRONG BA\u0300I T\u1eacP.<\/li>\n<\/ul>","protected":false},"excerpt":{"rendered":"<p>HIGH5 Energy Gel Refill: N\u1ea1p n\u0103ng l\u01b0\u1ee3ng &#8211; Gi\u1eef b\u1ec1n b\u1ec9 su\u1ed1t bu\u1ed5i t\u1eadp HIGH5 Energy Gel Refill l\u00e0 gi\u1ea3i<\/p>","protected":false},"featured_media":12402,"comment_status":"open","ping_status":"closed","template":"","meta":{"_acf_changed":false,"_monsterinsights_skip_tracking":false,"_monsterinsights_sitenote_active":false,"_monsterinsights_sitenote_note":"","_monsterinsights_sitenote_category":0},"product_brand":[],"product_cat":[103,71],"product_tag":[108],"class_list":{"0":"post-12398","1":"product","2":"type-product","3":"status-publish","4":"has-post-thumbnail","6":"product_cat-dinh-duong","7":"product_cat-gel-nang-luong","8":"product_tag-high5","10":"first","11":"outofstock","12":"shipping-taxable","13":"purchasable","14":"product-type-variable"},"acf":[],"jetpack_sharing_enabled":true,"_links":{"self":[{"href":"https:\/\/hiboostnutrition.com\/en\/wp-json\/wp\/v2\/product\/12398"}],"collection":[{"href":"https:\/\/hiboostnutrition.com\/en\/wp-json\/wp\/v2\/product"}],"about":[{"href":"https:\/\/hiboostnutrition.com\/en\/wp-json\/wp\/v2\/types\/product"}],"replies":[{"embeddable":true,"href":"https:\/\/hiboostnutrition.com\/en\/wp-json\/wp\/v2\/comments?post=12398"}],"version-history":[{"count":2,"href":"https:\/\/hiboostnutrition.com\/en\/wp-json\/wp\/v2\/product\/12398\/revisions"}],"predecessor-version":[{"id":12412,"href":"https:\/\/hiboostnutrition.com\/en\/wp-json\/wp\/v2\/product\/12398\/revisions\/12412"}],"wp:featuredmedia":[{"embeddable":true,"href":"https:\/\/hiboostnutrition.com\/en\/wp-json\/wp\/v2\/media\/12402"}],"wp:attachment":[{"href":"https:\/\/hiboostnutrition.com\/en\/wp-json\/wp\/v2\/media?parent=12398"}],"wp:term":[{"taxonomy":"product_brand","embeddable":true,"href":"https:\/\/hiboostnutrition.com\/en\/wp-json\/wp\/v2\/product_brand?post=12398"},{"taxonomy":"product_cat","embeddable":true,"href":"https:\/\/hiboostnutrition.com\/en\/wp-json\/wp\/v2\/product_cat?post=12398"},{"taxonomy":"product_tag","embeddable":true,"href":"https:\/\/hiboostnutrition.com\/en\/wp-json\/wp\/v2\/product_tag?post=12398"}],"curies":[{"name":"wp","href":"https:\/\/api.w.org\/{rel}","templated":true}]}}