{"id":12346,"date":"2025-01-09T08:50:27","date_gmt":"2025-01-09T01:50:27","guid":{"rendered":"https:\/\/hiboostnutrition.com\/?post_type=product&#038;p=12346"},"modified":"2025-10-15T18:17:58","modified_gmt":"2025-10-15T11:17:58","slug":"adapted-keto-k1000-unflavored-225g","status":"publish","type":"product","link":"https:\/\/hiboostnutrition.com\/en\/sanpham\/adapted-keto-k1000-unflavored-225g\/","title":{"rendered":"ADAPTED Keto K1000 &#8211; Unflavored (225g)"},"content":{"rendered":"<h2 data-sourcepos=\"1:1-1:53\">Keto K1000: B\u1ed9t \u0110i\u1ec7n Gi\u1ea3i Ho\u00e0n h\u1ea3o cho Ch\u1ebf \u0110\u1ed9 Keto<\/h2>\n<p data-sourcepos=\"3:1-3:268\"><strong>Keto K1000<\/strong> l\u00e0 b\u1ed9t \u0111i\u1ec7n gi\u1ea3i v\u1edbi t\u1ef7 l\u1ec7 ho\u00e0n h\u1ea3o, kh\u00f4ng ch\u1ee9a \u0111\u01b0\u1eddng v\u00e0 maltodextrin, gi\u00fap h\u1ed7 tr\u1ee3 qu\u00e1 tr\u00ecnh hydrat h\u00f3a, ph\u1ee5c h\u1ed3i c\u01a1 b\u1eafp v\u00e0 duy tr\u00ec n\u0103ng l\u01b0\u1ee3ng cho nh\u1eefng ng\u01b0\u1eddi t\u1eadp th\u1ec3 d\u1ee5c, \u0103n chay theo ch\u1ebf \u0111\u1ed9 gi\u00e1n \u0111o\u1ea1n (intermittent fasting) ho\u1eb7c theo ch\u1ebf \u0111\u1ed9 \u0103n \u00edt carb.<\/p>\n<p data-sourcepos=\"5:1-5:39\"><strong>Keto K1000 d\u00e0nh cho ai?<\/strong><\/p>\n<p data-sourcepos=\"7:1-7:694\">Keto K1000 \u0111\u01b0\u1ee3c thi\u1ebft k\u1ebf d\u00e0nh ri\u00eang cho ng\u01b0\u1eddi \u0103n theo ch\u1ebf \u0111\u1ed9 Keto v\u00e0 c\u00f3 th\u1ec3 l\u00e0 lo\u1ea1i b\u1ed9t \u0111i\u1ec7n gi\u1ea3i ch\u1ee9a h\u00e0m l\u01b0\u1ee3ng Kali** cao nh\u1ea5t** hi\u1ec7n c\u00f3. K1000 gi\u00fap b\u00f9 n\u01b0\u1edbc hi\u1ec7u qu\u1ea3, t\u0103ng s\u1ee9c b\u1ec1n, ng\u0103n ng\u1eeba chu\u1ed9t r\u00fat v\u00e0 h\u1ed7 tr\u1ee3 gi\u1ea3m tri\u1ec7u ch\u1ee9ng Keto flu (h\u1ed9i ch\u1ee9ng c\u00fam Keto)! \u01afu \u0111i\u1ec3m n\u1ed5i b\u1eadt c\u1ee7a s\u1ea3n ph\u1ea9m l\u00e0 KH\u00d4NG CH\u1ee8A maltodextrin ho\u1eb7c \u0111\u01b0\u1eddng &#8211; ch\u1ec9 cung c\u1ea5p c\u00e1c ch\u1ea5t \u0111i\u1ec7n gi\u1ea3i kh\u00f4ng m\u00f9i, kh\u00f4ng ch\u1ee9a stevia. Maltodextrin l\u00e0 b\u1ed9t tr\u1eafng \u0111\u01b0\u1ee3c l\u00e0m t\u1eeb ng\u00f4, g\u1ea1o, tinh b\u1ed9t khoai t\u00e2y ho\u1eb7c l\u00faa m\u00ec. Tuy nhi\u00ean, ch\u1ec9 s\u1ed1 \u0111\u01b0\u1eddng huy\u1ebft c\u1ee7a maltodextrin c\u00f2n cao h\u01a1n c\u1ea3 \u0111\u01b0\u1eddng \u0103n (kho\u1ea3ng t\u1eeb 106 \u0111\u1ebfn 136). \u0110i\u1ec1u n\u00e0y c\u00f3 ngh\u0129a l\u00e0 n\u00f3 c\u00f3 th\u1ec3 l\u00e0m t\u0103ng l\u01b0\u1ee3ng \u0111\u01b0\u1eddng trong m\u00e1u c\u1ee7a b\u1ea1n r\u1ea5t nhanh. Keto K1000 ho\u00e0n to\u00e0n kh\u00f4ng ch\u1ee9a maltodextrin.<\/p>\n<p data-sourcepos=\"9:1-9:39\"><strong>L\u1ee3i \u00edch c\u1ee7a Keto K1000 :<\/strong><\/p>\n<ul data-sourcepos=\"11:1-14:313\">\n<li data-sourcepos=\"11:1-11:133\"><strong>DINH D\u01b0\u1ee1ng TO\u00c0N DI\u1ec6N:<\/strong>\u00a0B\u1ed9t \u0111i\u1ec7n gi\u1ea3i kh\u00f4ng m\u00f9i, b\u1ed5 sung \u0111\u1ea7y \u0111\u1ee7 kho\u00e1ng ch\u1ea5t v\u00e0 c\u00e1c nguy\u00ean t\u1ed1 vi l\u01b0\u1ee3ng, v\u1edbi 1000mg Kali m\u1ed7i l\u1ea7n d\u00f9ng.<\/li>\n<li data-sourcepos=\"12:1-12:106\"><strong>KH\u00d4NG CH\u1ea4T PH\u1ee4 GIA:<\/strong>\u00a0KH\u00d4NG ch\u1ee9a \u0111\u01b0\u1eddng, calo, maltodextrin, th\u00e0nh ph\u1ea7n bi\u1ebfn \u0111\u1ed5i gen (GMO) ho\u1eb7c gluten!<\/li>\n<li data-sourcepos=\"13:1-13:202\"><strong>B\u00d9 N\u01af\u1edaC T\u1ed0I \u01afU &#8211; N\u0102NG L\u01af\u1ee2NG T\u1ebe B\u00c0O:<\/strong>\u00a0\u0110i\u1ec7n gi\u1ea3i c\u1ea7n thi\u1ebft cho n\u0103ng l\u01b0\u1ee3ng t\u1ebf b\u00e0o, ch\u1ee9c n\u0103ng c\u01a1 v\u00e0 th\u1ea7n kinh. S\u1ea3n ph\u1ea9m n\u00e0y gi\u00fap b\u1ea1n b\u1ed5 sung v\u00e0 ph\u1ee5c h\u1ed3i n\u0103ng l\u01b0\u1ee3ng t\u1ebf b\u00e0o \u0111\u1ec3 duy tr\u00ec tr\u1ea1ng th\u00e1i \u0111\u1ee7 n\u01b0\u1edbc.<\/li>\n<li data-sourcepos=\"14:1-14:313\"><strong>GI\u00c0U KALI:<\/strong>\u00a0B\u1ed9t \u0111i\u1ec7n gi\u1ea3i h\u00f2a tan, ho\u00e0n ch\u1ec9nh v\u00e0 c\u00e2n b\u1eb1ng n\u00e0y cung c\u1ea5p 1000mg Kali m\u1ed7i kh\u1ea9u ph\u1ea7n. C\u01a1 th\u1ec3 ch\u00fang ta c\u1ea7n 4.700 mg kali citrat m\u1ed7i ng\u00e0y v\u00e0 nhi\u1ec1u ng\u01b0\u1eddi ch\u1ec9 nh\u1eadn \u0111\u01b0\u1ee3c m\u1ed9t ph\u1ea7n nh\u1ecf l\u01b0\u1ee3ng n\u00e0y t\u1eeb ch\u1ebf \u0111\u1ed9 \u0103n u\u1ed1ng. B\u00ean c\u1ea1nh \u0111\u00f3, b\u1ea1n c\u0169ng s\u1ebd nh\u1eadn \u0111\u01b0\u1ee3c c\u00e1c ch\u1ea5t \u0111i\u1ec7n gi\u1ea3i quan tr\u1ecdng kh\u00e1c v\u1edbi t\u1ef7 l\u1ec7 ho\u00e0n h\u1ea3o.<\/li>\n<\/ul>","protected":false},"excerpt":{"rendered":"<p>Keto K1000: B\u1ed9t \u0110i\u1ec7n Gi\u1ea3i Ho\u00e0n h\u1ea3o cho Ch\u1ebf \u0110\u1ed9 Keto Keto K1000 l\u00e0 b\u1ed9t \u0111i\u1ec7n gi\u1ea3i v\u1edbi t\u1ef7 l\u1ec7<\/p>","protected":false},"featured_media":12343,"comment_status":"open","ping_status":"closed","template":"","meta":{"_acf_changed":false,"_monsterinsights_skip_tracking":false,"_monsterinsights_sitenote_active":false,"_monsterinsights_sitenote_note":"","_monsterinsights_sitenote_category":0},"product_brand":[],"product_cat":[123,185,110],"product_tag":[183],"class_list":{"0":"post-12346","1":"product","2":"type-product","3":"status-publish","4":"has-post-thumbnail","6":"product_cat-khoang-chat-dien-giai","7":"product_cat-sale","8":"product_cat-thuc-pham-bo-sung","9":"product_tag-adapted","11":"first","12":"outofstock","13":"sale","14":"shipping-taxable","15":"purchasable","16":"product-type-variable"},"acf":[],"jetpack_sharing_enabled":true,"_links":{"self":[{"href":"https:\/\/hiboostnutrition.com\/en\/wp-json\/wp\/v2\/product\/12346"}],"collection":[{"href":"https:\/\/hiboostnutrition.com\/en\/wp-json\/wp\/v2\/product"}],"about":[{"href":"https:\/\/hiboostnutrition.com\/en\/wp-json\/wp\/v2\/types\/product"}],"replies":[{"embeddable":true,"href":"https:\/\/hiboostnutrition.com\/en\/wp-json\/wp\/v2\/comments?post=12346"}],"version-history":[{"count":1,"href":"https:\/\/hiboostnutrition.com\/en\/wp-json\/wp\/v2\/product\/12346\/revisions"}],"predecessor-version":[{"id":12351,"href":"https:\/\/hiboostnutrition.com\/en\/wp-json\/wp\/v2\/product\/12346\/revisions\/12351"}],"wp:featuredmedia":[{"embeddable":true,"href":"https:\/\/hiboostnutrition.com\/en\/wp-json\/wp\/v2\/media\/12343"}],"wp:attachment":[{"href":"https:\/\/hiboostnutrition.com\/en\/wp-json\/wp\/v2\/media?parent=12346"}],"wp:term":[{"taxonomy":"product_brand","embeddable":true,"href":"https:\/\/hiboostnutrition.com\/en\/wp-json\/wp\/v2\/product_brand?post=12346"},{"taxonomy":"product_cat","embeddable":true,"href":"https:\/\/hiboostnutrition.com\/en\/wp-json\/wp\/v2\/product_cat?post=12346"},{"taxonomy":"product_tag","embeddable":true,"href":"https:\/\/hiboostnutrition.com\/en\/wp-json\/wp\/v2\/product_tag?post=12346"}],"curies":[{"name":"wp","href":"https:\/\/api.w.org\/{rel}","templated":true}]}}