{"id":12331,"date":"2024-04-20T09:42:00","date_gmt":"2024-04-20T02:42:00","guid":{"rendered":"https:\/\/hiboostnutrition.com\/?post_type=product&#038;p=12331"},"modified":"2024-05-05T12:02:13","modified_gmt":"2024-05-05T05:02:13","slug":"namedsport-whey-protein-dream-choco-mousse","status":"publish","type":"product","link":"https:\/\/hiboostnutrition.com\/en\/sanpham\/namedsport-whey-protein-dream-choco-mousse\/","title":{"rendered":"NAMEDSPORT Whey Protein Dream &#8211; Choco Mousse (800g)"},"content":{"rendered":"<h2 data-sourcepos=\"1:1-1:54\">Whey Protein Dream: B\u1ed5 Sung Protein T\u0103ng C\u01a1 Gi\u1ea3m M\u1ee1<\/h2>\n<p data-sourcepos=\"3:1-3:226\"><strong>Whey Protein Dream<\/strong>\u00a0l\u00e0 s\u1ea3n ph\u1ea9m b\u1ed5 sung dinh d\u01b0\u1ee1ng ch\u1ee9a 70% protein whey c\u00f4 \u0111\u1eb7c (WPC 70) v\u00e0 protein g\u1ea1o \u00edt b\u00e9o. S\u1ea3n ph\u1ea9m \u0111\u01b0\u1ee3c t\u0103ng c\u01b0\u1eddng c\u00e1c axit amin sinh \u0111\u01b0\u1eddng, vitamin nh\u00f3m B, vitamin C v\u00e0 E, c\u00f9ng enzyme h\u1ed7 tr\u1ee3 ti\u00eau h\u00f3a.<\/p>\n<p data-sourcepos=\"5:1-5:12\"><strong>\u01afu \u0111i\u1ec3m:<\/strong><\/p>\n<ul data-sourcepos=\"7:1-12:0\">\n<li data-sourcepos=\"7:1-7:45\">K\u1ebft h\u1ee3p protein whey c\u00f4 \u0111\u1eb7c v\u00e0 protein g\u1ea1o.<\/li>\n<li data-sourcepos=\"8:1-8:72\">Ch\u1ee9a c\u00e1c axit amin sinh \u0111\u01b0\u1eddng (Lysine, Glycine v\u00e0 Alanine) v\u00e0 vitamin.<\/li>\n<li data-sourcepos=\"9:1-9:54\">Vitamin nh\u00f3m B gi\u00fap gi\u1ea3m m\u1ec7t m\u1ecfi v\u00e0 ch\u1ed1ng suy nh\u01b0\u1ee3c.<\/li>\n<li data-sourcepos=\"10:1-10:43\">Protein h\u1ed7 tr\u1ee3 duy tr\u00ec kh\u1ed1i l\u01b0\u1ee3ng c\u01a1 b\u1eafp.<\/li>\n<li data-sourcepos=\"11:1-12:0\">C\u00f4ng th\u1ee9c b\u1ed5 sung ph\u1ee9c h\u1ee3p enzyme \u0111\u1eb7c bi\u1ec7t t\u1eeb ngu\u1ed3n th\u1ef1c v\u1eadt.<\/li>\n<\/ul>\n<p data-sourcepos=\"13:1-13:14\"><strong>C\u00e1ch d\u00f9ng:<\/strong><\/p>\n<ul data-sourcepos=\"15:1-18:0\">\n<li data-sourcepos=\"15:1-15:69\">H\u00f2a tan 30g (2 mu\u1ed7ng) v\u1edbi 200-250ml n\u01b0\u1edbc, s\u1eefa ho\u1eb7c th\u1ee9c u\u1ed1ng kh\u00e1c.<\/li>\n<li data-sourcepos=\"16:1-16:60\">S\u1eed d\u1ee5ng 1 l\u1ea7n m\u1ed7i ng\u00e0y, t\u1ed1t nh\u1ea5t l\u00e0 gi\u1eefa c\u00e1c b\u1eefa \u0103n ch\u00ednh.<\/li>\n<li data-sourcepos=\"17:1-18:0\">Th\u1eddi \u0111i\u1ec3m: Tr\u01b0\u1edbc ho\u1eb7c sau khi t\u1eadp luy\u1ec7n.<\/li>\n<\/ul>\n<p data-sourcepos=\"19:1-19:24\"><strong>\u0110\u1eb7c \u0111i\u1ec3m dinh d\u01b0\u1ee1ng:<\/strong><\/p>\n<ul data-sourcepos=\"21:1-24:0\">\n<li data-sourcepos=\"21:1-21:19\">Kh\u00f4ng ch\u1ee9a Gluten<\/li>\n<li data-sourcepos=\"22:1-22:22\">Ch\u1ee9a Enzyme ti\u00eau h\u00f3a<\/li>\n<li data-sourcepos=\"23:1-24:0\">Ch\u1ee9a Vitamin<\/li>\n<\/ul>\n<p data-sourcepos=\"25:1-25:10\"><strong>Note:<\/strong><\/p>\n<ul data-sourcepos=\"27:1-28:97\">\n<li data-sourcepos=\"27:1-27:265\">Kh\u00f4ng v\u01b0\u1ee3t qu\u00e1 li\u1ec1u d\u00f9ng khuy\u1ebfn c\u00e1o m\u1ed7i ng\u00e0y. Th\u1ef1c ph\u1ea9m b\u1ed5 sung kh\u00f4ng n\u00ean \u0111\u01b0\u1ee3c s\u1eed d\u1ee5ng thay th\u1ebf cho ch\u1ebf \u0111\u1ed9 \u0103n u\u1ed1ng \u0111a d\u1ea1ng, c\u00e2n b\u1eb1ng v\u00e0 l\u1ed1i s\u1ed1ng l\u00e0nh m\u1ea1nh. \u0110\u1ec3 xa t\u1ea7m tay tr\u1ebb em. Kh\u00f4ng d\u00f9ng cho tr\u1ebb em, ph\u1ee5 n\u1eef mang thai ho\u1eb7c \u0111ang cho con b\u00fa. Ch\u1ec9 d\u00e0nh cho ng\u01b0\u1eddi l\u1edbn.<\/li>\n<li data-sourcepos=\"28:1-28:97\">\u0110i\u1ec1u ki\u1ec7n b\u1ea3o qu\u1ea3n: B\u1ea3o qu\u1ea3n n\u01a1i kh\u00f4 r\u00e1o, tho\u00e1ng m\u00e1t. Tr\u00e1nh nhi\u1ec7t \u0111\u1ed9 cao v\u00e0 \u00e1nh n\u1eafng tr\u1ef1c ti\u1ebfp.<\/li>\n<\/ul>\n<div id=\"gtx-trans\" style=\"position: absolute;left: 105px;top: 58.5px\">\n<div class=\"gtx-trans-icon\"><\/div>\n<\/div>","protected":false},"excerpt":{"rendered":"<p>Whey Protein Dream: B\u1ed5 Sung Protein T\u0103ng C\u01a1 Gi\u1ea3m M\u1ee1 Whey Protein Dream\u00a0l\u00e0 s\u1ea3n ph\u1ea9m b\u1ed5 sung dinh d\u01b0\u1ee1ng ch\u1ee9a<\/p>","protected":false},"featured_media":12333,"comment_status":"open","ping_status":"closed","template":"","meta":{"_acf_changed":false,"_monsterinsights_skip_tracking":false,"_monsterinsights_sitenote_active":false,"_monsterinsights_sitenote_note":"","_monsterinsights_sitenote_category":0},"product_brand":[],"product_cat":[110],"product_tag":[182],"class_list":{"0":"post-12331","1":"product","2":"type-product","3":"status-publish","4":"has-post-thumbnail","6":"product_cat-thuc-pham-bo-sung","7":"product_tag-namedsport","9":"first","10":"outofstock","11":"shipping-taxable","12":"purchasable","13":"product-type-simple"},"acf":[],"jetpack_sharing_enabled":true,"_links":{"self":[{"href":"https:\/\/hiboostnutrition.com\/en\/wp-json\/wp\/v2\/product\/12331"}],"collection":[{"href":"https:\/\/hiboostnutrition.com\/en\/wp-json\/wp\/v2\/product"}],"about":[{"href":"https:\/\/hiboostnutrition.com\/en\/wp-json\/wp\/v2\/types\/product"}],"replies":[{"embeddable":true,"href":"https:\/\/hiboostnutrition.com\/en\/wp-json\/wp\/v2\/comments?post=12331"}],"version-history":[{"count":2,"href":"https:\/\/hiboostnutrition.com\/en\/wp-json\/wp\/v2\/product\/12331\/revisions"}],"predecessor-version":[{"id":12639,"href":"https:\/\/hiboostnutrition.com\/en\/wp-json\/wp\/v2\/product\/12331\/revisions\/12639"}],"wp:featuredmedia":[{"embeddable":true,"href":"https:\/\/hiboostnutrition.com\/en\/wp-json\/wp\/v2\/media\/12333"}],"wp:attachment":[{"href":"https:\/\/hiboostnutrition.com\/en\/wp-json\/wp\/v2\/media?parent=12331"}],"wp:term":[{"taxonomy":"product_brand","embeddable":true,"href":"https:\/\/hiboostnutrition.com\/en\/wp-json\/wp\/v2\/product_brand?post=12331"},{"taxonomy":"product_cat","embeddable":true,"href":"https:\/\/hiboostnutrition.com\/en\/wp-json\/wp\/v2\/product_cat?post=12331"},{"taxonomy":"product_tag","embeddable":true,"href":"https:\/\/hiboostnutrition.com\/en\/wp-json\/wp\/v2\/product_tag?post=12331"}],"curies":[{"name":"wp","href":"https:\/\/api.w.org\/{rel}","templated":true}]}}