{"id":12320,"date":"2024-12-23T09:36:23","date_gmt":"2024-12-23T02:36:23","guid":{"rendered":"https:\/\/hiboostnutrition.com\/?post_type=product&#038;p=12320"},"modified":"2026-01-05T17:59:01","modified_gmt":"2026-01-05T10:59:01","slug":"namedsport-total-energy-strong-gel-40ml","status":"publish","type":"product","link":"https:\/\/hiboostnutrition.com\/en\/sanpham\/namedsport-total-energy-strong-gel-40ml\/","title":{"rendered":"NAMEDSPORT Total Energy Strong Gel (40ml)"},"content":{"rendered":"<h2 data-sourcepos=\"1:1-1:76\">NAMEDSPORT Total Energy Strong Gel: N\u0103ng L\u01b0\u1ee3ng D\u1ed3i D\u00e0o &#8211; B\u1ee9t Ph\u00e1 Gi\u1edbi H\u1ea1n<\/h2>\n<p data-sourcepos=\"3:1-3:557\"><strong>NAMEDSPORT Total Energy Strong Gel<\/strong> l\u00e0 gel cung c\u1ea5p n\u0103ng l\u01b0\u1ee3ng v\u1edbi c\u00f4ng th\u1ee9c gi\u00e0u Caffeine, Taurine v\u00e0 Guarana, gi\u00fap tinh th\u1ea7n t\u1ec9nh t\u00e1o t\u1ee9c th\u00ec. S\u1ea3n ph\u1ea9m ch\u1ee9a Maltodextrin \u0111a d\u1ea1ng t\u1ed1c \u0111\u1ed9 h\u1ea5p th\u1ee5 (D.E.: 9,19) c\u00f9ng Dextrose, Fructose, b\u1ed5 sung th\u00eam kho\u00e1ng ch\u1ea5t thi\u1ebft y\u1ebfu. S\u1ef1 k\u1ebft h\u1ee3p c\u00e2n b\u1eb1ng gi\u1eefa c\u00e1c lo\u1ea1i carbohydrate v\u1edbi t\u1ed1c \u0111\u1ed9 h\u1ea5p th\u1ee5 kh\u00e1c nhau \u0111\u1ea3m b\u1ea3o gi\u1ea3i ph\u00f3ng n\u0103ng l\u01b0\u1ee3ng li\u00ean t\u1ee5c v\u00e0 b\u1ec1n v\u1eefng. Ngo\u00e0i ra, gel c\u00f2n \u0111\u01b0\u1ee3c t\u0103ng c\u01b0\u1eddng Natri v\u00e0 Kali. Total Energy Strong Gel \u0111\u1eb7c bi\u1ec7t ph\u00f9 h\u1ee3p cho c\u00e1c m\u00f4n th\u1ec3 thao \u0111\u00f2i h\u1ecfi s\u1ee9c b\u1ec1n cao v\u00e0 c\u01b0\u1eddng \u0111\u1ed9 t\u1eadp luy\u1ec7n l\u1edbn.<\/p>\n<p data-sourcepos=\"5:1-5:12\"><strong>\u01afu \u0111i\u1ec3m:<\/strong><\/p>\n<ul data-sourcepos=\"7:1-15:0\">\n<li data-sourcepos=\"7:1-7:36\">T\u0103ng c\u01b0\u1eddng tinh th\u1ea7n ngay l\u1eadp t\u1ee9c.<\/li>\n<li data-sourcepos=\"8:1-8:49\">Th\u00edch h\u1ee3p cho c\u00e1c m\u00f4n th\u1ec3 thao \u0111\u00f2i h\u1ecfi s\u1ee9c b\u1ec1n.<\/li>\n<li data-sourcepos=\"9:1-9:56\">Maltodextrin gi\u1ea3i ph\u00f3ng n\u0103ng l\u01b0\u1ee3ng t\u1eeb t\u1eeb (D.E.: 9,19).<\/li>\n<li data-sourcepos=\"10:1-10:34\">Ph\u1ee5c h\u1ed3i n\u0103ng l\u01b0\u1ee3ng nhanh ch\u00f3ng.<\/li>\n<li data-sourcepos=\"11:1-11:40\">C\u00f4ng th\u1ee9c b\u1ed5 sung Caffeine v\u00e0 Taurine.<\/li>\n<li data-sourcepos=\"12:1-12:40\">Guarana h\u1ed7 tr\u1ee3 duy tr\u00ec m\u1ee9c n\u0103ng l\u01b0\u1ee3ng.<\/li>\n<li data-sourcepos=\"13:1-13:42\">L\u00fd t\u01b0\u1edfng \u0111\u1ec3 s\u1eed d\u1ee5ng trong khi t\u1eadp luy\u1ec7n.<\/li>\n<li data-sourcepos=\"14:1-15:0\">Cung c\u1ea5p n\u0103ng l\u01b0\u1ee3ng cho n\u01b0\u1edbc r\u00fat cu\u1ed1i c\u00f9ng.<\/li>\n<\/ul>\n<p data-sourcepos=\"16:1-16:14\"><strong>C\u00e1ch d\u00f9ng:<\/strong><\/p>\n<ul data-sourcepos=\"18:1-20:0\">\n<li data-sourcepos=\"18:1-18:49\">1 g\u00f3i m\u1ed7i ng\u00e0y, tr\u01b0\u1edbc ho\u1eb7c trong khi t\u1eadp luy\u1ec7n.<\/li>\n<li data-sourcepos=\"19:1-20:0\">Th\u1eddi \u0111i\u1ec3m: Trong khi t\u1eadp luy\u1ec7n.<\/li>\n<\/ul>\n<p data-sourcepos=\"21:1-21:24\"><strong>\u0110\u1eb7c \u0111i\u1ec3m dinh d\u01b0\u1ee1ng:<\/strong><\/p>\n<ul data-sourcepos=\"23:1-31:0\">\n<li data-sourcepos=\"23:1-23:27\">Cung c\u1ea5p n\u0103ng l\u01b0\u1ee3ng nhanh<\/li>\n<li data-sourcepos=\"24:1-24:19\">Kh\u00f4ng ch\u1ee9a Gluten<\/li>\n<li data-sourcepos=\"25:1-25:20\">H\u01b0\u01a1ng v\u1ecb tuy\u1ec7t v\u1eddi<\/li>\n<li data-sourcepos=\"26:1-26:20\">Kh\u00f4ng ch\u1ee9a Lactose<\/li>\n<li data-sourcepos=\"27:1-27:29\">Gi\u1ea3i ph\u00f3ng n\u0103ng l\u01b0\u1ee3ng t\u1eeb t\u1eeb<\/li>\n<li data-sourcepos=\"28:1-28:29\">Th\u00edch h\u1ee3p cho ng\u01b0\u1eddi \u0103n chay<\/li>\n<li data-sourcepos=\"29:1-29:36\">Th\u00edch h\u1ee3p cho ng\u01b0\u1eddi \u0103n chay tr\u01b0\u1eddng<\/li>\n<li data-sourcepos=\"30:1-31:0\">Ch\u1ee9a Caffeine<\/li>\n<\/ul>\n<p data-sourcepos=\"32:1-32:10\"><strong>Note:<\/strong><\/p>\n<ul data-sourcepos=\"34:1-34:442\">\n<li data-sourcepos=\"34:1-34:442\">Th\u1ef1c ph\u1ea9m b\u1ed5 sung kh\u00f4ng nh\u1eb1m thay th\u1ebf cho ch\u1ebf \u0111\u1ed9 \u0103n u\u1ed1ng \u0111a d\u1ea1ng, c\u00e2n b\u1eb1ng v\u00e0 l\u1ed1i s\u1ed1ng l\u00e0nh m\u1ea1nh. Kh\u00f4ng d\u00f9ng cho ph\u1ee5 n\u1eef mang thai. Kh\u00f4ng d\u00f9ng cho tr\u1ebb em. Kh\u00f4ng s\u1eed d\u1ee5ng trong th\u1eddi gian d\u00e0i m\u00e0 kh\u00f4ng c\u00f3 t\u01b0 v\u1ea5n y t\u1ebf. Kh\u00f4ng v\u01b0\u1ee3t qu\u00e1 li\u1ec1u d\u00f9ng khuy\u1ebfn c\u00e1o m\u1ed7i ng\u00e0y. \u0110\u1ec3 xa t\u1ea7m tay tr\u1ebb em. B\u1ea3o qu\u1ea3n n\u01a1i kh\u00f4 r\u00e1o, tho\u00e1ng m\u00e1t. Ng\u00e0y h\u1ebft h\u1ea1n s\u1eed d\u1ee5ng \u0111\u01b0\u1ee3c in tr\u00ean bao b\u00ec s\u1ea3n ph\u1ea9m ch\u01b0a m\u1edf. KH\u00d4NG N\u00caN V\u01af\u1ee2T QU\u00c1 400 MG CAFFEINE T\u1eea T\u1ea4T C\u1ea2 C\u00c1C NGU\u1ed2N TRONG NG\u00c0Y.<\/li>\n<\/ul>","protected":false},"excerpt":{"rendered":"<p>NAMEDSPORT Total Energy Strong Gel: N\u0103ng L\u01b0\u1ee3ng D\u1ed3i D\u00e0o &#8211; B\u1ee9t Ph\u00e1 Gi\u1edbi H\u1ea1n NAMEDSPORT Total Energy Strong Gel l\u00e0<\/p>","protected":false},"featured_media":12326,"comment_status":"open","ping_status":"closed","template":"","meta":{"_acf_changed":false,"_monsterinsights_skip_tracking":false,"_monsterinsights_sitenote_active":false,"_monsterinsights_sitenote_note":"","_monsterinsights_sitenote_category":0},"product_brand":[],"product_cat":[71,103,185],"product_tag":[182],"class_list":{"0":"post-12320","1":"product","2":"type-product","3":"status-publish","4":"has-post-thumbnail","6":"product_cat-gel-nang-luong","7":"product_cat-dinh-duong","8":"product_cat-sale","9":"product_tag-namedsport","11":"first","12":"outofstock","13":"sale","14":"shipping-taxable","15":"purchasable","16":"product-type-variable","17":"has-default-attributes"},"acf":[],"jetpack_sharing_enabled":true,"_links":{"self":[{"href":"https:\/\/hiboostnutrition.com\/en\/wp-json\/wp\/v2\/product\/12320"}],"collection":[{"href":"https:\/\/hiboostnutrition.com\/en\/wp-json\/wp\/v2\/product"}],"about":[{"href":"https:\/\/hiboostnutrition.com\/en\/wp-json\/wp\/v2\/types\/product"}],"replies":[{"embeddable":true,"href":"https:\/\/hiboostnutrition.com\/en\/wp-json\/wp\/v2\/comments?post=12320"}],"version-history":[{"count":2,"href":"https:\/\/hiboostnutrition.com\/en\/wp-json\/wp\/v2\/product\/12320\/revisions"}],"predecessor-version":[{"id":12535,"href":"https:\/\/hiboostnutrition.com\/en\/wp-json\/wp\/v2\/product\/12320\/revisions\/12535"}],"wp:featuredmedia":[{"embeddable":true,"href":"https:\/\/hiboostnutrition.com\/en\/wp-json\/wp\/v2\/media\/12326"}],"wp:attachment":[{"href":"https:\/\/hiboostnutrition.com\/en\/wp-json\/wp\/v2\/media?parent=12320"}],"wp:term":[{"taxonomy":"product_brand","embeddable":true,"href":"https:\/\/hiboostnutrition.com\/en\/wp-json\/wp\/v2\/product_brand?post=12320"},{"taxonomy":"product_cat","embeddable":true,"href":"https:\/\/hiboostnutrition.com\/en\/wp-json\/wp\/v2\/product_cat?post=12320"},{"taxonomy":"product_tag","embeddable":true,"href":"https:\/\/hiboostnutrition.com\/en\/wp-json\/wp\/v2\/product_tag?post=12320"}],"curies":[{"name":"wp","href":"https:\/\/api.w.org\/{rel}","templated":true}]}}