{"id":12309,"date":"2024-12-20T09:24:38","date_gmt":"2024-12-20T02:24:38","guid":{"rendered":"https:\/\/hiboostnutrition.com\/?post_type=product&#038;p=12309"},"modified":"2025-03-11T12:37:44","modified_gmt":"2025-03-11T05:37:44","slug":"namedsport-total-energy-rush","status":"publish","type":"product","link":"https:\/\/hiboostnutrition.com\/en\/sanpham\/namedsport-total-energy-rush\/","title":{"rendered":"NAMEDSPORT Total Energy Rush (60 Vi\u00ean)"},"content":{"rendered":"<h2 data-sourcepos=\"1:1-1:66\">NAMEDSPORT Total Energy Rush: B\u1ee9t ph\u00e1 N\u0103ng l\u01b0\u1ee3ng &#8211; Gi\u1ea3m M\u1ec7t M\u1ecfi<\/h2>\n<p data-sourcepos=\"3:1-3:140\"><strong>NAMEDSPORT Total Energy Rush<\/strong> l\u00e0 vi\u00ean n\u00e9n c\u00f4 \u0111\u1eb7c v\u1edbi Taurine, caffeine v\u00e0 niacin, k\u1ebft h\u1ee3p c\u00f9ng chi\u1ebft xu\u1ea5t th\u1ef1c v\u1eadt Guarana v\u00e0 Gynostemma.<\/p>\n<ul data-sourcepos=\"5:1-8:0\">\n<li data-sourcepos=\"5:1-5:55\">Niacin gi\u00fap th\u00fac \u0111\u1ea9y qu\u00e1 tr\u00ecnh chuy\u1ec3n h\u00f3a n\u0103ng l\u01b0\u1ee3ng.<\/li>\n<li data-sourcepos=\"6:1-6:60\">Guarana gi\u00fap t\u0103ng c\u01b0\u1eddng s\u1ef1 t\u1ec9nh t\u00e1o v\u00e0 gi\u1ea3m thi\u1ec3u m\u1ec7t m\u1ecfi.<\/li>\n<li data-sourcepos=\"7:1-8:0\">Chi\u1ebft xu\u1ea5t Gynostemma h\u1ed7 tr\u1ee3 chuy\u1ec3n h\u00f3a carbohydrate v\u00e0 lipid.<\/li>\n<\/ul>\n<p data-sourcepos=\"9:1-9:12\"><strong>\u01afu \u0111i\u1ec3m:<\/strong><\/p>\n<ul data-sourcepos=\"11:1-16:0\">\n<li data-sourcepos=\"11:1-11:75\">Th\u00edch h\u1ee3p cho c\u00e1c m\u00f4n th\u1ec3 thao \u0111\u00f2i h\u1ecfi s\u1ee9c b\u1ec1n v\u00e0 t\u1eadp luy\u1ec7n c\u01b0\u1eddng \u0111\u1ed9 cao.<\/li>\n<li data-sourcepos=\"12:1-12:31\">Hi\u1ec7u qu\u1ea3 tr\u01b0\u1edbc khi t\u1eadp luy\u1ec7n.<\/li>\n<li data-sourcepos=\"13:1-13:44\">Chi\u1ebft xu\u1ea5t Guarana v\u00e0 Gynostemma ch\u1ecdn l\u1ecdc.<\/li>\n<li data-sourcepos=\"14:1-14:77\">Vitamin nh\u00f3m B h\u1ed7 tr\u1ee3 ch\u1ee9c n\u0103ng t\u00e2m l\u00fd &#8211; th\u1ec3 ch\u1ea5t v\u00e0 chuy\u1ec3n h\u00f3a n\u0103ng l\u01b0\u1ee3ng.<\/li>\n<li data-sourcepos=\"15:1-16:0\">Ch\u1ee9a Taurine v\u00e0 caffeine.<\/li>\n<\/ul>\n<p data-sourcepos=\"17:1-17:14\"><strong>C\u00e1ch d\u00f9ng:<\/strong><\/p>\n<ul data-sourcepos=\"19:1-21:0\">\n<li data-sourcepos=\"19:1-19:80\">N\u00ean d\u00f9ng 1 vi\u00ean m\u1ed7i ng\u00e0y v\u1edbi n\u01b0\u1edbc ho\u1eb7c th\u1ee9c u\u1ed1ng kh\u00e1c, t\u1ed1t nh\u1ea5t v\u00e0o bu\u1ed5i s\u00e1ng.<\/li>\n<li data-sourcepos=\"20:1-21:0\">Th\u1eddi \u0111i\u1ec3m: Tr\u01b0\u1edbc khi t\u1eadp luy\u1ec7n.<\/li>\n<\/ul>\n<p data-sourcepos=\"22:1-22:24\"><strong>\u0110\u1eb7c \u0111i\u1ec3m dinh d\u01b0\u1ee1ng:<\/strong><\/p>\n<ul data-sourcepos=\"24:1-34:0\">\n<li data-sourcepos=\"24:1-24:15\">H\u1ea5p th\u1ee5 nhanh<\/li>\n<li data-sourcepos=\"25:1-25:19\">Kh\u00f4ng ch\u1ee9a Gluten<\/li>\n<li data-sourcepos=\"26:1-26:20\">Kh\u00f4ng ch\u1ee9a Lactose<\/li>\n<li data-sourcepos=\"27:1-27:29\">Th\u00edch h\u1ee3p cho ng\u01b0\u1eddi \u0103n chay<\/li>\n<li data-sourcepos=\"28:1-28:36\">Th\u00edch h\u1ee3p cho ng\u01b0\u1eddi \u0103n chay tr\u01b0\u1eddng<\/li>\n<li data-sourcepos=\"29:1-29:15\">Ch\u1ee9a Caffeine<\/li>\n<li data-sourcepos=\"30:1-30:26\">Ch\u1ee9a Chi\u1ebft Xu\u1ea5t Th\u1ef1c V\u1eadt<\/li>\n<li data-sourcepos=\"31:1-31:14\">Ch\u1ee9a Guarana<\/li>\n<li data-sourcepos=\"32:1-32:14\">Ch\u1ee9a Taurine<\/li>\n<li data-sourcepos=\"33:1-34:0\">Ch\u1ee9a Niacin<\/li>\n<\/ul>\n<p data-sourcepos=\"35:1-35:10\"><strong>Note:<\/strong><\/p>\n<ul data-sourcepos=\"37:1-38:249\">\n<li data-sourcepos=\"37:1-37:295\">Kh\u00f4ng v\u01b0\u1ee3t qu\u00e1 li\u1ec1u d\u00f9ng khuy\u1ebfn c\u00e1o m\u1ed7i ng\u00e0y. Th\u1ef1c ph\u1ea9m b\u1ed5 sung kh\u00f4ng n\u00ean \u0111\u01b0\u1ee3c s\u1eed d\u1ee5ng thay th\u1ebf cho ch\u1ebf \u0111\u1ed9 \u0103n u\u1ed1ng \u0111a d\u1ea1ng, c\u00e2n b\u1eb1ng v\u00e0 l\u1ed1i s\u1ed1ng l\u00e0nh m\u1ea1nh. \u0110\u1ec3 xa t\u1ea7m tay tr\u1ebb em. S\u1ea3n ph\u1ea9m c\u00f3 ch\u1ee9a caffeine (130 mg\/li\u1ec1u d\u00f9ng h\u00e0ng ng\u00e0y). Kh\u00f4ng d\u00f9ng cho tr\u1ebb em, ph\u1ee5 n\u1eef mang thai v\u00e0 \u0111ang cho con b\u00fa.<\/li>\n<li data-sourcepos=\"38:1-38:249\">\u0110i\u1ec1u ki\u1ec7n b\u1ea3o qu\u1ea3n: B\u1ea3o qu\u1ea3n n\u01a1i kh\u00f4 r\u00e1o, tho\u00e1ng m\u00e1t, \u1edf nhi\u1ec7t \u0111\u1ed9 ph\u00f2ng. Tr\u00e1nh ti\u1ebfp x\u00fac v\u1edbi nhi\u1ec7t v\u00e0 \u00e1nh n\u1eafng tr\u1ef1c ti\u1ebfp. Ng\u00e0y h\u1ebft h\u1ea1n s\u1eed d\u1ee5ng \u0111\u01b0\u1ee3c in tr\u00ean bao b\u00ec s\u1ea3n ph\u1ea9m ch\u01b0a m\u1edf. V\u1ee9t b\u1ecf s\u1ea3n ph\u1ea9m theo c\u00e1ch th\u00e2n thi\u1ec7n v\u1edbi m\u00f4i tr\u01b0\u1eddng sau khi s\u1eed d\u1ee5ng.<\/li>\n<\/ul>","protected":false},"excerpt":{"rendered":"<p>NAMEDSPORT Total Energy Rush: B\u1ee9t ph\u00e1 N\u0103ng l\u01b0\u1ee3ng &#8211; Gi\u1ea3m M\u1ec7t M\u1ecfi NAMEDSPORT Total Energy Rush l\u00e0 vi\u00ean n\u00e9n c\u00f4<\/p>","protected":false},"featured_media":12310,"comment_status":"open","ping_status":"closed","template":"","meta":{"_acf_changed":false,"_monsterinsights_skip_tracking":false,"_monsterinsights_sitenote_active":false,"_monsterinsights_sitenote_note":"","_monsterinsights_sitenote_category":0},"product_brand":[],"product_cat":[110,185],"product_tag":[182],"class_list":{"0":"post-12309","1":"product","2":"type-product","3":"status-publish","4":"has-post-thumbnail","6":"product_cat-thuc-pham-bo-sung","7":"product_cat-sale","8":"product_tag-namedsport","10":"first","11":"outofstock","12":"sale","13":"shipping-taxable","14":"purchasable","15":"product-type-simple"},"acf":[],"jetpack_sharing_enabled":true,"_links":{"self":[{"href":"https:\/\/hiboostnutrition.com\/en\/wp-json\/wp\/v2\/product\/12309"}],"collection":[{"href":"https:\/\/hiboostnutrition.com\/en\/wp-json\/wp\/v2\/product"}],"about":[{"href":"https:\/\/hiboostnutrition.com\/en\/wp-json\/wp\/v2\/types\/product"}],"replies":[{"embeddable":true,"href":"https:\/\/hiboostnutrition.com\/en\/wp-json\/wp\/v2\/comments?post=12309"}],"version-history":[{"count":1,"href":"https:\/\/hiboostnutrition.com\/en\/wp-json\/wp\/v2\/product\/12309\/revisions"}],"predecessor-version":[{"id":12315,"href":"https:\/\/hiboostnutrition.com\/en\/wp-json\/wp\/v2\/product\/12309\/revisions\/12315"}],"wp:featuredmedia":[{"embeddable":true,"href":"https:\/\/hiboostnutrition.com\/en\/wp-json\/wp\/v2\/media\/12310"}],"wp:attachment":[{"href":"https:\/\/hiboostnutrition.com\/en\/wp-json\/wp\/v2\/media?parent=12309"}],"wp:term":[{"taxonomy":"product_brand","embeddable":true,"href":"https:\/\/hiboostnutrition.com\/en\/wp-json\/wp\/v2\/product_brand?post=12309"},{"taxonomy":"product_cat","embeddable":true,"href":"https:\/\/hiboostnutrition.com\/en\/wp-json\/wp\/v2\/product_cat?post=12309"},{"taxonomy":"product_tag","embeddable":true,"href":"https:\/\/hiboostnutrition.com\/en\/wp-json\/wp\/v2\/product_tag?post=12309"}],"curies":[{"name":"wp","href":"https:\/\/api.w.org\/{rel}","templated":true}]}}