{"id":12305,"date":"2024-04-20T09:18:49","date_gmt":"2024-04-20T02:18:49","guid":{"rendered":"https:\/\/hiboostnutrition.com\/?post_type=product&#038;p=12305"},"modified":"2026-01-05T10:53:22","modified_gmt":"2026-01-05T03:53:22","slug":"namedsport-hydra2pro-500-ml","status":"publish","type":"product","link":"https:\/\/hiboostnutrition.com\/en\/sanpham\/namedsport-hydra2pro-500-ml\/","title":{"rendered":"B\u00ecnh n\u01b0\u1edbc th\u1ec3 thao NamedSport Hydra2Pro 500 ml"},"content":{"rendered":"<p data-sourcepos=\"3:1-3:214\"><strong>B\u00ecnh N\u01b0\u1edbc Th\u1ec3 Thao NamedSport Hydra2Pro 500ml<\/strong> l\u00e0 ng\u01b0\u1eddi b\u1ea1n \u0111\u1ed3ng h\u00e0nh tuy\u1ec7t v\u1eddi cho c\u00e1c ho\u1ea1t \u0111\u1ed9ng th\u1ec3 thao. B\u00ecnh \u0111\u01b0\u1ee3c thi\u1ebft k\u1ebf si\u00eau nh\u1eb9, ch\u1ea5t li\u1ec7u m\u1ec1m d\u1ebbo gi\u00fap b\u1ea1n d\u1ec5 d\u00e0ng b\u00f3p l\u1ea5y n\u01b0\u1edbc ch\u1ec9 v\u1edbi l\u1ef1c tay nh\u1eb9 nh\u00e0ng.<\/p>\n<p data-sourcepos=\"5:1-5:12\"><strong>\u01afu \u0111i\u1ec3m:<\/strong><\/p>\n<ul data-sourcepos=\"7:1-13:0\">\n<li data-sourcepos=\"7:1-7:81\"><strong>Si\u00eau nh\u1eb9 v\u00e0 d\u1ec5 b\u00f3p:<\/strong>\u00a0Cung c\u1ea5p d\u00f2ng n\u01b0\u1edbc nhanh v\u00e0 m\u1ea1nh v\u1edbi l\u1ef1c tay t\u1ed1i thi\u1ec3u.<\/li>\n<li data-sourcepos=\"8:1-8:81\"><strong>N\u1eafp b\u1eadt ti\u1ec7n l\u1ee3i:<\/strong>\u00a0Van nh\u1ea5n m\u1edf r\u1ed9ng gi\u00fap vi\u1ec7c l\u1ea5y n\u01b0\u1edbc d\u1ec5 d\u00e0ng, nhanh ch\u00f3ng.<\/li>\n<li data-sourcepos=\"9:1-9:61\"><strong>Th\u00e2n b\u00ecnh tr\u01a1n m\u1ecbn:<\/strong>\u00a0Cho c\u1ea3m gi\u00e1c tho\u1ea3i m\u00e1i khi c\u1ea7m n\u1eafm.<\/li>\n<li data-sourcepos=\"10:1-10:66\"><strong>Mi\u1ec7ng b\u00ecnh r\u1ed9ng:<\/strong>\u00a0Thu\u1eadn ti\u1ec7n cho vi\u1ec7c v\u1ec7 sinh v\u00e0 \u0111\u1ed5 \u0111\u1ea7y n\u01b0\u1edbc.<\/li>\n<li data-sourcepos=\"11:1-11:136\"><strong>T\u01b0\u01a1ng th\u00edch v\u1edbi h\u1ea7u h\u1ebft c\u00e1c gi\u00e1 \u0111\u1ee1 b\u00ecnh n\u01b0\u1edbc:<\/strong>\u00a0\u0110\u01b0\u1eddng k\u00ednh ti\u00eau chu\u1ea9n ph\u00f9 h\u1ee3p v\u1edbi h\u1ea7u h\u1ebft c\u00e1c lo\u1ea1i gi\u00e1 \u0111\u1ee1 b\u00ecnh n\u01b0\u1edbc tr\u00ean th\u1ecb tr\u01b0\u1eddng.<\/li>\n<li data-sourcepos=\"12:1-13:0\"><strong>Ki\u1ec3u d\u00e1ng nh\u1ecf g\u1ecdn, \u1ed5n \u0111\u1ecbnh:<\/strong>\u00a0D\u1ec5 d\u00e0ng th\u00e1o l\u1eafp b\u00ecnh ngay c\u1ea3 khi \u0111ang v\u1eadn \u0111\u1ed9ng m\u1ea1nh.<\/li>\n<\/ul>\n<p data-sourcepos=\"14:1-14:13\"><strong>\u0110\u1eb7c t\u00ednh:<\/strong><\/p>\n<ul data-sourcepos=\"16:1-20:0\">\n<li data-sourcepos=\"16:1-16:94\">L\u00e0m t\u1eeb ch\u1ea5t li\u1ec7u cao c\u1ea5p , kh\u00f4ng m\u00f9i, m\u1ec1m m\u1ea1i v\u00e0 ch\u1ecbu \u0111\u01b0\u1ee3c va ch\u1ea1m.<\/li>\n<li data-sourcepos=\"17:1-17:66\">Ph\u00f9 h\u1ee3p \u0111\u1ef1ng th\u1ef1c ph\u1ea9m theo ti\u00eau chu\u1ea9n Ch\u00e2u \u00c2u CE v\u00e0 FDA Hoa K\u1ef3.<\/li>\n<li data-sourcepos=\"18:1-18:36\">100% kh\u00f4ng ch\u1ee9a BPA (Bisphenol A).<\/li>\n<li data-sourcepos=\"19:1-20:0\">Ph\u00e2n h\u1ee7y sinh h\u1ecdc trong kho\u1ea3ng th\u1eddi gian t\u1eeb 9 th\u00e1ng \u0111\u1ebfn 5 n\u0103m.<\/li>\n<li data-sourcepos=\"19:1-20:0\">M\u00e0u cam v\u00e0 \u0111en<\/li>\n<\/ul>","protected":false},"excerpt":{"rendered":"<p>B\u00ecnh N\u01b0\u1edbc Th\u1ec3 Thao NamedSport Hydra2Pro 500ml l\u00e0 ng\u01b0\u1eddi b\u1ea1n \u0111\u1ed3ng h\u00e0nh tuy\u1ec7t v\u1eddi cho c\u00e1c ho\u1ea1t \u0111\u1ed9ng th\u1ec3 thao.<\/p>","protected":false},"featured_media":12306,"comment_status":"open","ping_status":"closed","template":"","meta":{"_acf_changed":false,"_monsterinsights_skip_tracking":false,"_monsterinsights_sitenote_active":false,"_monsterinsights_sitenote_note":"","_monsterinsights_sitenote_category":0},"product_brand":[],"product_cat":[128,75],"product_tag":[182],"class_list":{"0":"post-12305","1":"product","2":"type-product","3":"status-publish","4":"has-post-thumbnail","6":"product_cat-binh-nuoc","7":"product_cat-phu-kien-the-thao","8":"product_tag-namedsport","10":"first","11":"outofstock","12":"shipping-taxable","13":"purchasable","14":"product-type-simple"},"acf":[],"jetpack_sharing_enabled":true,"_links":{"self":[{"href":"https:\/\/hiboostnutrition.com\/en\/wp-json\/wp\/v2\/product\/12305"}],"collection":[{"href":"https:\/\/hiboostnutrition.com\/en\/wp-json\/wp\/v2\/product"}],"about":[{"href":"https:\/\/hiboostnutrition.com\/en\/wp-json\/wp\/v2\/types\/product"}],"replies":[{"embeddable":true,"href":"https:\/\/hiboostnutrition.com\/en\/wp-json\/wp\/v2\/comments?post=12305"}],"version-history":[{"count":2,"href":"https:\/\/hiboostnutrition.com\/en\/wp-json\/wp\/v2\/product\/12305\/revisions"}],"predecessor-version":[{"id":12308,"href":"https:\/\/hiboostnutrition.com\/en\/wp-json\/wp\/v2\/product\/12305\/revisions\/12308"}],"wp:featuredmedia":[{"embeddable":true,"href":"https:\/\/hiboostnutrition.com\/en\/wp-json\/wp\/v2\/media\/12306"}],"wp:attachment":[{"href":"https:\/\/hiboostnutrition.com\/en\/wp-json\/wp\/v2\/media?parent=12305"}],"wp:term":[{"taxonomy":"product_brand","embeddable":true,"href":"https:\/\/hiboostnutrition.com\/en\/wp-json\/wp\/v2\/product_brand?post=12305"},{"taxonomy":"product_cat","embeddable":true,"href":"https:\/\/hiboostnutrition.com\/en\/wp-json\/wp\/v2\/product_cat?post=12305"},{"taxonomy":"product_tag","embeddable":true,"href":"https:\/\/hiboostnutrition.com\/en\/wp-json\/wp\/v2\/product_tag?post=12305"}],"curies":[{"name":"wp","href":"https:\/\/api.w.org\/{rel}","templated":true}]}}