{"id":12298,"date":"2024-12-25T08:45:39","date_gmt":"2024-12-25T01:45:39","guid":{"rendered":"https:\/\/hiboostnutrition.com\/?post_type=product&#038;p=12298"},"modified":"2025-11-25T15:12:05","modified_gmt":"2025-11-25T08:12:05","slug":"namedsport-isonam-energy-vi-cam-480g","status":"publish","type":"product","link":"https:\/\/hiboostnutrition.com\/en\/sanpham\/namedsport-isonam-energy-vi-cam-480g\/","title":{"rendered":"NAMEDSPORT Isonam Energy&gt; V\u1ecb Cam (480g)"},"content":{"rendered":"<h2 data-sourcepos=\"1:1-1:69\">ISONAM ENERGY&gt;: B\u1ed5 Sung N\u0103ng L\u01b0\u1ee3ng, T\u0103ng C\u01b0\u1eddng Hi\u1ec7u Su\u1ea5t T\u1eadp Luy\u1ec7n<\/h2>\n<p data-sourcepos=\"3:1-3:278\"><strong>ISONAM ENERGY&gt;<\/strong> l\u00e0 s\u1ea3n ph\u1ea9m b\u1ed5 sung n\u0103ng l\u01b0\u1ee3ng d\u1ea1ng b\u1ed9t, gi\u00e0u Maltodextrins, Kho\u00e1ng ch\u1ea5t v\u00e0 Vitamin, c\u00f9ng v\u1edbi Creatine v\u00e0 Nh\u00e2n s\u00e2m. Magie v\u00e0 Kali g\u00f3p ph\u1ea7n duy tr\u00ec ch\u1ee9c n\u0103ng c\u01a1 b\u1eafp b\u00ecnh th\u01b0\u1eddng. Nh\u00e2n s\u00e2m c\u00f3 \u0111\u1eb7c t\u00ednh b\u1ed5 sung s\u1ee9c kh\u1ecfe, gi\u00fap gi\u1ea3m m\u1ec7t m\u1ecfi v\u1ec1 th\u1ec3 ch\u1ea5t v\u00e0 tinh th\u1ea7n.<\/p>\n<p data-sourcepos=\"5:1-5:12\"><strong>\u01afu \u0111i\u1ec3m:<\/strong><\/p>\n<ul data-sourcepos=\"7:1-11:0\">\n<li data-sourcepos=\"7:1-7:48\">H\u1ed7 tr\u1ee3 b\u00f9 n\u01b0\u1edbc v\u00e0 \u0111i\u1ec7n gi\u1ea3i b\u1ecb m\u1ea5t qua m\u1ed3 h\u00f4i.<\/li>\n<li data-sourcepos=\"8:1-8:85\">Vitamin C v\u00e0 B6 h\u1ed7 tr\u1ee3 chuy\u1ec3n h\u00f3a n\u0103ng l\u01b0\u1ee3ng, gi\u00fap gi\u1ea3m m\u1ec7t m\u1ecfi v\u00e0 ch\u1ed1ng suy nh\u01b0\u1ee3c.<\/li>\n<li data-sourcepos=\"9:1-9:45\">Magie duy tr\u00ec ch\u1ee9c n\u0103ng c\u01a1 b\u1eafp b\u00ecnh th\u01b0\u1eddng.<\/li>\n<li data-sourcepos=\"10:1-11:0\">C\u00f4ng th\u1ee9c \u0111\u1eb3ng tr\u01b0\u01a1ng, b\u1ed5 sung 1g Creatine v\u00e0 30mg Ginseng.<\/li>\n<\/ul>\n<p data-sourcepos=\"12:1-12:14\"><strong>C\u00e1ch d\u00f9ng:<\/strong><\/p>\n<ul data-sourcepos=\"14:1-16:0\">\n<li data-sourcepos=\"14:1-14:140\"><strong>Li\u1ec1u d\u00f9ng:<\/strong>\u00a0H\u00f2a tan 30g (1,5 mu\u1ed7ng) v\u1edbi kho\u1ea3ng 500ml n\u01b0\u1edbc, u\u1ed1ng tr\u01b0\u1edbc, trong v\u00e0 sau khi t\u1eadp luy\u1ec7n \u0111\u1ec3 cung c\u1ea5p dung d\u1ecbch \u0111i\u1ec7n gi\u1ea3i-carb.<\/li>\n<li data-sourcepos=\"15:1-16:0\"><strong>Th\u1eddi \u0111i\u1ec3m:<\/strong>\u00a0Tr\u01b0\u1edbc v\u00e0 trong khi t\u1eadp luy\u1ec7n.<\/li>\n<\/ul>\n<p data-sourcepos=\"17:1-17:24\"><strong>\u0110\u1eb7c \u0111i\u1ec3m dinh d\u01b0\u1ee1ng:<\/strong><\/p>\n<ul data-sourcepos=\"19:1-24:26\">\n<li data-sourcepos=\"19:1-19:19\">Kh\u00f4ng ch\u1ee9a Gluten<\/li>\n<li data-sourcepos=\"20:1-20:20\">H\u01b0\u01a1ng v\u1ecb tuy\u1ec7t v\u1eddi<\/li>\n<li data-sourcepos=\"21:1-21:20\">Kh\u00f4ng ch\u1ee9a Lactose<\/li>\n<li data-sourcepos=\"22:1-22:12\">Ch\u1ee9a Magie<\/li>\n<li data-sourcepos=\"23:1-23:14\">Ch\u1ee9a Vitamin<\/li>\n<li data-sourcepos=\"24:1-24:26\">Ch\u1ee9a Chi\u1ebft Xu\u1ea5t Th\u1ef1c V\u1eadt<\/li>\n<\/ul>","protected":false},"excerpt":{"rendered":"<p>ISONAM ENERGY&gt;: B\u1ed5 Sung N\u0103ng L\u01b0\u1ee3ng, T\u0103ng C\u01b0\u1eddng Hi\u1ec7u Su\u1ea5t T\u1eadp Luy\u1ec7n ISONAM ENERGY&gt; l\u00e0 s\u1ea3n ph\u1ea9m b\u1ed5 sung n\u0103ng<\/p>","protected":false},"featured_media":12303,"comment_status":"open","ping_status":"closed","template":"","meta":{"_acf_changed":false,"_monsterinsights_skip_tracking":false,"_monsterinsights_sitenote_active":false,"_monsterinsights_sitenote_note":"","_monsterinsights_sitenote_category":0},"product_brand":[],"product_cat":[103,185],"product_tag":[],"class_list":{"0":"post-12298","1":"product","2":"type-product","3":"status-publish","4":"has-post-thumbnail","6":"product_cat-dinh-duong","7":"product_cat-sale","9":"first","10":"outofstock","11":"shipping-taxable","12":"purchasable","13":"product-type-simple"},"acf":[],"jetpack_sharing_enabled":true,"_links":{"self":[{"href":"https:\/\/hiboostnutrition.com\/en\/wp-json\/wp\/v2\/product\/12298"}],"collection":[{"href":"https:\/\/hiboostnutrition.com\/en\/wp-json\/wp\/v2\/product"}],"about":[{"href":"https:\/\/hiboostnutrition.com\/en\/wp-json\/wp\/v2\/types\/product"}],"replies":[{"embeddable":true,"href":"https:\/\/hiboostnutrition.com\/en\/wp-json\/wp\/v2\/comments?post=12298"}],"version-history":[{"count":2,"href":"https:\/\/hiboostnutrition.com\/en\/wp-json\/wp\/v2\/product\/12298\/revisions"}],"predecessor-version":[{"id":13044,"href":"https:\/\/hiboostnutrition.com\/en\/wp-json\/wp\/v2\/product\/12298\/revisions\/13044"}],"wp:featuredmedia":[{"embeddable":true,"href":"https:\/\/hiboostnutrition.com\/en\/wp-json\/wp\/v2\/media\/12303"}],"wp:attachment":[{"href":"https:\/\/hiboostnutrition.com\/en\/wp-json\/wp\/v2\/media?parent=12298"}],"wp:term":[{"taxonomy":"product_brand","embeddable":true,"href":"https:\/\/hiboostnutrition.com\/en\/wp-json\/wp\/v2\/product_brand?post=12298"},{"taxonomy":"product_cat","embeddable":true,"href":"https:\/\/hiboostnutrition.com\/en\/wp-json\/wp\/v2\/product_cat?post=12298"},{"taxonomy":"product_tag","embeddable":true,"href":"https:\/\/hiboostnutrition.com\/en\/wp-json\/wp\/v2\/product_tag?post=12298"}],"curies":[{"name":"wp","href":"https:\/\/api.w.org\/{rel}","templated":true}]}}