{"id":12289,"date":"2025-01-10T08:29:53","date_gmt":"2025-01-10T01:29:53","guid":{"rendered":"https:\/\/hiboostnutrition.com\/?post_type=product&#038;p=12289"},"modified":"2025-02-15T17:46:16","modified_gmt":"2025-02-15T10:46:16","slug":"namedsport-hydrafit-zero-20-vien-tang-kem-binh-nuoc-hydra4pro","status":"publish","type":"product","link":"https:\/\/hiboostnutrition.com\/en\/sanpham\/namedsport-hydrafit-zero-20-vien-tang-kem-binh-nuoc-hydra4pro\/","title":{"rendered":"NAMEDSPORT Hydrafit &gt; ZERO (20 Vi\u00ean)- T\u1eb7ng k\u00e8m b\u00ecnh n\u01b0\u1edbc HYDRA4PRO"},"content":{"rendered":"<h2 data-sourcepos=\"1:1-1:89\">HYDRAFIT&gt; ZERO 20 Vi\u00ean: Vi\u00ean S\u1ee7i B\u00f9 N\u01b0\u1edbc \u0110i\u1ec7n Gi\u1ea3i Gi\u00e0u Vitamin &#8211; KH\u00d4NG \u0110\u01af\u1edcNG, \u00cdT CARB<\/h2>\n<p data-sourcepos=\"3:1-3:251\"><strong>HYDRAFIT&gt; ZERO 20 Vi\u00ean<\/strong> l\u00e0 vi\u00ean s\u1ee7i b\u00f9 n\u01b0\u1edbc \u0111i\u1ec7n gi\u1ea3i v\u00e0 vitamin v\u1edbi c\u00f4ng th\u1ee9c KH\u00d4NG \u0110\u01af\u1edcNG, \u00cdT CARB v\u00e0 KH\u00d4NG CALO. S\u1ea3n ph\u1ea9m \u0111\u01b0\u1ee3c nghi\u00ean c\u1ee9u c\u00f9ng c\u00e1c \u0111\u1ed9i \u0111ua xe \u0111\u1ea1p chuy\u00ean nghi\u1ec7p nh\u1eb1m h\u1ed7 tr\u1ee3 c\u00e2n b\u1eb1ng \u0111i\u1ec7n gi\u1ea3i trong qu\u00e1 tr\u00ecnh t\u1eadp luy\u1ec7n c\u01b0\u1eddng \u0111\u1ed9 cao.<\/p>\n<p data-sourcepos=\"5:1-5:12\"><strong>\u01afu \u0111i\u1ec3m:<\/strong><\/p>\n<ul data-sourcepos=\"7:1-12:0\">\n<li data-sourcepos=\"7:1-7:98\">KH\u00d4NG \u0110\u01af\u1edcNG, \u00cdT CARB: Ph\u00f9 h\u1ee3p v\u1edbi nh\u1eefng ng\u01b0\u1eddi \u0111ang ki\u1ec3m so\u00e1t c\u00e2n n\u1eb7ng ho\u1eb7c theo ch\u1ebf \u0111\u1ed9 \u0103n ki\u00eang.<\/li>\n<li data-sourcepos=\"8:1-8:84\">Gi\u00e0u ch\u1ea5t \u0111i\u1ec7n gi\u1ea3i v\u00e0 vitamin: Cung c\u1ea5p n\u0103ng l\u01b0\u1ee3ng v\u00e0 h\u1ed7 tr\u1ee3 ph\u1ee5c h\u1ed3i cho c\u01a1 th\u1ec3.<\/li>\n<li data-sourcepos=\"9:1-9:48\">Li\u1ec1u l\u01b0\u1ee3ng d\u1ec5 d\u00e0ng: 1 vi\u00ean pha v\u1edbi 500ml n\u01b0\u1edbc.<\/li>\n<li data-sourcepos=\"10:1-10:61\">Ti\u1ec7n l\u1ee3i v\u00e0 nh\u1ecf g\u1ecdn: D\u1ec5 d\u00e0ng mang theo ng\u01b0\u1eddi khi t\u1eadp luy\u1ec7n.<\/li>\n<li data-sourcepos=\"11:1-12:0\">\u0110\u01b0\u1ee3c ch\u1ee9ng nh\u1eadn Informed Sport.<\/li>\n<\/ul>\n<p data-sourcepos=\"13:1-13:14\"><strong>C\u00e1ch d\u00f9ng:<\/strong><\/p>\n<ul data-sourcepos=\"15:1-17:0\">\n<li data-sourcepos=\"15:1-15:66\">H\u00f2a tan 1 vi\u00ean trong 500ml n\u01b0\u1edbc. C\u00f3 th\u1ec3 d\u00f9ng \u0111\u1ebfn 3 l\u1ea7n m\u1ed9t ng\u00e0y.<\/li>\n<li data-sourcepos=\"16:1-17:0\">Th\u1eddi \u0111i\u1ec3m: Tr\u01b0\u1edbc v\u00e0 trong khi t\u1eadp luy\u1ec7n.<\/li>\n<\/ul>\n<p data-sourcepos=\"18:1-18:24\"><strong>\u0110\u1eb7c \u0111i\u1ec3m dinh d\u01b0\u1ee1ng:<\/strong><\/p>\n<ul data-sourcepos=\"20:1-21:20\">\n<li data-sourcepos=\"20:1-20:19\">Kh\u00f4ng ch\u1ee9a Gluten<\/li>\n<li data-sourcepos=\"21:1-21:20\">Kh\u00f4ng ch\u1ee9a Lactose<\/li>\n<\/ul>\n<p><strong>S\u1ea3n ph\u1ea9m g\u1ed3m c\u00f3 :<\/strong><\/p>\n<ul data-sourcepos=\"20:1-21:20\">\n<li data-sourcepos=\"20:1-20:19\">01 \u1ed1ng HYDRAFIT&gt; ZERO 20 Vi\u00ean<\/li>\n<li data-sourcepos=\"21:1-21:20\">T\u1eb7ng k\u00e8m b\u00ecnh n\u01b0\u1edbc HYDRA4PRO<\/li>\n<\/ul>","protected":false},"excerpt":{"rendered":"<p>HYDRAFIT&gt; ZERO 20 Vi\u00ean: Vi\u00ean S\u1ee7i B\u00f9 N\u01b0\u1edbc \u0110i\u1ec7n Gi\u1ea3i Gi\u00e0u Vitamin &#8211; KH\u00d4NG \u0110\u01af\u1edcNG, \u00cdT CARB HYDRAFIT&gt; ZERO 20<\/p>","protected":false},"featured_media":12296,"comment_status":"open","ping_status":"closed","template":"","meta":{"_acf_changed":false,"_monsterinsights_skip_tracking":false,"_monsterinsights_sitenote_active":false,"_monsterinsights_sitenote_note":"","_monsterinsights_sitenote_category":0},"product_brand":[],"product_cat":[104,103,185],"product_tag":[182],"class_list":{"0":"post-12289","1":"product","2":"type-product","3":"status-publish","4":"has-post-thumbnail","6":"product_cat-dien-giai","7":"product_cat-dinh-duong","8":"product_cat-sale","9":"product_tag-namedsport","11":"first","12":"outofstock","13":"shipping-taxable","14":"purchasable","15":"product-type-simple"},"acf":[],"jetpack_sharing_enabled":true,"_links":{"self":[{"href":"https:\/\/hiboostnutrition.com\/en\/wp-json\/wp\/v2\/product\/12289"}],"collection":[{"href":"https:\/\/hiboostnutrition.com\/en\/wp-json\/wp\/v2\/product"}],"about":[{"href":"https:\/\/hiboostnutrition.com\/en\/wp-json\/wp\/v2\/types\/product"}],"replies":[{"embeddable":true,"href":"https:\/\/hiboostnutrition.com\/en\/wp-json\/wp\/v2\/comments?post=12289"}],"version-history":[{"count":2,"href":"https:\/\/hiboostnutrition.com\/en\/wp-json\/wp\/v2\/product\/12289\/revisions"}],"predecessor-version":[{"id":12657,"href":"https:\/\/hiboostnutrition.com\/en\/wp-json\/wp\/v2\/product\/12289\/revisions\/12657"}],"wp:featuredmedia":[{"embeddable":true,"href":"https:\/\/hiboostnutrition.com\/en\/wp-json\/wp\/v2\/media\/12296"}],"wp:attachment":[{"href":"https:\/\/hiboostnutrition.com\/en\/wp-json\/wp\/v2\/media?parent=12289"}],"wp:term":[{"taxonomy":"product_brand","embeddable":true,"href":"https:\/\/hiboostnutrition.com\/en\/wp-json\/wp\/v2\/product_brand?post=12289"},{"taxonomy":"product_cat","embeddable":true,"href":"https:\/\/hiboostnutrition.com\/en\/wp-json\/wp\/v2\/product_cat?post=12289"},{"taxonomy":"product_tag","embeddable":true,"href":"https:\/\/hiboostnutrition.com\/en\/wp-json\/wp\/v2\/product_tag?post=12289"}],"curies":[{"name":"wp","href":"https:\/\/api.w.org\/{rel}","templated":true}]}}