{"id":12286,"date":"2024-04-20T08:19:39","date_gmt":"2024-04-20T01:19:39","guid":{"rendered":"https:\/\/hiboostnutrition.com\/?post_type=product&#038;p=12286"},"modified":"2025-02-11T15:59:25","modified_gmt":"2025-02-11T08:59:25","slug":"namedsport-hyaluronic-60-vien","status":"publish","type":"product","link":"https:\/\/hiboostnutrition.com\/en\/sanpham\/namedsport-hyaluronic-60-vien\/","title":{"rendered":"NAMEDSPORT Hyaluronic (60 vi\u00ean)"},"content":{"rendered":"<h2 data-sourcepos=\"1:1-1:66\">NAMEDSPORT Hyaluronic (60 vi\u00ean): H\u1ed7 Tr\u1ee3 Kh\u1edbp Kh\u1ecfe M\u1ea1nh M\u1ed7i Ng\u00e0y<\/h2>\n<p data-sourcepos=\"3:1-3:235\"><strong>NAMEDSPORT Hyaluronic (60 vi\u00ean)<\/strong> l\u00e0 s\u1ea3n ph\u1ea9m d\u1ea1ng vi\u00ean u\u1ed1ng v\u1edbi c\u00f4ng th\u1ee9c \u0111\u1ed9c quy\u1ec1n axit hyaluronic k\u1ebft h\u1ee3p c\u00f9ng vitamin, kho\u00e1ng ch\u1ea5t, chi\u1ebft xu\u1ea5t olive v\u00e0 proanthocyanidins. S\u1ef1 k\u1ebft h\u1ee3p t\u1ed1i \u01b0u n\u00e0y mang l\u1ea1i nhi\u1ec1u l\u1ee3i \u00edch cho s\u1ee9c kh\u1ecfe.<\/p>\n<p data-sourcepos=\"5:1-5:12\"><strong>\u01afu \u0111i\u1ec3m:<\/strong><\/p>\n<ul data-sourcepos=\"7:1-12:0\">\n<li data-sourcepos=\"7:1-7:104\">Ch\u1ee9a Acid Hyaluronic: Th\u00e0nh ph\u1ea7n quan tr\u1ecdng c\u1ee7a m\u00f4 li\u00ean k\u1ebft, h\u1ed7 tr\u1ee3 s\u1ef1 linh ho\u1ea1t v\u00e0 b\u00f4i tr\u01a1n c\u1ee7a kh\u1edbp.<\/li>\n<li data-sourcepos=\"8:1-8:141\">Gi\u00e0u Vitamin, K\u1ebdm v\u00e0 \u0110\u1ed3ng: Vitamin C gi\u00fap h\u00ecnh th\u00e0nh collagen cho s\u1ee5n ho\u1ea1t \u0111\u1ed9ng b\u00ecnh th\u01b0\u1eddng, K\u1ebdm v\u00e0 \u0110\u1ed3ng h\u1ed7 tr\u1ee3 duy tr\u00ec s\u1ee9c kh\u1ecfe c\u1ee7a x\u01b0\u01a1ng.<\/li>\n<li data-sourcepos=\"9:1-9:78\">B\u1ed5 sung Chi\u1ebft xu\u1ea5t Olive v\u00e0 Proanthocyanidins: Ch\u1ed1ng oxy h\u00f3a, b\u1ea3o v\u1ec7 t\u1ebf b\u00e0o.<\/li>\n<li data-sourcepos=\"10:1-10:31\">Kh\u00f4ng ch\u1ee9a Gluten v\u00e0 Lactose.<\/li>\n<li data-sourcepos=\"11:1-12:0\">Th\u00edch h\u1ee3p cho ng\u01b0\u1eddi \u0103n chay.<\/li>\n<\/ul>\n<p data-sourcepos=\"13:1-13:14\"><strong>C\u00e1ch d\u00f9ng:<\/strong><\/p>\n<ul data-sourcepos=\"15:1-17:0\">\n<li data-sourcepos=\"15:1-15:34\">U\u1ed1ng 1-3 vi\u00ean m\u1ed7i ng\u00e0y v\u1edbi n\u01b0\u1edbc.<\/li>\n<li data-sourcepos=\"16:1-17:0\">Th\u1eddi \u0111i\u1ec3m: B\u1ea5t k\u1ef3 th\u1eddi gian n\u00e0o trong ng\u00e0y.<\/li>\n<\/ul>\n<p data-sourcepos=\"18:1-18:24\"><strong>\u0110\u1eb7c \u0111i\u1ec3m dinh d\u01b0\u1ee1ng:<\/strong><\/p>\n<ul data-sourcepos=\"20:1-25:23\">\n<li data-sourcepos=\"20:1-20:19\">Kh\u00f4ng ch\u1ee9a Gluten<\/li>\n<li data-sourcepos=\"21:1-21:20\">Kh\u00f4ng ch\u1ee9a Lactose<\/li>\n<li data-sourcepos=\"22:1-22:29\">Th\u00edch h\u1ee3p cho ng\u01b0\u1eddi \u0103n chay<\/li>\n<li data-sourcepos=\"23:1-23:36\">Th\u00edch h\u1ee3p cho ng\u01b0\u1eddi \u0103n chay tr\u01b0\u1eddng<\/li>\n<li data-sourcepos=\"24:1-24:14\">Ch\u1ee9a Vitamin<\/li>\n<\/ul>","protected":false},"excerpt":{"rendered":"<p>NAMEDSPORT Hyaluronic (60 vi\u00ean): H\u1ed7 Tr\u1ee3 Kh\u1edbp Kh\u1ecfe M\u1ea1nh M\u1ed7i Ng\u00e0y NAMEDSPORT Hyaluronic (60 vi\u00ean) l\u00e0 s\u1ea3n ph\u1ea9m d\u1ea1ng vi\u00ean<\/p>","protected":false},"featured_media":12287,"comment_status":"open","ping_status":"closed","template":"","meta":{"_acf_changed":false,"_monsterinsights_skip_tracking":false,"_monsterinsights_sitenote_active":false,"_monsterinsights_sitenote_note":"","_monsterinsights_sitenote_category":0},"product_brand":[],"product_cat":[110,119],"product_tag":[],"class_list":{"0":"post-12286","1":"product","2":"type-product","3":"status-publish","4":"has-post-thumbnail","6":"product_cat-thuc-pham-bo-sung","7":"product_cat-vitamin","9":"first","10":"outofstock","11":"shipping-taxable","12":"purchasable","13":"product-type-simple"},"acf":[],"jetpack_sharing_enabled":true,"_links":{"self":[{"href":"https:\/\/hiboostnutrition.com\/en\/wp-json\/wp\/v2\/product\/12286"}],"collection":[{"href":"https:\/\/hiboostnutrition.com\/en\/wp-json\/wp\/v2\/product"}],"about":[{"href":"https:\/\/hiboostnutrition.com\/en\/wp-json\/wp\/v2\/types\/product"}],"replies":[{"embeddable":true,"href":"https:\/\/hiboostnutrition.com\/en\/wp-json\/wp\/v2\/comments?post=12286"}],"version-history":[{"count":1,"href":"https:\/\/hiboostnutrition.com\/en\/wp-json\/wp\/v2\/product\/12286\/revisions"}],"predecessor-version":[{"id":12288,"href":"https:\/\/hiboostnutrition.com\/en\/wp-json\/wp\/v2\/product\/12286\/revisions\/12288"}],"wp:featuredmedia":[{"embeddable":true,"href":"https:\/\/hiboostnutrition.com\/en\/wp-json\/wp\/v2\/media\/12287"}],"wp:attachment":[{"href":"https:\/\/hiboostnutrition.com\/en\/wp-json\/wp\/v2\/media?parent=12286"}],"wp:term":[{"taxonomy":"product_brand","embeddable":true,"href":"https:\/\/hiboostnutrition.com\/en\/wp-json\/wp\/v2\/product_brand?post=12286"},{"taxonomy":"product_cat","embeddable":true,"href":"https:\/\/hiboostnutrition.com\/en\/wp-json\/wp\/v2\/product_cat?post=12286"},{"taxonomy":"product_tag","embeddable":true,"href":"https:\/\/hiboostnutrition.com\/en\/wp-json\/wp\/v2\/product_tag?post=12286"}],"curies":[{"name":"wp","href":"https:\/\/api.w.org\/{rel}","templated":true}]}}