{"id":12259,"date":"2024-12-30T14:31:53","date_gmt":"2024-12-30T07:31:53","guid":{"rendered":"https:\/\/hiboostnutrition.com\/?post_type=product&#038;p=12259"},"modified":"2026-01-05T17:58:54","modified_gmt":"2026-01-05T10:58:54","slug":"namedsport-bcaa-4_1_1-extreme-pro","status":"publish","type":"product","link":"https:\/\/hiboostnutrition.com\/en\/sanpham\/namedsport-bcaa-4_1_1-extreme-pro\/","title":{"rendered":"NAMEDSPORT  BCAA  4:1:1 Extreme Pro"},"content":{"rendered":"<h2 data-sourcepos=\"1:1-1:55\">BCAA 4:1:1 extremePRO: H\u1ed7 Tr\u1ee3 Ph\u1ee5c H\u1ed3i Si\u00eau Hi\u1ec7u Qu\u1ea3<\/h2>\n<p data-sourcepos=\"3:1-3:191\"><strong>BCAA 4:1:1 extremePRO<\/strong> l\u00e0 s\u1ea3n ph\u1ea9m b\u1ed5 sung chu\u1ed7i axit amin ph\u00e2n nh\u00e1nh (BCAAs) Ajipure\u00ae (1g\/vi\u00ean) v\u1edbi \u0111\u1ed9 tinh khi\u1ebft cao nh\u1ea5t: c\u00f4ng th\u1ee9c kh\u00f4ng ch\u1ee9a ch\u1ea5t b\u00e9o, carbohydrate, gluten v\u00e0 lactose.<\/p>\n<p data-sourcepos=\"5:1-5:172\"><strong>BCAA 4:1:1 extremePRO<\/strong> c\u00f2n ch\u1ee9a Vitamin B6, tham gia v\u00e0o qu\u00e1 tr\u00ecnh chuy\u1ec3n h\u00f3a n\u0103ng l\u01b0\u1ee3ng t\u1eeb \u0111\u01b0\u1eddng, ch\u1ea5t b\u00e9o v\u00e0 protein, \u0111\u1ed3ng th\u1eddi h\u1ed7 tr\u1ee3 t\u1ed5ng h\u1ee3p hemoglobin v\u00e0 h\u1ed3ng c\u1ea7u.<\/p>\n<p data-sourcepos=\"7:1-7:12\"><strong>\u01afu \u0111i\u1ec3m:<\/strong><\/p>\n<ul data-sourcepos=\"9:1-13:0\">\n<li data-sourcepos=\"9:1-9:69\">Chu\u1ed7i axit amin ph\u00e2n nh\u00e1nh tham gia v\u00e0o qu\u00e1 tr\u00ecnh t\u1ed5ng h\u1ee3p protein.<\/li>\n<li data-sourcepos=\"10:1-10:28\">H\u1ed7 tr\u1ee3 giai \u0111o\u1ea1n ph\u1ee5c h\u1ed3i.<\/li>\n<li data-sourcepos=\"11:1-11:50\">Vitamin B6 gi\u00fap gi\u1ea3m m\u1ec7t m\u1ecfi v\u00e0 ch\u1ed1ng suy nh\u01b0\u1ee3c.<\/li>\n<li data-sourcepos=\"12:1-13:0\">C\u00f4ng th\u1ee9c t\u0103ng c\u01b0\u1eddng t\u1ef7 l\u1ec7 4:1:1 gi\u00e0u Leucine.<\/li>\n<\/ul>\n<p data-sourcepos=\"14:1-14:14\"><strong>C\u00e1ch d\u00f9ng:<\/strong><\/p>\n<ul data-sourcepos=\"16:1-18:0\">\n<li data-sourcepos=\"16:1-16:68\"><strong>Li\u1ec1u d\u00f9ng:<\/strong>\u00a05 vi\u00ean m\u1ed7i ng\u00e0y, u\u1ed1ng tr\u01b0\u1edbc ho\u1eb7c sau khi t\u1eadp luy\u1ec7n.<\/li>\n<li data-sourcepos=\"17:1-18:0\"><strong>Th\u1eddi \u0111i\u1ec3m:<\/strong>\u00a0U\u1ed1ng tr\u01b0\u1edbc v\u00e0 sau khi t\u1eadp luy\u1ec7n.<\/li>\n<\/ul>\n<p data-sourcepos=\"19:1-19:24\"><strong>\u0110\u1eb7c \u0111i\u1ec3m dinh d\u01b0\u1ee1ng:<\/strong><\/p>\n<ul data-sourcepos=\"21:1-27:17\">\n<li data-sourcepos=\"21:1-21:11\">Ajinomoto<\/li>\n<li data-sourcepos=\"22:1-22:19\">Kh\u00f4ng ch\u1ee9a Gluten<\/li>\n<li data-sourcepos=\"23:1-23:20\">Kh\u00f4ng ch\u1ee9a Lactose<\/li>\n<li data-sourcepos=\"24:1-24:13\">Kh\u00f4ng \u0111\u01b0\u1eddng<\/li>\n<li data-sourcepos=\"25:1-25:29\">Th\u00edch h\u1ee3p cho ng\u01b0\u1eddi \u0103n chay<\/li>\n<li data-sourcepos=\"26:1-26:36\">Th\u00edch h\u1ee3p cho ng\u01b0\u1eddi \u0103n chay tr\u01b0\u1eddng<\/li>\n<li data-sourcepos=\"27:1-27:17\">Ch\u1ee9a Vitamin B6<\/li>\n<\/ul>\n<p><strong>S\u1ea3n ph\u1ea9m g\u1ed3m h\u1ed9p 110 vi\u00ean v\u00e0 h\u1ed9p 210 vi\u00ean.<\/strong><\/p>","protected":false},"excerpt":{"rendered":"<p>BCAA 4:1:1 extremePRO: H\u1ed7 Tr\u1ee3 Ph\u1ee5c H\u1ed3i Si\u00eau Hi\u1ec7u Qu\u1ea3 BCAA 4:1:1 extremePRO l\u00e0 s\u1ea3n ph\u1ea9m b\u1ed5 sung chu\u1ed7i axit<\/p>","protected":false},"featured_media":12262,"comment_status":"open","ping_status":"closed","template":"","meta":{"_acf_changed":false,"_monsterinsights_skip_tracking":false,"_monsterinsights_sitenote_active":false,"_monsterinsights_sitenote_note":"","_monsterinsights_sitenote_category":0},"product_brand":[],"product_cat":[117,103,185],"product_tag":[182],"class_list":{"0":"post-12259","1":"product","2":"type-product","3":"status-publish","4":"has-post-thumbnail","6":"product_cat-recovery","7":"product_cat-dinh-duong","8":"product_cat-sale","9":"product_tag-namedsport","11":"first","12":"outofstock","13":"shipping-taxable","14":"product-type-variable"},"acf":[],"jetpack_sharing_enabled":true,"_links":{"self":[{"href":"https:\/\/hiboostnutrition.com\/en\/wp-json\/wp\/v2\/product\/12259"}],"collection":[{"href":"https:\/\/hiboostnutrition.com\/en\/wp-json\/wp\/v2\/product"}],"about":[{"href":"https:\/\/hiboostnutrition.com\/en\/wp-json\/wp\/v2\/types\/product"}],"replies":[{"embeddable":true,"href":"https:\/\/hiboostnutrition.com\/en\/wp-json\/wp\/v2\/comments?post=12259"}],"version-history":[{"count":3,"href":"https:\/\/hiboostnutrition.com\/en\/wp-json\/wp\/v2\/product\/12259\/revisions"}],"predecessor-version":[{"id":12272,"href":"https:\/\/hiboostnutrition.com\/en\/wp-json\/wp\/v2\/product\/12259\/revisions\/12272"}],"wp:featuredmedia":[{"embeddable":true,"href":"https:\/\/hiboostnutrition.com\/en\/wp-json\/wp\/v2\/media\/12262"}],"wp:attachment":[{"href":"https:\/\/hiboostnutrition.com\/en\/wp-json\/wp\/v2\/media?parent=12259"}],"wp:term":[{"taxonomy":"product_brand","embeddable":true,"href":"https:\/\/hiboostnutrition.com\/en\/wp-json\/wp\/v2\/product_brand?post=12259"},{"taxonomy":"product_cat","embeddable":true,"href":"https:\/\/hiboostnutrition.com\/en\/wp-json\/wp\/v2\/product_cat?post=12259"},{"taxonomy":"product_tag","embeddable":true,"href":"https:\/\/hiboostnutrition.com\/en\/wp-json\/wp\/v2\/product_tag?post=12259"}],"curies":[{"name":"wp","href":"https:\/\/api.w.org\/{rel}","templated":true}]}}