{"id":12251,"date":"2024-12-12T11:09:18","date_gmt":"2024-12-12T04:09:18","guid":{"rendered":"https:\/\/hiboostnutrition.com\/?post_type=product&#038;p=12251"},"modified":"2026-01-05T17:21:41","modified_gmt":"2026-01-05T10:21:41","slug":"tablets-ph-1500","status":"publish","type":"product","link":"https:\/\/hiboostnutrition.com\/en\/sanpham\/tablets-ph-1500\/","title":{"rendered":"Precision Fuel and Hydration Tablets PH 1500"},"content":{"rendered":"<h2 data-sourcepos=\"1:1-1:101\">PH 1500: Vi\u00ean S\u1ee7i B\u00f9 N\u01b0\u1edbc \u0110i\u1ec7n Gi\u1ea3i Si\u00eau M\u1ea1nh &#8211; B\u1eaft \u0110\u1ea7u Bu\u1ed5i T\u1eadp Tuy\u1ec7t V\u1eddi v\u00e0 Ph\u1ee5c h\u1ed3i Nhanh Ch\u00f3ng<\/h2>\n<p data-sourcepos=\"3:1-3:318\"><strong>PH 1500<\/strong> l\u00e0 vi\u00ean s\u1ee7i b\u00f9 n\u01b0\u1edbc \u0111i\u1ec7n gi\u1ea3i m\u1ea1nh nh\u1ea5t c\u1ee7a ch\u00fang t\u00f4i. S\u1ea3n ph\u1ea9m th\u01b0\u1eddng \u0111\u01b0\u1ee3c s\u1eed d\u1ee5ng b\u1edfi c\u00e1c v\u1eadn \u0111\u1ed9ng vi\u00ean nh\u1eb1m b\u1eaft \u0111\u1ea7u bu\u1ed5i t\u1eadp v\u1edbi c\u01a1 th\u1ec3 \u0111\u1ee7 n\u01b0\u1edbc v\u00e0 ph\u1ee5c h\u1ed3i nhanh h\u01a1n sau c\u00e1c b\u00e0i t\u1eadp c\u01b0\u1eddng \u0111\u1ed9 cao. Ngo\u00e0i ra, nh\u1eefng ng\u01b0\u1eddi \u0111\u1ed5 m\u1ed3 h\u00f4i nhi\u1ec1u ho\u1eb7c m\u1ea5t nhi\u1ec1u mu\u1ed1i c\u0169ng c\u00f3 th\u1ec3 s\u1eed d\u1ee5ng s\u1ea3n ph\u1ea9m trong khi t\u1eadp luy\u1ec7n.<\/p>\n<p data-sourcepos=\"5:1-5:19\"><strong>\u0110\u1eb7c \u0111i\u1ec3m ch\u00ednh:<\/strong><\/p>\n<ul data-sourcepos=\"7:1-19:0\">\n<li data-sourcepos=\"7:1-7:100\">Gi\u00fap b\u1ea1n b\u1eaft \u0111\u1ea7u bu\u1ed5i t\u1eadp v\u1edbi c\u01a1 th\u1ec3 \u0111\u1ee7 n\u01b0\u1edbc v\u00e0 duy tr\u00ec tr\u1ea1ng th\u00e1i \u0111\u00f3 ngay c\u1ea3 khi \u0111\u1ed5 m\u1ed3 h\u00f4i nhi\u1ec1u.<\/li>\n<li data-sourcepos=\"8:1-8:110\">Th\u01b0\u1eddng \u0111\u01b0\u1ee3c s\u1eed d\u1ee5ng tr\u01b0\u1edbc\/sau c\u00e1c b\u00e0i t\u1eadp c\u01b0\u1eddng \u0111\u1ed9 cao v\u00e0 cho v\u1eadn \u0111\u1ed9ng vi\u00ean \u0111\u1ed5 m\u1ed3 h\u00f4i nhi\u1ec1u, m\u1ea5t nhi\u1ec1u mu\u1ed1i.<\/li>\n<li data-sourcepos=\"9:1-9:46\">T\u0103ng c\u01b0\u1eddng h\u1ea5p th\u1ee5 n\u01b0\u1edbc trong khi t\u1eadp luy\u1ec7n.<\/li>\n<li data-sourcepos=\"10:1-10:53\">C\u00f4ng th\u1ee9c h\u1ea1 \u00e1p (hypotonic) gi\u00fap h\u1ea5p th\u1ee5 nhanh h\u01a1n.<\/li>\n<li data-sourcepos=\"11:1-11:66\">Cung c\u1ea5p 1.500mg natri tr\u00ean m\u1ed7i l\u00edt khi pha \u0111\u00fang theo h\u01b0\u1edbng d\u1eabn.<\/li>\n<li data-sourcepos=\"12:1-12:96\">\u0110\u01b0\u1ee3c ki\u1ec3m nghi\u1ec7m \u0111\u1ed9c l\u1eadp theo danh s\u00e1ch c\u00e1c ch\u1ea5t c\u1ea5m c\u1ee7a C\u01a1 quan Ch\u1ed1ng Doping Th\u1ebf gi\u1edbi (WADA).<\/li>\n<li data-sourcepos=\"13:1-13:58\">V\u1ecb cam chanh d\u1ecbu nh\u1eb9, gi\u1ea3m t\u00ecnh tr\u1ea1ng m\u1ec7t m\u1ecfi v\u1ec1 m\u00f9i v\u1ecb.<\/li>\n<li data-sourcepos=\"14:1-14:30\">10 vi\u00ean s\u1ee7i \u00edt calo m\u1ed7i \u1ed1ng.<\/li>\n<li data-sourcepos=\"15:1-15:27\">Kh\u00f4ng ch\u1ee9a gluten v\u00e0 s\u1eefa.<\/li>\n<li data-sourcepos=\"16:1-16:30\">Th\u00edch h\u1ee3p cho ng\u01b0\u1eddi \u0103n chay.<\/li>\n<li data-sourcepos=\"17:1-17:34\">\u00c1p su\u1ea5t th\u1ea9m th\u1ea5u = 113 mmol\/kg.<\/li>\n<li data-sourcepos=\"18:1-19:0\">\u0110\u1ed9 PH = 5.84.<\/li>\n<\/ul>\n<p data-sourcepos=\"20:1-20:17\"><strong>C\u00e1ch s\u1eed d\u1ee5ng:<\/strong><\/p>\n<p data-sourcepos=\"22:1-22:55\"><strong>Tr\u01b0\u1edbc ho\u1ea1t \u0111\u1ed9ng c\u01b0\u1eddng \u0111\u1ed9 cao khi\u1ebfn \u0111\u1ed5 m\u1ed3 h\u00f4i nhi\u1ec1u:<\/strong><\/p>\n<ul data-sourcepos=\"24:1-26:0\">\n<li data-sourcepos=\"24:1-24:89\">Pha 1 vi\u00ean v\u1edbi 500ml n\u01b0\u1edbc v\u00e0 u\u1ed1ng v\u00e0o t\u1ed1i h\u00f4m tr\u01b0\u1edbc c\u00e1c s\u1ef1 ki\u1ec7n v\u00e0 bu\u1ed5i t\u1eadp quan tr\u1ecdng.<\/li>\n<li data-sourcepos=\"25:1-26:0\">Pha 1 vi\u00ean v\u1edbi 500ml n\u01b0\u1edbc v\u00e0 u\u1ed1ng kho\u1ea3ng 90 ph\u00fat tr\u01b0\u1edbc khi b\u1eaft \u0111\u1ea7u c\u00e1c s\u1ef1 ki\u1ec7n v\u00e0 bu\u1ed5i t\u1eadp quan tr\u1ecdng. U\u1ed1ng h\u1ebft trong v\u00f2ng 45 ph\u00fat tr\u01b0\u1edbc khi b\u1eaft \u0111\u1ea7u \u0111\u1ec3 c\u01a1 th\u1ec3 h\u1ea5p th\u1ee5 n\u01b0\u1edbc hi\u1ec7u qu\u1ea3.<\/li>\n<\/ul>\n<p data-sourcepos=\"27:1-27:109\"><strong>Trong ho\u1ea1t \u0111\u1ed9ng c\u01b0\u1eddng \u0111\u1ed9 cao khi\u1ebfn \u0111\u1ed5 m\u1ed3 h\u00f4i nhi\u1ec1u (n\u1ebfu c\u00f3 trong K\u1ebf ho\u1ea1ch Cung C\u1ea5p N\u01b0\u1edbc C\u00e1 Nh\u00e2n c\u1ee7a b\u1ea1n):<\/strong><\/p>\n<ul data-sourcepos=\"29:1-30:0\">\n<li data-sourcepos=\"29:1-30:0\">Pha 1 vi\u00ean v\u1edbi 500ml n\u01b0\u1edbc v\u00e0 u\u1ed1ng theo nhu c\u1ea7u khi \u0111\u1ed5 m\u1ed3 h\u00f4i.<\/li>\n<\/ul>\n<p data-sourcepos=\"31:1-31:69\"><strong>Th\u00e0nh ph\u1ea7n \u0111i\u1ec7n gi\u1ea3i (tr\u00ean m\u1ed7i l\u00edt, khi pha \u0111\u00fang theo h\u01b0\u1edbng d\u1eabn):<\/strong><\/p>\n<ul data-sourcepos=\"33:1-37:0\">\n<li data-sourcepos=\"33:1-33:16\">Natri: 1.500mg<\/li>\n<li data-sourcepos=\"34:1-34:13\">Kali: 250mg<\/li>\n<li data-sourcepos=\"35:1-35:13\">Canxi: 48mg<\/li>\n<li data-sourcepos=\"36:1-37:0\">Magie: 24mg<\/li>\n<\/ul>\n<p data-sourcepos=\"38:1-38:25\"><strong>Th\u00f4ng tin dinh d\u01b0\u1ee1ng:<\/strong><\/p>\n<ul data-sourcepos=\"40:1-43:90\">\n<li data-sourcepos=\"40:1-40:71\">N\u0103ng l\u01b0\u1ee3ng: 16 Kcal \/ 67 Kj tr\u00ean 1 vi\u00ean (3.2 Kcal \/ 14 Kj tr\u00ean 100ml)<\/li>\n<li data-sourcepos=\"41:1-41:22\">Protein: \u00cdt h\u01a1n 0.1g<\/li>\n<li data-sourcepos=\"42:1-42:23\">Ch\u1ea5t b\u00e9o: \u00cdt h\u01a1n 0.1g<\/li>\n<li data-sourcepos=\"43:1-43:90\">Carbohydrate: 1.8g tr\u00ean 1 vi\u00ean (0.4g tr\u00ean 100ml) (khi pha lo\u00e3ng 1 vi\u00ean v\u1edbi 500ml n\u01b0\u1edbc).<\/li>\n<\/ul>","protected":false},"excerpt":{"rendered":"<p>PH 1500: Vi\u00ean S\u1ee7i B\u00f9 N\u01b0\u1edbc \u0110i\u1ec7n Gi\u1ea3i Si\u00eau M\u1ea1nh &#8211; B\u1eaft \u0110\u1ea7u Bu\u1ed5i T\u1eadp Tuy\u1ec7t V\u1eddi v\u00e0 Ph\u1ee5c h\u1ed3i<\/p>","protected":false},"featured_media":12243,"comment_status":"open","ping_status":"closed","template":"","meta":{"_acf_changed":false,"_monsterinsights_skip_tracking":false,"_monsterinsights_sitenote_active":false,"_monsterinsights_sitenote_note":"","_monsterinsights_sitenote_category":0},"product_brand":[],"product_cat":[180,185],"product_tag":[181],"class_list":{"0":"post-12251","1":"product","2":"type-product","3":"status-publish","4":"has-post-thumbnail","6":"product_cat-hydration","7":"product_cat-sale","8":"product_tag-precision-fuel","10":"first","11":"outofstock","12":"sale","13":"shipping-taxable","14":"purchasable","15":"product-type-variable"},"acf":[],"jetpack_sharing_enabled":true,"_links":{"self":[{"href":"https:\/\/hiboostnutrition.com\/en\/wp-json\/wp\/v2\/product\/12251"}],"collection":[{"href":"https:\/\/hiboostnutrition.com\/en\/wp-json\/wp\/v2\/product"}],"about":[{"href":"https:\/\/hiboostnutrition.com\/en\/wp-json\/wp\/v2\/types\/product"}],"replies":[{"embeddable":true,"href":"https:\/\/hiboostnutrition.com\/en\/wp-json\/wp\/v2\/comments?post=12251"}],"version-history":[{"count":2,"href":"https:\/\/hiboostnutrition.com\/en\/wp-json\/wp\/v2\/product\/12251\/revisions"}],"predecessor-version":[{"id":12658,"href":"https:\/\/hiboostnutrition.com\/en\/wp-json\/wp\/v2\/product\/12251\/revisions\/12658"}],"wp:featuredmedia":[{"embeddable":true,"href":"https:\/\/hiboostnutrition.com\/en\/wp-json\/wp\/v2\/media\/12243"}],"wp:attachment":[{"href":"https:\/\/hiboostnutrition.com\/en\/wp-json\/wp\/v2\/media?parent=12251"}],"wp:term":[{"taxonomy":"product_brand","embeddable":true,"href":"https:\/\/hiboostnutrition.com\/en\/wp-json\/wp\/v2\/product_brand?post=12251"},{"taxonomy":"product_cat","embeddable":true,"href":"https:\/\/hiboostnutrition.com\/en\/wp-json\/wp\/v2\/product_cat?post=12251"},{"taxonomy":"product_tag","embeddable":true,"href":"https:\/\/hiboostnutrition.com\/en\/wp-json\/wp\/v2\/product_tag?post=12251"}],"curies":[{"name":"wp","href":"https:\/\/api.w.org\/{rel}","templated":true}]}}