{"id":12240,"date":"2024-12-11T11:06:29","date_gmt":"2024-12-11T04:06:29","guid":{"rendered":"https:\/\/hiboostnutrition.com\/?post_type=product&#038;p=12240"},"modified":"2026-01-05T17:22:29","modified_gmt":"2026-01-05T10:22:29","slug":"tablets-ph-1000","status":"publish","type":"product","link":"https:\/\/hiboostnutrition.com\/en\/sanpham\/tablets-ph-1000\/","title":{"rendered":"Precision Fuel and Hydration Tablets PH 1000"},"content":{"rendered":"<p data-sourcepos=\"3:1-3:152\"><strong>Vi\u00ean s\u1ee7i PH 1000<\/strong> h\u1ed7 tr\u1ee3 h\u1ea5p th\u1ee5 n\u01b0\u1edbc hi\u1ec7u qu\u1ea3 trong khi t\u1eadp luy\u1ec7n nh\u1edd c\u00f4ng th\u1ee9c h\u1ea1 \u00e1p (hypotonic), gi\u00fap b\u1ea1n duy tr\u00ec n\u0103ng l\u01b0\u1ee3ng v\u00e0 kh\u00f4ng b\u1ecb ch\u1eadm l\u1ea1i.<\/p>\n<p data-sourcepos=\"5:1-5:346\"><strong>Note:<\/strong> Bao b\u00ec c\u1ee7a PH 1000 hi\u1ec3n th\u1ecb h\u00e0m l\u01b0\u1ee3ng natri tr\u00ean m\u1ed7i l\u00edt. \u0110i\u1ec1u n\u00e0y gi\u00fap b\u1ea1n d\u1ec5 d\u00e0ng ch\u1ecdn l\u1ef1a s\u1ea3n ph\u1ea9m ph\u00f9 h\u1ee3p v\u1edbi k\u1ebft qu\u1ea3 Th\u1eed Nghi\u1ec7m \u0110\u1ed9 M\u1ed3 H\u00f4i (n\u1ebfu \u0111\u00e3 t\u1eebng th\u1ef1c hi\u1ec7n). N\u1ebfu ch\u01b0a th\u1ef1c hi\u1ec7n Th\u1eed Nghi\u1ec7m \u0110\u1ed9 M\u1ed3 H\u00f4i, ho\u1eb7c b\u1ea1n \u0111ang so s\u00e1nh PH v\u1edbi c\u00e1c s\u1ea3n ph\u1ea9m b\u00f9 n\u01b0\u1edbc kh\u00e1c hi\u1ec3n th\u1ecb h\u00e0m l\u01b0\u1ee3ng natri tr\u00ean m\u1ed7i kh\u1ea9u ph\u1ea7n\/chai, th\u00ec \u0111\u00e2y l\u00e0 h\u01b0\u1edbng d\u1eabn:<\/p>\n<ul data-sourcepos=\"7:1-8:0\">\n<li data-sourcepos=\"7:1-8:0\">1 vi\u00ean s\u1ee7i pha v\u1edbi 473ml n\u01b0\u1edbc = 500mg natri (t\u01b0\u01a1ng \u0111\u01b0\u01a1ng 1000mg natri tr\u00ean 1 l\u00edt ho\u1eb7c 2 chai 473ml).<\/li>\n<\/ul>\n<p data-sourcepos=\"9:1-9:19\"><strong>\u0110\u1eb7c \u0111i\u1ec3m ch\u00ednh:<\/strong><\/p>\n<ul data-sourcepos=\"11:1-19:0\">\n<li data-sourcepos=\"11:1-11:67\">Ch\u1ee9a 1.000mg natri tr\u00ean 946ml (32oz) khi pha \u0111\u00fang theo h\u01b0\u1edbng d\u1eabn.<\/li>\n<li data-sourcepos=\"12:1-12:35\">\u0110\u01b0\u1ee3c ch\u1ee9ng nh\u1eadn NSF cho Th\u1ec3 thao.<\/li>\n<li data-sourcepos=\"13:1-13:23\">V\u1ecb cam chanh d\u1ecbu nh\u1eb9.<\/li>\n<li data-sourcepos=\"14:1-14:30\">10 vi\u00ean s\u1ee7i \u00edt calo m\u1ed7i h\u1ed9p.<\/li>\n<li data-sourcepos=\"15:1-15:27\">Kh\u00f4ng ch\u1ee9a gluten v\u00e0 s\u1eefa.<\/li>\n<li data-sourcepos=\"16:1-16:30\">Th\u00edch h\u1ee3p cho ng\u01b0\u1eddi \u0103n chay.<\/li>\n<li data-sourcepos=\"17:1-17:33\">\u00c1p su\u1ea5t th\u1ea9m th\u1ea5u = 74 mmol\/kg.<\/li>\n<li data-sourcepos=\"18:1-19:0\">\u0110\u1ed9 PH = 5.56.<\/li>\n<\/ul>\n<p data-sourcepos=\"20:1-20:25\"><strong>Th\u00f4ng tin dinh d\u01b0\u1ee1ng:<\/strong><\/p>\n<ul data-sourcepos=\"22:1-31:0\">\n<li data-sourcepos=\"22:1-22:16\">\n<p data-sourcepos=\"22:3-22:16\">Natri: 1.000mg<\/p>\n<\/li>\n<li data-sourcepos=\"23:1-23:13\">\n<p data-sourcepos=\"23:3-23:13\">Kali: 260mg<\/p>\n<\/li>\n<li data-sourcepos=\"24:1-24:13\">\n<p data-sourcepos=\"24:3-24:13\">Canxi: 40mg<\/p>\n<\/li>\n<li data-sourcepos=\"25:1-26:0\">\n<p data-sourcepos=\"25:3-25:13\">Magie: 20mg<\/p>\n<\/li>\n<li data-sourcepos=\"27:1-27:42\">\n<p data-sourcepos=\"27:3-27:42\">N\u0103ng l\u01b0\u1ee3ng: 10 Kcal \/ 42 Kj tr\u00ean 1 vi\u00ean.<\/p>\n<\/li>\n<li data-sourcepos=\"28:1-28:13\">\n<p data-sourcepos=\"28:3-28:13\">Protein: 0g<\/p>\n<\/li>\n<li data-sourcepos=\"29:1-29:14\">\n<p data-sourcepos=\"29:3-29:14\">Ch\u1ea5t b\u00e9o: 0g<\/p>\n<\/li>\n<li data-sourcepos=\"30:1-31:0\">\n<p data-sourcepos=\"30:3-30:69\">Carbohydrate: 3g tr\u00ean 1 vi\u00ean (khi pha lo\u00e3ng 1 vi\u00ean v\u1edbi 473ml n\u01b0\u1edbc).<\/p>\n<\/li>\n<\/ul>\n<p data-sourcepos=\"32:1-32:17\"><strong>C\u00e1ch s\u1eed d\u1ee5ng:<\/strong><\/p>\n<p data-sourcepos=\"34:1-34:66\">Pha 1 vi\u00ean s\u1ee7i v\u1edbi 473ml n\u01b0\u1edbc v\u00e0 u\u1ed1ng theo nhu c\u1ea7u khi \u0111\u1ed5 m\u1ed3 h\u00f4i.<\/p>","protected":false},"excerpt":{"rendered":"<p>Vi\u00ean s\u1ee7i PH 1000 h\u1ed7 tr\u1ee3 h\u1ea5p th\u1ee5 n\u01b0\u1edbc hi\u1ec7u qu\u1ea3 trong khi t\u1eadp luy\u1ec7n nh\u1edd c\u00f4ng th\u1ee9c h\u1ea1 \u00e1p<\/p>","protected":false},"featured_media":12245,"comment_status":"open","ping_status":"closed","template":"","meta":{"_acf_changed":false,"_monsterinsights_skip_tracking":false,"_monsterinsights_sitenote_active":false,"_monsterinsights_sitenote_note":"","_monsterinsights_sitenote_category":0},"product_brand":[],"product_cat":[180,185],"product_tag":[181],"class_list":{"0":"post-12240","1":"product","2":"type-product","3":"status-publish","4":"has-post-thumbnail","6":"product_cat-hydration","7":"product_cat-sale","8":"product_tag-precision-fuel","10":"first","11":"outofstock","12":"sale","13":"shipping-taxable","14":"purchasable","15":"product-type-variable"},"acf":[],"jetpack_sharing_enabled":true,"_links":{"self":[{"href":"https:\/\/hiboostnutrition.com\/en\/wp-json\/wp\/v2\/product\/12240"}],"collection":[{"href":"https:\/\/hiboostnutrition.com\/en\/wp-json\/wp\/v2\/product"}],"about":[{"href":"https:\/\/hiboostnutrition.com\/en\/wp-json\/wp\/v2\/types\/product"}],"replies":[{"embeddable":true,"href":"https:\/\/hiboostnutrition.com\/en\/wp-json\/wp\/v2\/comments?post=12240"}],"version-history":[{"count":1,"href":"https:\/\/hiboostnutrition.com\/en\/wp-json\/wp\/v2\/product\/12240\/revisions"}],"predecessor-version":[{"id":12249,"href":"https:\/\/hiboostnutrition.com\/en\/wp-json\/wp\/v2\/product\/12240\/revisions\/12249"}],"wp:featuredmedia":[{"embeddable":true,"href":"https:\/\/hiboostnutrition.com\/en\/wp-json\/wp\/v2\/media\/12245"}],"wp:attachment":[{"href":"https:\/\/hiboostnutrition.com\/en\/wp-json\/wp\/v2\/media?parent=12240"}],"wp:term":[{"taxonomy":"product_brand","embeddable":true,"href":"https:\/\/hiboostnutrition.com\/en\/wp-json\/wp\/v2\/product_brand?post=12240"},{"taxonomy":"product_cat","embeddable":true,"href":"https:\/\/hiboostnutrition.com\/en\/wp-json\/wp\/v2\/product_cat?post=12240"},{"taxonomy":"product_tag","embeddable":true,"href":"https:\/\/hiboostnutrition.com\/en\/wp-json\/wp\/v2\/product_tag?post=12240"}],"curies":[{"name":"wp","href":"https:\/\/api.w.org\/{rel}","templated":true}]}}