{"id":12227,"date":"2024-12-09T10:50:03","date_gmt":"2024-12-09T03:50:03","guid":{"rendered":"https:\/\/hiboostnutrition.com\/?post_type=product&#038;p=12227"},"modified":"2025-11-25T15:11:54","modified_gmt":"2025-11-25T08:11:54","slug":"powder-ph-1500","status":"publish","type":"product","link":"https:\/\/hiboostnutrition.com\/en\/sanpham\/powder-ph-1500\/","title":{"rendered":"Precision Fuel and Hydration Powder PH 1500"},"content":{"rendered":"<h2 data-sourcepos=\"1:1-1:81\">PH 1500: B\u1ed9t Pha N\u0103ng L\u01b0\u1ee3ng \u0110i\u1ec7n Gi\u1ea3i M\u1ea1nh Nh\u1ea5t &#8211; B\u00f9 N\u01b0\u1edbc v\u00e0 Ph\u1ee5c H\u1ed3i Hi\u1ec7u Qu\u1ea3<\/h2>\n<p data-sourcepos=\"3:1-3:404\"><strong>PH 1500<\/strong> l\u00e0 g\u00f3i b\u1ed9t pha n\u0103ng l\u01b0\u1ee3ng \u0111i\u1ec7n gi\u1ea3i m\u1ea1nh nh\u1ea5t trong d\u00f2ng s\u1ea3n ph\u1ea9m c\u1ee7a Precision Fuel &amp; Hydration. S\u1ea3n ph\u1ea9m ho\u00e0n to\u00e0n t\u1ef1 nhi\u00ean, c\u00f3 nhi\u1ec1u l\u1ef1a ch\u1ecdn n\u1ed3ng \u0111\u1ed9 kh\u00e1c nhau ph\u00f9 h\u1ee3p v\u1edbi l\u01b0\u1ee3ng m\u1ed3 h\u00f4i v\u00e0 natri b\u1ea1n th\u1ea3i ra. PH 1500 l\u00fd t\u01b0\u1edfng cho v\u1eadn \u0111\u1ed9ng vi\u00ean c\u1ea7n b\u1eaft \u0111\u1ea7u bu\u1ed5i t\u1eadp v\u1edbi c\u01a1 th\u1ec3 \u0111\u1ee7 n\u01b0\u1edbc v\u00e0 ph\u1ee5c h\u1ed3i nhanh h\u01a1n sau c\u00e1c b\u00e0i t\u1eadp c\u01b0\u1eddng \u0111\u1ed9 cao, \u0111\u1ed3ng th\u1eddi c\u0169ng th\u00edch h\u1ee3p cho ng\u01b0\u1eddi \u0111\u1ed5 m\u1ed3 h\u00f4i nhi\u1ec1u.<\/p>\n<p data-sourcepos=\"5:1-5:29\"><strong>Hi\u1ec3u s\u00e2u h\u01a1n v\u1ec1 s\u1ea3n ph\u1ea9m:<\/strong><\/p>\n<ul data-sourcepos=\"7:1-9:0\">\n<li data-sourcepos=\"7:1-7:141\">C\u00f4ng th\u1ee9c h\u1ea1 \u00e1p (hypotonic) gi\u00fap t\u0103ng c\u01b0\u1eddng h\u1ea5p th\u1ee5 n\u01b0\u1edbc trong khi t\u1eadp luy\u1ec7n v\u00e0 ch\u1ee9a 1500mg natri tr\u00ean m\u1ed7i l\u00edt khi pha \u0111\u00fang theo h\u01b0\u1edbng d\u1eabn.<\/li>\n<li data-sourcepos=\"8:1-9:0\">Th\u00edch h\u1ee3p cho ng\u01b0\u1eddi \u0103n chay, kh\u00f4ng ch\u1ee9a gluten v\u00e0 s\u1eefa, \u0111\u01b0\u1ee3c \u0111\u00f3ng g\u00f3i ch\u1ed1ng th\u1ea5m n\u01b0\u1edbc, ti\u1ec7n l\u1ee3i khi di chuy\u1ec3n.<\/li>\n<\/ul>\n<p data-sourcepos=\"10:1-10:20\"><strong>Th\u00f4ng tin nhanh:<\/strong><\/p>\n<ul data-sourcepos=\"12:1-18:0\">\n<li data-sourcepos=\"12:1-12:77\">Th\u01b0\u1eddng \u0111\u01b0\u1ee3c s\u1eed d\u1ee5ng b\u1edfi c\u00e1c v\u1eadn \u0111\u1ed9ng vi\u00ean \u0111\u1ed5 m\u1ed3 h\u00f4i nhi\u1ec1u, m\u1ea5t nhi\u1ec1u natri.<\/li>\n<li data-sourcepos=\"13:1-13:33\">Ch\u1ee9a 1500mg natri tr\u00ean m\u1ed7i l\u00edt.<\/li>\n<li data-sourcepos=\"14:1-14:41\">8 g\u00f3i b\u1ed9t pha u\u1ed1ng 1 l\u1ea7n trong m\u1ed7i h\u1ed9p.<\/li>\n<li data-sourcepos=\"15:1-15:27\">Kh\u00f4ng ch\u1ee9a gluten v\u00e0 s\u1eefa.<\/li>\n<li data-sourcepos=\"16:1-16:30\">Th\u00edch h\u1ee3p cho ng\u01b0\u1eddi \u0103n chay.<\/li>\n<li data-sourcepos=\"17:1-18:0\">1 h\u1ed9p g\u1ed3m 8 g\u00f3i.<\/li>\n<\/ul>\n<p data-sourcepos=\"19:1-19:17\"><strong>C\u00e1ch s\u1eed d\u1ee5ng:<\/strong><\/p>\n<ul data-sourcepos=\"21:1-27:0\">\n<li data-sourcepos=\"21:1-24:0\">\n<p data-sourcepos=\"21:3-21:111\"><strong>Tr\u01b0\u1edbc ho\u1ea1t \u0111\u1ed9ng c\u01b0\u1eddng \u0111\u1ed9 cao khi\u1ebfn \u0111\u1ed5 m\u1ed3 h\u00f4i nhi\u1ec1u (n\u1ebfu c\u00f3 trong K\u1ebf ho\u1ea1ch Cung C\u1ea5p N\u01b0\u1edbc C\u00e1 Nh\u00e2n c\u1ee7a b\u1ea1n):<\/strong><\/p>\n<ul data-sourcepos=\"22:5-24:0\">\n<li data-sourcepos=\"22:5-22:92\">Pha 1 g\u00f3i v\u1edbi 500ml n\u01b0\u1edbc v\u00e0 u\u1ed1ng v\u00e0o t\u1ed1i h\u00f4m tr\u01b0\u1edbc c\u00e1c s\u1ef1 ki\u1ec7n v\u00e0 bu\u1ed5i t\u1eadp quan tr\u1ecdng.<\/li>\n<li data-sourcepos=\"23:5-24:0\">Pha 1 g\u00f3i v\u1edbi 500ml n\u01b0\u1edbc v\u00e0 u\u1ed1ng 90 ph\u00fat tr\u01b0\u1edbc khi b\u1eaft \u0111\u1ea7u c\u00e1c s\u1ef1 ki\u1ec7n v\u00e0 bu\u1ed5i t\u1eadp quan tr\u1ecdng. U\u1ed1ng h\u1ebft trong v\u00f2ng 45 ph\u00fat tr\u01b0\u1edbc khi b\u1eaft \u0111\u1ea7u \u0111\u1ec3 c\u01a1 th\u1ec3 h\u1ea5p th\u1ee5 n\u01b0\u1edbc hi\u1ec7u qu\u1ea3.<\/li>\n<\/ul>\n<\/li>\n<li data-sourcepos=\"25:1-27:0\">\n<p data-sourcepos=\"25:3-25:111\"><strong>Trong ho\u1ea1t \u0111\u1ed9ng c\u01b0\u1eddng \u0111\u1ed9 cao khi\u1ebfn \u0111\u1ed5 m\u1ed3 h\u00f4i nhi\u1ec1u (n\u1ebfu c\u00f3 trong K\u1ebf ho\u1ea1ch Cung C\u1ea5p N\u01b0\u1edbc C\u00e1 Nh\u00e2n c\u1ee7a b\u1ea1n):<\/strong><\/p>\n<ul data-sourcepos=\"26:5-27:0\">\n<li data-sourcepos=\"26:5-27:0\">Pha 1 g\u00f3i v\u1edbi 500ml n\u01b0\u1edbc v\u00e0 u\u1ed1ng theo nhu c\u1ea7u.<\/li>\n<\/ul>\n<\/li>\n<\/ul>\n<p data-sourcepos=\"28:1-28:25\"><strong>Th\u00f4ng tin dinh d\u01b0\u1ee1ng:<\/strong><\/p>\n<p data-sourcepos=\"30:1-30:62\">H\u00e0m l\u01b0\u1ee3ng \u0111i\u1ec7n gi\u1ea3i (tr\u00ean m\u1ed7i l\u00edt khi pha \u0111\u00fang theo h\u01b0\u1edbng d\u1eabn)<\/p>\n<ul data-sourcepos=\"32:1-36:0\">\n<li data-sourcepos=\"32:1-32:16\">Natri: 1,500mg<\/li>\n<li data-sourcepos=\"33:1-33:13\">Kali: 250mg<\/li>\n<li data-sourcepos=\"34:1-34:13\">Canxi: 48mg<\/li>\n<li data-sourcepos=\"35:1-36:0\">Magie: 24mg<\/li>\n<\/ul>\n<p data-sourcepos=\"37:1-37:25\">Th\u00f4ng tin dinh d\u01b0\u1ee1ng kh\u00e1c<\/p>\n<ul data-sourcepos=\"39:1-44:0\">\n<li data-sourcepos=\"39:1-39:67\">N\u0103ng l\u01b0\u1ee3ng: 61 kCal\/ 255 kJ tr\u00ean 20g (305 kCal\/ 1276kJ tr\u00ean 100g)<\/li>\n<li data-sourcepos=\"40:1-40:13\">Protein: 0g<\/li>\n<li data-sourcepos=\"41:1-41:14\">Ch\u1ea5t b\u00e9o: 0g<\/li>\n<li data-sourcepos=\"42:1-42:84\">Carbohydrate: 15g tr\u00ean 20g, trong \u0111\u00f3 15g \u0111\u01b0\u1eddng (75g tr\u00ean 100g, trong \u0111\u00f3 75g \u0111\u01b0\u1eddng)<\/li>\n<li data-sourcepos=\"43:1-44:0\">Mu\u1ed1i: 1.88g tr\u00ean 20g (9.38 tr\u00ean 100g)<\/li>\n<\/ul>\n<p data-sourcepos=\"45:1-45:20\"><strong>L\u01b0u \u00fd v\u1ec1 d\u1ecb \u1ee9ng:<\/strong><\/p>\n<p data-sourcepos=\"47:1-47:99\">Kh\u00f4ng ch\u1ee9a s\u1eefa ho\u1eb7c gluten nh\u01b0ng \u0111\u01b0\u1ee3c s\u1ea3n xu\u1ea5t t\u1ea1i c\u01a1 s\u1edf ch\u1ebf bi\u1ebfn s\u1eefa, l\u00faa m\u00ec (gluten) v\u00e0 \u0111\u1eadu n\u00e0nh.<\/p>\n<p data-sourcepos=\"49:1-49:15\"><strong>Th\u00e0nh ph\u1ea7n:<\/strong><\/p>\n<p data-sourcepos=\"51:1-51:126\">\u0110\u01b0\u1eddng*, Natri Citrat, Axit Citric, Vitamin C (axit ascorbic), H\u01b0\u01a1ng v\u1ecb t\u1ef1 nhi\u00ean, Kali Clorua, Calci Lactat v\u00e0 Magie Cacbonat.<\/p>","protected":false},"excerpt":{"rendered":"<p>PH 1500: B\u1ed9t Pha N\u0103ng L\u01b0\u1ee3ng \u0110i\u1ec7n Gi\u1ea3i M\u1ea1nh Nh\u1ea5t &#8211; B\u00f9 N\u01b0\u1edbc v\u00e0 Ph\u1ee5c H\u1ed3i Hi\u1ec7u Qu\u1ea3 PH 1500<\/p>","protected":false},"featured_media":12228,"comment_status":"open","ping_status":"closed","template":"","meta":{"_acf_changed":false,"_monsterinsights_skip_tracking":false,"_monsterinsights_sitenote_active":false,"_monsterinsights_sitenote_note":"","_monsterinsights_sitenote_category":0},"product_brand":[],"product_cat":[180,185],"product_tag":[181],"class_list":{"0":"post-12227","1":"product","2":"type-product","3":"status-publish","4":"has-post-thumbnail","6":"product_cat-hydration","7":"product_cat-sale","8":"product_tag-precision-fuel","10":"first","11":"outofstock","12":"shipping-taxable","13":"purchasable","14":"product-type-variable"},"acf":[],"jetpack_sharing_enabled":true,"_links":{"self":[{"href":"https:\/\/hiboostnutrition.com\/en\/wp-json\/wp\/v2\/product\/12227"}],"collection":[{"href":"https:\/\/hiboostnutrition.com\/en\/wp-json\/wp\/v2\/product"}],"about":[{"href":"https:\/\/hiboostnutrition.com\/en\/wp-json\/wp\/v2\/types\/product"}],"replies":[{"embeddable":true,"href":"https:\/\/hiboostnutrition.com\/en\/wp-json\/wp\/v2\/comments?post=12227"}],"version-history":[{"count":4,"href":"https:\/\/hiboostnutrition.com\/en\/wp-json\/wp\/v2\/product\/12227\/revisions"}],"predecessor-version":[{"id":12235,"href":"https:\/\/hiboostnutrition.com\/en\/wp-json\/wp\/v2\/product\/12227\/revisions\/12235"}],"wp:featuredmedia":[{"embeddable":true,"href":"https:\/\/hiboostnutrition.com\/en\/wp-json\/wp\/v2\/media\/12228"}],"wp:attachment":[{"href":"https:\/\/hiboostnutrition.com\/en\/wp-json\/wp\/v2\/media?parent=12227"}],"wp:term":[{"taxonomy":"product_brand","embeddable":true,"href":"https:\/\/hiboostnutrition.com\/en\/wp-json\/wp\/v2\/product_brand?post=12227"},{"taxonomy":"product_cat","embeddable":true,"href":"https:\/\/hiboostnutrition.com\/en\/wp-json\/wp\/v2\/product_cat?post=12227"},{"taxonomy":"product_tag","embeddable":true,"href":"https:\/\/hiboostnutrition.com\/en\/wp-json\/wp\/v2\/product_tag?post=12227"}],"curies":[{"name":"wp","href":"https:\/\/api.w.org\/{rel}","templated":true}]}}