{"id":12221,"date":"2024-12-08T10:49:36","date_gmt":"2024-12-08T03:49:36","guid":{"rendered":"https:\/\/hiboostnutrition.com\/?post_type=product&#038;p=12221"},"modified":"2026-01-05T17:23:02","modified_gmt":"2026-01-05T10:23:02","slug":"powder-ph-1000","status":"publish","type":"product","link":"https:\/\/hiboostnutrition.com\/en\/sanpham\/powder-ph-1000\/","title":{"rendered":"Precision Fuel and Hydration Powder PH 1000"},"content":{"rendered":"<p data-sourcepos=\"3:1-3:371\"><strong>PH 1000<\/strong> l\u00e0 g\u00f3i b\u1ed9t pha n\u0103ng l\u01b0\u1ee3ng \u0111i\u1ec7n gi\u1ea3i ti\u1ec7n l\u1ee3i, ho\u00e0n to\u00e0n t\u1ef1 nhi\u00ean, c\u1ee7a Precision Fuel &amp; Hydration. S\u1ea3n ph\u1ea9m c\u00f3 nhi\u1ec1u l\u1ef1a ch\u1ecdn n\u1ed3ng \u0111\u1ed9 kh\u00e1c nhau ph\u00f9 h\u1ee3p v\u1edbi l\u01b0\u1ee3ng m\u1ed3 h\u00f4i v\u00e0 natri b\u1ea1n th\u1ea3i ra. PH 1000 l\u00e0 lo\u1ea1i b\u1ed9t pha c\u00f3 n\u1ed3ng \u0111\u1ed9 \u0111i\u1ec7n gi\u1ea3i cao, th\u01b0\u1eddng \u0111\u01b0\u1ee3c s\u1eed d\u1ee5ng b\u1edfi c\u00e1c v\u1eadn \u0111\u1ed9ng vi\u00ean \u0111\u1ed5 m\u1ed3 h\u00f4i nhi\u1ec1u, m\u1ea5t nhi\u1ec1u natri, ho\u1eb7c t\u1eadp luy\u1ec7n trong \u0111i\u1ec1u ki\u1ec7n n\u00f3ng \u1ea9m.<\/p>\n<p data-sourcepos=\"5:1-5:29\"><strong>Hi\u1ec3u s\u00e2u h\u01a1n v\u1ec1 s\u1ea3n ph\u1ea9m:<\/strong><\/p>\n<ul data-sourcepos=\"7:1-9:0\">\n<li data-sourcepos=\"7:1-7:141\">C\u00f4ng th\u1ee9c h\u1ea1 \u00e1p (hypotonic) gi\u00fap t\u0103ng c\u01b0\u1eddng h\u1ea5p th\u1ee5 n\u01b0\u1edbc trong khi t\u1eadp luy\u1ec7n v\u00e0 ch\u1ee9a 1000mg natri tr\u00ean m\u1ed7i l\u00edt khi pha \u0111\u00fang theo h\u01b0\u1edbng d\u1eabn.<\/li>\n<li data-sourcepos=\"8:1-9:0\">Th\u00edch h\u1ee3p cho ng\u01b0\u1eddi \u0103n chay, kh\u00f4ng ch\u1ee9a gluten v\u00e0 \u0111\u01b0\u1ee3c \u0111\u00f3ng g\u00f3i ch\u1ed1ng th\u1ea5m n\u01b0\u1edbc, ti\u1ec7n l\u1ee3i khi di chuy\u1ec3n.<\/li>\n<\/ul>\n<p data-sourcepos=\"10:1-10:20\"><strong>Th\u00f4ng tin nhanh:<\/strong><\/p>\n<ul data-sourcepos=\"12:1-18:0\">\n<li data-sourcepos=\"12:1-12:77\">Th\u01b0\u1eddng \u0111\u01b0\u1ee3c s\u1eed d\u1ee5ng b\u1edfi c\u00e1c v\u1eadn \u0111\u1ed9ng vi\u00ean \u0111\u1ed5 m\u1ed3 h\u00f4i nhi\u1ec1u, m\u1ea5t nhi\u1ec1u natri.<\/li>\n<li data-sourcepos=\"13:1-13:33\">Ch\u1ee9a 1000mg natri tr\u00ean m\u1ed7i l\u00edt.<\/li>\n<li data-sourcepos=\"14:1-14:41\">8 g\u00f3i b\u1ed9t pha u\u1ed1ng 1 l\u1ea7n trong m\u1ed7i h\u1ed9p.<\/li>\n<li data-sourcepos=\"15:1-15:27\">Kh\u00f4ng ch\u1ee9a gluten v\u00e0 s\u1eefa.<\/li>\n<li data-sourcepos=\"16:1-16:30\">Th\u00edch h\u1ee3p cho ng\u01b0\u1eddi \u0103n chay.<\/li>\n<li data-sourcepos=\"17:1-18:0\">1 h\u1ed9p g\u1ed3m 8 g\u00f3i.<\/li>\n<\/ul>\n<p data-sourcepos=\"19:1-19:17\"><strong>C\u00e1ch s\u1eed d\u1ee5ng:<\/strong><\/p>\n<p data-sourcepos=\"21:1-21:60\">Pha 1 g\u00f3i v\u1edbi 500ml n\u01b0\u1edbc v\u00e0 u\u1ed1ng theo nhu c\u1ea7u khi \u0111\u1ed5 m\u1ed3 h\u00f4i.<\/p>\n<p data-sourcepos=\"23:1-23:25\"><strong>Th\u00f4ng tin dinh d\u01b0\u1ee1ng:<\/strong><\/p>\n<p data-sourcepos=\"25:1-25:62\">H\u00e0m l\u01b0\u1ee3ng \u0111i\u1ec7n gi\u1ea3i (tr\u00ean m\u1ed7i l\u00edt khi pha \u0111\u00fang theo h\u01b0\u1edbng d\u1eabn)<\/p>\n<ul data-sourcepos=\"27:1-31:0\">\n<li data-sourcepos=\"27:1-27:16\">Natri: 1,000mg<\/li>\n<li data-sourcepos=\"28:1-28:13\">Kali: 250mg<\/li>\n<li data-sourcepos=\"29:1-29:13\">Canxi: 48mg<\/li>\n<li data-sourcepos=\"30:1-31:0\">Magie: 24mg<\/li>\n<\/ul>\n<p data-sourcepos=\"32:1-32:25\">Th\u00f4ng tin dinh d\u01b0\u1ee1ng kh\u00e1c<\/p>\n<ul data-sourcepos=\"34:1-38:0\">\n<li data-sourcepos=\"34:1-34:67\">N\u0103ng l\u01b0\u1ee3ng: 65 kCal\/ 272 kJ tr\u00ean 20g (325kCal\/ 1360 kJ tr\u00ean 100g)<\/li>\n<li data-sourcepos=\"35:1-35:13\">Protein: 0g<\/li>\n<li data-sourcepos=\"36:1-36:84\">Carbohydrate: 17g tr\u00ean 20g, trong \u0111\u00f3 16g \u0111\u01b0\u1eddng (85g tr\u00ean 100g, trong \u0111\u00f3 80g \u0111\u01b0\u1eddng)<\/li>\n<li data-sourcepos=\"37:1-38:0\">Mu\u1ed1i: 1.25g tr\u00ean 20g (6.25 tr\u00ean 100g)<\/li>\n<\/ul>\n<p data-sourcepos=\"39:1-39:20\"><strong>L\u01b0u \u00fd v\u1ec1 d\u1ecb \u1ee9ng:<\/strong><\/p>\n<p data-sourcepos=\"41:1-41:99\">Kh\u00f4ng ch\u1ee9a s\u1eefa ho\u1eb7c gluten nh\u01b0ng \u0111\u01b0\u1ee3c s\u1ea3n xu\u1ea5t t\u1ea1i c\u01a1 s\u1edf ch\u1ebf bi\u1ebfn s\u1eefa, l\u00faa m\u00ec (gluten) v\u00e0 \u0111\u1eadu n\u00e0nh.<\/p>\n<p data-sourcepos=\"43:1-43:15\"><strong>Th\u00e0nh ph\u1ea7n:<\/strong><\/p>\n<p data-sourcepos=\"45:1-45:126\">\u0110\u01b0\u1eddng*, Natri Citrat, Axit Citric, Vitamin C (axit ascorbic), H\u01b0\u01a1ng v\u1ecb t\u1ef1 nhi\u00ean, Kali Clorua, Calci Lactat v\u00e0 Magie Cacbonat.<\/p>\n<p data-sourcepos=\"45:1-45:126\"><img fetchpriority=\"high\" decoding=\"async\" class=\"wp-image-12225 size-full aligncenter\" src=\"https:\/\/hiboostnutrition.com\/wp-content\/uploads\/2024\/04\/PH-1000.jpg\" alt=\"\" width=\"387\" height=\"765\" srcset=\"https:\/\/hiboostnutrition.com\/wp-content\/uploads\/2024\/04\/PH-1000.jpg 387w, https:\/\/hiboostnutrition.com\/wp-content\/uploads\/2024\/04\/PH-1000-6x12.jpg 6w, https:\/\/hiboostnutrition.com\/wp-content\/uploads\/2024\/04\/PH-1000-12x24.jpg 12w, https:\/\/hiboostnutrition.com\/wp-content\/uploads\/2024\/04\/PH-1000-18x36.jpg 18w, https:\/\/hiboostnutrition.com\/wp-content\/uploads\/2024\/04\/PH-1000-24x48.jpg 24w, https:\/\/hiboostnutrition.com\/wp-content\/uploads\/2024\/04\/PH-1000-150x297.jpg 150w\" sizes=\"(max-width: 387px) 100vw, 387px\" \/><\/p>","protected":false},"excerpt":{"rendered":"<p>PH 1000 l\u00e0 g\u00f3i b\u1ed9t pha n\u0103ng l\u01b0\u1ee3ng \u0111i\u1ec7n gi\u1ea3i ti\u1ec7n l\u1ee3i, ho\u00e0n to\u00e0n t\u1ef1 nhi\u00ean, c\u1ee7a Precision Fuel &amp;<\/p>","protected":false},"featured_media":12222,"comment_status":"open","ping_status":"closed","template":"","meta":{"_acf_changed":false,"_monsterinsights_skip_tracking":false,"_monsterinsights_sitenote_active":false,"_monsterinsights_sitenote_note":"","_monsterinsights_sitenote_category":0},"product_brand":[],"product_cat":[180,185],"product_tag":[181],"class_list":{"0":"post-12221","1":"product","2":"type-product","3":"status-publish","4":"has-post-thumbnail","6":"product_cat-hydration","7":"product_cat-sale","8":"product_tag-precision-fuel","10":"first","11":"outofstock","12":"shipping-taxable","13":"purchasable","14":"product-type-variable"},"acf":[],"jetpack_sharing_enabled":true,"_links":{"self":[{"href":"https:\/\/hiboostnutrition.com\/en\/wp-json\/wp\/v2\/product\/12221"}],"collection":[{"href":"https:\/\/hiboostnutrition.com\/en\/wp-json\/wp\/v2\/product"}],"about":[{"href":"https:\/\/hiboostnutrition.com\/en\/wp-json\/wp\/v2\/types\/product"}],"replies":[{"embeddable":true,"href":"https:\/\/hiboostnutrition.com\/en\/wp-json\/wp\/v2\/comments?post=12221"}],"version-history":[{"count":2,"href":"https:\/\/hiboostnutrition.com\/en\/wp-json\/wp\/v2\/product\/12221\/revisions"}],"predecessor-version":[{"id":12239,"href":"https:\/\/hiboostnutrition.com\/en\/wp-json\/wp\/v2\/product\/12221\/revisions\/12239"}],"wp:featuredmedia":[{"embeddable":true,"href":"https:\/\/hiboostnutrition.com\/en\/wp-json\/wp\/v2\/media\/12222"}],"wp:attachment":[{"href":"https:\/\/hiboostnutrition.com\/en\/wp-json\/wp\/v2\/media?parent=12221"}],"wp:term":[{"taxonomy":"product_brand","embeddable":true,"href":"https:\/\/hiboostnutrition.com\/en\/wp-json\/wp\/v2\/product_brand?post=12221"},{"taxonomy":"product_cat","embeddable":true,"href":"https:\/\/hiboostnutrition.com\/en\/wp-json\/wp\/v2\/product_cat?post=12221"},{"taxonomy":"product_tag","embeddable":true,"href":"https:\/\/hiboostnutrition.com\/en\/wp-json\/wp\/v2\/product_tag?post=12221"}],"curies":[{"name":"wp","href":"https:\/\/api.w.org\/{rel}","templated":true}]}}