{"id":12211,"date":"2024-12-19T10:41:14","date_gmt":"2024-12-19T03:41:14","guid":{"rendered":"https:\/\/hiboostnutrition.com\/?post_type=product&#038;p=12211"},"modified":"2026-01-05T17:23:39","modified_gmt":"2026-01-05T10:23:39","slug":"pf-90-gel","status":"publish","type":"product","link":"https:\/\/hiboostnutrition.com\/en\/sanpham\/pf-90-gel\/","title":{"rendered":"Precision Fuel and Hydration PF 90 Gel"},"content":{"rendered":"<h2 data-sourcepos=\"1:1-1:53\">PF 90 Gel: Si\u00eau Gel N\u0103ng L\u01b0\u1ee3ng cho C\u00e1c B\u00e0i T\u1eadp D\u00e0i<\/h2>\n<p data-sourcepos=\"3:1-3:332\"><strong>PF 90 Gel<\/strong> ho\u00e0n to\u00e0n t\u1ef1 nhi\u00ean, c\u00f3 th\u1ec3 s\u1eed d\u1ee5ng ri\u00eang l\u1ebb trong c\u00e1c ho\u1ea1t \u0111\u1ed9ng ng\u1eafn ho\u1eb7c k\u1ebft h\u1ee3p v\u1edbi c\u00e1c s\u1ea3n ph\u1ea9m dinh d\u01b0\u1ee1ng kh\u00e1c c\u1ee7a PF ho\u1eb7c th\u1ef1c ph\u1ea9m th\u00f4ng th\u01b0\u1eddng trong c\u00e1c ho\u1ea1t \u0111\u1ed9ng d\u00e0i h\u01a1n. G\u00f3i l\u1edbn gi\u00fap b\u1ea1n d\u1ec5 d\u00e0ng theo d\u00f5i l\u01b0\u1ee3ng dinh d\u01b0\u1ee1ng c\u1ea7n thi\u1ebft, \u0111\u1ed3ng th\u1eddi gi\u1ea3m thi\u1ec3u t\u1ed1i \u0111a r\u00e1c th\u1ea3i bao b\u00ec so v\u1edbi c\u00e1c lo\u1ea1i gel th\u00f4ng th\u01b0\u1eddng.<\/p>\n<p data-sourcepos=\"5:1-5:98\">N\u1ebfu b\u1ea1n t\u1eebng g\u1eb7p v\u1ea5n \u0111\u1ec1 v\u1edbi c\u00e1c lo\u1ea1i gel n\u0103ng l\u01b0\u1ee3ng kh\u00e1c, PF 90 ch\u1eafc ch\u1eafn s\u1ebd khi\u1ebfn b\u1ea1n ng\u1ea1c nhi\u00ean.<\/p>\n<p data-sourcepos=\"7:1-7:295\"><strong>PF 90<\/strong> l\u00e0 l\u1ef1a ch\u1ecdn ho\u00e0n h\u1ea3o cho nh\u1eefng qu\u00e3ng ch\u1ea1y \u0111\u01b0\u1eddng d\u00e0i, \u0111\u1ea1p xe \u0111\u01b0\u1eddng tr\u01b0\u1eddng ho\u1eb7c c\u00e1c cu\u1ed9c \u0111ua l\u1edbn, cung c\u1ea5p 90g carbohydrate m\u1ed7i g\u00f3i. L\u01b0u \u00fd: s\u1ea3n ph\u1ea9m kh\u00f4ng ch\u1ee9a \u0111i\u1ec7n gi\u1ea3i, v\u00ec v\u1eady \u0111\u01b0\u1ee3c thi\u1ebft k\u1ebf \u0111\u1ec3 s\u1eed d\u1ee5ng c\u00f9ng v\u1edbi d\u00f2ng s\u1ea3n ph\u1ea9m Precision Hydration ho\u1eb7c h\u1ed7n h\u1ee3p \u0111i\u1ec7n gi\u1ea3i y\u00eau th\u00edch c\u1ee7a b\u1ea1n.<\/p>\n<p data-sourcepos=\"9:1-9:144\">N\u1eafp \u0111\u1eady d\u1ec5 s\u1eed d\u1ee5ng, c\u00f3 th\u1ec3 \u0111\u00f3ng l\u1ea1i gi\u00fap vi\u1ec7c n\u1ea1p n\u0103ng l\u01b0\u1ee3ng tr\u01b0\u1edbc\/trong\/sau c\u00e1c ho\u1ea1t \u0111\u1ed9ng c\u01b0\u1eddng \u0111\u1ed9 cao tr\u1edf n\u00ean ti\u1ec7n l\u1ee3i h\u01a1n v\u1edbi m\u1ed9t &#8220;si\u00eau gel&#8221;.<\/p>\n<p data-sourcepos=\"11:1-11:19\"><strong>\u0110\u1eb7c \u0111i\u1ec3m ch\u00ednh:<\/strong><\/p>\n<ul data-sourcepos=\"13:1-21:0\">\n<li data-sourcepos=\"13:1-13:32\">Ch\u1ee9a 90g carbohydrate m\u1ed7i g\u00f3i.<\/li>\n<li data-sourcepos=\"14:1-14:60\">T\u1ef7 l\u1ec7 glucose v\u00e0 fructose 2:1 h\u1ed7 tr\u1ee3 h\u1ea5p th\u1ee5 carbohydrate.<\/li>\n<li data-sourcepos=\"15:1-15:75\">V\u1ecb &#8220;Original&#8221; d\u1ecbu nh\u1eb9, trung t\u00ednh gi\u00fap gi\u1ea3m t\u00ecnh tr\u1ea1ng m\u1ec7t m\u1ecfi v\u1ec1 m\u00f9i v\u1ecb.<\/li>\n<li data-sourcepos=\"16:1-16:99\">Kh\u00f4ng ch\u1ee9a \u0111i\u1ec7n gi\u1ea3i, v\u00ec v\u1eady \u0111\u01b0\u1ee3c thi\u1ebft k\u1ebf \u0111\u1ec3 s\u1eed d\u1ee5ng c\u00f9ng v\u1edbi d\u00f2ng s\u1ea3n ph\u1ea9m Precision Hydration.<\/li>\n<li data-sourcepos=\"17:1-17:33\">Kh\u00f4ng ch\u1ee9a th\u00e0nh ph\u1ea7n nh\u00e2n t\u1ea1o.<\/li>\n<li data-sourcepos=\"18:1-18:30\">Th\u00edch h\u1ee3p cho ng\u01b0\u1eddi \u0103n chay.<\/li>\n<li data-sourcepos=\"19:1-19:22\">Kh\u00f4ng ch\u1ee9a caffeine.<\/li>\n<li data-sourcepos=\"20:1-21:0\">\u0110\u01b0\u1ee3c ch\u1ee9ng nh\u1eadn b\u1edfi Informed-Sport.<\/li>\n<\/ul>\n<p data-sourcepos=\"22:1-22:25\"><strong>Th\u00f4ng tin dinh d\u01b0\u1ee1ng:<\/strong><\/p>\n<p data-sourcepos=\"24:1-27:47\">N\u0103ng l\u01b0\u1ee3ng: 360 Cal \/ 1,506 Kj tr\u00ean 153g gel (236 Cal \/ 987 Kj tr\u00ean 100g) Protein: &lt; 0.1g tr\u00ean 153g gel (&lt; 0.1g tr\u00ean 100g) Ch\u1ea5t b\u00e9o: &lt; 0.1g tr\u00ean 153g gel (&lt; 0.1g tr\u00ean 100g) Carbohydrate: 90g tr\u00ean 153g gel (59g tr\u00ean 100g)<\/p>\n<p data-sourcepos=\"29:1-29:17\"><strong>C\u00e1ch s\u1eed d\u1ee5ng:<\/strong><\/p>\n<p data-sourcepos=\"31:1-31:195\">M\u1edf n\u1eafp \u0111\u1eady c\u00f3 th\u1ec3 \u0111\u00f3ng l\u1ea1i v\u00e0 b\u00f3p gel v\u00e0o mi\u1ec7ng t\u1eebng ch\u00fat, \u01b0\u1edbc l\u01b0\u1ee3ng l\u01b0\u1ee3ng v\u1eeba \u0111\u1ee7. M\u1ed9t l\u1ea7n b\u00f3p l\u1edbn th\u01b0\u1eddng cung c\u1ea5p kho\u1ea3ng 20-30g. \u0110\u00f3ng n\u1eafp l\u1ea1i cho \u0111\u1ebfn khi c\u1ea7n th\u00eam n\u0103ng l\u01b0\u1ee3ng v\u00e0 l\u1eb7p l\u1ea1i thao t\u00e1c.<\/p>\n<p><iframe title=\"PF 90 Gel | Key Features\" width=\"500\" height=\"281\" src=\"https:\/\/www.youtube.com\/embed\/sX6l-VV-sL0?feature=oembed\" frameborder=\"0\" allow=\"accelerometer; autoplay; clipboard-write; encrypted-media; gyroscope; picture-in-picture; web-share\" referrerpolicy=\"strict-origin-when-cross-origin\" allowfullscreen><\/iframe><\/p>","protected":false},"excerpt":{"rendered":"<p>PF 90 Gel: Si\u00eau Gel N\u0103ng L\u01b0\u1ee3ng cho C\u00e1c B\u00e0i T\u1eadp D\u00e0i PF 90 Gel ho\u00e0n to\u00e0n t\u1ef1 nhi\u00ean, c\u00f3<\/p>","protected":false},"featured_media":12214,"comment_status":"open","ping_status":"closed","template":"","meta":{"_acf_changed":false,"_monsterinsights_skip_tracking":false,"_monsterinsights_sitenote_active":false,"_monsterinsights_sitenote_note":"","_monsterinsights_sitenote_category":0},"product_brand":[],"product_cat":[71,103,185],"product_tag":[181],"class_list":{"0":"post-12211","1":"product","2":"type-product","3":"status-publish","4":"has-post-thumbnail","6":"product_cat-gel-nang-luong","7":"product_cat-dinh-duong","8":"product_cat-sale","9":"product_tag-precision-fuel","11":"first","12":"outofstock","13":"shipping-taxable","14":"purchasable","15":"product-type-variable"},"acf":[],"jetpack_sharing_enabled":true,"_links":{"self":[{"href":"https:\/\/hiboostnutrition.com\/en\/wp-json\/wp\/v2\/product\/12211"}],"collection":[{"href":"https:\/\/hiboostnutrition.com\/en\/wp-json\/wp\/v2\/product"}],"about":[{"href":"https:\/\/hiboostnutrition.com\/en\/wp-json\/wp\/v2\/types\/product"}],"replies":[{"embeddable":true,"href":"https:\/\/hiboostnutrition.com\/en\/wp-json\/wp\/v2\/comments?post=12211"}],"version-history":[{"count":1,"href":"https:\/\/hiboostnutrition.com\/en\/wp-json\/wp\/v2\/product\/12211\/revisions"}],"predecessor-version":[{"id":12220,"href":"https:\/\/hiboostnutrition.com\/en\/wp-json\/wp\/v2\/product\/12211\/revisions\/12220"}],"wp:featuredmedia":[{"embeddable":true,"href":"https:\/\/hiboostnutrition.com\/en\/wp-json\/wp\/v2\/media\/12214"}],"wp:attachment":[{"href":"https:\/\/hiboostnutrition.com\/en\/wp-json\/wp\/v2\/media?parent=12211"}],"wp:term":[{"taxonomy":"product_brand","embeddable":true,"href":"https:\/\/hiboostnutrition.com\/en\/wp-json\/wp\/v2\/product_brand?post=12211"},{"taxonomy":"product_cat","embeddable":true,"href":"https:\/\/hiboostnutrition.com\/en\/wp-json\/wp\/v2\/product_cat?post=12211"},{"taxonomy":"product_tag","embeddable":true,"href":"https:\/\/hiboostnutrition.com\/en\/wp-json\/wp\/v2\/product_tag?post=12211"}],"curies":[{"name":"wp","href":"https:\/\/api.w.org\/{rel}","templated":true}]}}