{"id":12207,"date":"2024-12-04T10:31:11","date_gmt":"2024-12-04T03:31:11","guid":{"rendered":"https:\/\/hiboostnutrition.com\/?post_type=product&#038;p=12207"},"modified":"2026-01-05T17:23:56","modified_gmt":"2026-01-05T10:23:56","slug":"pf-60-drink-mix","status":"publish","type":"product","link":"https:\/\/hiboostnutrition.com\/en\/sanpham\/pf-60-drink-mix\/","title":{"rendered":"Precision Fuel and Hydration PF 60 Drink Mix"},"content":{"rendered":"<p data-sourcepos=\"3:1-3:255\"><strong>PF 60 Drink Mix<\/strong> cung c\u1ea5p ba y\u1ebfu t\u1ed1 thi\u1ebft y\u1ebfu: carbs, ch\u1ea5t l\u1ecfng v\u00e0 \u0111i\u1ec7n gi\u1ea3i, \u0111\u00e1p \u1ee9ng m\u1ecdi nhu c\u1ea7u c\u1ee7a b\u1ea1n. M\u1eb7c d\u00f9 s\u1ea3n ph\u1ea9m ch\u1ee7 y\u1ebfu d\u00e0nh cho c\u00e1c ho\u1ea1t \u0111\u1ed9ng c\u01b0\u1eddng \u0111\u1ed9 cao k\u00e9o d\u00e0i 1-2 gi\u1edd, n\u00f3 c\u0169ng c\u00f3 th\u1ec3 h\u1ed7 tr\u1ee3 n\u0103ng l\u01b0\u1ee3ng hi\u1ec7u qu\u1ea3 trong c\u00e1c s\u1ef1 ki\u1ec7n d\u00e0i h\u01a1n.<\/p>\n<p data-sourcepos=\"5:1-5:352\"><strong>PF 60<\/strong> cung c\u1ea5p ngu\u1ed3n carbs ti\u00eau h\u00f3a nhanh li\u00ean t\u1ee5c (t\u1ef7 l\u1ec7 glucose v\u00e0 fructose 2:1) &#8211; c\u00f9ng v\u1edbi ch\u1ea5t l\u1ecfng v\u00e0 l\u01b0\u1ee3ng natri \u0111\u00e1ng k\u1ec3 \u0111\u1ec3 ch\u1ed1ng m\u1ea5t n\u01b0\u1edbc v\u00e0 \u0111i\u1ec7n gi\u1ea3i. Kh\u00f4ng gi\u1ed1ng nh\u01b0 h\u1ea7u h\u1ebft c\u00e1c s\u1ea3n ph\u1ea9m kh\u00e1c, \u0111\u00e2y l\u00e0 gi\u1ea3i ph\u00e1p \u0111a n\u0103ng. M\u1ed7i kh\u1ea9u ph\u1ea7n pha theo h\u01b0\u1edbng d\u1eabn (30ml) ch\u1ee9a 30g carbohydrate v\u00e0 500mg natri, pha lo\u00e3ng th\u00e0nh dung d\u1ecbch 6% carbohydrate.<\/p>\n<p data-sourcepos=\"7:1-7:182\">\u01afu \u0111i\u1ec3m n\u1ed5i b\u1eadt c\u1ee7a s\u1ea3n ph\u1ea9m l\u00e0 ch\u1ee9a h\u00e0m l\u01b0\u1ee3ng carbs cao h\u01a1n h\u1ea7u h\u1ebft c\u00e1c lo\u1ea1i \u0111\u1ed3 u\u1ed1ng th\u1ec3 thao kh\u00e1c, \u0111\u1ed3ng th\u1eddi b\u1ed5 sung nhi\u1ec1u natri h\u01a1n so v\u1edbi c\u00e1c lo\u1ea1i \u0111\u1ed3 u\u1ed1ng \u0111i\u1ec7n gi\u1ea3i th\u00f4ng th\u01b0\u1eddng.<\/p>\n<p data-sourcepos=\"9:1-9:19\"><strong>\u0110\u1eb7c \u0111i\u1ec3m ch\u00ednh:<\/strong><\/p>\n<ul data-sourcepos=\"11:1-19:0\">\n<li data-sourcepos=\"11:1-11:60\">T\u1ef7 l\u1ec7 glucose v\u00e0 fructose 2:1 h\u1ed7 tr\u1ee3 h\u1ea5p th\u1ee5 carbohydrate.<\/li>\n<li data-sourcepos=\"12:1-12:75\">V\u1ecb &#8220;Original&#8221; d\u1ecbu nh\u1eb9, trung t\u00ednh gi\u00fap gi\u1ea3m t\u00ecnh tr\u1ea1ng m\u1ec7t m\u1ecfi v\u1ec1 m\u00f9i v\u1ecb.<\/li>\n<li data-sourcepos=\"13:1-13:126\">15 kh\u1ea9u ph\u1ea7n m\u1ed7i t\u00fai, m\u1ed7i kh\u1ea9u ph\u1ea7n 473ml cung c\u1ea5p 30g carbs v\u00e0 500mg natri (t\u00fai 946ml cung c\u1ea5p 60g carbs v\u00e0 1.000mg natri).<\/li>\n<li data-sourcepos=\"14:1-14:32\">Kh\u00f4ng ch\u1ee9a th\u00e0nh ph\u1ea7n nh\u00e2n t\u1ea1o<\/li>\n<li data-sourcepos=\"15:1-15:29\">Th\u00edch h\u1ee3p cho ng\u01b0\u1eddi \u0103n chay<\/li>\n<li data-sourcepos=\"16:1-16:43\">\u00c1p su\u1ea5t th\u1ea9m th\u1ea5u = 213 mOsmol\/kg (h\u1ea1 \u00e1p)<\/li>\n<li data-sourcepos=\"17:1-17:14\">\u0110\u1ed9 PH = 5.27<\/li>\n<li data-sourcepos=\"18:1-19:0\">\u0110\u01b0\u1ee3c ch\u1ee9ng nh\u1eadn b\u1edfi Informed-Sport<\/li>\n<\/ul>\n<p data-sourcepos=\"20:1-20:17\"><strong>C\u00e1ch s\u1eed d\u1ee5ng:<\/strong><\/p>\n<p data-sourcepos=\"22:1-22:101\">Pha 2 mu\u1ed7ng g\u1ea1t ngang (1 kh\u1ea9u ph\u1ea7n) v\u1edbi 473ml n\u01b0\u1edbc, l\u1eafc \u0111\u1ec1u v\u00e0 u\u1ed1ng theo nhu c\u1ea7u trong khi t\u1eadp luy\u1ec7n.<\/p>\n<p data-sourcepos=\"22:1-22:101\"><img fetchpriority=\"high\" decoding=\"async\" class=\"wp-image-12208 size-full aligncenter\" src=\"https:\/\/hiboostnutrition.com\/wp-content\/uploads\/2024\/04\/PF-60.jpg\" alt=\"\" width=\"390\" height=\"766\" srcset=\"https:\/\/hiboostnutrition.com\/wp-content\/uploads\/2024\/04\/PF-60.jpg 390w, https:\/\/hiboostnutrition.com\/wp-content\/uploads\/2024\/04\/PF-60-6x12.jpg 6w, https:\/\/hiboostnutrition.com\/wp-content\/uploads\/2024\/04\/PF-60-12x24.jpg 12w, https:\/\/hiboostnutrition.com\/wp-content\/uploads\/2024\/04\/PF-60-18x36.jpg 18w, https:\/\/hiboostnutrition.com\/wp-content\/uploads\/2024\/04\/PF-60-24x48.jpg 24w, https:\/\/hiboostnutrition.com\/wp-content\/uploads\/2024\/04\/PF-60-150x295.jpg 150w\" sizes=\"(max-width: 390px) 100vw, 390px\" \/><\/p>","protected":false},"excerpt":{"rendered":"<p>PF 60 Drink Mix cung c\u1ea5p ba y\u1ebfu t\u1ed1 thi\u1ebft y\u1ebfu: carbs, ch\u1ea5t l\u1ecfng v\u00e0 \u0111i\u1ec7n gi\u1ea3i, \u0111\u00e1p \u1ee9ng m\u1ecdi<\/p>","protected":false},"featured_media":12209,"comment_status":"open","ping_status":"closed","template":"","meta":{"_acf_changed":false,"_monsterinsights_skip_tracking":false,"_monsterinsights_sitenote_active":false,"_monsterinsights_sitenote_note":"","_monsterinsights_sitenote_category":0},"product_brand":[],"product_cat":[103,116,185],"product_tag":[],"class_list":{"0":"post-12207","1":"product","2":"type-product","3":"status-publish","4":"has-post-thumbnail","6":"product_cat-dinh-duong","7":"product_cat-drink","8":"product_cat-sale","10":"first","11":"outofstock","12":"sale","13":"shipping-taxable","14":"purchasable","15":"product-type-simple"},"acf":[],"jetpack_sharing_enabled":true,"_links":{"self":[{"href":"https:\/\/hiboostnutrition.com\/en\/wp-json\/wp\/v2\/product\/12207"}],"collection":[{"href":"https:\/\/hiboostnutrition.com\/en\/wp-json\/wp\/v2\/product"}],"about":[{"href":"https:\/\/hiboostnutrition.com\/en\/wp-json\/wp\/v2\/types\/product"}],"replies":[{"embeddable":true,"href":"https:\/\/hiboostnutrition.com\/en\/wp-json\/wp\/v2\/comments?post=12207"}],"version-history":[{"count":1,"href":"https:\/\/hiboostnutrition.com\/en\/wp-json\/wp\/v2\/product\/12207\/revisions"}],"predecessor-version":[{"id":12210,"href":"https:\/\/hiboostnutrition.com\/en\/wp-json\/wp\/v2\/product\/12207\/revisions\/12210"}],"wp:featuredmedia":[{"embeddable":true,"href":"https:\/\/hiboostnutrition.com\/en\/wp-json\/wp\/v2\/media\/12209"}],"wp:attachment":[{"href":"https:\/\/hiboostnutrition.com\/en\/wp-json\/wp\/v2\/media?parent=12207"}],"wp:term":[{"taxonomy":"product_brand","embeddable":true,"href":"https:\/\/hiboostnutrition.com\/en\/wp-json\/wp\/v2\/product_brand?post=12207"},{"taxonomy":"product_cat","embeddable":true,"href":"https:\/\/hiboostnutrition.com\/en\/wp-json\/wp\/v2\/product_cat?post=12207"},{"taxonomy":"product_tag","embeddable":true,"href":"https:\/\/hiboostnutrition.com\/en\/wp-json\/wp\/v2\/product_tag?post=12207"}],"curies":[{"name":"wp","href":"https:\/\/api.w.org\/{rel}","templated":true}]}}