{"id":12197,"date":"2024-04-19T10:21:51","date_gmt":"2024-04-19T03:21:51","guid":{"rendered":"https:\/\/hiboostnutrition.com\/?post_type=product&#038;p=12197"},"modified":"2026-01-05T17:25:49","modified_gmt":"2026-01-05T10:25:49","slug":"pf-30-gel-mix-box-30-goi","status":"publish","type":"product","link":"https:\/\/hiboostnutrition.com\/en\/sanpham\/pf-30-gel-mix-box-30-goi\/","title":{"rendered":"PF30 Gel Mix Box (30 g\u00f3i)"},"content":{"rendered":"<h2 data-sourcepos=\"1:1-1:54\">PF 30 Gel: N\u1ea1p N\u0103ng L\u01b0\u1ee3ng Nhanh, H\u01b0\u01a1ng V\u1ecb Thanh Nh\u1eb9<\/h2>\n<p data-sourcepos=\"3:1-3:300\"><strong>PF 30 Gel<\/strong> l\u00e0 c\u00e1ch hi\u1ec7u qu\u1ea3 nh\u1ea5t \u0111\u1ec3 \u0111\u01b0a nhanh 30g carbohydrate v\u00e0o c\u01a1 th\u1ec3 b\u1ea1n. V\u1ecb gel d\u1ecbu nh\u1eb9, trung t\u00ednh gi\u00fap gi\u1ea3m t\u00ecnh tr\u1ea1ng m\u1ec7t m\u1ecfi v\u1ec1 m\u00f9i v\u1ecb th\u01b0\u1eddng g\u1eb7p trong c\u00e1c ho\u1ea1t \u0111\u1ed9ng k\u00e9o d\u00e0i. K\u1ebft c\u1ea5u gel \u0111\u01b0\u1ee3c thi\u1ebft k\u1ebf h\u1ea1n ch\u1ebf d\u00ednh mi\u1ec7ng v\u00e0 kh\u00f4ng c\u1ea7n ph\u1ea3i n\u1ea1p th\u00eam n\u01b0\u1edbc ngay l\u1eadp t\u1ee9c, t\u1ea1o c\u1ea3m gi\u00e1c m\u01b0\u1ee3t m\u00e0.<\/p>\n<p data-sourcepos=\"5:1-5:241\"><strong>PF 30 Gel<\/strong> gi\u00fap b\u1ea1n d\u1ec5 d\u00e0ng theo d\u00f5i l\u01b0\u1ee3ng dinh d\u01b0\u1ee1ng c\u1ea7n thi\u1ebft v\u1edbi th\u00f4ng tin h\u00e0m l\u01b0\u1ee3ng carbohydrate \u0111\u01b0\u1ee3c hi\u1ec3n th\u1ecb r\u00f5 r\u00e0ng ngay tr\u00ean bao b\u00ec. Kh\u00f4ng c\u1ea7n gi\u1ea3i m\u00e3 nh\u00e3n dinh d\u01b0\u1ee1ng ph\u1ee9c t\u1ea1p, kh\u00f4ng c\u1ea7n \u0111o l\u01b0\u1eddng kh\u1ea9u ph\u1ea7n, v\u00e0 ho\u00e0n to\u00e0n ch\u00ednh x\u00e1c.<\/p>\n<p data-sourcepos=\"7:1-7:282\">S\u1ea3n ph\u1ea9m gel ho\u00e0n to\u00e0n t\u1ef1 nhi\u00ean n\u00e0y c\u00f3 th\u1ec3 s\u1eed d\u1ee5ng ri\u00eang l\u1ebb trong c\u00e1c ho\u1ea1t \u0111\u1ed9ng ng\u1eafn ho\u1eb7c k\u1ebft h\u1ee3p v\u1edbi c\u00e1c s\u1ea3n ph\u1ea9m kh\u00e1c ho\u1eb7c th\u1ef1c ph\u1ea9m th\u00f4ng th\u01b0\u1eddng trong c\u00e1c ho\u1ea1t \u0111\u1ed9ng k\u00e9o d\u00e0i. N\u1ebfu b\u1ea1n t\u1eebng g\u1eb7p v\u1ea5n \u0111\u1ec1 v\u1edbi c\u00e1c lo\u1ea1i gel n\u0103ng l\u01b0\u1ee3ng kh\u00e1c, h\u00e3y th\u1eed PF 30 Gel, ch\u1eafc ch\u1eafn b\u1ea1n s\u1ebd ng\u1ea1c nhi\u00ean.<\/p>\n<p data-sourcepos=\"9:1-9:158\"><strong>Note:<\/strong> S\u1ea3n ph\u1ea9m kh\u00f4ng ch\u1ee9a \u0111i\u1ec7n gi\u1ea3i, v\u00ec v\u1eady \u0111\u01b0\u1ee3c thi\u1ebft k\u1ebf \u0111\u1ec3 s\u1eed d\u1ee5ng c\u00f9ng v\u1edbi d\u00f2ng s\u1ea3n ph\u1ea9m Precision Hydration ho\u1eb7c h\u1ed7n h\u1ee3p \u0111i\u1ec7n gi\u1ea3i y\u00eau th\u00edch c\u1ee7a b\u1ea1n.<\/p>\n<p data-sourcepos=\"11:1-11:19\"><strong>\u0110\u1eb7c \u0111i\u1ec3m ch\u00ednh:<\/strong><\/p>\n<ul data-sourcepos=\"13:1-21:0\">\n<li data-sourcepos=\"13:1-13:32\">Ch\u1ee9a 30g carbohydrate m\u1ed7i g\u00f3i.<\/li>\n<li data-sourcepos=\"14:1-14:99\">Kh\u00f4ng ch\u1ee9a \u0111i\u1ec7n gi\u1ea3i, v\u00ec v\u1eady \u0111\u01b0\u1ee3c thi\u1ebft k\u1ebf \u0111\u1ec3 s\u1eed d\u1ee5ng c\u00f9ng v\u1edbi d\u00f2ng s\u1ea3n ph\u1ea9m Precision Hydration.<\/li>\n<li data-sourcepos=\"15:1-15:60\">T\u1ef7 l\u1ec7 glucose v\u00e0 fructose 2:1 h\u1ed7 tr\u1ee3 h\u1ea5p th\u1ee5 carbohydrate.<\/li>\n<li data-sourcepos=\"16:1-16:37\">\u0110\u01b0\u1ee3c ch\u1ee9ng nh\u1eadn b\u1edfi Informed-Sport.<\/li>\n<li data-sourcepos=\"17:1-17:75\">V\u1ecb &#8220;Original&#8221; d\u1ecbu nh\u1eb9, trung t\u00ednh gi\u00fap gi\u1ea3m t\u00ecnh tr\u1ea1ng m\u1ec7t m\u1ecfi v\u1ec1 m\u00f9i v\u1ecb.<\/li>\n<li data-sourcepos=\"18:1-18:32\">Kh\u00f4ng ch\u1ee9a th\u00e0nh ph\u1ea7n nh\u00e2n t\u1ea1o<\/li>\n<li data-sourcepos=\"19:1-19:29\">Th\u00edch h\u1ee3p cho ng\u01b0\u1eddi \u0103n chay<\/li>\n<li data-sourcepos=\"20:1-21:0\">Kh\u00f4ng ch\u1ee9a caffeine<\/li>\n<\/ul>\n<p data-sourcepos=\"22:1-22:25\"><strong>Th\u00f4ng tin dinh d\u01b0\u1ee1ng:<\/strong><\/p>\n<p data-sourcepos=\"24:1-27:46\">N\u0103ng l\u01b0\u1ee3ng: 120 Kcal \/ 512 Kj tr\u00ean 51g gel (236 Kcal \/ 1003 Kj tr\u00ean 100g) Protein: &lt; 0.1g tr\u00ean 51g gel (&lt; 0.1g tr\u00ean 100g) Ch\u1ea5t b\u00e9o: &lt; 0.1g tr\u00ean 51g gel (&lt; 0.1g tr\u00ean 100g) Carbohydrate: 30g tr\u00ean 51g gel (59g tr\u00ean 100g)<\/p>\n<p data-sourcepos=\"29:1-29:17\"><strong>C\u00e1ch s\u1eed d\u1ee5ng:<\/strong><\/p>\n<p data-sourcepos=\"31:1-31:235\">D\u00f9ng m\u1ed9t g\u00f3i gel m\u1ed7i 15-30 ph\u00fat t\u00f9y theo c\u01b0\u1eddng \u0111\u1ed9 v\u00e0 nhu c\u1ea7u. N\u1ebfu b\u1ea1n tham gia ho\u1ea1t \u0111\u1ed9ng c\u01b0\u1eddng \u0111\u1ed9 th\u1ea5p ho\u1eb7c ng\u1eafn, th\u00ec ch\u1ec9 c\u1ea7n d\u00f9ng m\u1ed9t ho\u1eb7c hai g\u00f3i c\u00f9ng v\u1edbi n\u01b0\u1edbc. N\u1ebfu ho\u1ea1t \u0111\u1ed9ng c\u01b0\u1eddng \u0111\u1ed9 cao ho\u1eb7c kh\u00f3 kh\u0103n, b\u1ea1n c\u00f3 th\u1ec3 c\u1ea7n d\u00f9ng nhi\u1ec1u h\u01a1n.<\/p>","protected":false},"excerpt":{"rendered":"<p>PF 30 Gel: N\u1ea1p N\u0103ng L\u01b0\u1ee3ng Nhanh, H\u01b0\u01a1ng V\u1ecb Thanh Nh\u1eb9 PF 30 Gel l\u00e0 c\u00e1ch hi\u1ec7u qu\u1ea3 nh\u1ea5t \u0111\u1ec3<\/p>","protected":false},"featured_media":12202,"comment_status":"open","ping_status":"closed","template":"","meta":{"_acf_changed":false,"_monsterinsights_skip_tracking":false,"_monsterinsights_sitenote_active":false,"_monsterinsights_sitenote_note":"","_monsterinsights_sitenote_category":0},"product_brand":[],"product_cat":[71,103],"product_tag":[],"class_list":{"0":"post-12197","1":"product","2":"type-product","3":"status-publish","4":"has-post-thumbnail","6":"product_cat-gel-nang-luong","7":"product_cat-dinh-duong","9":"first","10":"outofstock","11":"sale","12":"shipping-taxable","13":"purchasable","14":"product-type-variable"},"acf":[],"jetpack_sharing_enabled":true,"_links":{"self":[{"href":"https:\/\/hiboostnutrition.com\/en\/wp-json\/wp\/v2\/product\/12197"}],"collection":[{"href":"https:\/\/hiboostnutrition.com\/en\/wp-json\/wp\/v2\/product"}],"about":[{"href":"https:\/\/hiboostnutrition.com\/en\/wp-json\/wp\/v2\/types\/product"}],"replies":[{"embeddable":true,"href":"https:\/\/hiboostnutrition.com\/en\/wp-json\/wp\/v2\/comments?post=12197"}],"version-history":[{"count":4,"href":"https:\/\/hiboostnutrition.com\/en\/wp-json\/wp\/v2\/product\/12197\/revisions"}],"predecessor-version":[{"id":12677,"href":"https:\/\/hiboostnutrition.com\/en\/wp-json\/wp\/v2\/product\/12197\/revisions\/12677"}],"wp:featuredmedia":[{"embeddable":true,"href":"https:\/\/hiboostnutrition.com\/en\/wp-json\/wp\/v2\/media\/12202"}],"wp:attachment":[{"href":"https:\/\/hiboostnutrition.com\/en\/wp-json\/wp\/v2\/media?parent=12197"}],"wp:term":[{"taxonomy":"product_brand","embeddable":true,"href":"https:\/\/hiboostnutrition.com\/en\/wp-json\/wp\/v2\/product_brand?post=12197"},{"taxonomy":"product_cat","embeddable":true,"href":"https:\/\/hiboostnutrition.com\/en\/wp-json\/wp\/v2\/product_cat?post=12197"},{"taxonomy":"product_tag","embeddable":true,"href":"https:\/\/hiboostnutrition.com\/en\/wp-json\/wp\/v2\/product_tag?post=12197"}],"curies":[{"name":"wp","href":"https:\/\/api.w.org\/{rel}","templated":true}]}}