{"id":12187,"date":"2024-12-18T09:44:28","date_gmt":"2024-12-18T02:44:28","guid":{"rendered":"https:\/\/hiboostnutrition.com\/?post_type=product&#038;p=12187"},"modified":"2026-01-05T17:26:21","modified_gmt":"2026-01-05T10:26:21","slug":"pf-30-gel","status":"publish","type":"product","link":"https:\/\/hiboostnutrition.com\/en\/sanpham\/pf-30-gel\/","title":{"rendered":"PF 30 Gel"},"content":{"rendered":"<p data-sourcepos=\"7:1-7:296\"><strong>PF 30 Gel<\/strong> c\u00f3 th\u1ec3 \u0111\u01b0\u1ee3c s\u1eed d\u1ee5ng ri\u00eang l\u1ebb trong c\u00e1c b\u00e0i t\u1eadp ng\u1eafn, ho\u1eb7c k\u1ebft h\u1ee3p v\u1edbi c\u00e1c s\u1ea3n ph\u1ea9m dinh d\u01b0\u1ee1ng kh\u00e1c c\u1ee7a PF ho\u1eb7c th\u1ef1c ph\u1ea9m th\u00f4ng th\u01b0\u1eddng trong c\u00e1c b\u00e0i t\u1eadp d\u00e0i h\u01a1n. N\u1ebfu b\u1ea1n t\u1eebng g\u1eb7p v\u1ea5n \u0111\u1ec1 v\u1edbi c\u00e1c lo\u1ea1i gel n\u0103ng l\u01b0\u1ee3ng kh\u00e1c, h\u00e3y th\u1eed PF 30 Gel, ch\u00fang t\u00f4i ch\u1eafc ch\u1eafn b\u1ea1n s\u1ebd b\u1ea5t ng\u1edd h\u00e0i l\u00f2ng!<\/p>\n<p data-sourcepos=\"9:1-9:19\"><strong>\u0110\u1eb7c \u0111i\u1ec3m ch\u00ednh:<\/strong><\/p>\n<ul data-sourcepos=\"11:1-21:0\">\n<li data-sourcepos=\"11:1-11:60\">Gi\u00fap b\u1ea1n b\u1eaft \u0111\u1ea7u v\u00e0 duy tr\u00ec n\u0103ng l\u01b0\u1ee3ng trong su\u1ed1t b\u00e0i t\u1eadp.<\/li>\n<li data-sourcepos=\"12:1-12:32\">Ch\u1ee9a 30g carbohydrate m\u1ed7i g\u00f3i.<\/li>\n<li data-sourcepos=\"13:1-13:109\">Kh\u00f4ng ch\u1ee9a \u0111i\u1ec7n gi\u1ea3i, v\u00ec \u0111\u01b0\u1ee3c thi\u1ebft k\u1ebf \u0111\u1ec3 s\u1eed d\u1ee5ng c\u00f9ng v\u1edbi d\u00f2ng s\u1ea3n ph\u1ea9m Precision Hydration c\u1ee7a ch\u00fang t\u00f4i.<\/li>\n<li data-sourcepos=\"14:1-14:161\">Th\u01b0\u1eddng \u0111\u01b0\u1ee3c s\u1eed d\u1ee5ng ri\u00eang l\u1ebb trong c\u00e1c b\u00e0i t\u1eadp ng\u1eafn, ho\u1eb7c k\u1ebft h\u1ee3p v\u1edbi c\u00e1c s\u1ea3n ph\u1ea9m Precision Fuel kh\u00e1c, ho\u1eb7c th\u1ef1c ph\u1ea9m th\u00f4ng th\u01b0\u1eddng, trong c\u00e1c b\u00e0i t\u1eadp d\u00e0i h\u01a1n.<\/li>\n<li data-sourcepos=\"15:1-15:83\">S\u1eed d\u1ee5ng Fuel &amp; Hydration Planner \u0111\u1ec3 t\u00ednh to\u00e1n nhu c\u1ea7u n\u1ea1p n\u0103ng l\u01b0\u1ee3ng c\u1ee7a b\u1ea1n.<\/li>\n<li data-sourcepos=\"16:1-16:60\">T\u1ef7 l\u1ec7 glucose v\u00e0 fructose 2:1 h\u1ed7 tr\u1ee3 h\u1ea5p th\u1ee5 carbohydrate.<\/li>\n<li data-sourcepos=\"17:1-17:37\">\u0110\u01b0\u1ee3c ch\u1ee9ng nh\u1eadn b\u1edfi Informed Sport.<\/li>\n<li data-sourcepos=\"18:1-18:88\">H\u01b0\u01a1ng v\u1ecb nh\u1eb9, base h\u01b0\u01a1ng cam qu\u00fdt (&#8216;Original&#8217;) gi\u00fap gi\u1ea3m t\u00ecnh tr\u1ea1ng m\u1ec7t m\u1ecfi v\u1ec1 m\u00f9i v\u1ecb.<\/li>\n<li data-sourcepos=\"19:1-19:32\">Kh\u00f4ng ch\u1ee9a th\u00e0nh ph\u1ea7n nh\u00e2n t\u1ea1o<\/li>\n<li data-sourcepos=\"20:1-21:0\">Kh\u00f4ng ch\u1ee9a caffeine<\/li>\n<\/ul>\n<p data-sourcepos=\"22:1-22:24\"><strong>Th\u00f4ng tin dinh d\u01b0\u1ee1ng<\/strong><\/p>\n<p data-sourcepos=\"24:1-27:46\">N\u0103ng l\u01b0\u1ee3ng: 120 Kcal \/ 512 Kj tr\u00ean 51g gel (236 Kcal \/ 1003 Kj tr\u00ean 100g) Protein: &lt; 0.1g tr\u00ean 51g gel (&lt; 0.1g tr\u00ean 100g) Ch\u1ea5t b\u00e9o: &lt; 0.1g tr\u00ean 51g gel (&lt; 0.1g tr\u00ean 100g) Carbohydrate: 30g tr\u00ean 51g gel (59g tr\u00ean 100g)<\/p>\n<p data-sourcepos=\"29:1-29:144\"><strong>Th\u00e0nh ph\u1ea7n:<\/strong> Maltodextrin, N\u01b0\u1edbc, Fructose, Pectin, Ch\u1ea5t \u0111i\u1ec1u ch\u1ec9nh \u0111\u1ed9 chua (Axit Citric), Ch\u1ea5t b\u1ea3o qu\u1ea3n (Potassium Sorbate, Calcium Lactate).<\/p>","protected":false},"excerpt":{"rendered":"<p><strong>PF 30 Gel<\/strong> l\u00e0 c\u00e1ch hi\u1ec7u qu\u1ea3 nh\u1ea5t \u0111\u1ec3 \u0111\u01b0a nhanh 30g carbohydrate v\u00e0o c\u01a1 th\u1ec3 b\u1ea1n. H\u01b0\u01a1ng v\u1ecb nh\u1eb9, base h\u01b0\u01a1ng cam qu\u00fdt (&#8216;Original&#8217;) gi\u00fap gi\u1ea3m t\u00ecnh tr\u1ea1ng m\u1ec7t m\u1ecfi v\u1ec1 m\u00f9i v\u1ecb th\u01b0\u1eddng g\u1eb7p trong c\u00e1c ho\u1ea1t \u0111\u1ed9ng k\u00e9o d\u00e0i. K\u1ebft c\u1ea5u gel \u0111\u01b0\u1ee3c thi\u1ebft k\u1ebf \u0111\u1ec3 gi\u1ea3m \u0111\u1ed9 d\u00ednh v\u00e0 h\u1ea1n ch\u1ebf nhu c\u1ea7u ph\u1ea3i n\u1ea1p th\u00eam n\u01b0\u1edbc ngay l\u1eadp t\u1ee9c.<\/p>","protected":false},"featured_media":12190,"comment_status":"open","ping_status":"closed","template":"","meta":{"_acf_changed":false,"_monsterinsights_skip_tracking":false,"_monsterinsights_sitenote_active":false,"_monsterinsights_sitenote_note":"","_monsterinsights_sitenote_category":0},"product_brand":[],"product_cat":[71,103,185],"product_tag":[],"class_list":{"0":"post-12187","1":"product","2":"type-product","3":"status-publish","4":"has-post-thumbnail","6":"product_cat-gel-nang-luong","7":"product_cat-dinh-duong","8":"product_cat-sale","10":"first","11":"outofstock","12":"sale","13":"shipping-taxable","14":"purchasable","15":"product-type-variable"},"acf":[],"jetpack_sharing_enabled":true,"_links":{"self":[{"href":"https:\/\/hiboostnutrition.com\/en\/wp-json\/wp\/v2\/product\/12187"}],"collection":[{"href":"https:\/\/hiboostnutrition.com\/en\/wp-json\/wp\/v2\/product"}],"about":[{"href":"https:\/\/hiboostnutrition.com\/en\/wp-json\/wp\/v2\/types\/product"}],"replies":[{"embeddable":true,"href":"https:\/\/hiboostnutrition.com\/en\/wp-json\/wp\/v2\/comments?post=12187"}],"version-history":[{"count":1,"href":"https:\/\/hiboostnutrition.com\/en\/wp-json\/wp\/v2\/product\/12187\/revisions"}],"predecessor-version":[{"id":12193,"href":"https:\/\/hiboostnutrition.com\/en\/wp-json\/wp\/v2\/product\/12187\/revisions\/12193"}],"wp:featuredmedia":[{"embeddable":true,"href":"https:\/\/hiboostnutrition.com\/en\/wp-json\/wp\/v2\/media\/12190"}],"wp:attachment":[{"href":"https:\/\/hiboostnutrition.com\/en\/wp-json\/wp\/v2\/media?parent=12187"}],"wp:term":[{"taxonomy":"product_brand","embeddable":true,"href":"https:\/\/hiboostnutrition.com\/en\/wp-json\/wp\/v2\/product_brand?post=12187"},{"taxonomy":"product_cat","embeddable":true,"href":"https:\/\/hiboostnutrition.com\/en\/wp-json\/wp\/v2\/product_cat?post=12187"},{"taxonomy":"product_tag","embeddable":true,"href":"https:\/\/hiboostnutrition.com\/en\/wp-json\/wp\/v2\/product_tag?post=12187"}],"curies":[{"name":"wp","href":"https:\/\/api.w.org\/{rel}","templated":true}]}}