{"id":12149,"date":"2024-12-11T09:00:52","date_gmt":"2024-12-11T02:00:52","guid":{"rendered":"https:\/\/hiboostnutrition.com\/?post_type=product&#038;p=12149"},"modified":"2025-11-25T15:11:42","modified_gmt":"2025-11-25T08:11:42","slug":"pf-30-chew","status":"publish","type":"product","link":"https:\/\/hiboostnutrition.com\/en\/sanpham\/pf-30-chew\/","title":{"rendered":"PF 30 Chew"},"content":{"rendered":"<p data-sourcepos=\"7:1-7:203\"><strong>PF 30 Chew<\/strong> c\u00f3 th\u1ec3 mang l\u1ea1i c\u1ea3m gi\u00e1c \u0103n th\u1ecfa m\u00e3n h\u01a1n gel n\u0103ng l\u01b0\u1ee3ng trong c\u00e1c cu\u1ed9c \u0111ua d\u00e0i v\u00e0 khi ho\u1ea1t \u0111\u1ed9ng \u1edf c\u01b0\u1eddng \u0111\u1ed9 th\u1ea5p h\u01a1n. \u0110\u00e2y l\u00e0 c\u00e1ch tuy\u1ec7t v\u1eddi \u0111\u1ec3 \u0111a d\u1ea1ng h\u00f3a chi\u1ebfn l\u01b0\u1ee3c n\u1ea1p n\u0103ng l\u01b0\u1ee3ng c\u1ee7a b\u1ea1n.<\/p>\n<p data-sourcepos=\"9:1-9:19\"><strong>\u0110\u1eb7c \u0111i\u1ec3m ch\u00ednh:<\/strong><\/p>\n<ul data-sourcepos=\"11:1-20:0\">\n<li data-sourcepos=\"11:1-11:72\">T\u1ef7 l\u1ec7 carb tr\u00ean tr\u1ecdng l\u01b0\u1ee3ng cao, l\u00fd t\u01b0\u1edfng cho vi\u1ec7c mang v\u00e1c nh\u1eb9 nh\u00e0ng.<\/li>\n<li data-sourcepos=\"12:1-12:74\">Ch\u1ee9a 30g carbohydrate m\u1ed7i g\u00f3i, \u0111\u01b0\u1ee3c chia th\u00e0nh 2 vi\u00ean nhai 15g m\u1ed7i vi\u00ean.<\/li>\n<li data-sourcepos=\"13:1-13:105\">L\u1ef1a ch\u1ecdn gi\u1eefa h\u01b0\u01a1ng v\u1ecb &#8220;Original&#8221; d\u1ecbu nh\u1eb9, base h\u01b0\u01a1ng cam qu\u00fdt v\u00e0 h\u01b0\u01a1ng v\u1ecb B\u1ea1c H\u00e0 &amp; Chanh t\u01b0\u01a1i m\u00e1t.<\/li>\n<li data-sourcepos=\"14:1-14:101\">Tuy\u1ec7t v\u1eddi \u0111\u1ec3 th\u00eam s\u1ef1 \u0111a d\u1ea1ng v\u00e0o chi\u1ebfn l\u01b0\u1ee3c n\u1ea1p n\u0103ng l\u01b0\u1ee3ng cho c\u00e1c bu\u1ed5i ch\u1ea1y ho\u1eb7c \u0111\u1ea1p xe \u0111\u01b0\u1eddng d\u00e0i.<\/li>\n<li data-sourcepos=\"15:1-15:61\">L\u00e0 b\u1eefa \u0103n nh\u1eb9 ho\u00e0n h\u1ea3o tr\u01b0\u1edbc\/sau t\u1eadp luy\u1ec7n c\u00f9ng v\u1edbi c\u00e0 ph\u00ea.<\/li>\n<li data-sourcepos=\"16:1-16:81\">S\u1eed d\u1ee5ng\u00a0Fuel &amp; Hydration Planner\u00a0\u0111\u1ec3 hi\u1ec3u r\u00f5 nhu c\u1ea7u n\u1ea1p n\u0103ng l\u01b0\u1ee3ng c\u1ee7a b\u1ea1n.<\/li>\n<li data-sourcepos=\"17:1-17:32\">Kh\u00f4ng ch\u1ee9a th\u00e0nh ph\u1ea7n nh\u00e2n t\u1ea1o<\/li>\n<li data-sourcepos=\"18:1-18:106\">Kh\u00f4ng ch\u1ee9a \u0111i\u1ec7n gi\u1ea3i, \u0111\u01b0\u1ee3c thi\u1ebft k\u1ebf \u0111\u1ec3 s\u1eed d\u1ee5ng c\u00f9ng v\u1edbi d\u00f2ng s\u1ea3n ph\u1ea9m Precision Hydration c\u1ee7a ch\u00fang t\u00f4i.<\/li>\n<li data-sourcepos=\"19:1-20:0\">Kh\u00f4ng ch\u1ee9a caffeine<\/li>\n<\/ul>\n<p data-sourcepos=\"21:1-21:24\"><strong>Th\u00f4ng tin dinh d\u01b0\u1ee1ng<\/strong><\/p>\n<p data-sourcepos=\"23:1-28:48\">N\u0103ng l\u01b0\u1ee3ng: 120 Cal \/ 511 Kj tr\u00ean g\u00f3i 34g (354 Cal \/ 1503 Kj tr\u00ean 100g) Protein: &lt;0.1g tr\u00ean g\u00f3i 34g (&lt;0.1g tr\u00ean 100g) Ch\u1ea5t b\u00e9o: &lt;0.1g tr\u00ean g\u00f3i 34g (&lt;0.1g tr\u00ean 100g) Carbohydrate: 30g tr\u00ean g\u00f3i 34g (88g tr\u00ean 100g) Ch\u1ea5t x\u01a1: &lt;0.1g tr\u00ean g\u00f3i 34g (&lt;0.1g tr\u00ean 100g) Mu\u1ed1i: &lt;0.1g tr\u00ean g\u00f3i 34g (&lt;0.1g tr\u00ean 100g)<\/p>\n<p data-sourcepos=\"30:1-30:14\"><strong>Th\u00e0nh ph\u1ea7n<\/strong><\/p>\n<p data-sourcepos=\"32:1-33:38\"><strong>Original<\/strong> \u0110\u01b0\u1eddng, Tinh b\u1ed9t ng\u00f4, N\u01b0\u1edbc, Axit Citric<\/p>\n<p data-sourcepos=\"35:1-36:71\"><strong>B\u1ea1c H\u00e0 &amp; Chanh<\/strong> \u0110\u01b0\u1eddng, Tinh b\u1ed9t ng\u00f4, N\u01b0\u1edbc, Axit Citric, H\u01b0\u01a1ng v\u1ecb t\u1ef1 nhi\u00ean, M\u00e0u t\u1ef1 nhi\u00ean<\/p>\n<p data-sourcepos=\"38:1-38:23\"><strong>Th\u00f4ng tin \u0103n ki\u00eang:<\/strong><\/p>\n<ul data-sourcepos=\"40:1-42:0\">\n<li data-sourcepos=\"40:1-40:96\">Th\u00edch h\u1ee3p cho ng\u01b0\u1eddi \u0103n chay<\/li>\n<li data-sourcepos=\"41:1-42:0\">Th\u00edch h\u1ee3p cho ng\u01b0\u1eddi \u0103n chay tr\u01b0\u1eddng<\/li>\n<\/ul>\n<p data-sourcepos=\"43:1-43:167\"><strong>Note:<\/strong> M\u1eb7c d\u00f9 s\u1ea3n ph\u1ea9m c\u00f3 th\u1ec3 kh\u00f4ng ch\u1ee9a c\u00e1c th\u00e0nh ph\u1ea7n g\u00e2y d\u1ecb \u1ee9ng nh\u01b0ng quy tr\u00ecnh s\u1ea3n xu\u1ea5t c\u00f3 th\u1ec3 ti\u1ebfp x\u00fac v\u1edbi c\u00e1c th\u00e0nh ph\u1ea7n n\u00e0y n\u00ean nguy c\u01a1 nhi\u1ec5m ch\u00e9o r\u1ea5t th\u1ea5p.<\/p>\n<p>&nbsp;<\/p>\n<div id=\"gtx-trans\" style=\"position: absolute; left: -1px; top: 567px;\">\n<div class=\"gtx-trans-icon\"><\/div>\n<\/div>","protected":false},"excerpt":{"rendered":"<p><strong>PF 30 Chew<\/strong> l\u00e0 vi\u00ean nhai n\u0103ng l\u01b0\u1ee3ng c\u00f3 t\u1ef7 l\u1ec7 carb tr\u00ean tr\u1ecdng l\u01b0\u1ee3ng cao, l\u1ef1a ch\u1ecdn tuy\u1ec7t v\u1eddi cho nh\u1eefng chuy\u1ebfn \u0111i c\u1ea7n mang v\u00e1c nh\u1eb9 nh\u00e0ng. M\u1ed7i g\u00f3i ch\u1ee9a 2 vi\u00ean nhai, m\u1ed7i vi\u00ean cung c\u1ea5p 15g carbs hi\u1ec7u qu\u1ea3. H\u01b0\u01a1ng v\u1ecb &#8220;Original&#8221; d\u1ecbu nh\u1eb9, v\u1edbi base h\u01b0\u01a1ng cam qu\u00fdt. H\u01b0\u01a1ng v\u1ecb B\u1ea1c H\u00e0 &amp; Chanh l\u00e0 l\u1ef1a ch\u1ecdn t\u01b0\u01a1i m\u00e1t cho nh\u1eefng ho\u1ea1t \u0111\u1ed9ng c\u01b0\u1eddng \u0111\u1ed9 cao trong \u0111i\u1ec1u ki\u1ec7n n\u00f3ng b\u1ee9c.<\/p>","protected":false},"featured_media":12173,"comment_status":"open","ping_status":"closed","template":"","meta":{"_acf_changed":false,"_monsterinsights_skip_tracking":false,"_monsterinsights_sitenote_active":false,"_monsterinsights_sitenote_note":"","_monsterinsights_sitenote_category":0},"product_brand":[],"product_cat":[115,185],"product_tag":[181],"class_list":{"0":"post-12149","1":"product","2":"type-product","3":"status-publish","4":"has-post-thumbnail","6":"product_cat-chew","7":"product_cat-sale","8":"product_tag-precision-fuel","10":"first","11":"outofstock","12":"sale","13":"shipping-taxable","14":"purchasable","15":"product-type-variable"},"acf":[],"jetpack_sharing_enabled":true,"_links":{"self":[{"href":"https:\/\/hiboostnutrition.com\/en\/wp-json\/wp\/v2\/product\/12149"}],"collection":[{"href":"https:\/\/hiboostnutrition.com\/en\/wp-json\/wp\/v2\/product"}],"about":[{"href":"https:\/\/hiboostnutrition.com\/en\/wp-json\/wp\/v2\/types\/product"}],"replies":[{"embeddable":true,"href":"https:\/\/hiboostnutrition.com\/en\/wp-json\/wp\/v2\/comments?post=12149"}],"version-history":[{"count":1,"href":"https:\/\/hiboostnutrition.com\/en\/wp-json\/wp\/v2\/product\/12149\/revisions"}],"predecessor-version":[{"id":12176,"href":"https:\/\/hiboostnutrition.com\/en\/wp-json\/wp\/v2\/product\/12149\/revisions\/12176"}],"wp:featuredmedia":[{"embeddable":true,"href":"https:\/\/hiboostnutrition.com\/en\/wp-json\/wp\/v2\/media\/12173"}],"wp:attachment":[{"href":"https:\/\/hiboostnutrition.com\/en\/wp-json\/wp\/v2\/media?parent=12149"}],"wp:term":[{"taxonomy":"product_brand","embeddable":true,"href":"https:\/\/hiboostnutrition.com\/en\/wp-json\/wp\/v2\/product_brand?post=12149"},{"taxonomy":"product_cat","embeddable":true,"href":"https:\/\/hiboostnutrition.com\/en\/wp-json\/wp\/v2\/product_cat?post=12149"},{"taxonomy":"product_tag","embeddable":true,"href":"https:\/\/hiboostnutrition.com\/en\/wp-json\/wp\/v2\/product_tag?post=12149"}],"curies":[{"name":"wp","href":"https:\/\/api.w.org\/{rel}","templated":true}]}}