{"id":12135,"date":"2024-12-16T09:07:10","date_gmt":"2024-12-16T02:07:10","guid":{"rendered":"https:\/\/hiboostnutrition.com\/?post_type=product&#038;p=12135"},"modified":"2026-01-05T17:26:56","modified_gmt":"2026-01-05T10:26:56","slug":"pf-30-caffeine-gel","status":"publish","type":"product","link":"https:\/\/hiboostnutrition.com\/en\/sanpham\/pf-30-caffeine-gel\/","title":{"rendered":"PF 30 Caffeine Gel"},"content":{"rendered":"<h2 data-sourcepos=\"1:1-1:58\">PF 30 Gel Caff: B\u1ed5 sung N\u0103ng l\u01b0\u1ee3ng v\u00e0 Caffeine Hi\u1ec7u Qu\u1ea3<\/h2>\n<p data-sourcepos=\"3:1-3:203\"><strong>PF 30 Gel Caff<\/strong> l\u00e0 c\u00e1ch hi\u1ec7u qu\u1ea3 nh\u1ea5t \u0111\u1ec3 \u0111\u01b0a nhanh 30g carbohydrate v\u00e0o c\u01a1 th\u1ec3 b\u1ea1n, c\u00f9ng v\u1edbi m\u1ed9t c\u00fa h\u00edch! S\u1ea3n ph\u1ea9m n\u00e0y d\u1ef1a tr\u00ean c\u00f4ng th\u1ee9c hi\u1ec7u qu\u1ea3 c\u1ee7a PF 30 Gel nh\u01b0ng \u0111\u01b0\u1ee3c b\u1ed5 sung th\u00eam 100mg caffeine.<\/p>\n<p data-sourcepos=\"5:1-5:12\"><strong>\u01afu \u0111i\u1ec3m:<\/strong><\/p>\n<ul data-sourcepos=\"7:1-13:0\">\n<li data-sourcepos=\"7:1-7:139\">V\u1ecb nh\u1eb9, trung t\u00ednh gi\u00fap gi\u1ea3m t\u00ecnh tr\u1ea1ng m\u1ec7t m\u1ecfi v\u1ec1 m\u00f9i v\u1ecb th\u01b0\u1eddng g\u1eb7p trong c\u00e1c ho\u1ea1t \u0111\u1ed9ng k\u00e9o d\u00e0i, kh\u00f4ng c\u00f3 v\u1ecb the lingering c\u1ee7a caffeine.<\/li>\n<li data-sourcepos=\"8:1-8:89\">K\u1ebft c\u1ea5u d\u1ea1ng gel m\u1ecbn, gi\u1ea3m d\u00ednh mi\u1ec7ng, h\u1ea1n ch\u1ebf nhu c\u1ea7u ph\u1ea3i n\u1ea1p th\u00eam n\u01b0\u1edbc ngay l\u1eadp t\u1ee9c.<\/li>\n<li data-sourcepos=\"9:1-9:227\">Bao b\u00ec hi\u1ec3n th\u1ecb r\u00f5 r\u00e0ng l\u01b0\u1ee3ng carbohydrate v\u00e0 caffeine trong m\u1ed7i kh\u1ea9u ph\u1ea7n, gi\u00fap b\u1ea1n d\u1ec5 d\u00e0ng ki\u1ec3m so\u00e1t l\u01b0\u1ee3ng dinh d\u01b0\u1ee1ng n\u1ea1p v\u00e0o. Kh\u00f4ng c\u1ea7n gi\u1ea3i m\u00e3 nh\u00e3n dinh d\u01b0\u1ee1ng ph\u1ee9c t\u1ea1p, kh\u00f4ng c\u1ea7n \u0111o l\u01b0\u1eddng kh\u1ea9u ph\u1ea7n v\u00e0 ho\u00e0n to\u00e0n ch\u00ednh x\u00e1c.<\/li>\n<li data-sourcepos=\"10:1-10:153\">S\u1ea3n ph\u1ea9m ho\u00e0n to\u00e0n t\u1ef1 nhi\u00ean, c\u00f3 th\u1ec3 s\u1eed d\u1ee5ng ri\u00eang l\u1ebb trong th\u1eddi gian ng\u1eafn ho\u1eb7c k\u1ebft h\u1ee3p v\u1edbi c\u00e1c s\u1ea3n ph\u1ea9m kh\u00e1c ho\u1eb7c th\u1ef1c ph\u1ea9m th\u1eadt khi ho\u1ea1t \u0111\u1ed9ng l\u00e2u d\u00e0i.<\/li>\n<li data-sourcepos=\"11:1-11:117\">N\u1ebfu b\u1ea1n l\u00e0 ng\u01b0\u1eddi tr\u01b0\u1edbc \u0111\u00e2y kh\u00f4ng quen s\u1eed d\u1ee5ng gel n\u0103ng l\u01b0\u1ee3ng, th\u00ec PF 30 Gel Caff ch\u1eafc ch\u1eafn s\u1ebd khi\u1ebfn b\u1ea1n ng\u1ea1c nhi\u00ean.<\/li>\n<li data-sourcepos=\"12:1-13:0\">L\u01b0u \u00fd: S\u1ea3n ph\u1ea9m kh\u00f4ng ch\u1ee9a \u0111i\u1ec7n gi\u1ea3i, v\u00ec v\u1eady \u0111\u01b0\u1ee3c thi\u1ebft k\u1ebf \u0111\u1ec3 s\u1eed d\u1ee5ng c\u00f9ng v\u1edbi d\u00f2ng s\u1ea3n ph\u1ea9m Precision Hydration ho\u1eb7c h\u1ed7n h\u1ee3p \u0111i\u1ec7n gi\u1ea3i y\u00eau th\u00edch c\u1ee7a b\u1ea1n.<\/li>\n<\/ul>\n<p data-sourcepos=\"14:1-14:19\"><strong>\u0110\u1eb7c \u0111i\u1ec3m ch\u00ednh:<\/strong><\/p>\n<ul data-sourcepos=\"16:1-25:0\">\n<li data-sourcepos=\"16:1-16:32\">30g carbohydrate m\u1ed7i kh\u1ea9u ph\u1ea7n<\/li>\n<li data-sourcepos=\"17:1-17:30\">100mg caffeine m\u1ed7i kh\u1ea9u ph\u1ea7n<\/li>\n<li data-sourcepos=\"18:1-18:22\">Kh\u00f4ng ch\u1ee9a \u0111i\u1ec7n gi\u1ea3i<\/li>\n<li data-sourcepos=\"19:1-19:59\">T\u1ef7 l\u1ec7 glucose v\u00e0 fructose 2:1 h\u1ed7 tr\u1ee3 h\u1ea5p th\u1ee5 carbohydrate<\/li>\n<li data-sourcepos=\"20:1-20:63\">V\u1ecb nh\u1eb9, gi\u00fap gi\u1ea3m m\u1ec7t m\u1ecfi v\u1ec1 m\u00f9i v\u1ecb trong qu\u00e1 tr\u00ecnh t\u1eadp luy\u1ec7n<\/li>\n<li data-sourcepos=\"21:1-21:56\">Kh\u00f4ng \u0111\u1eafng nh\u01b0 c\u00e1c lo\u1ea1i gel caffeine kh\u00e1c b\u1ea1n t\u1eebng th\u1eed<\/li>\n<li data-sourcepos=\"22:1-22:32\">Kh\u00f4ng ch\u1ee9a th\u00e0nh ph\u1ea7n nh\u00e2n t\u1ea1o<\/li>\n<li data-sourcepos=\"23:1-23:29\">Th\u00edch h\u1ee3p cho ng\u01b0\u1eddi \u0103n chay<\/li>\n<li data-sourcepos=\"24:1-25:0\">\u0110\u01b0\u1ee3c ch\u1ee9ng nh\u1eadn b\u1edfi Informed-Sport<\/li>\n<\/ul>\n<p data-sourcepos=\"26:1-26:25\"><strong>Th\u00f4ng tin dinh d\u01b0\u1ee1ng:<\/strong><\/p>\n<ul data-sourcepos=\"28:1-33:0\">\n<li data-sourcepos=\"28:1-28:76\">N\u0103ng l\u01b0\u1ee3ng: 120 Kcal \/ 502 Kj m\u1ed7i g\u00f3i 51g gel (236 Kcal \/ 987 Kj m\u1ed7i 100g)<\/li>\n<li data-sourcepos=\"29:1-29:57\">Protein: &lt; 0.1g m\u1ed7i g\u00f3i 51g gel (&lt; 0.1g m\u1ed7i 100g)<\/li>\n<li data-sourcepos=\"30:1-30:58\">Ch\u1ea5t b\u00e9o: &lt; 0.1g m\u1ed7i g\u00f3i 51g gel (&lt; 0.1g m\u1ed7i 100g)<\/li>\n<li data-sourcepos=\"31:1-31:50\">Carbohydrate: 30g m\u1ed7i g\u00f3i 51g gel (59g m\u1ed7i 100g)<\/li>\n<li data-sourcepos=\"32:1-33:0\">Caffeine: 100mg m\u1ed7i g\u00f3i 51g gel (196mg m\u1ed7i 100g)<\/li>\n<\/ul>\n<p data-sourcepos=\"34:1-34:17\"><strong>C\u00e1ch s\u1eed d\u1ee5ng:<\/strong><\/p>\n<p data-sourcepos=\"36:1-36:294\">D\u00f9ng m\u1ed9t g\u00f3i gel m\u1ed7i 30 ph\u00fat &#8211; 1 gi\u1edd t\u00f9y theo c\u01b0\u1eddng \u0111\u1ed9 v\u00e0 th\u1eddi gian ho\u1ea1t \u0111\u1ed9ng. N\u1ebfu b\u1ea1n tham gia m\u1ed9t n\u1ed7 l\u1ef1c ng\u1eafn ho\u1eb7c ch\u1ea1y \u0111ua, th\u00ec ch\u1ec9 c\u1ea7n d\u00f9ng m\u1ed9t g\u00f3i ngay tr\u01b0\u1edbc khi b\u1eaft \u0111\u1ea7u. \u0110\u1ed1i v\u1edbi c\u00e1c b\u00e0i t\u1eadp c\u01b0\u1eddng \u0111\u1ed9 cao ho\u1eb7c k\u00e9o d\u00e0i, b\u1ea1n c\u00f3 th\u1ec3 d\u00f9ng c\u00e1ch 1 gi\u1edd m\u1ed9t l\u1ea7n, c\u00f9ng v\u1edbi c\u00e1c ngu\u1ed3n n\u0103ng l\u01b0\u1ee3ng kh\u00e1c.<\/p>","protected":false},"excerpt":{"rendered":"<p>PF 30 Gel Caff: B\u1ed5 sung N\u0103ng l\u01b0\u1ee3ng v\u00e0 Caffeine Hi\u1ec7u Qu\u1ea3 PF 30 Gel Caff l\u00e0 c\u00e1ch hi\u1ec7u qu\u1ea3<\/p>","protected":false},"featured_media":12142,"comment_status":"open","ping_status":"closed","template":"","meta":{"_acf_changed":false,"_monsterinsights_skip_tracking":false,"_monsterinsights_sitenote_active":false,"_monsterinsights_sitenote_note":"","_monsterinsights_sitenote_category":0},"product_brand":[],"product_cat":[103,71,185],"product_tag":[181],"class_list":{"0":"post-12135","1":"product","2":"type-product","3":"status-publish","4":"has-post-thumbnail","6":"product_cat-dinh-duong","7":"product_cat-gel-nang-luong","8":"product_cat-sale","9":"product_tag-precision-fuel","11":"first","12":"outofstock","13":"sale","14":"shipping-taxable","15":"purchasable","16":"product-type-variable"},"acf":[],"jetpack_sharing_enabled":true,"_links":{"self":[{"href":"https:\/\/hiboostnutrition.com\/en\/wp-json\/wp\/v2\/product\/12135"}],"collection":[{"href":"https:\/\/hiboostnutrition.com\/en\/wp-json\/wp\/v2\/product"}],"about":[{"href":"https:\/\/hiboostnutrition.com\/en\/wp-json\/wp\/v2\/types\/product"}],"replies":[{"embeddable":true,"href":"https:\/\/hiboostnutrition.com\/en\/wp-json\/wp\/v2\/comments?post=12135"}],"version-history":[{"count":5,"href":"https:\/\/hiboostnutrition.com\/en\/wp-json\/wp\/v2\/product\/12135\/revisions"}],"predecessor-version":[{"id":12178,"href":"https:\/\/hiboostnutrition.com\/en\/wp-json\/wp\/v2\/product\/12135\/revisions\/12178"}],"wp:featuredmedia":[{"embeddable":true,"href":"https:\/\/hiboostnutrition.com\/en\/wp-json\/wp\/v2\/media\/12142"}],"wp:attachment":[{"href":"https:\/\/hiboostnutrition.com\/en\/wp-json\/wp\/v2\/media?parent=12135"}],"wp:term":[{"taxonomy":"product_brand","embeddable":true,"href":"https:\/\/hiboostnutrition.com\/en\/wp-json\/wp\/v2\/product_brand?post=12135"},{"taxonomy":"product_cat","embeddable":true,"href":"https:\/\/hiboostnutrition.com\/en\/wp-json\/wp\/v2\/product_cat?post=12135"},{"taxonomy":"product_tag","embeddable":true,"href":"https:\/\/hiboostnutrition.com\/en\/wp-json\/wp\/v2\/product_tag?post=12135"}],"curies":[{"name":"wp","href":"https:\/\/api.w.org\/{rel}","templated":true}]}}