{"id":12125,"date":"2024-04-19T09:13:07","date_gmt":"2024-04-19T02:13:07","guid":{"rendered":"https:\/\/hiboostnutrition.com\/?post_type=product&#038;p=12125"},"modified":"2025-11-25T15:11:24","modified_gmt":"2025-11-25T08:11:24","slug":"vien-nang-dien-giai-precision-fuel-and-hydration-1-vi-15-vien","status":"publish","type":"product","link":"https:\/\/hiboostnutrition.com\/en\/sanpham\/vien-nang-dien-giai-precision-fuel-and-hydration-1-vi-15-vien\/","title":{"rendered":"Vi\u00ean nang \u0111i\u1ec7n gi\u1ea3i Precision Fuel and Hydration  (1 V\u1ec9 15 vi\u00ean )"},"content":{"rendered":"<h2 data-sourcepos=\"1:1-1:64\">Vi\u00ean Nang \u0110i\u1ec7n Gi\u1ea3i Precision Fuel and Hydration &#8211; Ti\u1ec7n L\u1ee3i B\u1ed5 Sung \u0110i\u1ec7n Gi\u1ea3i Khi V\u1eadn \u0110\u1ed9ng<\/h2>\n<p data-sourcepos=\"3:1-3:80\"><strong>Vi\u00ean Nang \u0110i\u1ec7n Gi\u1ea3i<\/strong> c\u1ee7a ch\u00fang t\u00f4i l\u00e0 l\u1ef1a ch\u1ecdn l\u00fd t\u01b0\u1edfng cho nh\u1eefng t\u00ecnh hu\u1ed1ng:<\/p>\n<ul data-sourcepos=\"5:1-8:0\">\n<li data-sourcepos=\"5:1-5:68\">B\u1ea1n ph\u1ea3i n\u1ea1p n\u01b0\u1edbc t\u1ea1i c\u00e1c tr\u1ea1m ti\u1ebfp t\u1ebf trong c\u00e1c s\u1ef1 ki\u1ec7n th\u1ec3 thao.<\/li>\n<li data-sourcepos=\"6:1-6:60\">Pha ch\u1ebf \u0111\u1ed3 u\u1ed1ng trong c\u00e1c ho\u1ea1t \u0111\u1ed9ng k\u00e9o d\u00e0i kh\u00f4ng th\u1ef1c t\u1ebf.<\/li>\n<li data-sourcepos=\"7:1-8:0\">B\u1ea1n \u01b0a th\u00edch u\u1ed1ng n\u01b0\u1edbc l\u1ecdc h\u01a1n c\u1ea3 nh\u1eefng lo\u1ea1i \u0111\u1ed3 u\u1ed1ng th\u1ec3 thao nh\u1eb9 d\u1ecbu nh\u1ea5t.<\/li>\n<\/ul>\n<p data-sourcepos=\"9:1-9:89\">Ngo\u00e0i ra, s\u1ea3n ph\u1ea9m c\u00f2n gi\u00fap b\u1ea1n d\u1ec5 d\u00e0ng b\u1ed5 sung th\u00eam \u0111i\u1ec7n gi\u1ea3i v\u00e0o c\u00e1c lo\u1ea1i \u0111\u1ed3 u\u1ed1ng kh\u00e1c.<\/p>\n<p data-sourcepos=\"11:1-11:12\"><strong>\u01afu \u0111i\u1ec3m:<\/strong><\/p>\n<ul data-sourcepos=\"13:1-19:0\">\n<li data-sourcepos=\"13:1-13:126\"><strong>Ti\u1ec7n l\u1ee3i:<\/strong>\u00a015 vi\u00ean nang nu\u1ed1t \u0111\u01b0\u1ee3c \u0111\u00f3ng g\u00f3i trong v\u1ec9 ch\u1ed1ng th\u1ea5m n\u01b0\u1edbc, ho\u00e0n h\u1ea3o cho nh\u1eefng l\u00fac mang theo b\u00ecnh n\u01b0\u1edbc kh\u00f3 kh\u0103n.<\/li>\n<li data-sourcepos=\"14:1-14:96\"><strong>Hi\u1ec7u qu\u1ea3:<\/strong>\u00a0M\u1ed7i vi\u00ean ch\u1ee9a 250mg natri, m\u1ea1nh h\u01a1n so v\u1edbi h\u1ea7u h\u1ebft c\u00e1c lo\u1ea1i vi\u00ean \u0111i\u1ec7n gi\u1ea3i kh\u00e1c.<\/li>\n<li data-sourcepos=\"15:1-15:88\"><strong>H\u1ea5p th\u1ee5 n\u01b0\u1edbc t\u1ed1t:<\/strong>\u00a0H\u1ed7 tr\u1ee3 qu\u00e1 tr\u00ecnh h\u1ea5p th\u1ee5 n\u01b0\u1edbc trong qu\u00e1 tr\u00ecnh t\u1eadp luy\u1ec7n th\u1ec3 d\u1ee5c.<\/li>\n<li data-sourcepos=\"16:1-16:100\"><strong>\u00cam d\u1ecbu cho d\u1ea1 d\u00e0y:<\/strong>\u00a0C\u00f4ng th\u1ee9c \u0111\u1eb7c bi\u1ec7t gi\u00fap h\u1ea5p th\u1ee5 n\u01b0\u1edbc hi\u1ec7u qu\u1ea3 \u0111\u1ed3ng th\u1eddi d\u1ecbu nh\u1eb9 cho d\u1ea1 d\u00e0y.<\/li>\n<li data-sourcepos=\"17:1-17:128\"><strong>\u0110\u1ea3m b\u1ea3o ch\u1ea5t l\u01b0\u1ee3ng:<\/strong>\u00a0\u0110\u01b0\u1ee3c ki\u1ec3m tra \u0111\u1ed9c l\u1eadp theo l\u00f4 \u0111\u1ed1i v\u1edbi danh s\u00e1ch c\u00e1c ch\u1ea5t c\u1ea5m c\u1ee7a C\u01a1 quan Ch\u1ed1ng Doping Th\u1ebf gi\u1edbi (WADA).<\/li>\n<li data-sourcepos=\"18:1-19:0\"><strong>Th\u00edch h\u1ee3p cho ng\u01b0\u1eddi \u0103n chay.<\/strong><\/li>\n<\/ul>\n<p data-sourcepos=\"20:1-20:23\"><strong>Th\u00f4ng tin s\u1ea3n ph\u1ea9m:<\/strong><\/p>\n<ul data-sourcepos=\"22:1-24:25\">\n<li data-sourcepos=\"22:1-22:28\">M\u1ed7i v\u1ec9 ch\u1ee9a 15 vi\u00ean nang.<\/li>\n<li data-sourcepos=\"23:1-23:28\">M\u1ed7i vi\u00ean ch\u1ee9a 250mg natri.<\/li>\n<li data-sourcepos=\"24:1-24:25\">S\u1eed d\u1ee5ng: Nu\u1ed1t v\u1edbi n\u01b0\u1edbc.<\/li>\n<\/ul>\n<div id=\"gtx-trans\" style=\"position: absolute; left: 69px; top: 466.5px;\">\n<div class=\"gtx-trans-icon\"><\/div>\n<\/div>","protected":false},"excerpt":{"rendered":"<p>Vi\u00ean Nang \u0110i\u1ec7n Gi\u1ea3i Precision Fuel and Hydration &#8211; Ti\u1ec7n L\u1ee3i B\u1ed5 Sung \u0110i\u1ec7n Gi\u1ea3i Khi V\u1eadn \u0110\u1ed9ng Vi\u00ean Nang<\/p>","protected":false},"featured_media":12126,"comment_status":"open","ping_status":"closed","template":"","meta":{"_acf_changed":false,"_monsterinsights_skip_tracking":false,"_monsterinsights_sitenote_active":false,"_monsterinsights_sitenote_note":"","_monsterinsights_sitenote_category":0},"product_brand":[],"product_cat":[123,110],"product_tag":[181],"class_list":{"0":"post-12125","1":"product","2":"type-product","3":"status-publish","4":"has-post-thumbnail","6":"product_cat-khoang-chat-dien-giai","7":"product_cat-thuc-pham-bo-sung","8":"product_tag-precision-fuel","10":"first","11":"outofstock","12":"shipping-taxable","13":"purchasable","14":"product-type-variable"},"acf":[],"jetpack_sharing_enabled":true,"_links":{"self":[{"href":"https:\/\/hiboostnutrition.com\/en\/wp-json\/wp\/v2\/product\/12125"}],"collection":[{"href":"https:\/\/hiboostnutrition.com\/en\/wp-json\/wp\/v2\/product"}],"about":[{"href":"https:\/\/hiboostnutrition.com\/en\/wp-json\/wp\/v2\/types\/product"}],"replies":[{"embeddable":true,"href":"https:\/\/hiboostnutrition.com\/en\/wp-json\/wp\/v2\/comments?post=12125"}],"version-history":[{"count":3,"href":"https:\/\/hiboostnutrition.com\/en\/wp-json\/wp\/v2\/product\/12125\/revisions"}],"predecessor-version":[{"id":12134,"href":"https:\/\/hiboostnutrition.com\/en\/wp-json\/wp\/v2\/product\/12125\/revisions\/12134"}],"wp:featuredmedia":[{"embeddable":true,"href":"https:\/\/hiboostnutrition.com\/en\/wp-json\/wp\/v2\/media\/12126"}],"wp:attachment":[{"href":"https:\/\/hiboostnutrition.com\/en\/wp-json\/wp\/v2\/media?parent=12125"}],"wp:term":[{"taxonomy":"product_brand","embeddable":true,"href":"https:\/\/hiboostnutrition.com\/en\/wp-json\/wp\/v2\/product_brand?post=12125"},{"taxonomy":"product_cat","embeddable":true,"href":"https:\/\/hiboostnutrition.com\/en\/wp-json\/wp\/v2\/product_cat?post=12125"},{"taxonomy":"product_tag","embeddable":true,"href":"https:\/\/hiboostnutrition.com\/en\/wp-json\/wp\/v2\/product_tag?post=12125"}],"curies":[{"name":"wp","href":"https:\/\/api.w.org\/{rel}","templated":true}]}}