{"id":12120,"date":"2024-12-05T09:23:07","date_gmt":"2024-12-05T02:23:07","guid":{"rendered":"https:\/\/hiboostnutrition.com\/?post_type=product&#038;p=12120"},"modified":"2026-01-05T17:24:55","modified_gmt":"2026-01-05T10:24:55","slug":"pf-carb-only-drink-mix-930g","status":"publish","type":"product","link":"https:\/\/hiboostnutrition.com\/en\/sanpham\/pf-carb-only-drink-mix-930g\/","title":{"rendered":"Precision Fuel and Hydration Carb Only Drink Mix (930g)"},"content":{"rendered":"<p data-sourcepos=\"3:1-3:286\"><strong>PF Carb Only Drink Mix<\/strong> l\u00e0 l\u1ef1a ch\u1ecdn tuy\u1ec7t v\u1eddi gi\u00fap b\u1ea1n d\u1ec5 d\u00e0ng n\u1ea1p n\u0103ng l\u01b0\u1ee3ng khi \u0111ang ho\u1ea1t \u0111\u1ed9ng m\u1ea1nh (kh\u00f4ng c\u1ea7n nhai!), gi\u1ea3i ph\u00e1p l\u00fd t\u01b0\u1edfng cho nh\u1eefng l\u00fac c\u1ea7n r\u1ea3nh tay. S\u1ea3n ph\u1ea9m c\u0169ng h\u1eefu \u00edch cho nh\u1eefng ng\u01b0\u1eddi c\u00f3 v\u1ea5n \u0111\u1ec1 v\u1ec1 d\u1ea1 d\u00e0y tr\u01b0\u1edbc c\u00e1c cu\u1ed9c \u0111ua v\u00e0 kh\u00f3 h\u1ea5p th\u1ee5 calo d\u1ea1ng th\u1ee9c \u0103n c\u1ee9ng.<\/p>\n<p data-sourcepos=\"5:1-5:21\"><strong>\u0110\u1eb7c \u0111i\u1ec3m n\u1ed5i b\u1eadt:<\/strong><\/p>\n<ul data-sourcepos=\"7:1-19:0\">\n<li data-sourcepos=\"7:1-7:51\">Cung c\u1ea5p t\u1edbi 120g carbohydrate tr\u00ean m\u1ed7i l\u00edt n\u01b0\u1edbc.<\/li>\n<li data-sourcepos=\"8:1-8:181\">Kh\u00f4ng ch\u1ee9a \u0111i\u1ec7n gi\u1ea3i, gi\u00fap b\u1ea1n pha ch\u1ebf b\u00ecnh n\u01b0\u1edbc nhi\u1ec1u carb m\u00e0 kh\u00f4ng b\u1ecb th\u1eeba natri. S\u1eed d\u1ee5ng k\u1ebft h\u1ee3p v\u1edbi c\u00e1c s\u1ea3n ph\u1ea9m Precision Hydration \u00edt calo \u0111\u1ec3 \u0111\u1ea1t \u0111\u01b0\u1ee3c l\u01b0\u1ee3ng natri c\u1ea7n thi\u1ebft.<\/li>\n<li data-sourcepos=\"9:1-9:150\">Cho ph\u00e9p b\u1ea1n t\u0103ng l\u01b0\u1ee3ng carb trong b\u00ecnh n\u01b0\u1edbc khi ho\u1ea1t \u0111\u1ed9ng \u00edt \u0111\u1ed5 m\u1ed3 h\u00f4i trong th\u1eddi ti\u1ebft m\u00e1t m\u1ebb, v\u00e0 gi\u1ea3m l\u01b0\u1ee3ng carb khi tr\u1eddi n\u00f3ng v\u00e0 \u0111\u1ed5 m\u1ed3 h\u00f4i nhi\u1ec1u.<\/li>\n<li data-sourcepos=\"10:1-10:88\">Kh\u00f4ng c\u1ea7n nhai (d\u0129 nhi\u00ean r\u1ed3i!), h\u1ea5p th\u1ee5 nhanh v\u00e0 d\u1ec5 d\u00e0ng dung n\u1ea1p ngay c\u1ea3 khi th\u1edf g\u1ea5p.<\/li>\n<li data-sourcepos=\"11:1-11:139\">(S\u1ed1 kh\u1ea9u ph\u1ea7n th\u1ef1c t\u1ebf thay \u0111\u1ed5i t\u1eeb 15-60, t\u00f9y thu\u1ed9c v\u00e0o c\u00e1ch pha) Cung c\u1ea5p n\u0103ng l\u01b0\u1ee3ng cho 7.5 \u0111\u1ebfn 30 l\u00edt n\u01b0\u1edbc, t\u00f9y thu\u1ed9c v\u00e0o c\u00e1ch s\u1eed d\u1ee5ng.<\/li>\n<li data-sourcepos=\"12:1-12:91\">L\u00e0 c\u00e1ch n\u1ea1p n\u0103ng l\u01b0\u1ee3ng l\u00fd t\u01b0\u1edfng khi s\u1eed d\u1ee5ng t\u00fai \u0111\u1ef1ng n\u01b0\u1edbc chuy\u00ean d\u1ee5ng, gi\u00fap b\u1ea1n r\u1ea3nh tay.<\/li>\n<li data-sourcepos=\"13:1-13:99\">Th\u00edch h\u1ee3p cho ng\u01b0\u1eddi c\u00f3 v\u1ea5n \u0111\u1ec1 v\u1ec1 d\u1ea1 d\u00e0y tr\u01b0\u1edbc c\u00e1c cu\u1ed9c \u0111ua v\u00e0 kh\u00f3 h\u1ea5p th\u1ee5 calo d\u1ea1ng th\u1ee9c \u0103n c\u1ee9ng.<\/li>\n<li data-sourcepos=\"14:1-14:60\">T\u1ef7 l\u1ec7 glucose v\u00e0 fructose 2:1 h\u1ed7 tr\u1ee3 h\u1ea5p th\u1ee5 carbohydrate.<\/li>\n<li data-sourcepos=\"15:1-15:86\">H\u01b0\u01a1ng v\u1ecb nh\u1eb9, base h\u01b0\u01a1ng cam qu\u00fdt (Original) gi\u00fap gi\u1ea3m t\u00ecnh tr\u1ea1ng m\u1ec7t m\u1ecfi v\u1ec1 m\u00f9i v\u1ecb.<\/li>\n<li data-sourcepos=\"16:1-16:36\">\u0110\u01b0\u1ee3c ch\u1ee9ng nh\u1eadn b\u1edfi Informed Sport<\/li>\n<li data-sourcepos=\"17:1-17:32\">Kh\u00f4ng ch\u1ee9a th\u00e0nh ph\u1ea7n nh\u00e2n t\u1ea1o<\/li>\n<li data-sourcepos=\"18:1-19:0\">Th\u00edch h\u1ee3p cho ng\u01b0\u1eddi \u0103n chay<\/li>\n<\/ul>\n<p data-sourcepos=\"20:1-20:25\"><strong>Th\u00f4ng tin dinh d\u01b0\u1ee1ng:<\/strong><\/p>\n<ul data-sourcepos=\"22:1-33:0\">\n<li data-sourcepos=\"22:1-27:0\">\n<p data-sourcepos=\"22:3-26:46\">Khi pha 1 mu\u1ed7ng v\u1edbi 500ml n\u01b0\u1edbc N\u0103ng l\u01b0\u1ee3ng: 120 Kcal \/ 512 Kj tr\u00ean m\u1ed7i l\u00edt (177 Kcal \/ 753 Kj tr\u00ean 100g) Protein: &lt; 0.1g tr\u00ean m\u1ed7i l\u00edt (&lt; 0.01g tr\u00ean 100g) Ch\u1ea5t b\u00e9o: &lt; 0.1g tr\u00ean m\u1ed7i l\u00edt (&lt; 0.01g tr\u00ean 100g) Carbohydrate: 30g tr\u00ean m\u1ed7i l\u00edt (49g tr\u00ean 100g)<\/p>\n<\/li>\n<li data-sourcepos=\"28:1-33:0\">\n<p data-sourcepos=\"28:3-32:46\">Khi pha 2 mu\u1ed7ng v\u1edbi 500ml n\u01b0\u1edbc N\u0103ng l\u01b0\u1ee3ng: 240 Kcal \/ 1024 Kj tr\u00ean m\u1ed7i l\u00edt (353 Kcal \/ 1506 Kj tr\u00ean 100g) Protein: &lt; 0.1g tr\u00ean m\u1ed7i l\u00edt (&lt; 0.01g tr\u00ean 100g) Ch\u1ea5t b\u00e9o: &lt; 0.1g tr\u00ean m\u1ed7i l\u00edt (&lt; 0.01g tr\u00ean 100g) Carbohydrate: 60g tr\u00ean m\u1ed7i l\u00edt (97g tr\u00ean 100g)<\/p>\n<\/li>\n<\/ul>\n<p data-sourcepos=\"34:1-34:79\"><strong>(Th\u00f4ng tin dinh d\u01b0\u1ee1ng ti\u1ebfp theo t\u01b0\u01a1ng t\u1ef1 theo t\u1ec9 l\u1ec7 pha 3 mu\u1ed7ng v\u00e0 4 mu\u1ed7ng)<\/strong><\/p>\n<p data-sourcepos=\"36:1-36:15\"><strong>Th\u00e0nh ph\u1ea7n:<\/strong><\/p>\n<p data-sourcepos=\"38:1-38:96\">Maltodextrin, Fructose, Ch\u1ea5t \u0111i\u1ec1u ch\u1ec9nh \u0111\u1ed9 chua (Axit Citric, Axit Ascorbic), H\u01b0\u01a1ng v\u1ecb t\u1ef1 nhi\u00ean.<\/p>","protected":false},"excerpt":{"rendered":"<p>PF Carb Only Drink Mix l\u00e0 l\u1ef1a ch\u1ecdn tuy\u1ec7t v\u1eddi gi\u00fap b\u1ea1n d\u1ec5 d\u00e0ng n\u1ea1p n\u0103ng l\u01b0\u1ee3ng khi \u0111ang ho\u1ea1t<\/p>","protected":false},"featured_media":12121,"comment_status":"open","ping_status":"closed","template":"","meta":{"_acf_changed":false,"_monsterinsights_skip_tracking":false,"_monsterinsights_sitenote_active":false,"_monsterinsights_sitenote_note":"","_monsterinsights_sitenote_category":0},"product_brand":[],"product_cat":[103,116,185],"product_tag":[181],"class_list":{"0":"post-12120","1":"product","2":"type-product","3":"status-publish","4":"has-post-thumbnail","6":"product_cat-dinh-duong","7":"product_cat-drink","8":"product_cat-sale","9":"product_tag-precision-fuel","11":"first","12":"outofstock","13":"sale","14":"shipping-taxable","15":"purchasable","16":"product-type-variable"},"acf":[],"jetpack_sharing_enabled":true,"_links":{"self":[{"href":"https:\/\/hiboostnutrition.com\/en\/wp-json\/wp\/v2\/product\/12120"}],"collection":[{"href":"https:\/\/hiboostnutrition.com\/en\/wp-json\/wp\/v2\/product"}],"about":[{"href":"https:\/\/hiboostnutrition.com\/en\/wp-json\/wp\/v2\/types\/product"}],"replies":[{"embeddable":true,"href":"https:\/\/hiboostnutrition.com\/en\/wp-json\/wp\/v2\/comments?post=12120"}],"version-history":[{"count":3,"href":"https:\/\/hiboostnutrition.com\/en\/wp-json\/wp\/v2\/product\/12120\/revisions"}],"predecessor-version":[{"id":12185,"href":"https:\/\/hiboostnutrition.com\/en\/wp-json\/wp\/v2\/product\/12120\/revisions\/12185"}],"wp:featuredmedia":[{"embeddable":true,"href":"https:\/\/hiboostnutrition.com\/en\/wp-json\/wp\/v2\/media\/12121"}],"wp:attachment":[{"href":"https:\/\/hiboostnutrition.com\/en\/wp-json\/wp\/v2\/media?parent=12120"}],"wp:term":[{"taxonomy":"product_brand","embeddable":true,"href":"https:\/\/hiboostnutrition.com\/en\/wp-json\/wp\/v2\/product_brand?post=12120"},{"taxonomy":"product_cat","embeddable":true,"href":"https:\/\/hiboostnutrition.com\/en\/wp-json\/wp\/v2\/product_cat?post=12120"},{"taxonomy":"product_tag","embeddable":true,"href":"https:\/\/hiboostnutrition.com\/en\/wp-json\/wp\/v2\/product_tag?post=12120"}],"curies":[{"name":"wp","href":"https:\/\/api.w.org\/{rel}","templated":true}]}}