{"id":11419,"date":"2024-01-20T09:09:58","date_gmt":"2024-01-20T02:09:58","guid":{"rendered":"https:\/\/hiboostnutrition.com\/?post_type=product&#038;p=11419"},"modified":"2026-04-10T16:45:58","modified_gmt":"2026-04-10T09:45:58","slug":"drink-mix-320-caf-100","status":"publish","type":"product","link":"https:\/\/hiboostnutrition.com\/en\/sanpham\/drink-mix-320-caf-100\/","title":{"rendered":"Drink Mix 320 CAF 100"},"content":{"rendered":"<p><strong>B\u1ed9t N\u0103ng L\u01b0\u1ee3ng Maurten Drink Mix 320 CAF &#8211; S\u1ef1 K\u1ebft H\u1ee3p Ho\u00e0n H\u1ea3o Cho N\u0103ng L\u01b0\u1ee3ng v\u00e0 T\u1ec9nh T\u00e1o ( b\u00e1n theo g\u00f3i )<\/strong><\/p>\n<p>Ch\u00fa \u00fd: Hi\u1ec7n nay, c\u00f3 nhi\u1ec1u \u0111\u1ecba \u0111i\u1ec3m b\u00e1n s\u1ea3n ph\u1ea9m Maurten m\u00e0 kh\u00f4ng r\u00f5 ngu\u1ed3n g\u1ed1c, gi\u1ea5y t\u1edd ki\u1ec3m \u0111\u1ecbnh v\u00e0 gi\u1ea5y t\u1edd c\u00f4ng b\u1ed1 s\u1ea3n ph\u1ea9m. Hiboost Nutrition cam k\u1ebft \u0111\u1ea3m b\u1ea3o ch\u1ea5t l\u01b0\u1ee3ng v\u00e0 xu\u1ea5t x\u1ee9 c\u1ee7a s\u1ea3n ph\u1ea9m, \u0111\u1ec3 qu\u00fd kh\u00e1ch h\u00e0ng an t\u00e2m khi s\u1eed d\u1ee5ng.<\/p>\n<p><strong>Maurten Drink Mix 320 CAF 100 &#8211; N\u00e2ng Cao S\u1ee9c T\u1ec9nh T\u00e1o:<\/strong><\/p>\n<ul>\n<li>Phi\u00ean b\u1ea3n CAF c\u1ee7a Drink Mix 320 cung c\u1ea5p th\u00eam 100mg caffeine \u0111\u1ec3 gi\u00fap b\u1ea1n duy tr\u00ec tinh th\u1ea7n t\u1ec9nh t\u00e1o. B\u1eb1ng c\u00e1ch s\u1eed d\u1ee5ng c\u00f4ng ngh\u1ec7 hydrogel, Maurten ki\u1ec3m so\u00e1t v\u1ecb \u0111\u1eafng c\u1ee7a caffeine m\u00e0 kh\u00f4ng c\u1ea7n th\u00eam axit, h\u01b0\u01a1ng v\u1ecb ho\u1eb7c ch\u1ea5t t\u1ea1o m\u00e0u.<\/li>\n<\/ul>\n<p><strong>User manual:<\/strong><\/p>\n<ul>\n<li>Pha 1 g\u00f3i v\u1edbi 500ml n\u01b0\u1edbc \u0111\u1ec3 c\u00f3 tr\u1ea3i nghi\u1ec7m n\u0103ng l\u01b0\u1ee3ng v\u00e0 t\u1ec9nh t\u00e1o t\u1ed1t nh\u1ea5t.<\/li>\n<\/ul>\n<p><strong>C\u1ea3m \u01a1n Qu\u00fd Kh\u00e1ch H\u00e0ng \u0110\u00e3 Tin T\u01b0\u1edfng Hiboost Nutrition &#8211; N\u01a1i \u0110\u1ea3m B\u1ea3o Ch\u1ea5t L\u01b0\u1ee3ng v\u00e0 An To\u00e0n.<\/strong><\/p>\n<p>#hiboostnutrition #maurten #drinkmix320 #energydrink #hydrogel #caffeine #nangluongtinhthao<\/p>\n<p>&nbsp;<\/p>","protected":false},"excerpt":{"rendered":"<p>B\u1ed9t N\u0103ng L\u01b0\u1ee3ng Maurten Drink Mix 320 CAF &#8211; S\u1ef1 K\u1ebft H\u1ee3p Ho\u00e0n H\u1ea3o Cho N\u0103ng L\u01b0\u1ee3ng v\u00e0 T\u1ec9nh T\u00e1o<\/p>","protected":false},"featured_media":11423,"comment_status":"open","ping_status":"closed","template":"","meta":{"_acf_changed":false,"_monsterinsights_skip_tracking":false,"_monsterinsights_sitenote_active":false,"_monsterinsights_sitenote_note":"","_monsterinsights_sitenote_category":0},"product_brand":[],"product_cat":[116],"product_tag":[135,136,107,134],"class_list":{"0":"post-11419","1":"product","2":"type-product","3":"status-publish","4":"has-post-thumbnail","6":"product_cat-drink","7":"product_tag-bot-nang-luong","8":"product_tag-drinkmix-320","9":"product_tag-maurten","10":"product_tag-maurten-drinkmix","12":"first","13":"outofstock","14":"shipping-taxable","15":"purchasable","16":"product-type-variable"},"acf":[],"jetpack_sharing_enabled":true,"_links":{"self":[{"href":"https:\/\/hiboostnutrition.com\/en\/wp-json\/wp\/v2\/product\/11419"}],"collection":[{"href":"https:\/\/hiboostnutrition.com\/en\/wp-json\/wp\/v2\/product"}],"about":[{"href":"https:\/\/hiboostnutrition.com\/en\/wp-json\/wp\/v2\/types\/product"}],"replies":[{"embeddable":true,"href":"https:\/\/hiboostnutrition.com\/en\/wp-json\/wp\/v2\/comments?post=11419"}],"version-history":[{"count":2,"href":"https:\/\/hiboostnutrition.com\/en\/wp-json\/wp\/v2\/product\/11419\/revisions"}],"predecessor-version":[{"id":12147,"href":"https:\/\/hiboostnutrition.com\/en\/wp-json\/wp\/v2\/product\/11419\/revisions\/12147"}],"wp:featuredmedia":[{"embeddable":true,"href":"https:\/\/hiboostnutrition.com\/en\/wp-json\/wp\/v2\/media\/11423"}],"wp:attachment":[{"href":"https:\/\/hiboostnutrition.com\/en\/wp-json\/wp\/v2\/media?parent=11419"}],"wp:term":[{"taxonomy":"product_brand","embeddable":true,"href":"https:\/\/hiboostnutrition.com\/en\/wp-json\/wp\/v2\/product_brand?post=11419"},{"taxonomy":"product_cat","embeddable":true,"href":"https:\/\/hiboostnutrition.com\/en\/wp-json\/wp\/v2\/product_cat?post=11419"},{"taxonomy":"product_tag","embeddable":true,"href":"https:\/\/hiboostnutrition.com\/en\/wp-json\/wp\/v2\/product_tag?post=11419"}],"curies":[{"name":"wp","href":"https:\/\/api.w.org\/{rel}","templated":true}]}}