{"id":10545,"date":"2023-12-15T13:08:20","date_gmt":"2023-12-15T06:08:20","guid":{"rendered":"https:\/\/hiboostnutrition.com\/?post_type=product&#038;p=10545"},"modified":"2026-01-05T18:18:24","modified_gmt":"2026-01-05T11:18:24","slug":"creatine-named-creafast-lo-120-vien","status":"publish","type":"product","link":"https:\/\/hiboostnutrition.com\/en\/sanpham\/creatine-named-creafast-lo-120-vien\/","title":{"rendered":"NAMEDSPORT  Creafast &#8211; 120 Tabs"},"content":{"rendered":"<p><strong>NAMEDSPORT Creafast &#8211; 120 Vi\u00ean<\/strong><\/p>\n<p>CREAFAST\u00ae l\u00e0 m\u1ed9t lo\u1ea1i th\u1ef1c ph\u1ea9m b\u1ed5 sung d\u1ea1ng vi\u00ean n\u00e9n, ch\u1ed1ng acid d\u1ea1 d\u00e0y, ch\u1ee9a creatine monohydrate. S\u1ea3n ph\u1ea9m n\u00e0y n\u1ed5i b\u1eadt v\u1edbi c\u00f4ng th\u1ee9c \u0111\u1ed9c quy\u1ec1n Biphase (hai giai \u0111o\u1ea1n), cho ph\u00e9p creatine \u0111\u01b0\u1ee3c gi\u1ea3i ph\u00f3ng m\u1ed9t c\u00e1ch k\u00e9o d\u00e0i theo th\u1eddi gian.<\/p>\n<p>C\u00f4ng th\u1ee9c c\u1ee7a CREAFAST\u00ae bao g\u1ed3m h\u1ed7n h\u1ee3p v\u1eadt l\u00fd c\u1ee7a hai th\u00e0nh ph\u1ea7n \u0111\u01b0\u1ee3c c\u00e2n ch\u1ec9nh c\u1ea9n th\u1eadn:<\/p>\n<ol>\n<li>Th\u00e0nh ph\u1ea7n gi\u1ea3i ph\u00f3ng nhanh: creatine monohydrate.<\/li>\n<li>Th\u00e0nh ph\u1ea7n gi\u1ea3i ph\u00f3ng ch\u1eadm: creatine monohydrate k\u1ebft h\u1ee3p v\u1edbi magnesium hydroxide [Mg(OH)2].<\/li>\n<\/ol>\n<p>Nh\u1edd v\u00e0o c\u00f4ng th\u1ee9c n\u00e0y, v\u00e0 s\u1ef1 hi\u1ec7u qu\u1ea3 t\u0103ng cao t\u1eeb c\u00e1c ch\u1ea5t v\u1eadn chuy\u1ec3n t\u00edch c\u1ef1c trong \u0111\u01b0\u1eddng ru\u1ed9t v\u00e0 c\u01a1 b\u1eafp, CREAFAST gi\u00fap v\u1eadn chuy\u1ec3n to\u00e0n b\u1ed9 l\u01b0\u1ee3ng creatine \u0111\u1ebfn c\u00e1c t\u1ebf b\u00e0o c\u01a1 x\u01b0\u01a1ng. \u0110i\u1ec1u n\u00e0y gi\u00fap t\u0103ng hi\u1ec7u su\u1ea5t l\u01b0\u1ee3ng creatine d\u1ef1 tr\u1eef trong c\u01a1, nh\u01b0ng s\u1eed d\u1ee5ng l\u01b0\u1ee3ng \u00edt h\u01a1n so v\u1edbi c\u00e1c d\u1ea1ng creatine truy\u1ec1n th\u1ed1ng.<\/p>\n<p>T\u1ed1c \u0111\u1ed9 gi\u1ea3i ph\u00f3ng creatine \u0111\u00e3 \u0111\u01b0\u1ee3c ki\u1ec3m tra qua c\u00e1c th\u1eed nghi\u1ec7m tan theo ti\u00eau chu\u1ea9n D\u01b0\u1ee3c \u0111i\u1ec3n Ch\u00e2u \u00c2u 8.0. B\u1eb1ng s\u00e1ng ch\u1ebf c\u1ee7a CREAFAST\u00ae m\u00f4 t\u1ea3 ph\u01b0\u01a1ng ph\u00e1p s\u1ea3n xu\u1ea5t th\u00e0nh ph\u1ea7n gi\u1ea3i ph\u00f3ng ch\u1eadm v\u00e0 t\u1ef7 l\u1ec7 ph\u00f9 h\u1ee3p gi\u1eefa hai th\u00e0nh ph\u1ea7n.<\/p>\n<p><strong>Uses and Features of the Product:<\/strong><\/p>\n<ul>\n<li>To\u00e0n b\u1ed9 creatine \u0111\u01b0\u1ee3c h\u1ea5p thu m\u1ed9t c\u00e1ch ho\u00e0n to\u00e0n v\u00e0 t\u1ed1i \u01b0u \u1edf c\u1ea5p \u0111\u1ed9 c\u01a1 x\u01b0\u01a1ng.<\/li>\n<li>T\u0103ng c\u01b0\u1eddng s\u1ee9c m\u1ea1nh c\u01a1 b\u1eafp<\/li>\n<li>T\u0103ng hi\u1ec7u su\u1ea5t trong c\u00e1c \u0111\u1ee3t t\u1eadp luy\u1ec7n c\u01b0\u1eddng \u0111\u1ed9 cao, th\u1eddi gian ng\u1eafn li\u00ean ti\u1ebfp.<\/li>\n<\/ul>\n<p><strong>User manual:<\/strong><\/p>\n<ul>\n<li>As needed, take 3 capsules daily in a single administration, providing a total of 3g of creatine.<\/li>\n<li>Kh\u00f4ng d\u00f9ng li\u00ean t\u1ee5c qu\u00e1 30 ng\u00e0y.<\/li>\n<\/ul>\n<p><em>Note: This product is not a medicine and does not replace medicine.<\/em><\/p>","protected":false},"excerpt":{"rendered":"<p>NAMEDSPORT Creafast &#8211; 120 Vi\u00ean CREAFAST\u00ae l\u00e0 m\u1ed9t lo\u1ea1i th\u1ef1c ph\u1ea9m b\u1ed5 sung d\u1ea1ng vi\u00ean n\u00e9n, ch\u1ed1ng acid d\u1ea1 d\u00e0y,<\/p>","protected":false},"featured_media":10548,"comment_status":"open","ping_status":"closed","template":"","meta":{"_acf_changed":false,"_monsterinsights_skip_tracking":false,"_monsterinsights_sitenote_active":false,"_monsterinsights_sitenote_note":"","_monsterinsights_sitenote_category":0},"product_brand":[],"product_cat":[110],"product_tag":[182],"class_list":{"0":"post-10545","1":"product","2":"type-product","3":"status-publish","4":"has-post-thumbnail","6":"product_cat-thuc-pham-bo-sung","7":"product_tag-namedsport","9":"first","10":"outofstock","11":"sale","12":"featured","13":"shipping-taxable","14":"purchasable","15":"product-type-simple"},"acf":[],"jetpack_sharing_enabled":true,"_links":{"self":[{"href":"https:\/\/hiboostnutrition.com\/en\/wp-json\/wp\/v2\/product\/10545"}],"collection":[{"href":"https:\/\/hiboostnutrition.com\/en\/wp-json\/wp\/v2\/product"}],"about":[{"href":"https:\/\/hiboostnutrition.com\/en\/wp-json\/wp\/v2\/types\/product"}],"replies":[{"embeddable":true,"href":"https:\/\/hiboostnutrition.com\/en\/wp-json\/wp\/v2\/comments?post=10545"}],"version-history":[{"count":3,"href":"https:\/\/hiboostnutrition.com\/en\/wp-json\/wp\/v2\/product\/10545\/revisions"}],"predecessor-version":[{"id":11407,"href":"https:\/\/hiboostnutrition.com\/en\/wp-json\/wp\/v2\/product\/10545\/revisions\/11407"}],"wp:featuredmedia":[{"embeddable":true,"href":"https:\/\/hiboostnutrition.com\/en\/wp-json\/wp\/v2\/media\/10548"}],"wp:attachment":[{"href":"https:\/\/hiboostnutrition.com\/en\/wp-json\/wp\/v2\/media?parent=10545"}],"wp:term":[{"taxonomy":"product_brand","embeddable":true,"href":"https:\/\/hiboostnutrition.com\/en\/wp-json\/wp\/v2\/product_brand?post=10545"},{"taxonomy":"product_cat","embeddable":true,"href":"https:\/\/hiboostnutrition.com\/en\/wp-json\/wp\/v2\/product_cat?post=10545"},{"taxonomy":"product_tag","embeddable":true,"href":"https:\/\/hiboostnutrition.com\/en\/wp-json\/wp\/v2\/product_tag?post=10545"}],"curies":[{"name":"wp","href":"https:\/\/api.w.org\/{rel}","templated":true}]}}