{"id":10535,"date":"2024-12-28T12:56:08","date_gmt":"2024-12-28T05:56:08","guid":{"rendered":"https:\/\/hiboostnutrition.com\/?post_type=product&#038;p=10535"},"modified":"2026-01-05T17:58:54","modified_gmt":"2026-01-05T10:58:54","slug":"omega-3-double-plus-110-vien","status":"publish","type":"product","link":"https:\/\/hiboostnutrition.com\/en\/sanpham\/omega-3-double-plus-110-vien\/","title":{"rendered":"NAMEDSPORT Omega 3 Double Plus &#8211; 110 Tabs"},"content":{"rendered":"<p><strong>Vi\u00ean B\u1ed5 Sung NAMEDSPORT Omega 3 Double Plus 110 Vi\u00ean\u00a0<\/strong><\/p>\n<p><strong>Omega 3<\/strong> l\u00e0 m\u1ed9t axit b\u00e9o kh\u00f4ng no thi\u1ebft y\u1ebfu cho c\u01a1 th\u1ec3, \u0111\u1eb7c bi\u1ec7t h\u1eefu \u00edch cho s\u1ee9c kh\u1ecfe c\u1ee7a ng\u01b0\u1eddi ch\u01a1i th\u1ec3 thao. <strong>Omega 3 Double Plus<\/strong> cung c\u1ea5p h\u00e0m l\u01b0\u1ee3ng t\u1ed1i \u0111a c\u1ee7a EPA v\u00e0 DHA trong m\u1ed7i vi\u00ean nang m\u1ec1m, \u0111\u01b0\u1ee3c ch\u1ebf bi\u1ebfn v\u00e0 s\u1ea3n xu\u1ea5t th\u00f4ng qua quy tr\u00ecnh ti\u00eau chu\u1ea9n cao nh\u1ea5t Ch\u00e2u \u00c2u. \u0110\u1ea1t Ch\u1ee9ng nh\u1eadn IFOS* 5 Sao (International Fish Oil Standards) \u0111\u1ea3m b\u1ea3o m\u1ee9c \u0111\u1ed9 tinh khi\u1ebft v\u00e0 nguy\u00ean li\u1ec7u kh\u00f4ng ch\u1ee9a kim lo\u1ea1i n\u1eb7ng, dioxin v\u00e0 t\u00e1c nh\u00e2n \u00f4 nhi\u1ec5m.<\/p>\n<p>Ch\u1ee9ng nh\u1eadn Ch\u1ea5t l\u01b0\u1ee3ng Informed Sport x\u00e1c nh\u1eadn s\u1ea3n ph\u1ea9m kh\u00f4ng ch\u1ee9a b\u1ea5t k\u1ef3 th\u00e0nh ph\u1ea7n n\u00e0o n\u1eb1m trong danh m\u1ee5c 146 ch\u1ea5t c\u1ea5m li\u00ean quan \u0111\u1ebfn doping, \u0111\u1ea3m b\u1ea3o an to\u00e0n tuy\u1ec7t \u0111\u1ed1i cho ng\u01b0\u1eddi ti\u00eau d\u00f9ng.<\/p>\n<p><strong>Feature of product:<\/strong><\/p>\n<ul>\n<li>Exclusive and concentrated formula.<\/li>\n<li>Contains 56% EPA fatty acids and 23% DHA fatty acids.<\/li>\n<li>Easy to digest and no aftertaste.<\/li>\n<li>IFOS 5 star certification.<\/li>\n<li>Ch\u1ee9ng nh\u1eadn Informed Sport<\/li>\n<li>Th\u00edch h\u1ee3p cho ng\u01b0\u1eddi tham gia c\u00e1c ho\u1ea1t \u0111\u1ed9ng th\u1ec3 thao hay x\u00e2y d\u1ef1ng l\u1ed1i s\u1ed1ng kho\u1ebb h\u1eb1ng ng\u00e0y<\/li>\n<\/ul>\n<p><strong>User manual:<\/strong><\/p>\n<ul>\n<li>Take 1 (EPA 559mg; DHA 229mg) to 4 soft gel capsules (EPA 2234mg; DHA 916mg) per day.<\/li>\n<li>Tr\u01b0\u1edbc v\u00e0 sau t\u1eadp<\/li>\n<\/ul>\n<p><strong>Gi\u00e1 Tr\u1ecb Dinh D\u01b0\u1ee1ng:<\/strong><\/p>\n<table id=\"contenuti-medi\">\n<tbody>\n<tr>\n<th style=\"text-align: left\"><\/th>\n<th style=\"text-align: left\">\u00a01 vi\u00ean nang m\u1ec1m<\/th>\n<th style=\"text-align: left\">\u00a04 vi\u00ean nang m\u1ec1m<\/th>\n<\/tr>\n<tr>\n<td>Gi\u00e1 tr\u1ecb trung b\u00ecnh<\/td>\n<td><\/td>\n<td><\/td>\n<\/tr>\n<tr>\n<td>Fish oil<\/td>\n<td>1000 mg<\/td>\n<td>4000 mg<\/td>\n<\/tr>\n<tr>\n<td>of which<\/td>\n<td><\/td>\n<td><\/td>\n<\/tr>\n<tr>\n<td>&#8211; EPA<\/td>\n<td>559 mg<\/td>\n<td>2234 mg<\/td>\n<\/tr>\n<tr>\n<td>&#8211; DHA<\/td>\n<td>229 mg<\/td>\n<td>916 mg<\/td>\n<\/tr>\n<tr>\n<td>Total Omega 3<\/td>\n<td>819 mg<\/td>\n<td>3276 mg<\/td>\n<\/tr>\n<\/tbody>\n<\/table>\n<p><strong>Note:<\/strong><\/p>\n<ul>\n<li>Kh\u00f4ng v\u01b0\u1ee3t qu\u00e1 li\u1ec1u l\u01b0\u1ee3ng khuy\u1ebfn c\u00e1o h\u00e0ng ng\u00e0y. \u0110\u1ec3 xa t\u1ea7m tay c\u1ee7a tr\u1ebb nh\u1ecf<\/li>\n<li>S\u1ea3n ph\u1ea9m kh\u00f4ng nh\u1eb1m m\u1ee5c \u0111\u00edch thay th\u1ebf cho ch\u1ebf \u0111\u1ed9 \u0103n u\u1ed1ng \u0111a d\u1ea1ng, c\u00e2n b\u1eb1ng v\u00e0 l\u1ed1i s\u1ed1ng l\u00e0nh m\u1ea1nh.<\/li>\n<li>The product is not a medicine and does not replace medicine.<\/li>\n<\/ul>\n<p><strong>\u0110i\u1ec1u Ki\u1ec7n B\u1ea3o Qu\u1ea3n:<\/strong><\/p>\n<ul>\n<li>B\u1ea3o qu\u1ea3n \u1edf n\u01a1i kh\u00f4 r\u00e1o, tho\u00e1ng m\u00e1t. Tr\u00e1nh ti\u1ebfp x\u00fac v\u1edbi nhi\u1ec7t v\u00e0 \u00e1nh n\u1eafng tr\u1ef1c ti\u1ebfp.<\/li>\n<li>H\u1ea1n s\u1eed d\u1ee5ng t\u1ed1t nh\u1ea5t \u00e1p d\u1ee5ng cho s\u1ea3n ph\u1ea9m n\u1ebfu \u0111\u01b0\u1ee3c b\u1ea3o qu\u1ea3n \u0111\u00fang c\u00e1ch trong bao b\u00ec k\u00edn. V\u1ee9t b\u1ecf theo c\u00e1ch th\u00e2n thi\u1ec7n v\u1edbi m\u00f4i tr\u01b0\u1eddng sau khi s\u1eed d\u1ee5ng.<\/li>\n<\/ul>\n<p>&nbsp;<\/p>","protected":false},"excerpt":{"rendered":"<p>Vi\u00ean B\u1ed5 Sung NAMEDSPORT Omega 3 Double Plus 110 Vi\u00ean\u00a0 Omega 3 l\u00e0 m\u1ed9t axit b\u00e9o kh\u00f4ng no thi\u1ebft y\u1ebfu<\/p>","protected":false},"featured_media":10543,"comment_status":"open","ping_status":"closed","template":"","meta":{"_acf_changed":false,"_monsterinsights_skip_tracking":false,"_monsterinsights_sitenote_active":false,"_monsterinsights_sitenote_note":"","_monsterinsights_sitenote_category":0},"product_brand":[],"product_cat":[122,185],"product_tag":[182],"class_list":{"0":"post-10535","1":"product","2":"type-product","3":"status-publish","4":"has-post-thumbnail","6":"product_cat-omega-3-dau-ca","7":"product_cat-sale","8":"product_tag-namedsport","10":"first","11":"outofstock","12":"featured","13":"shipping-taxable","14":"purchasable","15":"product-type-simple"},"acf":[],"jetpack_sharing_enabled":true,"_links":{"self":[{"href":"https:\/\/hiboostnutrition.com\/en\/wp-json\/wp\/v2\/product\/10535"}],"collection":[{"href":"https:\/\/hiboostnutrition.com\/en\/wp-json\/wp\/v2\/product"}],"about":[{"href":"https:\/\/hiboostnutrition.com\/en\/wp-json\/wp\/v2\/types\/product"}],"replies":[{"embeddable":true,"href":"https:\/\/hiboostnutrition.com\/en\/wp-json\/wp\/v2\/comments?post=10535"}],"version-history":[{"count":5,"href":"https:\/\/hiboostnutrition.com\/en\/wp-json\/wp\/v2\/product\/10535\/revisions"}],"predecessor-version":[{"id":12678,"href":"https:\/\/hiboostnutrition.com\/en\/wp-json\/wp\/v2\/product\/10535\/revisions\/12678"}],"wp:featuredmedia":[{"embeddable":true,"href":"https:\/\/hiboostnutrition.com\/en\/wp-json\/wp\/v2\/media\/10543"}],"wp:attachment":[{"href":"https:\/\/hiboostnutrition.com\/en\/wp-json\/wp\/v2\/media?parent=10535"}],"wp:term":[{"taxonomy":"product_brand","embeddable":true,"href":"https:\/\/hiboostnutrition.com\/en\/wp-json\/wp\/v2\/product_brand?post=10535"},{"taxonomy":"product_cat","embeddable":true,"href":"https:\/\/hiboostnutrition.com\/en\/wp-json\/wp\/v2\/product_cat?post=10535"},{"taxonomy":"product_tag","embeddable":true,"href":"https:\/\/hiboostnutrition.com\/en\/wp-json\/wp\/v2\/product_tag?post=10535"}],"curies":[{"name":"wp","href":"https:\/\/api.w.org\/{rel}","templated":true}]}}