{"id":10493,"date":"2023-12-15T11:46:26","date_gmt":"2023-12-15T04:46:26","guid":{"rendered":"https:\/\/hiboostnutrition.com\/?post_type=product&#038;p=10493"},"modified":"2025-11-25T15:12:14","modified_gmt":"2025-11-25T08:12:14","slug":"thuc-uong-nang-luong-total-energy-shot-orange-60ml","status":"publish","type":"product","link":"https:\/\/hiboostnutrition.com\/en\/sanpham\/thuc-uong-nang-luong-total-energy-shot-orange-60ml\/","title":{"rendered":"NAMEDSPORT  Total Energy Shot Orange &#8211; 60ML"},"content":{"rendered":"<p><strong>TOTAL ENERGY SHOT ORANGE &#8211; 60ML Namedsport &#8211; Ngu\u1ed3n N\u0103ng L\u01b0\u1ee3ng \u0110\u1ec9nh Cao Cho S\u1ee9c B\u1ec1n<\/strong><\/p>\n<p><em>Ch\u00fa \u00fd: Hi\u1ec7n nay c\u00f3 nhi\u1ec1u n\u01a1i b\u00e1n s\u1ea3n ph\u1ea9m mang th\u01b0\u01a1ng hi\u1ec7u Namedsport m\u00e0 kh\u00f4ng r\u00f5 ngu\u1ed3n g\u1ed1c v\u00e0 ch\u1ea5t l\u01b0\u1ee3ng. Hiboost Sports Nutrition cam k\u1ebft \u0111\u1ea3m b\u1ea3o ch\u1ea5t l\u01b0\u1ee3ng v\u00e0 xu\u1ea5t x\u1ee9 c\u1ee7a s\u1ea3n ph\u1ea9m, \u0111\u1ec3 qu\u00fd kh\u00e1ch h\u00e0ng an t\u00e2m khi s\u1eed d\u1ee5ng.<\/em><\/p>\n<p><strong>\u0110\u1eb7c \u0110i\u1ec3m C\u00f4ng D\u1ee5ng S\u1ea3n Ph\u1ea9m:<\/strong><\/p>\n<ul>\n<li>TOTAL ENERGY SHOT ORANGE cung c\u1ea5p n\u0103ng l\u01b0\u1ee3ng d\u1ea1ng l\u1ecfng v\u1edbi h\u1ed7n h\u1ee3p caffeine, guarana, v\u00e0 taurine \u0111\u1ec3 t\u0103ng c\u01b0\u1eddng tinh th\u1ea7n ngay l\u1eadp t\u1ee9c.<\/li>\n<li>Chi\u1ebft xu\u1ea5t qu\u1ea3 c\u01a1m ch\u00e1y (Elderberry extract), Vitamin C, Vitamin B12, v\u00e0 Magi\u00ea gi\u00fap gi\u1ea3m m\u1ec7t m\u1ecfi.<\/li>\n<li>Dung t\u00edch 60ml ti\u1ec7n l\u1ee3i, l\u00fd t\u01b0\u1edfng cho s\u1ef1 ki\u1ec7n s\u1ee9c b\u1ec1n v\u00e0 t\u1eadp luy\u1ec7n k\u00e9o d\u00e0i.<\/li>\n<li>C\u00f3 1000mg Taurine v\u00e0 180mg Caffeine, l\u00fd t\u01b0\u1edfng cho giai \u0111o\u1ea1n cu\u1ed1i cu\u1ed9c \u0111ua ho\u1eb7c bu\u1ed5i t\u1eadp k\u00e9o d\u00e0i.<\/li>\n<li>H\u1ed7 tr\u1ee3 m\u1ee9c n\u0103ng l\u01b0\u1ee3ng v\u1edbi Guarana.<\/li>\n<li>Th\u00edch h\u1ee3p cho ng\u01b0\u1eddi \u0103n chay.<\/li>\n<\/ul>\n<p><strong>User manual:<\/strong><\/p>\n<ul>\n<li>S\u1eed d\u1ee5ng 1 chai m\u1ed7i ng\u00e0y, kh\u00f4ng pha lo\u00e3ng, l\u1eafc \u0111\u1ec1u tr\u01b0\u1edbc khi u\u1ed1ng.<\/li>\n<\/ul>\n<p><em>Ch\u00fa \u00fd: S\u1ea3n ph\u1ea9m kh\u00f4ng ph\u1ea3i l\u00e0 thu\u1ed1c v\u00e0 kh\u00f4ng c\u00f3 t\u00e1c d\u1ee5ng thay th\u1ebf thu\u1ed1c ch\u1eefa b\u1ec7nh.<\/em><\/p>\n<p><strong>Hiboost Sports Nutrition &#8211; Cam K\u1ebft Ch\u1ea5t L\u01b0\u1ee3ng v\u00e0 Hi\u1ec7u Su\u1ea5t.<\/strong><\/p>\n<p>#HiboostNutrition #Namedsport #TotalEnergyShot #NangLuongTinhThan<\/p>","protected":false},"excerpt":{"rendered":"<p>TOTAL ENERGY SHOT ORANGE \u2013 60ML Namedsport \u2013 The Ultimate Energy Source for Endurance Note: Currently<\/p>","protected":false},"featured_media":10497,"comment_status":"open","ping_status":"closed","template":"","meta":{"_acf_changed":false,"_monsterinsights_skip_tracking":false,"_monsterinsights_sitenote_active":false,"_monsterinsights_sitenote_note":"","_monsterinsights_sitenote_category":0},"product_brand":[],"product_cat":[110],"product_tag":[182],"class_list":{"0":"post-10493","1":"product","2":"type-product","3":"status-publish","4":"has-post-thumbnail","6":"product_cat-thuc-pham-bo-sung","7":"product_tag-namedsport","9":"first","10":"outofstock","11":"shipping-taxable","12":"purchasable","13":"product-type-variable","14":"has-default-attributes"},"acf":[],"jetpack_sharing_enabled":true,"_links":{"self":[{"href":"https:\/\/hiboostnutrition.com\/en\/wp-json\/wp\/v2\/product\/10493"}],"collection":[{"href":"https:\/\/hiboostnutrition.com\/en\/wp-json\/wp\/v2\/product"}],"about":[{"href":"https:\/\/hiboostnutrition.com\/en\/wp-json\/wp\/v2\/types\/product"}],"replies":[{"embeddable":true,"href":"https:\/\/hiboostnutrition.com\/en\/wp-json\/wp\/v2\/comments?post=10493"}],"version-history":[{"count":4,"href":"https:\/\/hiboostnutrition.com\/en\/wp-json\/wp\/v2\/product\/10493\/revisions"}],"predecessor-version":[{"id":12285,"href":"https:\/\/hiboostnutrition.com\/en\/wp-json\/wp\/v2\/product\/10493\/revisions\/12285"}],"wp:featuredmedia":[{"embeddable":true,"href":"https:\/\/hiboostnutrition.com\/en\/wp-json\/wp\/v2\/media\/10497"}],"wp:attachment":[{"href":"https:\/\/hiboostnutrition.com\/en\/wp-json\/wp\/v2\/media?parent=10493"}],"wp:term":[{"taxonomy":"product_brand","embeddable":true,"href":"https:\/\/hiboostnutrition.com\/en\/wp-json\/wp\/v2\/product_brand?post=10493"},{"taxonomy":"product_cat","embeddable":true,"href":"https:\/\/hiboostnutrition.com\/en\/wp-json\/wp\/v2\/product_cat?post=10493"},{"taxonomy":"product_tag","embeddable":true,"href":"https:\/\/hiboostnutrition.com\/en\/wp-json\/wp\/v2\/product_tag?post=10493"}],"curies":[{"name":"wp","href":"https:\/\/api.w.org\/{rel}","templated":true}]}}