{"id":10434,"date":"2023-12-15T10:12:09","date_gmt":"2023-12-15T03:12:09","guid":{"rendered":"https:\/\/hiboostnutrition.com\/?post_type=product&#038;p=10434"},"modified":"2026-01-05T18:18:18","modified_gmt":"2026-01-05T11:18:18","slug":"binh-nuoc-the-thao-maurten","status":"publish","type":"product","link":"https:\/\/hiboostnutrition.com\/en\/sanpham\/binh-nuoc-the-thao-maurten\/","title":{"rendered":"MAURTEN B\u00ecnh N\u01b0\u1edbc Th\u1ec3 Thao 500ml &#8211; 750ml"},"content":{"rendered":"<p><strong>B\u00ecnh N\u01b0\u1edbc Th\u1ec3 Thao Maurten 500ml &#8211; 750ml<\/strong><\/p>\n<p>B\u00ecnh n\u01b0\u1edbc th\u1ec3 thao Maurten v\u1edbi dung t\u00edch 500ml v\u00e0 750ml l\u00e0 ng\u01b0\u1eddi b\u1ea1n \u0111\u1ed3ng h\u00e0nh l\u00fd t\u01b0\u1edfng cho m\u1ecdi ho\u1ea1t \u0111\u1ed9ng th\u1ec3 thao v\u00e0 gi\u1eef n\u01b0\u1edbc c\u01a1 b\u1ea3n h\u00e0ng ng\u00e0y. V\u1edbi thi\u1ebft k\u1ebf hi\u1ec7n \u0111\u1ea1i v\u00e0 ch\u1ea5t li\u1ec7u ch\u1ea5t l\u01b0\u1ee3ng cao, b\u00ecnh n\u01b0\u1edbc n\u00e0y kh\u00f4ng ch\u1ec9 l\u00e0 m\u1ed9t ph\u1ee5 ki\u1ec7n th\u1ec3 thao, m\u00e0 c\u00f2n l\u00e0 bi\u1ec3u t\u01b0\u1ee3ng c\u1ee7a phong c\u00e1ch v\u00e0 s\u1ef1 chuy\u00ean nghi\u1ec7p.<\/p>\n<p><strong>Characteristic:<\/strong><\/p>\n<ul>\n<li>Dung t\u00edch: 500ml ho\u1eb7c 750ml<\/li>\n<li>Ch\u1ea5t li\u1ec7u b\u1ec1n \u0111\u1eb9p v\u00e0 an to\u00e0n cho s\u1ee9c kh\u1ecfe<\/li>\n<li>Thi\u1ebft k\u1ebf ti\u1ec7n l\u1ee3i, d\u1ec5 s\u1eed d\u1ee5ng trong m\u1ecdi ho\u1ea1t \u0111\u1ed9ng<\/li>\n<\/ul>\n<p><strong>\u01afu \u0110i\u1ec3m:<\/strong><\/p>\n<ul>\n<li>L\u00e0m t\u1eeb ch\u1ea5t li\u1ec7u kh\u00f4ng g\u00e2y h\u1ea1i cho s\u1ee9c kh\u1ecfe, an to\u00e0n khi s\u1eed d\u1ee5ng<\/li>\n<li>L\u01b0u tr\u1eef n\u01b0\u1edbc m\u1ed9t c\u00e1ch an to\u00e0n v\u00e0 ti\u1ec7n l\u1ee3i<\/li>\n<li>D\u1ec5 d\u00e0ng mang theo khi t\u1eadp luy\u1ec7n, \u0111i xe \u0111\u1ea1p, ho\u1eb7c \u0111\u01a1n gi\u1ea3n l\u00e0 trong ng\u00e0y<\/li>\n<\/ul>\n<p><strong>User manual:<\/strong><\/p>\n<ul>\n<li>M\u1edf n\u1eafp b\u00ecnh m\u1ed9t c\u00e1ch d\u1ec5 d\u00e0ng v\u1edbi thi\u1ebft k\u1ebf xoay ho\u1eb7c nh\u1ea5n<\/li>\n<li>\u0110\u1ed5 n\u01b0\u1edbc ho\u1eb7c \u0111\u1ed3 u\u1ed1ng th\u1ec3 thao y\u00eau th\u00edch c\u1ee7a b\u1ea1n v\u00e0o b\u00ecnh<\/li>\n<li>\u0110\u1eady ch\u1eb7t n\u1eafp tr\u01b0\u1edbc khi s\u1eed d\u1ee5ng \u0111\u1ec3 tr\u00e1nh r\u00f2 r\u1ec9<\/li>\n<li>Tr\u00e1ng r\u1eeda s\u1ea1ch sau m\u1ed7i l\u1ea7n s\u1eed d\u1ee5ng<\/li>\n<\/ul>\n<p>&nbsp;<\/p>\n<p>&nbsp;<\/p>","protected":false},"excerpt":{"rendered":"<p>B\u00ecnh N\u01b0\u1edbc Th\u1ec3 Thao Maurten 500ml &#8211; 750ml B\u00ecnh n\u01b0\u1edbc th\u1ec3 thao Maurten v\u1edbi dung t\u00edch 500ml v\u00e0 750ml l\u00e0<\/p>","protected":false},"featured_media":10443,"comment_status":"open","ping_status":"closed","template":"","meta":{"_acf_changed":false,"_monsterinsights_skip_tracking":false,"_monsterinsights_sitenote_active":false,"_monsterinsights_sitenote_note":"","_monsterinsights_sitenote_category":0},"product_brand":[],"product_cat":[128,75],"product_tag":[],"class_list":{"0":"post-10434","1":"product","2":"type-product","3":"status-publish","4":"has-post-thumbnail","6":"product_cat-binh-nuoc","7":"product_cat-phu-kien-the-thao","9":"first","10":"outofstock","11":"shipping-taxable","12":"product-type-variable"},"acf":[],"jetpack_sharing_enabled":true,"_links":{"self":[{"href":"https:\/\/hiboostnutrition.com\/en\/wp-json\/wp\/v2\/product\/10434"}],"collection":[{"href":"https:\/\/hiboostnutrition.com\/en\/wp-json\/wp\/v2\/product"}],"about":[{"href":"https:\/\/hiboostnutrition.com\/en\/wp-json\/wp\/v2\/types\/product"}],"replies":[{"embeddable":true,"href":"https:\/\/hiboostnutrition.com\/en\/wp-json\/wp\/v2\/comments?post=10434"}],"version-history":[{"count":5,"href":"https:\/\/hiboostnutrition.com\/en\/wp-json\/wp\/v2\/product\/10434\/revisions"}],"predecessor-version":[{"id":12531,"href":"https:\/\/hiboostnutrition.com\/en\/wp-json\/wp\/v2\/product\/10434\/revisions\/12531"}],"wp:featuredmedia":[{"embeddable":true,"href":"https:\/\/hiboostnutrition.com\/en\/wp-json\/wp\/v2\/media\/10443"}],"wp:attachment":[{"href":"https:\/\/hiboostnutrition.com\/en\/wp-json\/wp\/v2\/media?parent=10434"}],"wp:term":[{"taxonomy":"product_brand","embeddable":true,"href":"https:\/\/hiboostnutrition.com\/en\/wp-json\/wp\/v2\/product_brand?post=10434"},{"taxonomy":"product_cat","embeddable":true,"href":"https:\/\/hiboostnutrition.com\/en\/wp-json\/wp\/v2\/product_cat?post=10434"},{"taxonomy":"product_tag","embeddable":true,"href":"https:\/\/hiboostnutrition.com\/en\/wp-json\/wp\/v2\/product_tag?post=10434"}],"curies":[{"name":"wp","href":"https:\/\/api.w.org\/{rel}","templated":true}]}}