{"id":10414,"date":"2023-12-15T09:41:02","date_gmt":"2023-12-15T02:41:02","guid":{"rendered":"https:\/\/hiboostnutrition.com\/?post_type=product&#038;p=10414"},"modified":"2025-11-25T15:13:48","modified_gmt":"2025-11-25T08:13:48","slug":"high5-recovery-hop-1-6kg","status":"publish","type":"product","link":"https:\/\/hiboostnutrition.com\/en\/sanpham\/high5-recovery-hop-1-6kg\/","title":{"rendered":"HIGH5 Recovery MilkShake &#8211; 1.6KG"},"content":{"rendered":"<p><strong>B\u1ed9t Ph\u1ee5c H\u1ed3i N\u0103ng L\u01b0\u1ee3ng High5 Recovery Milkshake H\u1ed9p 1.6kg: S\u1ef1 H\u1ed3i Ph\u1ee5c To\u00e0n Di\u1ec7n Sau T\u1eadp Luy\u1ec7n<\/strong><\/p>\n<p><strong>High5 Recovery Milkshake <\/strong>l\u00e0 c\u00e1ch ti\u1ec7n l\u1ee3i v\u00e0 ngon mi\u1ec7ng \u0111\u1ec3 ph\u1ee5c h\u1ed3i v\u00e0 b\u1ed5 sung n\u0103ng l\u01b0\u1ee3ng cho c\u01a1 b\u1eafp ngay sau bu\u1ed5i t\u1eadp luy\u1ec7n. S\u1ea3n ph\u1ea9m ch\u1ee9a 20g protein, carbohydrate h\u1ea5p th\u1ee5 nhanh, c\u00e1c ch\u1ea5t \u0111i\u1ec7n gi\u1ea3i, vitamin v\u00e0 kho\u00e1ng ch\u1ea5t trong m\u1ed9t th\u1ee9c u\u1ed1ng s\u1eefa l\u1eafc m\u1ecbn, ngon mi\u1ec7ng. \u0110\u00e2y l\u00e0 s\u1ea3n ph\u1ea9m ph\u1ee5c h\u1ed3i ho\u00e0n ch\u1ec9nh, gi\u00fap b\u1ea1n nhanh ch\u00f3ng quay tr\u1edf l\u1ea1i v\u1edbi nh\u1eefng ho\u1ea1t \u0111\u1ed9ng y\u00eau th\u00edch c\u1ee7a m\u00ecnh.<\/p>\n<p><strong>High5 Recovery Milkshake<\/strong> \u0111\u01b0\u1ee3c thi\u1ebft k\u1ebf \u0111\u1ec3 tr\u1edf th\u00e0nh c\u00e1ch ti\u1ec7n l\u1ee3i v\u00e0 ngon mi\u1ec7ng gi\u00fap ph\u1ee5c h\u1ed3i v\u00e0 t\u00e1i t\u1ea1o c\u01a1 b\u1eafp ngay sau bu\u1ed5i t\u1eadp luy\u1ec7n, \u0111\u1ec3 b\u1ea1n c\u00f3 th\u1ec3 ti\u1ebfp t\u1ee5c n\u1ed7 l\u1ef1c h\u1ebft m\u00ecnh.<\/p>\n<p><strong>Characteristic:<\/strong><\/p>\n<ul>\n<li>Ph\u1ee5c h\u1ed3i, t\u00e1i t\u1ea1o, cung c\u1ea5p n\u0103ng l\u01b0\u1ee3ng v\u00e0 b\u00f9 n\u01b0\u1edbc<\/li>\n<li>20g protein gi\u00fap duy tr\u00ec v\u00e0 ph\u00e1t tri\u1ec3n c\u01a1 b\u1eafp<\/li>\n<li>Carbohydrate h\u1ea5p th\u1ee5 nhanh h\u1ed7 tr\u1ee3 ph\u1ee5c h\u1ed3i c\u01a1 b\u1eafp sau khi t\u1eadp<\/li>\n<li>Ch\u1ea5t \u0111i\u1ec7n gi\u1ea3i quan tr\u1ecdng gi\u00fap b\u00f9 n\u01b0\u1edbc<\/li>\n<li>Nh\u1eb9 nh\u00e0ng v\u1edbi d\u1ea1 d\u00e0y<\/li>\n<li>H\u1ed7 tr\u1ee3 h\u1ec7 mi\u1ec5n d\u1ecbch<\/li>\n<li>M\u1ecbn m\u00e0ng, ngon mi\u1ec7ng \u2013 kh\u00f4ng b\u1ecb v\u00f3n c\u1ee5c!<\/li>\n<li>Pha nhanh ch\u00f3ng v\u00e0 d\u1ec5 d\u00e0ng v\u1edbi n\u01b0\u1edbc ho\u1eb7c s\u1eefa, kh\u00f4ng c\u1ea7n b\u00ecnh l\u1eafc<\/li>\n<li>Kh\u00f4ng ch\u1ee9a ch\u1ea5t l\u00e0m ng\u1ecdt nh\u00e2n t\u1ea1o<\/li>\n<li>Ph\u00f9 h\u1ee3p cho ng\u01b0\u1eddi \u0103n chay<\/li>\n<li>32 kh\u1ea9u ph\u1ea7n m\u1ed7i h\u1ed9p 1,6kg<\/li>\n<li>3 mu\u1ed7ng cho m\u1ed7i kh\u1ea9u ph\u1ea7n<\/li>\n<\/ul>\n<p><strong>Details:<\/strong><\/p>\n<ul>\n<li>1.6kg box<\/li>\n<li>Whey Protein Isolate: 20g of protein helps maintain and develop muscles<\/li>\n<li>Carbs: 20g helps muscles recover after exercise<\/li>\n<li>Electrolytes: 240mg sodium, 90mg potassium, 57mg magnesium, 82mg chloride, 120mg calcium<\/li>\n<li>Vitamins: C, B6, B12, D<\/li>\n<li>Minerals: Zinc, iron<\/li>\n<\/ul>\n<p><strong>User manual:<\/strong><\/p>\n<ul>\n<li>Mix 50g of powder into 400ml of water or milk and shake well.<\/li>\n<li>You can use less water if you want a thicker drink or a milk alternative such as coconut, soy, or oat milk.<\/li>\n<li>Drink one portion (2 scoops) of High5 Recovery immediately after training, within 20 minutes for best results.<\/li>\n<li>An additional serving or two can also be used at the end of the day or before bed.<\/li>\n<\/ul>\n<p><strong>Ingredient:<\/strong><\/p>\n<ul>\n<li>Whey Protein Isolate<\/li>\n<li>Carbohydrates<\/li>\n<li>Electrolytes (Sodium, Magnesium, Potassium, Calcium, Chloride)<\/li>\n<li>Vitamins (Vitamin B6, B12, C, D)<\/li>\n<li>Minerals (Zinc, Iron)<\/li>\n<\/ul>\n<p>High5 Recovery not only helps restore muscles but also provides important nutrients to help your immune system and overall health. This is the perfect choice so you can return to your favorite activities quickly and vigorously.<\/p>\n<hr \/>\n<p><strong>HIBOOST Nutrition<\/strong>: Your High Performance Nutrition Partner We are committed to providing the highest quality nutritional products to support your performance and recovery after every workout.<\/p>\n<p>#botphuchoinangluong #high5recovery #hiboostnutrition #phuchoisauTapLuyen<\/p>","protected":false},"excerpt":{"rendered":"<p>B\u1ed9t Ph\u1ee5c H\u1ed3i N\u0103ng L\u01b0\u1ee3ng High5 Recovery Milkshake H\u1ed9p 1.6kg: S\u1ef1 H\u1ed3i Ph\u1ee5c To\u00e0n Di\u1ec7n Sau T\u1eadp Luy\u1ec7n High5 Recovery<\/p>","protected":false},"featured_media":12985,"comment_status":"open","ping_status":"closed","template":"","meta":{"_acf_changed":false,"_monsterinsights_skip_tracking":false,"_monsterinsights_sitenote_active":false,"_monsterinsights_sitenote_note":"","_monsterinsights_sitenote_category":0},"product_brand":[],"product_cat":[116,120,117],"product_tag":[154,135,138,108,151,153,152],"class_list":{"0":"post-10414","1":"product","2":"type-product","3":"status-publish","4":"has-post-thumbnail","6":"product_cat-drink","7":"product_cat-protein","8":"product_cat-recovery","9":"product_tag-bot-hoi-co","10":"product_tag-bot-nang-luong","11":"product_tag-bot-pha-nang-luong","12":"product_tag-high5","13":"product_tag-hoi-co","14":"product_tag-nang-luong","15":"product_tag-phuc-hoi","17":"first","18":"outofstock","19":"shipping-taxable","20":"purchasable","21":"product-type-variable","22":"has-default-attributes"},"acf":[],"jetpack_sharing_enabled":true,"_links":{"self":[{"href":"https:\/\/hiboostnutrition.com\/en\/wp-json\/wp\/v2\/product\/10414"}],"collection":[{"href":"https:\/\/hiboostnutrition.com\/en\/wp-json\/wp\/v2\/product"}],"about":[{"href":"https:\/\/hiboostnutrition.com\/en\/wp-json\/wp\/v2\/types\/product"}],"replies":[{"embeddable":true,"href":"https:\/\/hiboostnutrition.com\/en\/wp-json\/wp\/v2\/comments?post=10414"}],"version-history":[{"count":5,"href":"https:\/\/hiboostnutrition.com\/en\/wp-json\/wp\/v2\/product\/10414\/revisions"}],"predecessor-version":[{"id":12988,"href":"https:\/\/hiboostnutrition.com\/en\/wp-json\/wp\/v2\/product\/10414\/revisions\/12988"}],"wp:featuredmedia":[{"embeddable":true,"href":"https:\/\/hiboostnutrition.com\/en\/wp-json\/wp\/v2\/media\/12985"}],"wp:attachment":[{"href":"https:\/\/hiboostnutrition.com\/en\/wp-json\/wp\/v2\/media?parent=10414"}],"wp:term":[{"taxonomy":"product_brand","embeddable":true,"href":"https:\/\/hiboostnutrition.com\/en\/wp-json\/wp\/v2\/product_brand?post=10414"},{"taxonomy":"product_cat","embeddable":true,"href":"https:\/\/hiboostnutrition.com\/en\/wp-json\/wp\/v2\/product_cat?post=10414"},{"taxonomy":"product_tag","embeddable":true,"href":"https:\/\/hiboostnutrition.com\/en\/wp-json\/wp\/v2\/product_tag?post=10414"}],"curies":[{"name":"wp","href":"https:\/\/api.w.org\/{rel}","templated":true}]}}