{"id":10292,"date":"2025-01-07T09:06:02","date_gmt":"2025-01-07T02:06:02","guid":{"rendered":"https:\/\/hiboostnutrition.com\/?post_type=product&#038;p=10292"},"modified":"2025-10-15T18:18:18","modified_gmt":"2025-10-15T11:18:18","slug":"muoi-dien-giai-hi-lyte","status":"publish","type":"product","link":"https:\/\/hiboostnutrition.com\/en\/sanpham\/muoi-dien-giai-hi-lyte\/","title":{"rendered":"ADAPTED Hi-Lyte Salt Capsules (100 Vi\u00ean)"},"content":{"rendered":"<p data-sourcepos=\"3:1-3:226\"><strong>Mu\u1ed1i \u0111i\u1ec7n gi\u1ea3i Hi-Lyte Electrolyte <\/strong>l\u00e0 vi\u00ean nang b\u1ed5 sung \u0111i\u1ec7n gi\u1ea3i, l\u00fd t\u01b0\u1edfng cho v\u1eadn \u0111\u1ed9ng vi\u00ean b\u1ec1n b\u1ec9, ng\u01b0\u1eddi l\u00e0m vi\u1ec7c ngo\u00e0i tr\u1eddi v\u00e0 nh\u1eefng ng\u01b0\u1eddi b\u1ecb m\u1ea5t n\u01b0\u1edbc do \u1ed1m b\u1ec7nh, d\u00f9ng thu\u1ed1c ho\u1eb7c th\u1eadm ch\u00ed do thi\u1ebfu n\u01b0\u1edbc bu\u1ed5i s\u00e1ng.<\/p>\n<p data-sourcepos=\"5:1-5:12\"><strong>\u01afu \u0111i\u1ec3m:<\/strong><\/p>\n<ul data-sourcepos=\"7:1-11:527\">\n<li data-sourcepos=\"7:1-7:162\"><strong>B\u00f9 n\u01b0\u1edbc v\u00e0 \u0111i\u1ec7n gi\u1ea3i hi\u1ec7u qu\u1ea3:<\/strong>\u00a0Hi-Lyte gi\u00fap b\u00f9 n\u01b0\u1edbc v\u00e0 \u0111i\u1ec7n gi\u1ea3i b\u1ecb m\u1ea5t qua m\u1ed3 h\u00f4i, t\u1eadp luy\u1ec7n, ho\u1ea1t \u0111\u1ed9ng h\u00e0ng ng\u00e0y, \u1ed1m b\u1ec7nh ho\u1eb7c b\u1ea5t k\u1ef3 t\u00ecnh tr\u1ea1ng n\u00e0o kh\u00e1c.<\/li>\n<li data-sourcepos=\"8:1-8:362\"><strong>C\u00f4ng th\u1ee9c ti\u00ean ti\u1ebfn:<\/strong>\u00a0C\u00f4ng th\u1ee9c \u0111i\u1ec7n gi\u1ea3i ti\u00ean ti\u1ebfn c\u1ee7a Hi-Lyte \u0111\u01b0\u1ee3c c\u00e2n b\u1eb1ng khoa h\u1ecdc \u0111\u1ec3 gi\u00fap gi\u1ea3m thi\u1ec3u t\u00ecnh tr\u1ea1ng say n\u1eafng v\u00e0 chu\u1ed9t r\u00fat c\u01a1. S\u1ea3n ph\u1ea9m ch\u1ee9a \u0111\u1ea7y \u0111\u1ee7 c\u00e1c ch\u1ea5t \u0111i\u1ec7n gi\u1ea3i thi\u1ebft y\u1ebfu b\u1ecb m\u1ea5t qua m\u1ed3 h\u00f4i nh\u01b0 natri, kali, canxi v\u00e0 magi\u00ea. B\u00ean c\u1ea1nh \u0111\u00f3, Hi-Lyte c\u00f2n b\u1ed5 sung c\u00e1c th\u00e0nh ph\u1ea7n h\u1ed7 tr\u1ee3 gi\u00fap t\u0103ng c\u01b0\u1eddng kh\u1ea3 d\u1ee5ng sinh h\u1ecdc v\u00e0 ch\u1ee9c n\u0103ng c\u1ee7a enzyme.<\/li>\n<li data-sourcepos=\"9:1-9:372\"><strong>Ti\u1ec7n l\u1ee3i, nh\u1ecf g\u1ecdn, ph\u00f9 h\u1ee3p mang theo ng\u01b0\u1eddi:<\/strong>\u00a0D\u00f9 b\u1ea1n \u0111ang \u0111\u1ed1i m\u1eb7t v\u1edbi c\u00e1c ho\u1ea1t \u0111\u1ed9ng \u0111\u1ed5 m\u1ed3 h\u00f4i nhi\u1ec1u, th\u00f3i quen h\u00e0ng ng\u00e0y hay b\u1ea5t k\u1ef3 t\u00ecnh tr\u1ea1ng n\u00e0o khi\u1ebfn c\u01a1 th\u1ec3 m\u1ea5t \u0111i\u1ec7n gi\u1ea3i, vi\u00ean n\u00e9n b\u1ed5 sung Hi-Lyte \u0111\u1ec1u \u0111\u00e1p \u1ee9ng \u0111\u01b0\u1ee3c nhu c\u1ea7u. S\u1ea3n ph\u1ea9m \u0111\u01b0\u1ee3c thi\u1ebft k\u1ebf ho\u00e0n h\u1ea3o cho ch\u1ebf \u0111\u1ed9 \u0103n Keto, 1 l\u1ecd ch\u1ee9a 100 vi\u00ean, nh\u1ecf g\u1ecdn, d\u1ec5 d\u00e0ng b\u1ecf v\u00e0o balo, t\u00fai x\u00e1ch, t\u00fai t\u1eadp gym ho\u1eb7c l\u00f2ng b\u00e0n tay.<\/li>\n<li data-sourcepos=\"10:1-10:342\"><strong>User manual:<\/strong>\u00a0U\u1ed1ng 1 vi\u00ean m\u1ed7i 30-60 ph\u00fat trong khi ho\u1ea1t \u0111\u1ed9ng th\u1ec3 ch\u1ea5t, k\u1ebft h\u1ee3p v\u1edbi n\u01b0\u1edbc. Kh\u00f4ng d\u00f9ng qu\u00e1 10 vi\u00ean m\u1ed7i ng\u00e0y. Chai k\u00edch th\u01b0\u1edbc du l\u1ecbch n\u00e0y ch\u1ee9a 100 vi\u00ean nang b\u1ed5 sung \u0111i\u1ec7n gi\u1ea3i ph\u00f9 h\u1ee3p cho ng\u01b0\u1eddi \u0103n chay, thu\u1ea7n chay v\u00e0 \u0103n Keto, cung c\u1ea5p c\u00e1c ch\u1ea5t \u0111i\u1ec7n gi\u1ea3i thi\u1ebft y\u1ebfu, magi\u00ea, chloride, natri v\u00e0 kali. S\u1eed d\u1ee5ng theo h\u01b0\u1edbng d\u1eabn.<\/li>\n<li data-sourcepos=\"11:1-11:527\"><strong>B\u00f9 n\u01b0\u1edbc t\u1ed1i \u01b0u cho hi\u1ec7u su\u1ea5t \u0111\u1ec9nh cao:<\/strong>\u00a0N\u00e2ng t\u1ea7m vi\u1ec7c b\u00f9 n\u01b0\u1edbc c\u1ee7a b\u1ea1n \u0111\u1ec3 ch\u1ed1ng l\u1ea1i chu\u1ed9t r\u00fat c\u01a1, bu\u1ed3n n\u00f4n v\u00e0 m\u1ec7t m\u1ecfi \u0111\u1ed3ng th\u1eddi \u0111\u1ea9y nhanh ph\u1ee5c h\u1ed3i sau t\u1eadp luy\u1ec7n. T\u0103ng c\u01b0\u1eddng n\u0103ng l\u01b0\u1ee3ng, ph\u1ee5c h\u1ed3i v\u00e0 ph\u00e1t tri\u1ec3n c\u01a1 b\u1eafp, c\u0169ng nh\u01b0 s\u1ee9c b\u1ec1n v\u1edbi Hi-Lyte Capsules, \u0111\u01b0\u1ee3c thi\u1ebft k\u1ebf t\u1ec9 m\u1ec9 \u0111\u1ec3 \u0111\u00e1p \u1ee9ng nhu c\u1ea7u kh\u1eaft khe c\u1ee7a ng\u01b0\u1eddi \u0103n Keto v\u00e0 v\u1eadn \u0111\u1ed9ng vi\u00ean b\u1ec1n b\u1ec9, bao g\u1ed3m ng\u01b0\u1eddi \u0111i xe \u0111\u1ea1p, ch\u1ea1y b\u1ed9, b\u01a1i l\u1ed9i, ba m\u00f4n ph\u1ed1i h\u1ee3p, t\u1eadp luy\u1ec7n ch\u00e9o v\u00e0 yoga. Hi-Lyte &#8211; ng\u01b0\u1eddi b\u1ea1n \u0111\u1ed3ng h\u00e0nh gi\u00fap b\u1ea1n \u0111\u1ea1t \u0111\u01b0\u1ee3c hi\u1ec7u su\u1ea5t t\u1ed1t nh\u1ea5t. (Bao b\u00ec c\u00f3 th\u1ec3 thay \u0111\u1ed5i).<\/li>\n<\/ul>","protected":false},"excerpt":{"rendered":"<p>Mu\u1ed1i \u0111i\u1ec7n gi\u1ea3i Hi-Lyte Electrolyte l\u00e0 vi\u00ean nang b\u1ed5 sung \u0111i\u1ec7n gi\u1ea3i, l\u00fd t\u01b0\u1edfng cho v\u1eadn \u0111\u1ed9ng vi\u00ean b\u1ec1n b\u1ec9,<\/p>","protected":false},"featured_media":10431,"comment_status":"open","ping_status":"closed","template":"","meta":{"_acf_changed":false,"_monsterinsights_skip_tracking":false,"_monsterinsights_sitenote_active":false,"_monsterinsights_sitenote_note":"","_monsterinsights_sitenote_category":0},"product_brand":[],"product_cat":[104,185],"product_tag":[183],"class_list":{"0":"post-10292","1":"product","2":"type-product","3":"status-publish","4":"has-post-thumbnail","6":"product_cat-dien-giai","7":"product_cat-sale","8":"product_tag-adapted","10":"first","11":"outofstock","12":"sale","13":"shipping-taxable","14":"purchasable","15":"product-type-variable"},"acf":[],"jetpack_sharing_enabled":true,"_links":{"self":[{"href":"https:\/\/hiboostnutrition.com\/en\/wp-json\/wp\/v2\/product\/10292"}],"collection":[{"href":"https:\/\/hiboostnutrition.com\/en\/wp-json\/wp\/v2\/product"}],"about":[{"href":"https:\/\/hiboostnutrition.com\/en\/wp-json\/wp\/v2\/types\/product"}],"replies":[{"embeddable":true,"href":"https:\/\/hiboostnutrition.com\/en\/wp-json\/wp\/v2\/comments?post=10292"}],"version-history":[{"count":7,"href":"https:\/\/hiboostnutrition.com\/en\/wp-json\/wp\/v2\/product\/10292\/revisions"}],"predecessor-version":[{"id":10304,"href":"https:\/\/hiboostnutrition.com\/en\/wp-json\/wp\/v2\/product\/10292\/revisions\/10304"}],"wp:featuredmedia":[{"embeddable":true,"href":"https:\/\/hiboostnutrition.com\/en\/wp-json\/wp\/v2\/media\/10431"}],"wp:attachment":[{"href":"https:\/\/hiboostnutrition.com\/en\/wp-json\/wp\/v2\/media?parent=10292"}],"wp:term":[{"taxonomy":"product_brand","embeddable":true,"href":"https:\/\/hiboostnutrition.com\/en\/wp-json\/wp\/v2\/product_brand?post=10292"},{"taxonomy":"product_cat","embeddable":true,"href":"https:\/\/hiboostnutrition.com\/en\/wp-json\/wp\/v2\/product_cat?post=10292"},{"taxonomy":"product_tag","embeddable":true,"href":"https:\/\/hiboostnutrition.com\/en\/wp-json\/wp\/v2\/product_tag?post=10292"}],"curies":[{"name":"wp","href":"https:\/\/api.w.org\/{rel}","templated":true}]}}