{"id":10131,"date":"2023-11-11T11:22:11","date_gmt":"2023-11-11T04:22:11","guid":{"rendered":"https:\/\/hiboostnutrition.com\/?post_type=product&#038;p=10131"},"modified":"2026-01-05T18:17:54","modified_gmt":"2026-01-05T11:17:54","slug":"omius-visor-with-20-cooling-pieces","status":"publish","type":"product","link":"https:\/\/hiboostnutrition.com\/en\/sanpham\/omius-visor-with-20-cooling-pieces\/","title":{"rendered":"Omius VISOR with 20 Cooling Pieces"},"content":{"rendered":"<p>Visor comes with a 20 pack of NEW and IMPROVED cooling pads.<\/p>\n<ul>\n<li>Compact and lightweight design<\/li>\n<li>Adjustable for different head sizes<\/li>\n<li>Replaceable cooling pad<\/li>\n<li>Available in black and white<\/li>\n<li>Weight 93g (3.3oz)<\/li>\n<\/ul>\n<p><strong>Visor l\u00e0m m\u00e1t Omius<\/strong> \u0111i k\u00e8m v\u1edbi 20 mi\u1ebfng l\u00e0m m\u00e1t M\u1edaI v\u00e0 C\u1ea2I TI\u1ebeN.<\/p>\n<ul>\n<li>Compact and lightweight design<\/li>\n<li>Replaceable cooling pad<\/li>\n<li>Available in black and white<\/li>\n<li>Weight 50g (1.6oz)<\/li>\n<\/ul>\n<p class=\"whitespace-pre-wrap\">Omius headbands, visors, and caps use a unique design with tight-fitting silicone mesh to keep the cooling pads in direct contact with the skin. The cooling pad is removable and easy to replace between products. High quality elastic material provides a comfortable feeling, suitable for most head sizes. The visor can be adjusted in size.<\/p>\n<p>B\u0103ng \u0111\u00f4 Omius l\u00e0 gi\u1ea3i ph\u00e1p t\u1ed1i \u01b0u cho c\u00e1c v\u1eadn \u0111\u1ed9ng vi\u00ean thi \u0111\u1ea5u d\u01b0\u1edbi \u0111i\u1ec1u ki\u1ec7n th\u1eddi ti\u1ebft n\u1eafng n\u00f3ng, \u0111\u1eb7c bi\u1ec7t l\u00e0 trong c\u00e1c cu\u1ed9c thi marathon. S\u1ea3n ph\u1ea9m n\u00e0y \u0111\u01b0\u1ee3c thi\u1ebft k\u1ebf v\u1edbi c\u00f4ng ngh\u1ec7 <strong>Dermal Heatsink<\/strong> ti\u00ean ti\u1ebfn, gi\u00fap<strong> t\u0103ng di\u1ec7n t\u00edch b\u1ec1 m\u1eb7t da l\u00ean \u0111\u1ebfn 5 l\u1ea7n<\/strong>, t\u1eeb \u0111\u00f3 c\u1ea3i thi\u1ec7n hi\u1ec7u qu\u1ea3 l\u00e0m m\u00e1t v\u00e0 duy tr\u00ec nhi\u1ec7t \u0111\u1ed9 c\u01a1 th\u1ec3 l\u00fd t\u01b0\u1edfng.<\/p>\n<p><strong>T\u00ednh n\u0103ng n\u1ed5i b\u1eadt:<\/strong><\/p>\n<ul>\n<li><strong>C\u00f4ng ngh\u1ec7 Dermal Heatsink:<\/strong> T\u0103ng c\u01b0\u1eddng hi\u1ec7u qu\u1ea3 t\u1ea3n nhi\u1ec7t, gi\u00fap da m\u00e1t m\u1ebb ngay c\u1ea3 trong \u0111i\u1ec1u ki\u1ec7n nhi\u1ec7t \u0111\u1ed9 cao.<\/li>\n<li><strong>Hi\u1ec7u qu\u1ea3 l\u00e0m m\u00e1t v\u01b0\u1ee3t tr\u1ed9i:<\/strong> N\u01b0\u1edbc v\u00e0 m\u1ed3 h\u00f4i b\u1ed1c h\u01a1i tr\u00ean b\u1ec1 m\u1eb7t da s\u1ebd h\u1ea5p th\u1ee5 nhi\u1ec7t, l\u00e0m m\u00e1t c\u01a1 th\u1ec3 m\u1ed9t c\u00e1ch t\u1ef1 nhi\u00ean v\u00e0 nhanh ch\u00f3ng.<\/li>\n<li><strong>L\u00e0m m\u00e1t t\u1eeb trong ra ngo\u00e0i:<\/strong> S\u1eed d\u1ee5ng ch\u1ea5t li\u1ec7u graphite cao c\u1ea5p, Omius gi\u00fap k\u00e9o nhi\u1ec7t t\u1eeb b\u00ean trong c\u01a1 th\u1ec3 ra ngo\u00e0i, \u0111\u1ea3m b\u1ea3o s\u1ef1 tho\u1ea3i m\u00e1i v\u00e0 an to\u00e0n cho v\u1eadn \u0111\u1ed9ng vi\u00ean.<\/li>\n<li><strong>Thi\u1ebft k\u1ebf nh\u1eb9 v\u00e0 tho\u00e1ng kh\u00ed:<\/strong> Ph\u00f9 h\u1ee3p cho vi\u1ec7c s\u1eed d\u1ee5ng trong th\u1eddi gian d\u00e0i m\u00e0 kh\u00f4ng g\u00e2y c\u1ea3m gi\u00e1c n\u1eb7ng n\u1ec1 hay kh\u00f3 ch\u1ecbu.<\/li>\n<\/ul>\n<p>Visor l\u00e0m m\u00e1t Omius kh\u00f4ng ch\u1ec9 d\u00e0nh cho c\u00e1c v\u1eadn \u0111\u1ed9ng vi\u00ean chuy\u00ean nghi\u1ec7p m\u00e0 c\u00f2n l\u00e0 l\u1ef1a ch\u1ecdn l\u00fd t\u01b0\u1edfng cho t\u1ea5t c\u1ea3 nh\u1eefng ai \u0111am m\u00ea ch\u1ea1y b\u1ed9 ho\u1eb7c v\u1eadn \u0111\u1ed9ng d\u01b0\u1edbi \u0111i\u1ec1u ki\u1ec7n th\u1eddi ti\u1ebft n\u1eafng n\u00f3ng.<\/p>\n<p><strong>Hiboost l\u00e0 nh\u00e0 ph\u00e2n ph\u1ed1i ch\u00ednh th\u1ee9c s\u1ea3n ph\u1ea9m Omius t\u1ea1i Vi\u1ec7t Nam.<\/strong> \u0110\u1eb7t mua ngay h\u00f4m nay \u0111\u1ec3 trang b\u1ecb cho m\u00ecnh d\u1ee5ng c\u1ee5 l\u00e0m m\u00e1t h\u00e0ng \u0111\u1ea7u n\u00e0y!<\/p>\n<p class=\"whitespace-pre-wrap\">Note:<\/p>\n<ul class=\"list-disc pl-8 space-y-2\">\n<li class=\"whitespace-normal\">Headband, visor and hat sold separately. Requires 20 cooling pads to use.<\/li>\n<\/ul>\n<p>&nbsp;<\/p>","protected":false},"excerpt":{"rendered":"<p>Visor comes with a 20 pack of NEW and IMPROVED cooling pads. Compact, lightweight design Adjustable<\/p>","protected":false},"featured_media":10138,"comment_status":"open","ping_status":"closed","template":"","meta":{"_acf_changed":false,"_monsterinsights_skip_tracking":false,"_monsterinsights_sitenote_active":false,"_monsterinsights_sitenote_note":"","_monsterinsights_sitenote_category":0},"product_brand":[],"product_cat":[75],"product_tag":[160],"class_list":{"0":"post-10131","1":"product","2":"type-product","3":"status-publish","4":"has-post-thumbnail","6":"product_cat-phu-kien-the-thao","7":"product_tag-omius","9":"first","10":"outofstock","11":"shipping-taxable","12":"purchasable","13":"product-type-variable"},"acf":[],"jetpack_sharing_enabled":true,"_links":{"self":[{"href":"https:\/\/hiboostnutrition.com\/en\/wp-json\/wp\/v2\/product\/10131"}],"collection":[{"href":"https:\/\/hiboostnutrition.com\/en\/wp-json\/wp\/v2\/product"}],"about":[{"href":"https:\/\/hiboostnutrition.com\/en\/wp-json\/wp\/v2\/types\/product"}],"replies":[{"embeddable":true,"href":"https:\/\/hiboostnutrition.com\/en\/wp-json\/wp\/v2\/comments?post=10131"}],"version-history":[{"count":3,"href":"https:\/\/hiboostnutrition.com\/en\/wp-json\/wp\/v2\/product\/10131\/revisions"}],"predecessor-version":[{"id":13020,"href":"https:\/\/hiboostnutrition.com\/en\/wp-json\/wp\/v2\/product\/10131\/revisions\/13020"}],"wp:featuredmedia":[{"embeddable":true,"href":"https:\/\/hiboostnutrition.com\/en\/wp-json\/wp\/v2\/media\/10138"}],"wp:attachment":[{"href":"https:\/\/hiboostnutrition.com\/en\/wp-json\/wp\/v2\/media?parent=10131"}],"wp:term":[{"taxonomy":"product_brand","embeddable":true,"href":"https:\/\/hiboostnutrition.com\/en\/wp-json\/wp\/v2\/product_brand?post=10131"},{"taxonomy":"product_cat","embeddable":true,"href":"https:\/\/hiboostnutrition.com\/en\/wp-json\/wp\/v2\/product_cat?post=10131"},{"taxonomy":"product_tag","embeddable":true,"href":"https:\/\/hiboostnutrition.com\/en\/wp-json\/wp\/v2\/product_tag?post=10131"}],"curies":[{"name":"wp","href":"https:\/\/api.w.org\/{rel}","templated":true}]}}