{"id":10054,"date":"2023-10-26T07:27:34","date_gmt":"2023-10-26T00:27:34","guid":{"rendered":"https:\/\/hiboostnutrition.com\/?post_type=product&#038;p=10054"},"modified":"2024-04-24T15:19:51","modified_gmt":"2024-04-24T08:19:51","slug":"maurten-gel-160","status":"publish","type":"product","link":"https:\/\/hiboostnutrition.com\/en\/sanpham\/maurten-gel-160\/","title":{"rendered":"MAURTEN Gel 160 (65G)"},"content":{"rendered":"<div class=\"response-container ng-tns-c4104149400-92 ng-star-inserted response-container-has-multiple-responses\">\n<div class=\"presented-response-container ng-tns-c4104149400-92\">\n<div class=\"response-container-content ng-tns-c4104149400-92 tunable-selection-with-avatar\">\n<div class=\"response-content ng-tns-c4104149400-92\">\n<div class=\"markdown markdown-main-panel\" dir=\"ltr\">\n<h2 data-sourcepos=\"1:1-1:87\">MAURTEN Gel 160: B\u1ed5 Sung N\u0103ng L\u01b0\u1ee3ng Hi\u1ec7u Qu\u1ea3 &#8211; C\u00f4ng Th\u1ee9c \u0110\u01a1n Gi\u1ea3n &#8211; 40g Carbohydrate<\/h2>\n<p data-sourcepos=\"3:1-3:190\"><strong>MAURTEN Gel 160<\/strong> l\u00e0 l\u1ef1a ch\u1ecdn ho\u00e0n h\u1ea3o cho v\u1eadn \u0111\u1ed9ng vi\u00ean chuy\u00ean nghi\u1ec7p, cung c\u1ea5p 40g carbohydrate trong m\u1ed7i g\u00f3i gel, gi\u00fap duy tr\u00ec n\u0103ng l\u01b0\u1ee3ng v\u00e0 \u0111\u1ea1t hi\u1ec7u su\u1ea5t cao trong c\u00e1c b\u00e0i t\u1eadp d\u00e0i h\u01a1i.<\/p>\n<p data-sourcepos=\"5:1-5:12\"><strong>\u01afu \u0111i\u1ec3m:<\/strong><\/p>\n<ul data-sourcepos=\"7:1-11:0\">\n<li data-sourcepos=\"7:1-7:113\"><strong>C\u00f4ng ngh\u1ec7 Hydrogel<\/strong>\u00a0\u0111\u00e3 \u0111\u01b0\u1ee3c ki\u1ec3m ch\u1ee9ng: Gi\u00fap h\u1ea5p th\u1ee5 nhanh ch\u00f3ng v\u00e0 hi\u1ec7u qu\u1ea3, kh\u00f4ng g\u00e2y kh\u00f3 ch\u1ecbu cho d\u1ea1 d\u00e0y.<\/li>\n<li data-sourcepos=\"8:1-8:149\"><strong>Th\u00e0nh ph\u1ea7n t\u1ef1 nhi\u00ean:<\/strong>\u00a0Ch\u1ec9 s\u1eed d\u1ee5ng 6 th\u00e0nh ph\u1ea7n t\u1ef1 nhi\u00ean, kh\u00f4ng ch\u1ee9a m\u00e0u s\u1eafc, ch\u1ea5t b\u1ea3o qu\u1ea3n ho\u1eb7c h\u01b0\u01a1ng v\u1ecb nh\u00e2n t\u1ea1o, \u0111\u1ea3m b\u1ea3o an to\u00e0n cho s\u1ee9c kh\u1ecfe.<\/li>\n<li data-sourcepos=\"9:1-9:124\"><strong>N\u0103ng l\u01b0\u1ee3ng d\u1ed3i d\u00e0o:<\/strong>\u00a0M\u1ed7i g\u00f3i ch\u1ee9a 40g carbohydrate, \u0111\u00e1p \u1ee9ng nhu c\u1ea7u n\u0103ng l\u01b0\u1ee3ng cho c\u00e1c ho\u1ea1t \u0111\u1ed9ng th\u1ec3 thao c\u01b0\u1eddng \u0111\u1ed9 cao.<\/li>\n<li data-sourcepos=\"10:1-11:0\"><strong>Ti\u1ec7n l\u1ee3i:<\/strong>\u00a0D\u1ea1ng g\u00f3i nh\u1ecf g\u1ecdn, d\u1ec5 d\u00e0ng mang theo v\u00e0 s\u1eed d\u1ee5ng m\u1ecdi l\u00fac m\u1ecdi n\u01a1i.<\/li>\n<\/ul>\n<p data-sourcepos=\"12:1-12:152\"><strong>MAURTEN Gel 160<\/strong> l\u00e0 gi\u1ea3i ph\u00e1p t\u1ed1i \u01b0u cho v\u1eadn \u0111\u1ed9ng vi\u00ean marathon, ch\u1ea1y vi\u1ec7t d\u00e3, \u0111\u1ea1p xe \u0111\u01b0\u1eddng tr\u01b0\u1eddng&#8230; c\u1ea7n b\u1ed5 sung n\u0103ng l\u01b0\u1ee3ng nhanh ch\u00f3ng v\u00e0 hi\u1ec7u qu\u1ea3.<\/p>\n<p data-sourcepos=\"14:1-14:15\"><strong>Th\u00e0nh ph\u1ea7n:<\/strong><\/p>\n<ul data-sourcepos=\"16:1-21:15\">\n<li data-sourcepos=\"16:1-16:6\">N\u01b0\u1edbc<\/li>\n<li data-sourcepos=\"17:1-17:9\">Glucose<\/li>\n<li data-sourcepos=\"18:1-18:10\">Fructose<\/li>\n<li data-sourcepos=\"19:1-19:17\">Canxi Carbonate<\/li>\n<li data-sourcepos=\"20:1-20:15\">Axit Gluconic<\/li>\n<li data-sourcepos=\"21:1-21:15\">Natri Alginat<\/li>\n<\/ul>\n<\/div>\n<div class=\"response-footer gap complete\">\n<div class=\"sources-list-container ng-star-inserted\"><\/div>\n<\/div>\n<\/div>\n<\/div>\n<\/div>\n<\/div>\n<div id=\"gtx-trans\" style=\"position: absolute; left: -11px; top: 549.5px;\">\n<div class=\"gtx-trans-icon\"><\/div>\n<\/div>","protected":false},"excerpt":{"rendered":"<p>MAURTEN Gel 160: B\u1ed5 Sung N\u0103ng L\u01b0\u1ee3ng Hi\u1ec7u Qu\u1ea3 &#8211; C\u00f4ng Th\u1ee9c \u0110\u01a1n Gi\u1ea3n &#8211; 40g Carbohydrate MAURTEN Gel 160<\/p>","protected":false},"featured_media":12515,"comment_status":"open","ping_status":"closed","template":"","meta":{"_acf_changed":false,"_monsterinsights_skip_tracking":false,"_monsterinsights_sitenote_active":false,"_monsterinsights_sitenote_note":"","_monsterinsights_sitenote_category":0},"product_brand":[],"product_cat":[103,71],"product_tag":[156,159,133,107,131],"class_list":{"0":"post-10054","1":"product","2":"type-product","3":"status-publish","4":"has-post-thumbnail","6":"product_cat-dinh-duong","7":"product_cat-gel-nang-luong","8":"product_tag-gel","9":"product_tag-gel-160","10":"product_tag-gel-nang-luong","11":"product_tag-maurten","12":"product_tag-maurten-gel","14":"first","15":"outofstock","16":"shipping-taxable","17":"purchasable","18":"product-type-variable"},"acf":[],"jetpack_sharing_enabled":true,"_links":{"self":[{"href":"https:\/\/hiboostnutrition.com\/en\/wp-json\/wp\/v2\/product\/10054"}],"collection":[{"href":"https:\/\/hiboostnutrition.com\/en\/wp-json\/wp\/v2\/product"}],"about":[{"href":"https:\/\/hiboostnutrition.com\/en\/wp-json\/wp\/v2\/types\/product"}],"replies":[{"embeddable":true,"href":"https:\/\/hiboostnutrition.com\/en\/wp-json\/wp\/v2\/comments?post=10054"}],"version-history":[{"count":5,"href":"https:\/\/hiboostnutrition.com\/en\/wp-json\/wp\/v2\/product\/10054\/revisions"}],"predecessor-version":[{"id":12518,"href":"https:\/\/hiboostnutrition.com\/en\/wp-json\/wp\/v2\/product\/10054\/revisions\/12518"}],"wp:featuredmedia":[{"embeddable":true,"href":"https:\/\/hiboostnutrition.com\/en\/wp-json\/wp\/v2\/media\/12515"}],"wp:attachment":[{"href":"https:\/\/hiboostnutrition.com\/en\/wp-json\/wp\/v2\/media?parent=10054"}],"wp:term":[{"taxonomy":"product_brand","embeddable":true,"href":"https:\/\/hiboostnutrition.com\/en\/wp-json\/wp\/v2\/product_brand?post=10054"},{"taxonomy":"product_cat","embeddable":true,"href":"https:\/\/hiboostnutrition.com\/en\/wp-json\/wp\/v2\/product_cat?post=10054"},{"taxonomy":"product_tag","embeddable":true,"href":"https:\/\/hiboostnutrition.com\/en\/wp-json\/wp\/v2\/product_tag?post=10054"}],"curies":[{"name":"wp","href":"https:\/\/api.w.org\/{rel}","templated":true}]}}