{"id":9900,"date":"2023-07-20T10:12:39","date_gmt":"2023-07-20T03:12:39","guid":{"rendered":"https:\/\/hiboostnutrition.com\/?page_id=9900"},"modified":"2024-03-25T11:28:33","modified_gmt":"2024-03-25T04:28:33","slug":"chinh-sach-giao-hang-va-van-chuyen","status":"publish","type":"page","link":"https:\/\/hiboostnutrition.com\/en\/chinh-sach-giao-hang-va-van-chuyen\/","title":{"rendered":"Delivery and shipping policy"},"content":{"rendered":"<p>HIBOOST h\u1ed7 tr\u1ee3 giao h\u00e0ng tr\u00ean to\u00e0n qu\u1ed1c v\u1edbi ch\u00ednh s\u00e1ch giao h\u00e0ng c\u1ee5 th\u1ec3 nh\u01b0 sau:<\/p><p>1.\u00a0Ph\u00ed giao h\u00e0ng:<\/p><p>HIBOOST\u00a0\u00e1p d\u1ee5ng m\u1ee9c ph\u00ed giao h\u00e0ng theo chi ph\u00ed \u0111\u00e3 \u0111\u01b0\u1ee3c k\u00fd v\u1edbi b\u00ean \u0111\u1ed1i t\u00e1c ch\u1ecbu tr\u00e1ch nhi\u1ec7m v\u1eadn chuy\u1ec3n, giao nh\u1eadn cho t\u1ea5t c\u1ea3 c\u00e1c \u0111\u01a1n h\u00e0ng \u0111\u01b0\u1ee3c \u0111\u1eb7t th\u00e0nh c\u00f4ng.<\/p><p>\u0110\u1ed1i&nbsp;v\u1edbi&nbsp;c\u00e1c&nbsp;\u0111\u01a1n&nbsp;h\u00e0ng&nbsp;tr\u00ean&nbsp;5,000,000 VN\u0110, HIBOOST&nbsp;cung&nbsp;c\u1ea5p&nbsp;d\u1ecbch&nbsp;v\u1ee5&nbsp;v\u1eadn&nbsp;chuy\u1ec3n&nbsp;ti\u00eau&nbsp;chu\u1ea9n&nbsp;MI\u1ec4N PH\u00cd.<\/p><p>\u0110\u1ed1i&nbsp;v\u1edbi&nbsp;c\u00e1c&nbsp;\u0111\u01a1n&nbsp;h\u00e0ng&nbsp;trong&nbsp;n\u01b0\u1edbc&nbsp;d\u01b0\u1edbi&nbsp;5,000,000 VN\u0110,&nbsp;ph\u00ed&nbsp;giao&nbsp;h\u00e0ng&nbsp;c\u1ed1&nbsp;\u0111\u1ecbnh&nbsp;l\u00e0&nbsp;35,000 VN\u0110&nbsp;\u00e1p&nbsp;d\u1ee5ng&nbsp;cho&nbsp;v\u1eadn&nbsp;chuy\u1ec3n&nbsp;ti\u00eau&nbsp;chu\u1ea9n.<\/p><p>2.\u00a0Th\u1eddi\u00a0gian\u00a0giao\u00a0h\u00e0ng:<\/p><p>Th\u1eddi\u00a0gian\u00a0v\u1eadn\u00a0chuy\u1ec3n\u00a0ti\u00eau chu\u1ea9n\u00a0th\u01b0\u1eddng\u00a0m\u1ea5t\u00a0\u00edt\u00a0nh\u1ea5t\u00a03 &#8211; 5\u00a0ng\u00e0y\u00a0l\u00e0m\u00a0vi\u1ec7c\u00a0(kh\u00f4ng\u00a0t\u00ednh\u00a0th\u1ee9\u00a0b\u1ea3y,\u00a0ch\u1ee7\u00a0nh\u1eadt\u00a0hay\u00a0c\u00e1c\u00a0ng\u00e0y\u00a0l\u1ec5\u00a0t\u1ebft).<\/p><p>Trong\u00a0tr\u01b0\u1eddng\u00a0h\u1ee3p\u00a0qu\u00fd\u00a0kh\u00e1ch\u00a0ch\u1ecdn\u00a0h\u00ecnh\u00a0th\u1ee9c\u00a0thanh\u00a0to\u00e0n\u00a0b\u1eb1ng\u00a0th\u1ebb\u00a0t\u00edn\u00a0d\u1ee5ng,\u00a0th\u1eddi\u00a0gian\u00a0x\u1eed\u00a0l\u00fd\u00a0\u0111\u01a1n\u00a0h\u00e0ng\u00a0s\u1ebd\u00a0\u0111\u01b0\u1ee3c\u00a0t\u00ednh\u00a0t\u1eeb\u00a0khi\u00a0HIBOOST\u00a0\u00a0nh\u1eadn\u00a0\u0111\u01b0\u1ee3c\u00a0thanh\u00a0to\u00e1n\u00a0ho\u00e0n\u00a0t\u1ea5t\u00a0c\u1ee7a\u00a0qu\u00fd\u00a0kh\u00e1ch. Xin\u00a0l\u01b0u\u00a0\u00fd\u00a0HIBOOST\u00a0b\u1ea3o\u00a0l\u01b0u\u00a0quy\u1ec1n\u00a0thay\u00a0\u0111\u1ed5i\u00a0th\u1eddi\u00a0gian\u00a0giao\u00a0h\u00e0ng\u00a0m\u00e0\u00a0kh\u00f4ng\u00a0c\u1ea7n\u00a0b\u00e1o\u00a0tr\u01b0\u1edbc\u00a0trong\u00a0tr\u01b0\u1eddng\u00a0h\u1ee3p\u00a0ch\u1ecbu\u00a0\u1ea3nh\u00a0h\u01b0\u1edfng\u00a0c\u1ee7a\u00a0thi\u00ean\u00a0tai\u00a0ho\u1eb7c\u00a0c\u00e1c\u00a0s\u1ef1\u00a0ki\u1ec7n\u00a0\u0111\u1eb7c\u00a0bi\u1ec7t\u00a0kh\u00e1c.<\/p><p>\u0110\u01a1n\u00a0h\u00e0ng\u00a0c\u1ee7a\u00a0qu\u00fd\u00a0kh\u00e1ch\u00a0s\u1ebd\u00a0\u0111\u01b0\u1ee3c\u00a0giao\u00a0t\u1ed1i\u00a0\u0111a\u00a0trong\u00a02\u00a0l\u1ea7n\u00a0(tr\u01b0\u1eddng\u00a0h\u1ee3p\u00a0l\u1ea7n\u00a0\u0111\u1ea7u\u00a0giao\u00a0h\u00e0ng\u00a0kh\u00f4ng\u00a0th\u00e0nh\u00a0c\u00f4ng,\u00a0s\u1ebd\u00a0c\u00f3\u00a0nh\u00e2n\u00a0vi\u00ean\u00a0li\u00ean\u00a0h\u1ec7\u00a0\u0111\u1ec3\u00a0s\u1eafp\u00a0x\u1ebfp\u00a0l\u1ecbch\u00a0giao\u00a0h\u00e0ng\u00a0l\u1ea7n\u00a02\u00a0v\u1edbi\u00a0qu\u00fd\u00a0kh\u00e1ch.\u00a0Ch\u00fang\u00a0t\u00f4i\u00a0s\u1ebd\u00a0c\u1ed1\u00a0g\u1eafng\u00a0li\u00ean\u00a0h\u1ec7\u00a0l\u1ea1i\u00a0trong\u00a02\u00a0ng\u00e0y\u00a0l\u00e0m\u00a0vi\u1ec7c\u00a0ti\u1ebfp\u00a0theo\u00a0(qua tin\u00a0nh\u1eafn\u00a0ho\u1eb7c\u00a0g\u1ecdi\u00a0tr\u1ef1c\u00a0ti\u1ebfp),\u00a0trong\u00a0tr\u01b0\u1eddng\u00a0h\u1ee3p\u00a0v\u1eabn\u00a0kh\u00f4ng\u00a0th\u1ec3\u00a0li\u00ean\u00a0l\u1ea1c\u00a0l\u1ea1i\u00a0\u0111\u01b0\u1ee3c\u00a0ho\u1eb7c\u00a0kh\u00f4ng\u00a0nh\u1eadn\u00a0\u0111\u01b0\u1ee3c\u00a0b\u1ea5t\u00a0k\u00ec\u00a0ph\u1ea3n\u00a0h\u1ed3i\u00a0n\u00e0o\u00a0t\u1eeb\u00a0ph\u00eda\u00a0qu\u00fd\u00a0kh\u00e1ch,\u00a0\u0111\u01a1n\u00a0h\u00e0ng\u00a0s\u1ebd\u00a0kh\u00f4ng\u00a0c\u00f2n\u00a0hi\u1ec7u\u00a0l\u1ef1c.<\/p><p>\u0110\u1ec3&nbsp;ki\u1ec3m&nbsp;tra&nbsp;th\u00f4ng&nbsp;tin&nbsp;ho\u1eb7c&nbsp;t\u00ecnh&nbsp;tr\u1ea1ng&nbsp;\u0111\u01a1n&nbsp;h\u00e0ng&nbsp;c\u1ee7a&nbsp;qu\u00fd&nbsp;kh\u00e1ch,&nbsp;xin&nbsp;vui&nbsp;l\u00f2ng&nbsp;li\u00ean&nbsp;h\u1ec7&nbsp;v\u1edbi&nbsp;b\u1ed9&nbsp;ph\u1eadn&nbsp;Ch\u0103m&nbsp;s\u00f3c&nbsp;kh\u00e1ch&nbsp;h\u00e0ng.<\/p><p>Khi&nbsp;h\u00e0ng&nbsp;\u0111\u01b0\u1ee3c&nbsp;chuy\u1ec3n&nbsp;giao&nbsp;\u0111\u1ebfn&nbsp;qu\u00fd&nbsp;kh\u00e1ch,&nbsp;xin&nbsp;vui&nbsp;l\u00f2ng&nbsp;ho\u00e0n&nbsp;t\u1ea5t&nbsp;vi\u1ec7c&nbsp;thanh&nbsp;to\u00e1n&nbsp;v\u00e0&nbsp;k\u00fd&nbsp;x\u00e1c&nbsp;nh\u1eadn&nbsp;v\u1edbi&nbsp;nh\u00e2n&nbsp;vi\u00ean&nbsp;giao&nbsp;h\u00e0ng&nbsp;tr\u01b0\u1edbc,&nbsp;sau&nbsp;\u0111\u00f3&nbsp;qu\u00fd&nbsp;kh\u00e1ch&nbsp;vui&nbsp;l\u00f2ng&nbsp;ki\u1ec3m&nbsp;tra&nbsp;n\u1ebfu&nbsp;s\u1ea3n&nbsp;ph\u1ea9m&nbsp;c\u00f3&nbsp;b\u1ea5t&nbsp;k\u1ef3&nbsp;l\u1ed7i&nbsp;hay&nbsp;khi\u1ebfm&nbsp;khuy\u1ebft&nbsp;n\u00e0o. Xin&nbsp;qu\u00fd&nbsp;kh\u00e1ch&nbsp;vui&nbsp;l\u00f2ng&nbsp;gi\u1eef&nbsp;l\u1ea1i&nbsp;bi\u00ean&nbsp;l\u1ea1i&nbsp;v\u1eadn&nbsp;chuy\u1ec3n&nbsp;\u0111\u1ec3&nbsp;ki\u1ec3m&nbsp;tra.<\/p><h3 class=\"wp-block-heading\"><\/h3><p><\/p><p><\/p>","protected":false},"excerpt":{"rendered":"<p>HIBOOST h\u1ed7 tr\u1ee3 giao h\u00e0ng tr\u00ean to\u00e0n qu\u1ed1c v\u1edbi ch\u00ednh s\u00e1ch giao h\u00e0ng c\u1ee5 th\u1ec3 nh\u01b0 sau: 1.\u00a0Ph\u00ed giao h\u00e0ng:<\/p>","protected":false},"author":1,"featured_media":0,"parent":0,"menu_order":0,"comment_status":"closed","ping_status":"closed","template":"","meta":{"_acf_changed":false,"_monsterinsights_skip_tracking":false,"_monsterinsights_sitenote_active":false,"_monsterinsights_sitenote_note":"","_monsterinsights_sitenote_category":0,"footnotes":""},"class_list":["post-9900","page","type-page","status-publish","hentry"],"featured_image_src":null,"acf":[],"jetpack_sharing_enabled":true,"_links":{"self":[{"href":"https:\/\/hiboostnutrition.com\/en\/wp-json\/wp\/v2\/pages\/9900"}],"collection":[{"href":"https:\/\/hiboostnutrition.com\/en\/wp-json\/wp\/v2\/pages"}],"about":[{"href":"https:\/\/hiboostnutrition.com\/en\/wp-json\/wp\/v2\/types\/page"}],"author":[{"embeddable":true,"href":"https:\/\/hiboostnutrition.com\/en\/wp-json\/wp\/v2\/users\/1"}],"replies":[{"embeddable":true,"href":"https:\/\/hiboostnutrition.com\/en\/wp-json\/wp\/v2\/comments?post=9900"}],"version-history":[{"count":7,"href":"https:\/\/hiboostnutrition.com\/en\/wp-json\/wp\/v2\/pages\/9900\/revisions"}],"predecessor-version":[{"id":12064,"href":"https:\/\/hiboostnutrition.com\/en\/wp-json\/wp\/v2\/pages\/9900\/revisions\/12064"}],"wp:attachment":[{"href":"https:\/\/hiboostnutrition.com\/en\/wp-json\/wp\/v2\/media?parent=9900"}],"curies":[{"name":"wp","href":"https:\/\/api.w.org\/{rel}","templated":true}]}}