{"id":9895,"date":"2023-07-20T09:55:27","date_gmt":"2023-07-20T02:55:27","guid":{"rendered":"https:\/\/hiboostnutrition.com\/?page_id=9895"},"modified":"2023-07-20T10:14:09","modified_gmt":"2023-07-20T03:14:09","slug":"chinh-sach-bao-mat","status":"publish","type":"page","link":"https:\/\/hiboostnutrition.com\/en\/chinh-sach-bao-mat\/","title":{"rendered":"Ch\u00ednh s\u00e1ch b\u1ea3o m\u1eadt"},"content":{"rendered":"<p><strong>Hiboostnutrition.com is committed to protecting the privacy of our customers&#039; personal information. Please read the &quot;Privacy Policy&quot; below to better understand the commitments we make to respect and protect the rights of visitors:<\/strong><\/p><p><strong>1. Collection of personal information:<\/strong><\/p><p>\u2013 Information collected through the website <strong>Hiboostnutrition.com<\/strong> will help us:<\/p><p>\u2022 Support customers when buying products<\/p><p>\u2022 Answer customer questions<\/p><p>\u2022 Provide you with the latest information on our Website<\/p><p>\u2022 Review and upgrade the content and interface of the Website<\/p><p>\u2022 Conduct customer surveys<\/p><p>\u2022 Carry out promotional activities related to the products and services of <strong>Hiboostnutrition.com<\/strong><\/p><p>\u2013 To access and use some services at <strong>Hiboostnutrition.com<\/strong>, you may be asked to register with us personal information (Email, Full Name, Contact Number ...). All information declared must be accurate and legal. <strong>Hiboostnutrition.com<\/strong> does not take any responsibility related to the law of the declared information.<\/p><p>\u2013 We may also collect information about the number of visits, including the number of pages you view, the number of links (links) you click and other information related to the connection to the website. <strong>Hiboostnutrition.com<\/strong><\/p><p><strong>2. Use of personal information:<\/strong><\/p><p>\u2013 <strong>Hiboostnutrition.com<\/strong> collect and use your personal information for the appropriate purpose and fully comply with the content of this &quot;Privacy Policy&quot;.<\/p><p>\u2013 When necessary, we may use this information to contact you directly in the form of: open letters, orders, thank you letters, technical and security information, you You may receive periodic emails with information about new products, services, information about upcoming events or recruitment information if you subscribe to email notifications.<\/p><p><strong>3. Sharing personal information:<\/strong><\/p><p>\u2013 Except for the use of personal information as stated in this policy, we are committed to not disclosing your personal information.<\/p><p>\u2013 In some cases, we may hire an independent agency to conduct market research projects and then your information will be provided to this unit to conduct the project. This third party will be bound by a confidentiality agreement under which they are only allowed to use the information provided for the purpose of completing the project.<\/p><p>\u2013 We may disclose or provide your personal information in the following cases when it is absolutely necessary: (a) when required by law enforcement agencies; (b) in cases where we believe it will help us to protect our legitimate interests before the law; (c) emergency and necessary situations to protect the personal safety of members <strong>Hiboostnutrition.com<\/strong> other.<\/p><p><strong>4. Retrieve personal information:<\/strong><\/p><p>\u2013 At any time, you can access and correct your personal information according to the appropriate links (website&#039;s links) that we provide.<\/p><p><strong>5. Privacy of personal information:<\/strong><\/p><p>\u2013 When you submit your personal information to us, you agree to the terms we have stated above, <strong>Hiboostnutrition.com<\/strong> is committed to keeping your personal information confidential in any way possible. We will use many different information security technologies such as: international standards PCI, SSL, etc. to protect this information from unintended retrieval, use or disclosure.<\/p><p>\u2013 However, due to technical limitations, no data can be transmitted over the internet that can be secured 100%. Therefore, we cannot make a definite guarantee that the information you provide to us will be kept completely secure, and we cannot be held responsible in the event of unauthorized access. Unauthorized personal information of customers such as the cases where you arbitrarily share information with others\u2026. If you do not agree to the terms described above, we recommend that you do not send information to us.<\/p><p>- So, <strong>Hiboostnutrition.com<\/strong> We also recommend that you keep your password-related information confidential and should not be shared with anyone else.<\/p><p>\u2013 If using a shared computer with many people, you should log out, or exit all open Website windows.<\/p><p><strong>6. Use of \u201cCookies\u201d<\/strong><\/p><p>\u2013 <strong>Hiboostnutrition.com<\/strong> use \u201cCookies\u201d to help personalize and maximize the use of your time online.<\/p><p>\u2013 A cookie is a text file that is placed on your hard disk by a website&#039;s server. Cookies are not used to run programs or introduce viruses to your computer. Cookies are assigned to your computer and can only be read by a website server on the domain that issued the cookie to you.<\/p><p>\u2013 One of the purposes of Cookies is to provide conveniences to save your time when visiting the website <strong>Hiboostnutrition.com<\/strong> or visit the website <strong>Hiboostnutrition.com<\/strong> again without re-registering the available information.<\/p><p>\u2013 You can accept or refuse to use cookies. Most browsers automatically accept cookies, but you can change the settings to refuse all cookies if you like. However, if you choose to refuse cookies, it may interfere with and adversely affect certain cookie-dependent services and features at www.Wheyshop.vn<\/p><p><strong>7. Regulations on \u201cSpam\u201d:<\/strong><\/p><p>\u2013 <strong>Hiboostnutrition.com<\/strong> really concerned about the problem of Spam (spam), the fake emails we send. Therefore, <strong>Hiboostnutrition.com<\/strong> affirms to only send Email to you when and only when you have registered or used the service from our system.<\/p><p>\u2013 <strong>Hiboostnutrition.com<\/strong> undertake not to sell, rent or lease your email from third parties. If you accidentally receive an unsolicited Email from our system due to an unintended cause, please click on the link to refuse to receive this Email attached, or notify the Website administrator directly.<\/p><p><strong>8. Policy changes:<\/strong><\/p><p>\u2013 We can completely change the content in this page without prior notice, to suit the needs of the users. <strong>Hiboostnutrition.com<\/strong> as well as needs and feedback from customers if any. When we update the content of this policy, we will revise the \u201cLast Updated\u201d time below.<\/p><p>\u2013 The content of this \u201cPrivacy Policy\u201d applies only at <strong>Hiboostnutrition.com<\/strong>, does not include or relate to third parties that place advertisements or have links at <strong>Hiboostnutrition.com<\/strong>. We encourage you to carefully read the Safety and Privacy policies of third-party websites before providing personal information to those websites. We are not responsible in any way for the content and legality of third-party websites.<\/p><p>\u2013 Therefore, you agree that, when you use our website after editing, you acknowledge, agree to comply with and believe in this modification. Therefore, we recommend that you preview the content of this page before accessing other content on the website as well as that you should read and carefully consult the &quot;Privacy Policy&quot; content of each website you are visiting. access.<\/p><p><strong>9. Contact information:<\/strong><\/p><p>\u2013 We always welcome your comments, contact and feedback about this \u201cPrivacy Policy\u201d. If you have any questions, please contact us at the following email address: <strong>info@Hiboostnutrition.com<\/strong><\/p>","protected":false},"excerpt":{"rendered":"<p>Hiboostnutrition.com cam k\u1ebft s\u1ebd b\u1ea3o m\u1eadt nh\u1eefng th\u00f4ng tin mang t\u00ednh ri\u00eang t\u01b0 c\u1ee7a kh\u00e1ch h\u00e0ng. Qu\u00fd kh\u00e1ch vui l\u00f2ng<\/p>","protected":false},"author":1,"featured_media":0,"parent":0,"menu_order":0,"comment_status":"closed","ping_status":"closed","template":"","meta":{"_acf_changed":false,"_monsterinsights_skip_tracking":false,"_monsterinsights_sitenote_active":false,"_monsterinsights_sitenote_note":"","_monsterinsights_sitenote_category":0,"footnotes":""},"class_list":["post-9895","page","type-page","status-publish","hentry"],"featured_image_src":null,"acf":[],"jetpack_sharing_enabled":true,"_links":{"self":[{"href":"https:\/\/hiboostnutrition.com\/en\/wp-json\/wp\/v2\/pages\/9895"}],"collection":[{"href":"https:\/\/hiboostnutrition.com\/en\/wp-json\/wp\/v2\/pages"}],"about":[{"href":"https:\/\/hiboostnutrition.com\/en\/wp-json\/wp\/v2\/types\/page"}],"author":[{"embeddable":true,"href":"https:\/\/hiboostnutrition.com\/en\/wp-json\/wp\/v2\/users\/1"}],"replies":[{"embeddable":true,"href":"https:\/\/hiboostnutrition.com\/en\/wp-json\/wp\/v2\/comments?post=9895"}],"version-history":[{"count":3,"href":"https:\/\/hiboostnutrition.com\/en\/wp-json\/wp\/v2\/pages\/9895\/revisions"}],"predecessor-version":[{"id":9904,"href":"https:\/\/hiboostnutrition.com\/en\/wp-json\/wp\/v2\/pages\/9895\/revisions\/9904"}],"wp:attachment":[{"href":"https:\/\/hiboostnutrition.com\/en\/wp-json\/wp\/v2\/media?parent=9895"}],"curies":[{"name":"wp","href":"https:\/\/api.w.org\/{rel}","templated":true}]}}