{"id":14,"date":"2023-07-20T09:46:18","date_gmt":"2023-07-20T02:46:18","guid":{"rendered":"https:\/\/hiboostnutrition.com\/?page_id=14"},"modified":"2023-07-20T09:46:20","modified_gmt":"2023-07-20T02:46:20","slug":"refund_returns","status":"publish","type":"page","link":"https:\/\/hiboostnutrition.com\/en\/refund_returns\/","title":{"rendered":"Ch\u00ednh S\u00e1ch \u0110\u1ed5i Tr\u1ea3 H\u00e0ng Ho\u00e1"},"content":{"rendered":"<h2 class=\"wp-block-heading\"><\/h2><p>When purchasing at\u00a0<strong>Hiboostnutrition<\/strong>, customers will have 30 days from purchase to return the product<br>Conditions for exchanging and returning products: Exchanged goods must meet the following conditions:<\/p><ul class=\"wp-block-list\"><li>Product is intact, unused.<\/li>\n\n<li>Goods with hiboostnutrition logo stamp (each product purchased at hiboostnutrition is stamped with hiboostnutrition&#039;s stamp to better serve customers)<\/li>\n\n<li>Labels are not torn. The box is not punctured, scratched, or discolored.<\/li>\n\n<li>The label is not faded or torn.<\/li>\n\n<li>Purchase invoice and phone number information are correct for the product to be exchanged.<\/li><\/ul><p>For customers living far away who receive goods via delivery services, the goods will be exchanged within 30 days. You will pay 2-way shipping costs.<\/p><p>To exchange or return the product, please package it carefully and contact the ordering facility or call the hotline: <a href=\"tel:098 329 72 59\"><strong>098 329 72 59<\/strong><\/a>\u00a0Get the best and fastest support.<\/p><p>If the specified time exceeds, we will not be able to receive and exchange the product for you.<\/p><ul class=\"wp-block-list\"><\/ul>","protected":false},"excerpt":{"rendered":"<p>Khi mua h\u00e0ng t\u1ea1i\u00a0Hiboostnutrition, kh\u00e1ch h\u00e0ng s\u1ebd c\u00f3 30 ng\u00e0y k\u1ec3 t\u1eeb khi mua h\u00e0ng \u0111\u1ec3 \u0111\u1ed5i tr\u1ea3 s\u1ea3n ph\u1ea9m\u0110i\u1ec1u<\/p>","protected":false},"author":1,"featured_media":0,"parent":0,"menu_order":0,"comment_status":"closed","ping_status":"closed","template":"","meta":{"_acf_changed":false,"_monsterinsights_skip_tracking":false,"_monsterinsights_sitenote_active":false,"_monsterinsights_sitenote_note":"","_monsterinsights_sitenote_category":0,"footnotes":""},"class_list":["post-14","page","type-page","status-publish","hentry"],"featured_image_src":null,"acf":[],"jetpack_sharing_enabled":true,"_links":{"self":[{"href":"https:\/\/hiboostnutrition.com\/en\/wp-json\/wp\/v2\/pages\/14"}],"collection":[{"href":"https:\/\/hiboostnutrition.com\/en\/wp-json\/wp\/v2\/pages"}],"about":[{"href":"https:\/\/hiboostnutrition.com\/en\/wp-json\/wp\/v2\/types\/page"}],"author":[{"embeddable":true,"href":"https:\/\/hiboostnutrition.com\/en\/wp-json\/wp\/v2\/users\/1"}],"replies":[{"embeddable":true,"href":"https:\/\/hiboostnutrition.com\/en\/wp-json\/wp\/v2\/comments?post=14"}],"version-history":[{"count":2,"href":"https:\/\/hiboostnutrition.com\/en\/wp-json\/wp\/v2\/pages\/14\/revisions"}],"predecessor-version":[{"id":12065,"href":"https:\/\/hiboostnutrition.com\/en\/wp-json\/wp\/v2\/pages\/14\/revisions\/12065"}],"wp:attachment":[{"href":"https:\/\/hiboostnutrition.com\/en\/wp-json\/wp\/v2\/media?parent=14"}],"curies":[{"name":"wp","href":"https:\/\/api.w.org\/{rel}","templated":true}]}}