{"id":11436,"date":"2024-02-24T09:44:26","date_gmt":"2024-02-24T02:44:26","guid":{"rendered":"https:\/\/hiboostnutrition.com\/?page_id=11436"},"modified":"2024-02-24T09:49:05","modified_gmt":"2024-02-24T02:49:05","slug":"hinh-thuc-thanh-toan","status":"publish","type":"page","link":"https:\/\/hiboostnutrition.com\/en\/hinh-thuc-thanh-toan\/","title":{"rendered":"H\u00ecnh\u00a0th\u1ee9c\u00a0thanh\u00a0to\u00e1n\u00a0"},"content":{"rendered":"<h1 class=\"wp-block-heading\">H\u00ecnh\u00a0th\u1ee9c\u00a0thanh\u00a0to\u00e1n\u00a0<\/h1><p>1.&nbsp;Ph\u01b0\u01a1ng&nbsp;th\u1ee9c&nbsp;giao&nbsp;h\u00e0ng&nbsp;\u2013&nbsp;Tr\u1ea3&nbsp;ti\u1ec1n<\/p><p>a.&nbsp;H\u00ecnh&nbsp;th\u1ee9c&nbsp;thanh&nbsp;to\u00e1n&nbsp;khi&nbsp;mua&nbsp;h\u00e0ng&nbsp;t\u1ea1i&nbsp;Hiboostnutrition.com.&nbsp;<\/p><p>Ph\u01b0\u01a1ng&nbsp;th\u1ee9c&nbsp;Giao&nbsp;h\u00e0ng&nbsp;\u2013Tr\u1ea3&nbsp;ti\u1ec1n&nbsp;m\u1eb7t&nbsp;(COD) ch\u1ec9&nbsp;\u00e1p&nbsp;d\u1ee5ng&nbsp;\u0111\u1ed1i&nbsp;v\u1edbi&nbsp;nh\u1eefng&nbsp;khu&nbsp;v\u1ef1c&nbsp;ch\u00fang&nbsp;t\u00f4i&nbsp;h\u1ed7&nbsp;tr\u1ee3&nbsp;giao&nbsp;nh\u1eadn<\/p><p>Qu\u00ed kh\u00e1ch \u0111\u1eb7t h\u00e0ng online t\u1ea1i shop, ch\u1ecdn thanh to\u00e1n b\u1eb1ng COD. Sau khi \u0111\u1eb7t h\u00e0ng, nh\u00e2n vi\u00ean c\u1ee7a ch\u00fang t\u00f4i s\u1ebd g\u1ecdi \u0111\u1ec3 x\u00e1c nh\u1eadn \u0111\u01a1n v\u00e0 chuy\u1ec3n h\u00e0ng cho qu\u00ed kh\u00e1ch. Qu\u00fd kh\u00e1ch thanh to\u00e1n ti\u1ec1n m\u1eb7t khi nh\u1eadn \u0111\u01b0\u1ee3c h\u00e0ng.<\/p><p>b.&nbsp;H\u00ecnh&nbsp;th\u1ee9c&nbsp;thanh&nbsp;to\u00e1n&nbsp;tr\u01b0\u1edbc:&nbsp;Chuy\u1ec3n&nbsp;ti\u1ec1n,&nbsp;chuy\u1ec3n&nbsp;kho\u1ea3n,&nbsp;ho\u1eb7c thanh to\u00e1n b\u1eb1ng th\u1ebb (Th\u1ebb visa, th\u1ebb t\u00edn d\u1ee5ng&#8230;)<\/p><p>&nbsp; &nbsp; &nbsp;&nbsp;a.&nbsp;H\u00ecnh&nbsp;th\u1ee9c&nbsp;chuy\u1ec3n&nbsp;ti\u1ec1n\/chuy\u1ec3n&nbsp;kho\u1ea3n&nbsp;qua&nbsp;ng\u00e2n&nbsp;h\u00e0ng&nbsp;\u00c1p&nbsp;d\u1ee5ng&nbsp;cho&nbsp;kh\u00e1ch&nbsp;h\u00e0ng&nbsp;ngo\u00e0i&nbsp;khu&nbsp;v\u1ef1c&nbsp;h\u1ed7&nbsp;tr\u1ee3&nbsp;giao&nbsp;nh\u1eadn&nbsp;mi\u1ec5n&nbsp;ph\u00ed.&nbsp;Ho\u1eb7c&nbsp;kh\u00e1ch&nbsp;h\u00e0ng&nbsp;c\u00f3&nbsp;nhu&nbsp;c\u1ea7u&nbsp;s\u1eed&nbsp;d\u1ee5ng&nbsp;ph\u01b0\u01a1ng&nbsp;th\u1ee9c&nbsp;thanh&nbsp;to\u00e1n&nbsp;n\u00e0y.<\/p><p>&nbsp; &nbsp; &nbsp;* T\u00ean TK: Hiboost Nutrition<\/p><p>&nbsp; &nbsp; &nbsp;* Th\u00f4ng tin&nbsp;chuy\u1ec3n&nbsp;kho\u1ea3n&nbsp;t\u1ea1i:&nbsp;S\u1ed1&nbsp;TK&nbsp;:&nbsp;5548 9101 706;&nbsp;Ng\u00e2n&nbsp;h\u00e0ng:&nbsp;TPBank;&nbsp;T\u00ean ch\u1ee7&nbsp;tk:&nbsp;Hiboost Nutrition<\/p><p>CH\u00daNG T\u00d4I S\u1ebc T\u1eea CH\u1ed0I THANH TO\u00c1N N\u1ebeU TH\u00d4NG TIN KH\u00d4NG N\u1eb0M TRONG C\u00c1C T\u00c0I KHO\u1ea2N \u1ede DANH M\u1ee4C TR\u00caN. V\u00c0 KH\u00d4NG CH\u1ecaU B\u1ea4T C\u1ee8 TR\u00c1CH NHI\u1ec6M G\u00cc V\u1ec0 VI\u1ec6C QU\u00dd KH\u00c1CH GIAO D\u1ecaCH CHUY\u1ec2N TI\u1ec0N CHO \u0110\u01a0N V\u1eca C\u00c1 NH\u00c2N KH\u00c1C TH\u00d4NG TIN TR\u00caN.<\/p><p>b.&nbsp;H\u00ecnh&nbsp;th\u1ee9c&nbsp;thanh&nbsp;to\u00e1n&nbsp;b\u1eb1ng&nbsp;th\u1ebb&nbsp;(Th\u1ebb&nbsp;Visa,&nbsp;Th\u1ebb&nbsp;t\u00ednd\u1ee5ng\u2026)<\/p><p>&#8211;&nbsp;Qu\u00fd kh\u00e1ch mu\u1ed1n thanh to\u00e1n b\u1eb1ng th\u1ebb vui l\u00f2ng ch\u1ecdn h\u00ecnh th\u1ee9c thanh to\u00e1n OnePay (Thanh to\u00e1n b\u1eb1ng th\u1ebb t\u00edn d\u1ee5ng v\u1edbi Onepay). <\/p><ul class=\"wp-block-list\"><li>L\u01b0u \u00fd : Sau khi ch\u1ecdn thanh to\u00e1n b\u1eb1ng onepay v\u00e0 ti\u1ebfn h\u00e0ng \u0111\u1eb7t h\u00e0ng, kh\u00e1ch h\u00e0ng s\u1ebd \u0111\u01b0\u1ee3c chuy\u1ec3n t\u1edbi trang thanh to\u00e1n b\u1ea3o m\u1eadt c\u1ee7a Onepay. Vui l\u00f2ng nh\u1eadp th\u00f4ng tin th\u1ebb \u0111\u1ec3 ti\u1ebfn h\u00e0nh thanh to\u00e1n. <\/li><\/ul>","protected":false},"excerpt":{"rendered":"<p>H\u00ecnh\u00a0th\u1ee9c\u00a0thanh\u00a0to\u00e1n\u00a0 1.&nbsp;Ph\u01b0\u01a1ng&nbsp;th\u1ee9c&nbsp;giao&nbsp;h\u00e0ng&nbsp;\u2013&nbsp;Tr\u1ea3&nbsp;ti\u1ec1n a.&nbsp;H\u00ecnh&nbsp;th\u1ee9c&nbsp;thanh&nbsp;to\u00e1n&nbsp;khi&nbsp;mua&nbsp;h\u00e0ng&nbsp;t\u1ea1i&nbsp;Hiboostnutrition.com.&nbsp; Ph\u01b0\u01a1ng&nbsp;th\u1ee9c&nbsp;Giao&nbsp;h\u00e0ng&nbsp;\u2013Tr\u1ea3&nbsp;ti\u1ec1n&nbsp;m\u1eb7t&nbsp;(COD) ch\u1ec9&nbsp;\u00e1p&nbsp;d\u1ee5ng&nbsp;\u0111\u1ed1i&nbsp;v\u1edbi&nbsp;nh\u1eefng&nbsp;khu&nbsp;v\u1ef1c&nbsp;ch\u00fang&nbsp;t\u00f4i&nbsp;h\u1ed7&nbsp;tr\u1ee3&nbsp;giao&nbsp;nh\u1eadn Qu\u00ed kh\u00e1ch \u0111\u1eb7t h\u00e0ng online t\u1ea1i shop, ch\u1ecdn thanh to\u00e1n b\u1eb1ng COD. Sau khi \u0111\u1eb7t<\/p>","protected":false},"author":1,"featured_media":0,"parent":0,"menu_order":0,"comment_status":"closed","ping_status":"closed","template":"","meta":{"_acf_changed":false,"_monsterinsights_skip_tracking":false,"_monsterinsights_sitenote_active":false,"_monsterinsights_sitenote_note":"","_monsterinsights_sitenote_category":0,"footnotes":""},"class_list":["post-11436","page","type-page","status-publish","hentry"],"featured_image_src":null,"acf":[],"jetpack_sharing_enabled":true,"_links":{"self":[{"href":"https:\/\/hiboostnutrition.com\/en\/wp-json\/wp\/v2\/pages\/11436"}],"collection":[{"href":"https:\/\/hiboostnutrition.com\/en\/wp-json\/wp\/v2\/pages"}],"about":[{"href":"https:\/\/hiboostnutrition.com\/en\/wp-json\/wp\/v2\/types\/page"}],"author":[{"embeddable":true,"href":"https:\/\/hiboostnutrition.com\/en\/wp-json\/wp\/v2\/users\/1"}],"replies":[{"embeddable":true,"href":"https:\/\/hiboostnutrition.com\/en\/wp-json\/wp\/v2\/comments?post=11436"}],"version-history":[{"count":2,"href":"https:\/\/hiboostnutrition.com\/en\/wp-json\/wp\/v2\/pages\/11436\/revisions"}],"predecessor-version":[{"id":11439,"href":"https:\/\/hiboostnutrition.com\/en\/wp-json\/wp\/v2\/pages\/11436\/revisions\/11439"}],"wp:attachment":[{"href":"https:\/\/hiboostnutrition.com\/en\/wp-json\/wp\/v2\/media?parent=11436"}],"curies":[{"name":"wp","href":"https:\/\/api.w.org\/{rel}","templated":true}]}}